{"id":14769,"date":"2021-01-26T13:47:04","date_gmt":"2021-01-26T12:47:04","guid":{"rendered":"https:\/\/www.sggw.edu.pl\/structure-of-the-university\/university-authorities\/vice-rector-for-science\/"},"modified":"2024-09-20T16:59:07","modified_gmt":"2024-09-20T14:59:07","slug":"vice-rector-for-science","status":"publish","type":"page","link":"https:\/\/www.sggw.edu.pl\/en\/university\/structure-of-the-university\/university-authorities\/vice-rector-for-science\/","title":{"rendered":"Vice-Rector for Science"},"content":{"rendered":"\t\t<div data-elementor-type=\"wp-page\" data-elementor-id=\"14769\" class=\"elementor elementor-14769\" data-elementor-post-type=\"page\">\n\t\t\t\t\t\t<section class=\"elementor-section elementor-top-section elementor-element elementor-element-558fe150 elementor-section-boxed elementor-section-height-default elementor-section-height-default\" data-id=\"558fe150\" data-element_type=\"section\">\n\t\t\t\t\t\t<div class=\"elementor-container elementor-column-gap-default\">\n\t\t\t\t\t<div class=\"elementor-column elementor-col-100 elementor-top-column elementor-element elementor-element-1507367\" data-id=\"1507367\" data-element_type=\"column\">\n\t\t\t<div class=\"elementor-widget-wrap elementor-element-populated\">\n\t\t\t\t\t\t<div class=\"elementor-element elementor-element-5d621fa8 elementor-widget elementor-widget-wp-widget-bcn_widget\" data-id=\"5d621fa8\" data-element_type=\"widget\" data-widget_type=\"wp-widget-bcn_widget.default\">\n\t\t\t\t<div class=\"elementor-widget-container\">\n\t\t\t<div class=\"mn-grid breadcrumb\">\n                                    <div class=\"breadcrumb-inner mn-grid-12\"><div class=\"breadcrumbs\" vocab=\"https:\/\/schema.org\/\" typeof=\"BreadcrumbList\"><span property=\"itemListElement\" typeof=\"ListItem\"><a property=\"item\" typeof=\"WebPage\" title=\"Go to Szko\u0142a G\u0142\u00f3wna Gospodarstwa Wiejskiego w Warszawie.\" href=\"https:\/\/www.sggw.edu.pl\/en\/\" class=\"home\" aria-current=\"page\"><span property=\"name\">Home<\/span><\/a><meta property=\"position\" content=\"1\"><\/span><\/div>    <\/div>\n                                <\/div>\t\t<\/div>\n\t\t\t\t<\/div>\n\t\t\t\t\t<\/div>\n\t\t<\/div>\n\t\t\t\t\t<\/div>\n\t\t<\/section>\n\t\t\t\t<section class=\"elementor-section elementor-top-section elementor-element elementor-element-15370f2a elementor-section-boxed elementor-section-height-default elementor-section-height-default\" data-id=\"15370f2a\" data-element_type=\"section\">\n\t\t\t\t\t\t<div class=\"elementor-container elementor-column-gap-default\">\n\t\t\t\t\t<div class=\"elementor-column elementor-col-100 elementor-top-column elementor-element elementor-element-69fe2ebe\" data-id=\"69fe2ebe\" data-element_type=\"column\">\n\t\t\t<div class=\"elementor-widget-wrap elementor-element-populated\">\n\t\t\t\t\t\t<div class=\"elementor-element elementor-element-445c50f7 elementor-widget elementor-widget-w1_2_3\" data-id=\"445c50f7\" data-element_type=\"widget\" data-widget_type=\"w1_2_3.default\">\n\t\t\t\t<div class=\"elementor-widget-container\">\n\t\t\t<section>\n                <div class=\"mn-grid\">\n                    <h2  class=\"mn-grid-12\">\n                        Vice-Rector for Science\n                    <\/h2>\n                <\/div>\n            <\/section>\t\t<\/div>\n\t\t\t\t<\/div>\n\t\t\t\t\t<\/div>\n\t\t<\/div>\n\t\t\t\t\t<\/div>\n\t\t<\/section>\n\t\t\t\t<section class=\"elementor-section elementor-top-section elementor-element elementor-element-ab14fee elementor-section-boxed elementor-section-height-default elementor-section-height-default\" data-id=\"ab14fee\" data-element_type=\"section\">\n\t\t\t\t\t\t<div class=\"elementor-container elementor-column-gap-default\">\n\t\t\t\t\t<div class=\"elementor-column elementor-col-33 elementor-top-column elementor-element elementor-element-fe82401\" data-id=\"fe82401\" data-element_type=\"column\">\n\t\t\t<div class=\"elementor-widget-wrap elementor-element-populated\">\n\t\t\t\t\t\t<div class=\"elementor-element elementor-element-d73e2d8 elementor-widget elementor-widget-image\" data-id=\"d73e2d8\" data-element_type=\"widget\" data-widget_type=\"image.default\">\n\t\t\t\t<div class=\"elementor-widget-container\">\n\t\t\t\t\t\t\t\t\t\t\t\t\t<img fetchpriority=\"high\" decoding=\"async\" width=\"580\" height=\"885\" src=\"https:\/\/www.sggw.edu.pl\/wp-content\/uploads\/2024\/09\/Prof-dr-hab-inz-Tomasz-Okruszko-Prorektor-ds-nauki-671x1024.jpg\" class=\"attachment-large size-large wp-image-215336\" alt=\"Prof. dr hab. in\u017c. Tomasz Okruszko\nProrektor ds. nauki\" srcset=\"https:\/\/www.sggw.edu.pl\/wp-content\/uploads\/2024\/09\/Prof-dr-hab-inz-Tomasz-Okruszko-Prorektor-ds-nauki-671x1024.jpg 671w, https:\/\/www.sggw.edu.pl\/wp-content\/uploads\/2024\/09\/Prof-dr-hab-inz-Tomasz-Okruszko-Prorektor-ds-nauki-197x300.jpg 197w, https:\/\/www.sggw.edu.pl\/wp-content\/uploads\/2024\/09\/Prof-dr-hab-inz-Tomasz-Okruszko-Prorektor-ds-nauki-768x1172.jpg 768w, https:\/\/www.sggw.edu.pl\/wp-content\/uploads\/2024\/09\/Prof-dr-hab-inz-Tomasz-Okruszko-Prorektor-ds-nauki.jpg 845w\" sizes=\"(max-width: 580px) 100vw, 580px\" \/>\t\t\t\t\t\t\t\t\t\t\t\t\t<\/div>\n\t\t\t\t<\/div>\n\t\t\t\t\t<\/div>\n\t\t<\/div>\n\t\t\t\t<div class=\"elementor-column elementor-col-66 elementor-top-column elementor-element elementor-element-e194610\" data-id=\"e194610\" data-element_type=\"column\">\n\t\t\t<div class=\"elementor-widget-wrap elementor-element-populated\">\n\t\t\t\t\t\t<div class=\"elementor-element elementor-element-1bbf360 elementor-widget elementor-widget-w1_2_3\" data-id=\"1bbf360\" data-element_type=\"widget\" data-widget_type=\"w1_2_3.default\">\n\t\t\t\t<div class=\"elementor-widget-container\">\n\t\t\t<section>\n                <div class=\"mn-grid\">\n                    <h2  class=\"mn-grid-12\">\n                        Prof. Dr. Tomasz Okruszko, MScEng\n                    <\/h2>\n                <\/div>\n            <\/section>\t\t<\/div>\n\t\t\t\t<\/div>\n\t\t\t\t<div class=\"elementor-element elementor-element-87f8779 elementor-widget elementor-widget-w1_2_3\" data-id=\"87f8779\" data-element_type=\"widget\" data-widget_type=\"w1_2_3.default\">\n\t\t\t\t<div class=\"elementor-widget-container\">\n\t\t\t<section>\n                    <div class=\"mn-grid\">\n                        <h3  class=\"mn-grid-12 mn-section-title2\">\n                            Vice-Rector for Science \n                        <\/h3>\n                    <\/div>\n                <\/section>\t\t<\/div>\n\t\t\t\t<\/div>\n\t\t\t\t\t<\/div>\n\t\t<\/div>\n\t\t\t\t\t<\/div>\n\t\t<\/section>\n\t\t\t\t<section class=\"elementor-section elementor-top-section elementor-element elementor-element-2a93680 elementor-section-boxed elementor-section-height-default elementor-section-height-default\" data-id=\"2a93680\" data-element_type=\"section\">\n\t\t\t\t\t\t<div class=\"elementor-container elementor-column-gap-default\">\n\t\t\t\t\t<div class=\"elementor-column elementor-col-100 elementor-top-column elementor-element elementor-element-9e935e6\" data-id=\"9e935e6\" data-element_type=\"column\">\n\t\t\t<div class=\"elementor-widget-wrap elementor-element-populated\">\n\t\t\t\t\t\t<div class=\"elementor-element elementor-element-7c68dc1 elementor-widget elementor-widget-w33\" data-id=\"7c68dc1\" data-element_type=\"widget\" data-widget_type=\"w33.default\">\n\t\t\t\t<div class=\"elementor-widget-container\">\n\t\t\t<section>\n            <div class=\"mn-grid\">\n                <div class=\"mn-vertical-separator-x2\">\n                    \n                <\/div>\n            <\/section>\t\t<\/div>\n\t\t\t\t<\/div>\n\t\t\t\t<div class=\"elementor-element elementor-element-73c6dfa elementor-widget elementor-widget-w12\" data-id=\"73c6dfa\" data-element_type=\"widget\" data-widget_type=\"w12.default\">\n\t\t\t\t<div class=\"elementor-widget-container\">\n\t\t\t<section>\n                <div class=\"mn-grid\">\n                    <div class=\"mn-grid-12 mn-mod-text-links\">\n                        <p><strong>Tomasz Okruszko <\/strong>was born on 18 March 1961 in Warsaw.<\/p><p>He received his degree of Doctor of Engineering at the Warsaw University of Technology in 1992 and in 2005 his postdoctoral degree in Agricultural Sciences. In 2016, he was awarded the title of professor in Technical Sciences.<\/p><p>He gained scientific experience in foreign centres as a visiting researcher in 1991\u20131992 at the Free University Brussels, Belgium, and during 28 trips to research centres in Europe, USA, South America, Africa and Australia.<\/p><p>Prof. Tomasz Okruszko\u2019s scientific interests are focused on hydrology and water management. Hydrological issues mainly concern the role of water factor in the protection or restoration of wetlands. In water management, he investigates the possibility of using hydrological models in water-economy planning.<\/p><p>He has authored or co-authored over 150 scientific papers, including 57 indexed in the Web of Science databases. He was a member of an international team that, based on research conducted over 8 years in Europe and Asia, explained in an article in <em>Nature (2013) the <\/em>causes of declining species richness due to changes in the trophic status of ecosystems, pointing to the role of plant adaptation to phosphorus deficiency. Together with soil scientists and phytosociologists, he developed a coherent and practitioner-recognised methodology for dealing with degraded wetlands. The restoration method they proposed is implemented over large areas in three Polish national parks (Biebrza, Kampinos and Warta River-Mouth National Parks).<\/p><p>He was a supervisor of seven doctoral dissertations, including two in foreign centres and three honoured. He is a member of the international doctoral committee in six completed and two open doctoral procedures (the Netherlands, France, Belgium, Austria and Lithuania). He was also a supervisor of an honorary doctorate procedure at SGGW. Since 2006, he has been a visiting professor at the Department of Biology, University of Antwerp, Belgium.<\/p><p>He is the President of the Global Water Partnership Central and Eastern Europe, a\u00a0global NGO implementing integrated water resources management, and a member of the editorial boards of <em>Hydrological Sciences Journal <\/em>and <em>Ecohydrology and Hydrobiology<\/em>. He chairs the Polish Academy of Sciences Water Management Committee. He is a member of the Advisory Group to the President of the Polish Academy of Sciences on the climate crisis. He sat in the Scientific Councils of four Polish national parks (Biebrza, Narew, S\u0142owi\u0144ski and Kampinos National Parks). In the Biebrza National Park, he was the Chair of the Council (two terms). He was or is a member of scientific councils of the Polish Academy of Sciences Institute of Geophysics and the Institute of Meteorology and Water Management, National Research Institute.<\/p><p>He is actively involved in projects, three EU framework projects as a Polish team leader, in eight National Science Centre (the State Committee for Scientific Research) grants as a manager or main contractor and in three Norwegian Financial Mechanism projects as a coordinator or team leader. Currently, as a team leader or manager, he implements LIFE, INTERREG, BONUS and OPUS projects.<\/p><p>He was repeatedly recognised for his research activity, including the Second-Degree Award of the Minister of Science for his postdoctoral dissertation, <em>Hydrological Criteria in Wetland Protection<\/em>. He received thirteen SGGW Rector Awards for research and organisational activity. He delivered speeches at 28 international conferences or seminars, eight of which as <em>invited lecture<\/em> or<em> keynote.<\/em><\/p><p>Languages: English, German and Russian.<\/p><p>Married to Anna Okruszko, doctor of microsurgery, parent of four children.<\/p>\n                    <\/div>\n                <\/div>\n            <\/section>\t\t<\/div>\n\t\t\t\t<\/div>\n\t\t\t\t\t<\/div>\n\t\t<\/div>\n\t\t\t\t\t<\/div>\n\t\t<\/section>\n\t\t\t\t<\/div>\n\t\t","protected":false},"excerpt":{"rendered":"<p>Vice-Rector for Science Prof. Dr. Tomasz Okruszko, MScEng Vice-Rector for Science Tomasz Okruszko was born on 18 March 1961 in Warsaw. He received his degree of Doctor of Engineering at the Warsaw University of Technology in 1992 and in 2005 his postdoctoral degree in Agricultural Sciences. In 2016, he was awarded the title of professor [&hellip;]<\/p>\n","protected":false},"author":1,"featured_media":0,"parent":14760,"menu_order":0,"comment_status":"closed","ping_status":"closed","template":"","meta":{"_acf_changed":false,"footnotes":""},"class_list":["post-14769","page","type-page","status-publish","hentry"],"acf":[],"_links":{"self":[{"href":"https:\/\/www.sggw.edu.pl\/en\/wp-json\/wp\/v2\/pages\/14769","targetHints":{"allow":["GET"]}}],"collection":[{"href":"https:\/\/www.sggw.edu.pl\/en\/wp-json\/wp\/v2\/pages"}],"about":[{"href":"https:\/\/www.sggw.edu.pl\/en\/wp-json\/wp\/v2\/types\/page"}],"author":[{"embeddable":true,"href":"https:\/\/www.sggw.edu.pl\/en\/wp-json\/wp\/v2\/users\/1"}],"replies":[{"embeddable":true,"href":"https:\/\/www.sggw.edu.pl\/en\/wp-json\/wp\/v2\/comments?post=14769"}],"version-history":[{"count":13,"href":"https:\/\/www.sggw.edu.pl\/en\/wp-json\/wp\/v2\/pages\/14769\/revisions"}],"predecessor-version":[{"id":215342,"href":"https:\/\/www.sggw.edu.pl\/en\/wp-json\/wp\/v2\/pages\/14769\/revisions\/215342"}],"up":[{"embeddable":true,"href":"https:\/\/www.sggw.edu.pl\/en\/wp-json\/wp\/v2\/pages\/14760"}],"wp:attachment":[{"href":"https:\/\/www.sggw.edu.pl\/en\/wp-json\/wp\/v2\/media?parent=14769"}],"curies":[{"name":"wp","href":"https:\/\/api.w.org\/{rel}","templated":true}]}}