{"id":14772,"date":"2021-01-26T13:47:05","date_gmt":"2021-01-26T12:47:05","guid":{"rendered":"https:\/\/www.sggw.edu.pl\/structure-of-the-university\/university-authorities\/vice-rector-for-development\/"},"modified":"2024-09-20T16:43:14","modified_gmt":"2024-09-20T14:43:14","slug":"vice-rector-for-development","status":"publish","type":"page","link":"https:\/\/www.sggw.edu.pl\/en\/university\/structure-of-the-university\/university-authorities\/vice-rector-for-development\/","title":{"rendered":"Vice-Rector for Development"},"content":{"rendered":"\t\t<div data-elementor-type=\"wp-page\" data-elementor-id=\"14772\" class=\"elementor elementor-14772\" data-elementor-post-type=\"page\">\n\t\t\t\t\t\t<section class=\"elementor-section elementor-top-section elementor-element elementor-element-65fdac75 elementor-section-boxed elementor-section-height-default elementor-section-height-default\" data-id=\"65fdac75\" data-element_type=\"section\">\n\t\t\t\t\t\t<div class=\"elementor-container elementor-column-gap-default\">\n\t\t\t\t\t<div class=\"elementor-column elementor-col-100 elementor-top-column elementor-element elementor-element-64c1edf6\" data-id=\"64c1edf6\" data-element_type=\"column\">\n\t\t\t<div class=\"elementor-widget-wrap elementor-element-populated\">\n\t\t\t\t\t\t<div class=\"elementor-element elementor-element-ad5faca elementor-widget elementor-widget-wp-widget-bcn_widget\" data-id=\"ad5faca\" data-element_type=\"widget\" data-widget_type=\"wp-widget-bcn_widget.default\">\n\t\t\t\t<div class=\"elementor-widget-container\">\n\t\t\t<div class=\"mn-grid breadcrumb\">\n                                    <div class=\"breadcrumb-inner mn-grid-12\"><div class=\"breadcrumbs\" vocab=\"https:\/\/schema.org\/\" typeof=\"BreadcrumbList\"><span property=\"itemListElement\" typeof=\"ListItem\"><a property=\"item\" typeof=\"WebPage\" title=\"Go to Szko\u0142a G\u0142\u00f3wna Gospodarstwa Wiejskiego w Warszawie.\" href=\"https:\/\/www.sggw.edu.pl\/en\/\" class=\"home\" aria-current=\"page\"><span property=\"name\">Home<\/span><\/a><meta property=\"position\" content=\"1\"><\/span><\/div>    <\/div>\n                                <\/div>\t\t<\/div>\n\t\t\t\t<\/div>\n\t\t\t\t<div class=\"elementor-element elementor-element-726d4a8e elementor-widget elementor-widget-w1_2_3\" data-id=\"726d4a8e\" data-element_type=\"widget\" data-widget_type=\"w1_2_3.default\">\n\t\t\t\t<div class=\"elementor-widget-container\">\n\t\t\t<section>\n                <div class=\"mn-grid\">\n                    <h2  class=\"mn-grid-12\">\n                        Vice-Rector for Development\n                    <\/h2>\n                <\/div>\n            <\/section>\t\t<\/div>\n\t\t\t\t<\/div>\n\t\t\t\t\t<\/div>\n\t\t<\/div>\n\t\t\t\t\t<\/div>\n\t\t<\/section>\n\t\t\t\t<section class=\"elementor-section elementor-top-section elementor-element elementor-element-bc21f6e elementor-section-boxed elementor-section-height-default elementor-section-height-default\" data-id=\"bc21f6e\" data-element_type=\"section\">\n\t\t\t\t\t\t<div class=\"elementor-container elementor-column-gap-default\">\n\t\t\t\t\t<div class=\"elementor-column elementor-col-33 elementor-top-column elementor-element elementor-element-13a9f9e\" data-id=\"13a9f9e\" data-element_type=\"column\">\n\t\t\t<div class=\"elementor-widget-wrap elementor-element-populated\">\n\t\t\t\t\t\t<div class=\"elementor-element elementor-element-c297a88 elementor-widget elementor-widget-image\" data-id=\"c297a88\" data-element_type=\"widget\" data-widget_type=\"image.default\">\n\t\t\t\t<div class=\"elementor-widget-container\">\n\t\t\t\t\t\t\t\t\t\t\t\t\t<img fetchpriority=\"high\" decoding=\"async\" width=\"580\" height=\"885\" src=\"https:\/\/www.sggw.edu.pl\/wp-content\/uploads\/2024\/09\/dr-hab-Marcin-Golebiewski-prof-SGGW-Prorektor-ds-rozwoju-671x1024.jpg\" class=\"attachment-large size-large wp-image-215325\" alt=\"dr hab. Marcin Go\u0142\u0119biewski, prof. SGGW\nProrektor ds. rozwoju\" srcset=\"https:\/\/www.sggw.edu.pl\/wp-content\/uploads\/2024\/09\/dr-hab-Marcin-Golebiewski-prof-SGGW-Prorektor-ds-rozwoju-671x1024.jpg 671w, https:\/\/www.sggw.edu.pl\/wp-content\/uploads\/2024\/09\/dr-hab-Marcin-Golebiewski-prof-SGGW-Prorektor-ds-rozwoju-197x300.jpg 197w, https:\/\/www.sggw.edu.pl\/wp-content\/uploads\/2024\/09\/dr-hab-Marcin-Golebiewski-prof-SGGW-Prorektor-ds-rozwoju-768x1172.jpg 768w, https:\/\/www.sggw.edu.pl\/wp-content\/uploads\/2024\/09\/dr-hab-Marcin-Golebiewski-prof-SGGW-Prorektor-ds-rozwoju.jpg 845w\" sizes=\"(max-width: 580px) 100vw, 580px\" \/>\t\t\t\t\t\t\t\t\t\t\t\t\t<\/div>\n\t\t\t\t<\/div>\n\t\t\t\t\t<\/div>\n\t\t<\/div>\n\t\t\t\t<div class=\"elementor-column elementor-col-66 elementor-top-column elementor-element elementor-element-c6b8cde\" data-id=\"c6b8cde\" data-element_type=\"column\">\n\t\t\t<div class=\"elementor-widget-wrap elementor-element-populated\">\n\t\t\t\t\t\t<div class=\"elementor-element elementor-element-cac0d65 elementor-widget elementor-widget-w1_2_3\" data-id=\"cac0d65\" data-element_type=\"widget\" data-widget_type=\"w1_2_3.default\">\n\t\t\t\t<div class=\"elementor-widget-container\">\n\t\t\t<section>\n                <div class=\"mn-grid\">\n                    <h2  class=\"mn-grid-12\">\n                        dr hab. Marcin Go\u0142\u0119biewski, prof. SGGW\n                    <\/h2>\n                <\/div>\n            <\/section>\t\t<\/div>\n\t\t\t\t<\/div>\n\t\t\t\t<div class=\"elementor-element elementor-element-fcc09b0 elementor-widget elementor-widget-w1_2_3\" data-id=\"fcc09b0\" data-element_type=\"widget\" data-widget_type=\"w1_2_3.default\">\n\t\t\t\t<div class=\"elementor-widget-container\">\n\t\t\t<section>\n                    <div class=\"mn-grid\">\n                        <h3  class=\"mn-grid-12 mn-section-title2\">\n                            Vice-Rector for Development\n                        <\/h3>\n                    <\/div>\n                <\/section>\t\t<\/div>\n\t\t\t\t<\/div>\n\t\t\t\t\t<\/div>\n\t\t<\/div>\n\t\t\t\t\t<\/div>\n\t\t<\/section>\n\t\t\t\t<section class=\"elementor-section elementor-top-section elementor-element elementor-element-b43885d elementor-section-boxed elementor-section-height-default elementor-section-height-default\" data-id=\"b43885d\" data-element_type=\"section\">\n\t\t\t\t\t\t<div class=\"elementor-container elementor-column-gap-default\">\n\t\t\t\t\t<div class=\"elementor-column elementor-col-100 elementor-top-column elementor-element elementor-element-2cfeabb\" data-id=\"2cfeabb\" data-element_type=\"column\">\n\t\t\t<div class=\"elementor-widget-wrap elementor-element-populated\">\n\t\t\t\t\t\t<div class=\"elementor-element elementor-element-f8863a6 elementor-widget elementor-widget-w33\" data-id=\"f8863a6\" data-element_type=\"widget\" data-widget_type=\"w33.default\">\n\t\t\t\t<div class=\"elementor-widget-container\">\n\t\t\t<section>\n            <div class=\"mn-grid\">\n                <div class=\"mn-vertical-separator-x2\">\n                    \n                <\/div>\n            <\/section>\t\t<\/div>\n\t\t\t\t<\/div>\n\t\t\t\t<div class=\"elementor-element elementor-element-7251e7d elementor-widget elementor-widget-w12\" data-id=\"7251e7d\" data-element_type=\"widget\" data-widget_type=\"w12.default\">\n\t\t\t\t<div class=\"elementor-widget-container\">\n\t\t\t<section>\n                <div class=\"mn-grid\">\n                    <div class=\"mn-grid-12 mn-mod-text-links\">\n                        \n                    <\/div>\n                <\/div>\n            <\/section>\t\t<\/div>\n\t\t\t\t<\/div>\n\t\t\t\t\t<\/div>\n\t\t<\/div>\n\t\t\t\t\t<\/div>\n\t\t<\/section>\n\t\t<div class=\"elementor-element elementor-element-f11dbb4 e-con-full e-flex e-con e-parent\" data-id=\"f11dbb4\" data-element_type=\"container\">\n\t\t\t\t<div class=\"elementor-element elementor-element-abad0a7 elementor-widget elementor-widget-w12\" data-id=\"abad0a7\" data-element_type=\"widget\" data-widget_type=\"w12.default\">\n\t\t\t\t<div class=\"elementor-widget-container\">\n\t\t\t<section>\n                <div class=\"mn-grid\">\n                    <div class=\"mn-grid-12 mn-mod-text-links\">\n                        <p>Marcin Pawe\u0142 Go\u0142\u0119biewski was born on 8 June 1981 in \u0141owicz. In 2006, he graduated with distinction with a master\u2019s degree in Zootechnics from the Faculty of Animal Sciences, SGGW. Soon after graduating, he began full-time doctoral studies in the Department of Detailed Animal Breeding. He earned his doctoral degree in zootechnics in 2010 and the habilitation degree [dr hab.] in agricultural sciences in zootechnics and fisheries in 2018. In 2012, he also completed a postgraduate programme, \u2018Innovation Manager\u2019, at the Warsaw School of Economics, SGH. He practices livestock farming and has run his farm since 2005.<\/p><p>He joined SGGW as an assistant professor in 2010. Since 2020, he has been an SGGW associate professor in the Department of Animal Breeding, Institute of Animal Sciences. Since 2012, he acted as the Dean of the Faculty of Animal Sciences\u2019 Representative for the Economy and, since 2012, as the Coordinator for Economic Cooperation. From 2012 to 2019, he initiated and supervised the Student Society at the Faculty of Animal Sciences. He was also the founder and leader of the first SGGW Innovation Incubator, launched as part of a project funded by the MNISW [the Ministry of Science and Higher Education]. Since 2015, prof. Go\u0142\u0119biewski has been a member of the unit in charge of the QMP [Quality Meat Program] system at the Polish Beef Association. The vice-chair of the Breeding Council of the Polish Beef Breeders and Producers Association. He cooperates with many scientific journals in the area of expertise in beef breeding and production. He co-owns and is a board member of 5 start-ups, where he has successfully implemented his ideas into practice.<\/p><p>Between 2021 and 2024, he served as Director of the Institute of Animal Sciences and chairperson of the Zootechnics and Fisheries Council of Discipline. He was also a member of the Scientific Council of the Institute of Agricultural and Food Economics \u2013 National Research Institute (IERiGZ-PIB). Prof. Go\u0142\u0119biewski is a member of the Polish Society of Animal Production, the American Dairy Science Association and the National Mastitis Council. He was a juror expert in the \u2018<em>Innowacyjny produkt rolniczy\u2019; \u2018Producent Byd\u0142a Mi\u0119snego\u2019<\/em> competition. [Innovative Agricultural Product\u2019, \u2018Beef producer\u2019].<\/p><p>He has completed many national and international courses and internships during his work at SGGW. His professional development was mainly focused on commercialising research results: 11 domestic and two foreign training courses, including the ASTP Proton, organised by the Association of European Science and Technology Transfer Professionals in Istanbul, Turkey. He has also completed some academic internships related to his scientific interests in France, the Netherlands, the United Kingdom and the United States.<\/p><p>Prof. Marcin Go\u0142\u0119biewski&#8217;s scientific interests focus mainly on livestock breeding, in particular dairy and beef breeding, and cover the following areas: the determinants of the cow&#8217;s milk quality and the possibility of modifying it, the impact of the condition of the dairy cow on milk productivity, the functioning of the reproductive system and the health of the dairy cow, nanotechnology in mastitis treatment and prevention in dairy cows, and Precision Livestock Farming. He has written 222 popular science articles, 115 scientific articles and 15 book chapters and monographs. He has filed over 31 patent applications and co-authored 27 patents and utility models.<\/p><p>He is a recognised specialist in breeding, reflected by the fact that he has lectured at more than 224 conferences and more than 104 training courses and workshops.<\/p><p>He has participated in implementing scientific research funded by national (State Committee for Scientific Research, National Science Centre, National Centre for Research and Development, PAWP.pl) and external funds (7th Framework Programme and Horizon 2020) as a leader or contractor. He has been involved in implementing around 51 scientific and implementation projects. Many of his projects succeeded in implementing tangible solutions.<\/p><p>He was the supervisor of six doctoral theses. He has promoted 40 holders of master&#8217;s degrees and 72 engineers. He reviewed theses in doctoral and postdoctoral [habilitation] proceedings. He was awarded the \u2018SGGW academic teacher who can be a role model for others\u2019 distinction by SGGW students for his teaching activities. He was recognised for his scientific and organisational activities with the SGGW Rector\u2019s awards. In 2018, he received the MRIRW (Ministry of Agriculture and Rural Development) Badge of Honour for \u2018The Distinguished Service to Agriculture\u2019 Award and the \u2018Bronze Medal for Long Service\u2019.<\/p><p>Languages: English<\/p><p>Hobbies and Interests: popular science books, strength sports, IT, accordion playing.<\/p><p>Family: He has a wife, a daughter, and a son.<\/p>\n                    <\/div>\n                <\/div>\n            <\/section>\t\t<\/div>\n\t\t\t\t<\/div>\n\t\t\t\t<\/div>\n\t\t\t\t<\/div>\n\t\t","protected":false},"excerpt":{"rendered":"<p>Vice-Rector for Development dr hab. Marcin Go\u0142\u0119biewski, prof. SGGW Vice-Rector for Development Marcin Pawe\u0142 Go\u0142\u0119biewski was born on 8 June 1981 in \u0141owicz. In 2006, he graduated with distinction with a master\u2019s degree in Zootechnics from the Faculty of Animal Sciences, SGGW. Soon after graduating, he began full-time doctoral studies in the Department of Detailed [&hellip;]<\/p>\n","protected":false},"author":1,"featured_media":0,"parent":14760,"menu_order":0,"comment_status":"closed","ping_status":"closed","template":"","meta":{"_acf_changed":false,"footnotes":""},"class_list":["post-14772","page","type-page","status-publish","hentry"],"acf":[],"_links":{"self":[{"href":"https:\/\/www.sggw.edu.pl\/en\/wp-json\/wp\/v2\/pages\/14772","targetHints":{"allow":["GET"]}}],"collection":[{"href":"https:\/\/www.sggw.edu.pl\/en\/wp-json\/wp\/v2\/pages"}],"about":[{"href":"https:\/\/www.sggw.edu.pl\/en\/wp-json\/wp\/v2\/types\/page"}],"author":[{"embeddable":true,"href":"https:\/\/www.sggw.edu.pl\/en\/wp-json\/wp\/v2\/users\/1"}],"replies":[{"embeddable":true,"href":"https:\/\/www.sggw.edu.pl\/en\/wp-json\/wp\/v2\/comments?post=14772"}],"version-history":[{"count":19,"href":"https:\/\/www.sggw.edu.pl\/en\/wp-json\/wp\/v2\/pages\/14772\/revisions"}],"predecessor-version":[{"id":215334,"href":"https:\/\/www.sggw.edu.pl\/en\/wp-json\/wp\/v2\/pages\/14772\/revisions\/215334"}],"up":[{"embeddable":true,"href":"https:\/\/www.sggw.edu.pl\/en\/wp-json\/wp\/v2\/pages\/14760"}],"wp:attachment":[{"href":"https:\/\/www.sggw.edu.pl\/en\/wp-json\/wp\/v2\/media?parent=14772"}],"curies":[{"name":"wp","href":"https:\/\/api.w.org\/{rel}","templated":true}]}}