{"id":14773,"date":"2021-01-26T13:47:05","date_gmt":"2021-01-26T12:47:05","guid":{"rendered":"https:\/\/www.sggw.edu.pl\/structure-of-the-university\/university-authorities\/vice-rector-for-international-cooperation\/"},"modified":"2025-07-15T14:30:20","modified_gmt":"2025-07-15T12:30:20","slug":"vice-rector-for-international-cooperation","status":"publish","type":"page","link":"https:\/\/www.sggw.edu.pl\/en\/university\/structure-of-the-university\/university-authorities\/vice-rector-for-international-cooperation\/","title":{"rendered":"Vice-Rector for International Cooperation"},"content":{"rendered":"\t\t<div data-elementor-type=\"wp-page\" data-elementor-id=\"14773\" class=\"elementor elementor-14773\" data-elementor-post-type=\"page\">\n\t\t\t\t\t\t<section class=\"elementor-section elementor-top-section elementor-element elementor-element-33c3c366 elementor-section-boxed elementor-section-height-default elementor-section-height-default\" data-id=\"33c3c366\" data-element_type=\"section\">\n\t\t\t\t\t\t<div class=\"elementor-container elementor-column-gap-default\">\n\t\t\t\t\t<div class=\"elementor-column elementor-col-100 elementor-top-column elementor-element elementor-element-63f90d84\" data-id=\"63f90d84\" data-element_type=\"column\">\n\t\t\t<div class=\"elementor-widget-wrap elementor-element-populated\">\n\t\t\t\t\t\t<div class=\"elementor-element elementor-element-1da047cf elementor-widget elementor-widget-wp-widget-bcn_widget\" data-id=\"1da047cf\" data-element_type=\"widget\" data-widget_type=\"wp-widget-bcn_widget.default\">\n\t\t\t\t<div class=\"elementor-widget-container\">\n\t\t\t<div class=\"mn-grid breadcrumb\">\n                                    <div class=\"breadcrumb-inner mn-grid-12\"><div class=\"breadcrumbs\" vocab=\"https:\/\/schema.org\/\" typeof=\"BreadcrumbList\"><span property=\"itemListElement\" typeof=\"ListItem\"><a property=\"item\" typeof=\"WebPage\" title=\"Go to Szko\u0142a G\u0142\u00f3wna Gospodarstwa Wiejskiego w Warszawie.\" href=\"https:\/\/www.sggw.edu.pl\/en\/\" class=\"home\" aria-current=\"page\"><span property=\"name\">Home<\/span><\/a><meta property=\"position\" content=\"1\"><\/span><\/div>    <\/div>\n                                <\/div>\t\t<\/div>\n\t\t\t\t<\/div>\n\t\t\t\t<div class=\"elementor-element elementor-element-4049765b elementor-widget elementor-widget-w1_2_3\" data-id=\"4049765b\" data-element_type=\"widget\" data-widget_type=\"w1_2_3.default\">\n\t\t\t\t<div class=\"elementor-widget-container\">\n\t\t\t<section>\n                <div class=\"mn-grid\">\n                    <h2  class=\"mn-grid-12\">\n                        Vice-Rector for Internationalization\n                    <\/h2>\n                <\/div>\n            <\/section>\t\t<\/div>\n\t\t\t\t<\/div>\n\t\t\t\t\t<\/div>\n\t\t<\/div>\n\t\t\t\t\t<\/div>\n\t\t<\/section>\n\t\t\t\t<section class=\"elementor-section elementor-top-section elementor-element elementor-element-e50915a elementor-section-boxed elementor-section-height-default elementor-section-height-default\" data-id=\"e50915a\" data-element_type=\"section\">\n\t\t\t\t\t\t<div class=\"elementor-container elementor-column-gap-default\">\n\t\t\t\t\t<div class=\"elementor-column elementor-col-33 elementor-top-column elementor-element elementor-element-0404248\" data-id=\"0404248\" data-element_type=\"column\">\n\t\t\t<div class=\"elementor-widget-wrap elementor-element-populated\">\n\t\t\t\t\t\t<div class=\"elementor-element elementor-element-96233f7 elementor-widget elementor-widget-image\" data-id=\"96233f7\" data-element_type=\"widget\" data-widget_type=\"image.default\">\n\t\t\t\t<div class=\"elementor-widget-container\">\n\t\t\t\t\t\t\t\t\t\t\t\t\t<img fetchpriority=\"high\" decoding=\"async\" width=\"867\" height=\"1300\" src=\"https:\/\/www.sggw.edu.pl\/wp-content\/uploads\/2025\/07\/Prorektor-MM.jpg\" class=\"attachment-full size-full wp-image-246826\" alt=\"Dr hab. Marta Mendel, prof. SGGW Prorektor ds. umi\u0119dzynarodowienia I zast\u0119pca rektora\" srcset=\"https:\/\/www.sggw.edu.pl\/wp-content\/uploads\/2025\/07\/Prorektor-MM.jpg 867w, https:\/\/www.sggw.edu.pl\/wp-content\/uploads\/2025\/07\/Prorektor-MM-200x300.jpg 200w, https:\/\/www.sggw.edu.pl\/wp-content\/uploads\/2025\/07\/Prorektor-MM-683x1024.jpg 683w, https:\/\/www.sggw.edu.pl\/wp-content\/uploads\/2025\/07\/Prorektor-MM-768x1152.jpg 768w\" sizes=\"(max-width: 867px) 100vw, 867px\" \/>\t\t\t\t\t\t\t\t\t\t\t\t\t<\/div>\n\t\t\t\t<\/div>\n\t\t\t\t\t<\/div>\n\t\t<\/div>\n\t\t\t\t<div class=\"elementor-column elementor-col-66 elementor-top-column elementor-element elementor-element-54a3035\" data-id=\"54a3035\" data-element_type=\"column\">\n\t\t\t<div class=\"elementor-widget-wrap elementor-element-populated\">\n\t\t\t\t\t\t<div class=\"elementor-element elementor-element-f47897f elementor-widget elementor-widget-w1_2_3\" data-id=\"f47897f\" data-element_type=\"widget\" data-widget_type=\"w1_2_3.default\">\n\t\t\t\t<div class=\"elementor-widget-container\">\n\t\t\t<section>\n                <div class=\"mn-grid\">\n                    <h2  class=\"mn-grid-12\">\n                        Dr hab. Marta Mendel, prof. SGGW\n                    <\/h2>\n                <\/div>\n            <\/section>\t\t<\/div>\n\t\t\t\t<\/div>\n\t\t\t\t<div class=\"elementor-element elementor-element-9e4f3b6 elementor-widget elementor-widget-w1_2_3\" data-id=\"9e4f3b6\" data-element_type=\"widget\" data-widget_type=\"w1_2_3.default\">\n\t\t\t\t<div class=\"elementor-widget-container\">\n\t\t\t<section>\n                    <div class=\"mn-grid\">\n                        <h3  class=\"mn-grid-12 mn-section-title2\">\n                            Vice-Rector for Internationalization<br>1st Vice-Rector\n                        <\/h3>\n                    <\/div>\n                <\/section>\t\t<\/div>\n\t\t\t\t<\/div>\n\t\t\t\t\t<\/div>\n\t\t<\/div>\n\t\t\t\t\t<\/div>\n\t\t<\/section>\n\t\t\t\t<section class=\"elementor-section elementor-top-section elementor-element elementor-element-c9c1fac elementor-section-boxed elementor-section-height-default elementor-section-height-default\" data-id=\"c9c1fac\" data-element_type=\"section\">\n\t\t\t\t\t\t<div class=\"elementor-container elementor-column-gap-default\">\n\t\t\t\t\t<div class=\"elementor-column elementor-col-100 elementor-top-column elementor-element elementor-element-2497515\" data-id=\"2497515\" data-element_type=\"column\">\n\t\t\t<div class=\"elementor-widget-wrap elementor-element-populated\">\n\t\t\t\t\t\t<div class=\"elementor-element elementor-element-b6ee296 elementor-widget elementor-widget-w33\" data-id=\"b6ee296\" data-element_type=\"widget\" data-widget_type=\"w33.default\">\n\t\t\t\t<div class=\"elementor-widget-container\">\n\t\t\t<section>\n            <div class=\"mn-grid\">\n                <div class=\"mn-vertical-separator-x2\">\n                    \n                <\/div>\n            <\/section>\t\t<\/div>\n\t\t\t\t<\/div>\n\t\t\t\t<div class=\"elementor-element elementor-element-38b86dd elementor-widget elementor-widget-w12\" data-id=\"38b86dd\" data-element_type=\"widget\" data-widget_type=\"w12.default\">\n\t\t\t\t<div class=\"elementor-widget-container\">\n\t\t\t<section>\n                <div class=\"mn-grid\">\n                    <div class=\"mn-grid-12 mn-mod-text-links\">\n                        <p><strong>Marta Mendel<\/strong> was born on 29 October 1979 in Warsaw.<\/p><p>Dr. hab. Marta Mendel, Prof. SGGW, completed her veterinary studies at the Faculty of Veterinary Medicine of the Warsaw University of Life Sciences (SGGW) in 2005, earning the title of professional veterinarian. During her studies, she spent a year (2003-2004) at the University of Veterinary Medicine (Tier\u00e4rztliche Hochschule) in Hannover, Germany. In 2005, she embarked on her doctoral studies at the same institution, culminating in 2010 with a Doctor of Veterinary Sciences degree. Her dissertation focused on the effects of selected active compounds of common ivy (<em>Hedera helix<\/em>) on the motoric activity of isolated stomach strips in rats. She further advanced her academic career by obtaining a postdoctoral degree in 2018 in the discipline of veterinary medicine, specializing in pharmacology and toxicology.<\/p><p>Since 2008, Dr. Mendel has been a valued member of SGGW, where she currently serves as an associate professor. Throughout her tenure, she has held several significant roles, including Dean of the Faculty of Veterinary Medicine (2019-2020), Scientific Supervisor of the Pharmacology-Toxicology Section of the Veterinary Medicine Scientific Circle (since 2017), and Year Supervisor (2014-2020). In addition, since 2015, she has been an expert for the Ministry of Agriculture and Rural Development, assessing plant protection products in mammalian toxicology. She also coordinates the GA networking group on Medicinal Plants and Natural Products in Animal Healthcare and Veterinary Medicine since 2017.<\/p><p>Dr. Mendel\u2019s scientific interests are centered on the pharmacological actions of medicinal plants and plant-derived active substances. Her research extensively employs alternative methods, including <em>in vitro<\/em> and <em>ex vivo<\/em> experimental models, to study the effects of xenobiotics on gastrointestinal and liver functions. Another key area of her research is evaluating the toxic effects of mycotoxins. She has enriched her research experience through short-term placements at Freie Universit\u00e4t Berlin (2017) and the TOXALIM Research Centre in Food Toxicology at INRA &#8211; Institut National de la Recherche Agronomique in Toulouse (2019).<\/p><p>As a principal investigator or major collaborator, Dr. Mendel has contributed to numerous scientific research projects funded by various European, national, and institutional sources, including the European Union, NSC, NCN, MNiSzW, KNOW, and SGGW. She is the author of several dozen scientific publications.<\/p><p>Dr. Mendel is actively engaged in the broader scientific community. She is a member of the Committee of Veterinary Sciences and Reproductive Biology of the Polish Academy of Sciences for the 2024-2028 term, the Polish Society of Toxicology (serving as president of the Warsaw branch since 2021), the Polish Society of Veterinary Sciences (since 2019), and the Society for Medicinal Plant and Natural Product Research (since 2009). Additionally, she has served on the Anti-Doping Subcommittee of the Veterinary Committee of the Polish Equestrian Federation (2013-2019). Since 2020, she has been an expert for the Polish Accreditation Commission in the veterinary discipline and, since 2023, an expert for the Institutional Evaluation Programme accreditation under the European University Association. In 2021, she joined the executive committee of ICA-Edu.<\/p><p>Dr. Mendel&#8217;s contributions to science and organizational leadership have been recognized with awards from the Rector of SGGW, the Polish Society of Veterinary Sciences, and the Nor-Feed Veterinary Award consortium.<\/p><p>She is proficient in English, German, Portuguese, and Spanish. Her personal interests include travel, Ibero-American culture, promoting science among children, and windsurfing. She is a proud mother of two sons and shares her home with three cats, a dog, and, occasionally, rats.<\/p>\n                    <\/div>\n                <\/div>\n            <\/section>\t\t<\/div>\n\t\t\t\t<\/div>\n\t\t\t\t\t<\/div>\n\t\t<\/div>\n\t\t\t\t\t<\/div>\n\t\t<\/section>\n\t\t\t\t<\/div>\n\t\t","protected":false},"excerpt":{"rendered":"<p>Vice-Rector for Internationalization Dr hab. Marta Mendel, prof. SGGW Vice-Rector for Internationalization1st Vice-Rector Marta Mendel was born on 29 October 1979 in Warsaw. Dr. hab. Marta Mendel, Prof. SGGW, completed her veterinary studies at the Faculty of Veterinary Medicine of the Warsaw University of Life Sciences (SGGW) in 2005, earning the title of professional veterinarian. [&hellip;]<\/p>\n","protected":false},"author":1,"featured_media":0,"parent":14760,"menu_order":0,"comment_status":"closed","ping_status":"closed","template":"","meta":{"_acf_changed":false,"footnotes":""},"class_list":["post-14773","page","type-page","status-publish","hentry"],"acf":[],"_links":{"self":[{"href":"https:\/\/www.sggw.edu.pl\/en\/wp-json\/wp\/v2\/pages\/14773","targetHints":{"allow":["GET"]}}],"collection":[{"href":"https:\/\/www.sggw.edu.pl\/en\/wp-json\/wp\/v2\/pages"}],"about":[{"href":"https:\/\/www.sggw.edu.pl\/en\/wp-json\/wp\/v2\/types\/page"}],"author":[{"embeddable":true,"href":"https:\/\/www.sggw.edu.pl\/en\/wp-json\/wp\/v2\/users\/1"}],"replies":[{"embeddable":true,"href":"https:\/\/www.sggw.edu.pl\/en\/wp-json\/wp\/v2\/comments?post=14773"}],"version-history":[{"count":28,"href":"https:\/\/www.sggw.edu.pl\/en\/wp-json\/wp\/v2\/pages\/14773\/revisions"}],"predecessor-version":[{"id":246833,"href":"https:\/\/www.sggw.edu.pl\/en\/wp-json\/wp\/v2\/pages\/14773\/revisions\/246833"}],"up":[{"embeddable":true,"href":"https:\/\/www.sggw.edu.pl\/en\/wp-json\/wp\/v2\/pages\/14760"}],"wp:attachment":[{"href":"https:\/\/www.sggw.edu.pl\/en\/wp-json\/wp\/v2\/media?parent=14773"}],"curies":[{"name":"wp","href":"https:\/\/api.w.org\/{rel}","templated":true}]}}