{"id":14774,"date":"2021-01-26T13:47:05","date_gmt":"2021-01-26T12:47:05","guid":{"rendered":"https:\/\/www.sggw.edu.pl\/structure-of-the-university\/university-authorities\/chancellor\/"},"modified":"2025-10-01T15:47:11","modified_gmt":"2025-10-01T13:47:11","slug":"chancellor","status":"publish","type":"page","link":"https:\/\/www.sggw.edu.pl\/en\/university\/structure-of-the-university\/university-authorities\/chancellor\/","title":{"rendered":"Chancellor"},"content":{"rendered":"\t\t<div data-elementor-type=\"wp-page\" data-elementor-id=\"14774\" class=\"elementor elementor-14774\" data-elementor-post-type=\"page\">\n\t\t\t\t\t\t<section class=\"elementor-section elementor-top-section elementor-element elementor-element-90854fd elementor-section-boxed elementor-section-height-default elementor-section-height-default\" data-id=\"90854fd\" data-element_type=\"section\">\n\t\t\t\t\t\t<div class=\"elementor-container elementor-column-gap-default\">\n\t\t\t\t\t<div class=\"elementor-column elementor-col-100 elementor-top-column elementor-element elementor-element-28f46bf0\" data-id=\"28f46bf0\" data-element_type=\"column\">\n\t\t\t<div class=\"elementor-widget-wrap elementor-element-populated\">\n\t\t\t\t\t\t<div class=\"elementor-element elementor-element-3e88d1e4 elementor-widget elementor-widget-wp-widget-bcn_widget\" data-id=\"3e88d1e4\" data-element_type=\"widget\" data-widget_type=\"wp-widget-bcn_widget.default\">\n\t\t\t\t<div class=\"elementor-widget-container\">\n\t\t\t<div class=\"mn-grid breadcrumb\">\n                                    <div class=\"breadcrumb-inner mn-grid-12\"><div class=\"breadcrumbs\" vocab=\"https:\/\/schema.org\/\" typeof=\"BreadcrumbList\"><span property=\"itemListElement\" typeof=\"ListItem\"><a property=\"item\" typeof=\"WebPage\" title=\"Go to Szko\u0142a G\u0142\u00f3wna Gospodarstwa Wiejskiego w Warszawie.\" href=\"https:\/\/www.sggw.edu.pl\/en\/\" class=\"home\" aria-current=\"page\"><span property=\"name\">Home<\/span><\/a><meta property=\"position\" content=\"1\"><\/span><\/div>    <\/div>\n                                <\/div>\t\t<\/div>\n\t\t\t\t<\/div>\n\t\t\t\t<div class=\"elementor-element elementor-element-5fed5ac6 elementor-widget elementor-widget-post-title\" data-id=\"5fed5ac6\" data-element_type=\"widget\" data-widget_type=\"post-title.default\">\n\t\t\t\t<div class=\"elementor-widget-container\">\n\t\t\t<section>\n                    <div class=\"mn-grid entry-header-inner section-inner medium\">\n                        <h1 class=\"mn-grid-12 entry-title\" style=\"\">\n                            Chancellor\n                        <\/h1>\n                    <\/div>\n                <\/section>\t\t<\/div>\n\t\t\t\t<\/div>\n\t\t\t\t\t<\/div>\n\t\t<\/div>\n\t\t\t\t\t<\/div>\n\t\t<\/section>\n\t\t\t\t<section class=\"elementor-section elementor-top-section elementor-element elementor-element-ddabb93 elementor-section-boxed elementor-section-height-default elementor-section-height-default\" data-id=\"ddabb93\" data-element_type=\"section\">\n\t\t\t\t\t\t<div class=\"elementor-container elementor-column-gap-default\">\n\t\t\t\t\t<div class=\"elementor-column elementor-col-33 elementor-top-column elementor-element elementor-element-c5b5d08\" data-id=\"c5b5d08\" data-element_type=\"column\">\n\t\t\t<div class=\"elementor-widget-wrap elementor-element-populated\">\n\t\t\t\t\t\t<div class=\"elementor-element elementor-element-d2eac94 elementor-widget elementor-widget-image\" data-id=\"d2eac94\" data-element_type=\"widget\" data-widget_type=\"image.default\">\n\t\t\t\t<div class=\"elementor-widget-container\">\n\t\t\t\t\t\t\t\t\t\t\t\t\t<img fetchpriority=\"high\" decoding=\"async\" width=\"580\" height=\"870\" src=\"https:\/\/www.sggw.edu.pl\/wp-content\/uploads\/2025\/10\/dr-inz.-Arkadiusz-Gruchala-683x1024.jpg\" class=\"attachment-large size-large wp-image-264604\" alt=\"portret m\u0119\u017cczyzny - dr in\u017c. Arkadiusz Grucha\u0142a\" srcset=\"https:\/\/www.sggw.edu.pl\/wp-content\/uploads\/2025\/10\/dr-inz.-Arkadiusz-Gruchala-683x1024.jpg 683w, https:\/\/www.sggw.edu.pl\/wp-content\/uploads\/2025\/10\/dr-inz.-Arkadiusz-Gruchala-200x300.jpg 200w, https:\/\/www.sggw.edu.pl\/wp-content\/uploads\/2025\/10\/dr-inz.-Arkadiusz-Gruchala-768x1152.jpg 768w, https:\/\/www.sggw.edu.pl\/wp-content\/uploads\/2025\/10\/dr-inz.-Arkadiusz-Gruchala-1024x1536.jpg 1024w, https:\/\/www.sggw.edu.pl\/wp-content\/uploads\/2025\/10\/dr-inz.-Arkadiusz-Gruchala.jpg 1154w\" sizes=\"(max-width: 580px) 100vw, 580px\" \/>\t\t\t\t\t\t\t\t\t\t\t\t\t<\/div>\n\t\t\t\t<\/div>\n\t\t\t\t\t<\/div>\n\t\t<\/div>\n\t\t\t\t<div class=\"elementor-column elementor-col-66 elementor-top-column elementor-element elementor-element-54e8826\" data-id=\"54e8826\" data-element_type=\"column\">\n\t\t\t<div class=\"elementor-widget-wrap elementor-element-populated\">\n\t\t\t\t\t\t<div class=\"elementor-element elementor-element-bead88a elementor-widget elementor-widget-w1_2_3\" data-id=\"bead88a\" data-element_type=\"widget\" data-widget_type=\"w1_2_3.default\">\n\t\t\t\t<div class=\"elementor-widget-container\">\n\t\t\t<section>\n                <div class=\"mn-grid\">\n                    <h2  class=\"mn-grid-12\">\n                        Dr. Arkadiusz Grucha\u0142a, MScEng<br \/>\n\n                    <\/h2>\n                <\/div>\n            <\/section>\t\t<\/div>\n\t\t\t\t<\/div>\n\t\t\t\t<div class=\"elementor-element elementor-element-b555ab4 elementor-widget elementor-widget-w1_2_3\" data-id=\"b555ab4\" data-element_type=\"widget\" data-widget_type=\"w1_2_3.default\">\n\t\t\t\t<div class=\"elementor-widget-container\">\n\t\t\t<section>\n                    <div class=\"mn-grid\">\n                        <h3  class=\"mn-grid-12 mn-section-title2\">\n                            Chancellor\n                        <\/h3>\n                    <\/div>\n                <\/section>\t\t<\/div>\n\t\t\t\t<\/div>\n\t\t\t\t\t<\/div>\n\t\t<\/div>\n\t\t\t\t\t<\/div>\n\t\t<\/section>\n\t\t\t\t<section class=\"elementor-section elementor-top-section elementor-element elementor-element-2faecf1 elementor-section-boxed elementor-section-height-default elementor-section-height-default\" data-id=\"2faecf1\" data-element_type=\"section\">\n\t\t\t\t\t\t<div class=\"elementor-container elementor-column-gap-default\">\n\t\t\t\t\t<div class=\"elementor-column elementor-col-100 elementor-top-column elementor-element elementor-element-3865964\" data-id=\"3865964\" data-element_type=\"column\">\n\t\t\t<div class=\"elementor-widget-wrap elementor-element-populated\">\n\t\t\t\t\t\t<div class=\"elementor-element elementor-element-9df9d44 elementor-widget elementor-widget-w33\" data-id=\"9df9d44\" data-element_type=\"widget\" data-widget_type=\"w33.default\">\n\t\t\t\t<div class=\"elementor-widget-container\">\n\t\t\t<section>\n            <div class=\"mn-grid\">\n                <div class=\"mn-vertical-separator-x2\">\n                    \n                <\/div>\n            <\/section>\t\t<\/div>\n\t\t\t\t<\/div>\n\t\t\t\t\t<\/div>\n\t\t<\/div>\n\t\t\t\t\t<\/div>\n\t\t<\/section>\n\t\t\t\t<section class=\"elementor-section elementor-top-section elementor-element elementor-element-4b042af elementor-section-boxed elementor-section-height-default elementor-section-height-default\" data-id=\"4b042af\" data-element_type=\"section\">\n\t\t\t\t\t\t<div class=\"elementor-container elementor-column-gap-default\">\n\t\t\t\t\t<div class=\"elementor-column elementor-col-100 elementor-top-column elementor-element elementor-element-93defee\" data-id=\"93defee\" data-element_type=\"column\">\n\t\t\t<div class=\"elementor-widget-wrap elementor-element-populated\">\n\t\t\t\t\t\t<div class=\"elementor-element elementor-element-c8e6170 elementor-widget elementor-widget-w12\" data-id=\"c8e6170\" data-element_type=\"widget\" data-widget_type=\"w12.default\">\n\t\t\t\t<div class=\"elementor-widget-container\">\n\t\t\t<section>\n                <div class=\"mn-grid\">\n                    <div class=\"mn-grid-12 mn-mod-text-links\">\n                        <p><strong>Dr. Arkadiusz Grucha\u0142a<\/strong> has been continuously affiliated with the University for over two decades, holding numerous academic, teaching, and organizational positions, including Vice-Dean for Didactics, Head of the Department of Forest Economics, Rector\u2019s Plenipotentiary for Quality of Education, and Deputy Chancellor \u2013 Director for Infrastructure Management.<\/p><p>A graduate of the Faculty of Forestry, in 2005 he defended his doctoral dissertation devoted to the organization of managerial staff work in the State Forests. His academic achievements include numerous scientific publications, participation in national and international research projects, and active cooperation with institutions in the forestry sector. He has been a member of many Senate and Rector\u2019s committees, as well as teams responsible for the development of education, university management, and quality policy. He combines research and teaching experience with managerial practice. In his work, he focuses on optimizing management, developing modern administrative processes, and creating teams that identify with the University\u2019s mission.<\/p><p>Privately, he is interested in the history of World War II and of Kashubia, and he devotes his free time to his family and gardening.<\/p><p>\u00a0<\/p>\n                    <\/div>\n                <\/div>\n            <\/section>\t\t<\/div>\n\t\t\t\t<\/div>\n\t\t\t\t\t<\/div>\n\t\t<\/div>\n\t\t\t\t\t<\/div>\n\t\t<\/section>\n\t\t\t\t<\/div>\n\t\t","protected":false},"excerpt":{"rendered":"<p>Chancellor Dr. Arkadiusz Grucha\u0142a, MScEng Chancellor Dr. Arkadiusz Grucha\u0142a has been continuously affiliated with the University for over two decades, holding numerous academic, teaching, and organizational positions, including Vice-Dean for Didactics, Head of the Department of Forest Economics, Rector\u2019s Plenipotentiary for Quality of Education, and Deputy Chancellor \u2013 Director for Infrastructure Management. A graduate of [&hellip;]<\/p>\n","protected":false},"author":1,"featured_media":0,"parent":14760,"menu_order":0,"comment_status":"closed","ping_status":"closed","template":"","meta":{"_acf_changed":false,"footnotes":""},"class_list":["post-14774","page","type-page","status-publish","hentry"],"acf":[],"_links":{"self":[{"href":"https:\/\/www.sggw.edu.pl\/en\/wp-json\/wp\/v2\/pages\/14774","targetHints":{"allow":["GET"]}}],"collection":[{"href":"https:\/\/www.sggw.edu.pl\/en\/wp-json\/wp\/v2\/pages"}],"about":[{"href":"https:\/\/www.sggw.edu.pl\/en\/wp-json\/wp\/v2\/types\/page"}],"author":[{"embeddable":true,"href":"https:\/\/www.sggw.edu.pl\/en\/wp-json\/wp\/v2\/users\/1"}],"replies":[{"embeddable":true,"href":"https:\/\/www.sggw.edu.pl\/en\/wp-json\/wp\/v2\/comments?post=14774"}],"version-history":[{"count":19,"href":"https:\/\/www.sggw.edu.pl\/en\/wp-json\/wp\/v2\/pages\/14774\/revisions"}],"predecessor-version":[{"id":264646,"href":"https:\/\/www.sggw.edu.pl\/en\/wp-json\/wp\/v2\/pages\/14774\/revisions\/264646"}],"up":[{"embeddable":true,"href":"https:\/\/www.sggw.edu.pl\/en\/wp-json\/wp\/v2\/pages\/14760"}],"wp:attachment":[{"href":"https:\/\/www.sggw.edu.pl\/en\/wp-json\/wp\/v2\/media?parent=14774"}],"curies":[{"name":"wp","href":"https:\/\/api.w.org\/{rel}","templated":true}]}}