{"id":14779,"date":"2021-01-26T13:47:06","date_gmt":"2021-01-26T12:47:06","guid":{"rendered":"https:\/\/www.sggw.edu.pl\/structure-of-the-university\/mission-and-strategy-of-the-university\/"},"modified":"2025-01-28T10:25:37","modified_gmt":"2025-01-28T09:25:37","slug":"mission-and-strategy-of-the-university","status":"publish","type":"page","link":"https:\/\/www.sggw.edu.pl\/en\/uczelnia\/mission-and-strategy-of-the-university\/","title":{"rendered":"Mission and strategy of the university"},"content":{"rendered":"\t\t<div data-elementor-type=\"wp-page\" data-elementor-id=\"14779\" class=\"elementor elementor-14779\" data-elementor-post-type=\"page\">\n\t\t\t\t\t\t<section class=\"elementor-section elementor-top-section elementor-element elementor-element-3196a3a2 elementor-section-boxed elementor-section-height-default elementor-section-height-default\" data-id=\"3196a3a2\" data-element_type=\"section\">\n\t\t\t\t\t\t<div class=\"elementor-container elementor-column-gap-default\">\n\t\t\t\t\t<div class=\"elementor-column elementor-col-100 elementor-top-column elementor-element elementor-element-6c879f4e\" data-id=\"6c879f4e\" data-element_type=\"column\">\n\t\t\t<div class=\"elementor-widget-wrap elementor-element-populated\">\n\t\t\t\t\t\t<div class=\"elementor-element elementor-element-8e0605d elementor-widget elementor-widget-wp-widget-bcn_widget\" data-id=\"8e0605d\" data-element_type=\"widget\" data-widget_type=\"wp-widget-bcn_widget.default\">\n\t\t\t\t<div class=\"elementor-widget-container\">\n\t\t\t<div class=\"mn-grid breadcrumb\">\n                                    <div class=\"breadcrumb-inner mn-grid-12\"><div class=\"breadcrumbs\" vocab=\"https:\/\/schema.org\/\" typeof=\"BreadcrumbList\"><span property=\"itemListElement\" typeof=\"ListItem\"><a property=\"item\" typeof=\"WebPage\" title=\"Go to Szko\u0142a G\u0142\u00f3wna Gospodarstwa Wiejskiego w Warszawie.\" href=\"https:\/\/www.sggw.edu.pl\/en\/\" class=\"home\" aria-current=\"page\"><span property=\"name\">Home<\/span><\/a><meta property=\"position\" content=\"1\"><\/span><\/div>    <\/div>\n                                <\/div>\t\t<\/div>\n\t\t\t\t<\/div>\n\t\t\t\t<div class=\"elementor-element elementor-element-964c46f elementor-widget elementor-widget-post-title\" data-id=\"964c46f\" data-element_type=\"widget\" data-widget_type=\"post-title.default\">\n\t\t\t\t<div class=\"elementor-widget-container\">\n\t\t\t<section>\n                    <div class=\"mn-grid entry-header-inner section-inner medium\">\n                        <h1 class=\"mn-grid-12 entry-title\" style=\"\">\n                            Mission and strategy of the university\n                        <\/h1>\n                    <\/div>\n                <\/section>\t\t<\/div>\n\t\t\t\t<\/div>\n\t\t\t\t<div class=\"elementor-element elementor-element-a682413 elementor-widget elementor-widget-w33\" data-id=\"a682413\" data-element_type=\"widget\" data-widget_type=\"w33.default\">\n\t\t\t\t<div class=\"elementor-widget-container\">\n\t\t\t<section>\n            <div class=\"mn-grid\">\n                <div class=\"mn-vertical-separator-x2\">\n                    \n                <\/div>\n            <\/section>\t\t<\/div>\n\t\t\t\t<\/div>\n\t\t\t\t\t<\/div>\n\t\t<\/div>\n\t\t\t\t\t<\/div>\n\t\t<\/section>\n\t\t\t\t<section class=\"elementor-section elementor-top-section elementor-element elementor-element-4b1ca2c elementor-section-boxed elementor-section-height-default elementor-section-height-default\" data-id=\"4b1ca2c\" data-element_type=\"section\">\n\t\t\t\t\t\t<div class=\"elementor-container elementor-column-gap-default\">\n\t\t\t\t\t<div class=\"elementor-column elementor-col-50 elementor-top-column elementor-element elementor-element-76a1d2b\" data-id=\"76a1d2b\" data-element_type=\"column\">\n\t\t\t<div class=\"elementor-widget-wrap elementor-element-populated\">\n\t\t\t\t\t\t<div class=\"elementor-element elementor-element-34a61f3 elementor-widget elementor-widget-w33\" data-id=\"34a61f3\" data-element_type=\"widget\" data-widget_type=\"w33.default\">\n\t\t\t\t<div class=\"elementor-widget-container\">\n\t\t\t<section>\n            <div class=\"mn-grid\">\n                <div class=\"mn-vertical-separator-x2\">\n                    \n                <\/div>\n            <\/section>\t\t<\/div>\n\t\t\t\t<\/div>\n\t\t\t\t<div class=\"elementor-element elementor-element-1ee8e47 elementor-widget elementor-widget-w12\" data-id=\"1ee8e47\" data-element_type=\"widget\" data-widget_type=\"w12.default\">\n\t\t\t\t<div class=\"elementor-widget-container\">\n\t\t\t<section>\n                <div class=\"mn-grid\">\n                    <div class=\"mn-grid-12 mn-mod-text-links\">\n                        <p><img fetchpriority=\"high\" decoding=\"async\" class=\"alignnone size-medium wp-image-15682 aligncenter\" src=\"https:\/\/www.sggw.edu.pl\/wp-content\/uploads\/2021\/02\/SGGW-godlo-ciemnozielony-RGB-300x300.png\" alt=\"\" width=\"300\" height=\"300\" srcset=\"https:\/\/www.sggw.edu.pl\/wp-content\/uploads\/2021\/02\/SGGW-godlo-ciemnozielony-RGB-300x300.png 300w, https:\/\/www.sggw.edu.pl\/wp-content\/uploads\/2021\/02\/SGGW-godlo-ciemnozielony-RGB-150x150.png 150w, https:\/\/www.sggw.edu.pl\/wp-content\/uploads\/2021\/02\/SGGW-godlo-ciemnozielony-RGB.png 712w\" sizes=\"(max-width: 300px) 100vw, 300px\" \/><\/p>\n\n                    <\/div>\n                <\/div>\n            <\/section>\t\t<\/div>\n\t\t\t\t<\/div>\n\t\t\t\t<div class=\"elementor-element elementor-element-fd43701 elementor-widget elementor-widget-w33\" data-id=\"fd43701\" data-element_type=\"widget\" data-widget_type=\"w33.default\">\n\t\t\t\t<div class=\"elementor-widget-container\">\n\t\t\t<section>\n            <div class=\"mn-grid\">\n                <div class=\"mn-vertical-separator\">\n                    \n                <\/div>\n            <\/section>\t\t<\/div>\n\t\t\t\t<\/div>\n\t\t\t\t\t<\/div>\n\t\t<\/div>\n\t\t\t\t<div class=\"elementor-column elementor-col-50 elementor-top-column elementor-element elementor-element-c7e0adf\" data-id=\"c7e0adf\" data-element_type=\"column\">\n\t\t\t<div class=\"elementor-widget-wrap elementor-element-populated\">\n\t\t\t\t\t\t<div class=\"elementor-element elementor-element-f496934 elementor-widget elementor-widget-w12\" data-id=\"f496934\" data-element_type=\"widget\" data-widget_type=\"w12.default\">\n\t\t\t\t<div class=\"elementor-widget-container\">\n\t\t\t<section>\n                <div class=\"mn-grid\">\n                    <div class=\"mn-grid-12 mn-mod-text-links\">\n                        <p>The Warsaw University of Life Sciences is a modern university of natural sciences dating back to the Agronomic Institute in Marymont, established in 1816.\u00a0 The Institute was established on the initiative of prominent politicians and economic activists, such as Stanislaw Staszic. He not only educated and conducted research, but also disseminated knowledge. He\u00a0 significantly contributed to the economic and intellectual development of the 19th-century Poland.<\/p><p>In keeping with tradition, our University conducts\u00a0 research in the broadly understood field of natural sciences, as well as in economic, sciences humanities and technical sciences. SGGW strives to expand scientific research and update its study programs.<\/p><p>The University disseminateses the achievement of science. In order to meet the social demand, SGGW conducts various forms of lifelong learning, including postgraduate studies.<\/p>\n                    <\/div>\n                <\/div>\n            <\/section>\t\t<\/div>\n\t\t\t\t<\/div>\n\t\t\t\t\t<\/div>\n\t\t<\/div>\n\t\t\t\t\t<\/div>\n\t\t<\/section>\n\t\t\t\t<section class=\"elementor-section elementor-top-section elementor-element elementor-element-525929c elementor-section-boxed elementor-section-height-default elementor-section-height-default\" data-id=\"525929c\" data-element_type=\"section\">\n\t\t\t\t\t\t<div class=\"elementor-container elementor-column-gap-default\">\n\t\t\t\t\t<div class=\"elementor-column elementor-col-100 elementor-top-column elementor-element elementor-element-86f9982\" data-id=\"86f9982\" data-element_type=\"column\">\n\t\t\t<div class=\"elementor-widget-wrap elementor-element-populated\">\n\t\t\t\t\t\t<div class=\"elementor-element elementor-element-d4b3140 elementor-widget elementor-widget-w12\" data-id=\"d4b3140\" data-element_type=\"widget\" data-widget_type=\"w12.default\">\n\t\t\t\t<div class=\"elementor-widget-container\">\n\t\t\t<section>\n                <div class=\"mn-grid\">\n                    <div class=\"mn-grid-12 mn-mod-text-links\">\n                        <p>The University pays close attention to cooperation with other countries through joint research and training initiatives, while considering its special role in cooperation with the countries of the European Union and Eastern Europe.<\/p><p>Operating at both local and global levels, SGGW takes special care of the quality of education and thus the high level of the graduates.<\/p><p>The university treats people as their greatest wealth and cares for good interpersonal relations and intellectual development. It is open to the needs of Warsaw, Mazovia, and the whole country in terms of education, research and various forms of counseling. While educating students, SGGW strives to shape an open world view, tolerance, patriotism, honesty, scientific integrity, and respect for all people.<\/p><p>Bearing in mind its roots and at the same time preparing for the challenges of the future, the university declares to fulfill the following mission:<\/p><p>The mission of the Warsaw University of Life Sciences is to serve the economic and intellectual development of Polish society, with a particular focus on rural areas, food economy and the wider environment. Our goal is to conduct scientific research and education as well as implement activities at the highest level.<\/p><p>The foundations and success of our University come from our values: professionalism, attention to quality, diligence, and innovation.<\/p><p><a href=\"http:\/\/www.sggw.edu.pl\/wp-content\/uploads\/2024\/03\/SGGW-Strategy-to-2030.pdf\" target=\"_blank\" rel=\"noopener\">University strategy for 2030<\/a><\/p>\n                    <\/div>\n                <\/div>\n            <\/section>\t\t<\/div>\n\t\t\t\t<\/div>\n\t\t\t\t\t<\/div>\n\t\t<\/div>\n\t\t\t\t\t<\/div>\n\t\t<\/section>\n\t\t\t\t<section class=\"elementor-section elementor-top-section elementor-element elementor-element-66822f0d elementor-section-boxed elementor-section-height-default elementor-section-height-default\" data-id=\"66822f0d\" data-element_type=\"section\">\n\t\t\t\t\t\t<div class=\"elementor-container elementor-column-gap-default\">\n\t\t\t\t\t<div class=\"elementor-column elementor-col-100 elementor-top-column elementor-element elementor-element-6f1ca5bc\" data-id=\"6f1ca5bc\" data-element_type=\"column\">\n\t\t\t<div class=\"elementor-widget-wrap elementor-element-populated\">\n\t\t\t\t\t\t<section class=\"elementor-section elementor-inner-section elementor-element elementor-element-cc8d8b4 elementor-section-boxed elementor-section-height-default elementor-section-height-default\" data-id=\"cc8d8b4\" data-element_type=\"section\">\n\t\t\t\t\t\t<div class=\"elementor-container elementor-column-gap-default\">\n\t\t\t\t\t<div class=\"elementor-column elementor-col-100 elementor-inner-column elementor-element elementor-element-e1aefb3\" data-id=\"e1aefb3\" data-element_type=\"column\">\n\t\t\t<div class=\"elementor-widget-wrap elementor-element-populated\">\n\t\t\t\t\t\t<div class=\"elementor-element elementor-element-d6054f0 elementor-widget elementor-widget-w12\" data-id=\"d6054f0\" data-element_type=\"widget\" data-widget_type=\"w12.default\">\n\t\t\t\t<div class=\"elementor-widget-container\">\n\t\t\t<section>\n                <div class=\"mn-grid\">\n                    <div class=\"mn-grid-12 mn-mod-text-links\">\n                        \n                    <\/div>\n                <\/div>\n            <\/section>\t\t<\/div>\n\t\t\t\t<\/div>\n\t\t\t\t\t<\/div>\n\t\t<\/div>\n\t\t\t\t\t<\/div>\n\t\t<\/section>\n\t\t\t\t<div class=\"elementor-element elementor-element-8b13897 elementor-widget elementor-widget-w30\" data-id=\"8b13897\" data-element_type=\"widget\" data-widget_type=\"w30.default\">\n\t\t\t\t<div class=\"elementor-widget-container\">\n\t\t\t<section>\n                <div class=\"mn-grid\">\n                    <div class=\"mn-highlighted-txt\">\n                        <p>\n                        <br \/>\n\n                        <\/p>\n                    <\/div>\n                <\/div>\n            <\/section>\t\t<\/div>\n\t\t\t\t<\/div>\n\t\t\t\t<div class=\"elementor-element elementor-element-f9fd11b elementor-widget elementor-widget-w30\" data-id=\"f9fd11b\" data-element_type=\"widget\" data-widget_type=\"w30.default\">\n\t\t\t\t<div class=\"elementor-widget-container\">\n\t\t\t<section>\n                <div class=\"mn-grid\">\n                    <div class=\"mn-highlighted-txt\">\n                        <p>\n                        \n                        <\/p>\n                    <\/div>\n                <\/div>\n            <\/section>\t\t<\/div>\n\t\t\t\t<\/div>\n\t\t\t\t\t<\/div>\n\t\t<\/div>\n\t\t\t\t\t<\/div>\n\t\t<\/section>\n\t\t\t\t<\/div>\n\t\t","protected":false},"excerpt":{"rendered":"<p>Mission and strategy of the university The Warsaw University of Life Sciences is a modern university of natural sciences dating back to the Agronomic Institute in Marymont, established in 1816.\u00a0 The Institute was established on the initiative of prominent politicians and economic activists, such as Stanislaw Staszic. He not only educated and conducted research, but [&hellip;]<\/p>\n","protected":false},"author":1,"featured_media":0,"parent":213,"menu_order":0,"comment_status":"closed","ping_status":"closed","template":"","meta":{"_acf_changed":false,"footnotes":""},"class_list":["post-14779","page","type-page","status-publish","hentry"],"acf":[],"_links":{"self":[{"href":"https:\/\/www.sggw.edu.pl\/en\/wp-json\/wp\/v2\/pages\/14779","targetHints":{"allow":["GET"]}}],"collection":[{"href":"https:\/\/www.sggw.edu.pl\/en\/wp-json\/wp\/v2\/pages"}],"about":[{"href":"https:\/\/www.sggw.edu.pl\/en\/wp-json\/wp\/v2\/types\/page"}],"author":[{"embeddable":true,"href":"https:\/\/www.sggw.edu.pl\/en\/wp-json\/wp\/v2\/users\/1"}],"replies":[{"embeddable":true,"href":"https:\/\/www.sggw.edu.pl\/en\/wp-json\/wp\/v2\/comments?post=14779"}],"version-history":[{"count":23,"href":"https:\/\/www.sggw.edu.pl\/en\/wp-json\/wp\/v2\/pages\/14779\/revisions"}],"predecessor-version":[{"id":226087,"href":"https:\/\/www.sggw.edu.pl\/en\/wp-json\/wp\/v2\/pages\/14779\/revisions\/226087"}],"up":[{"embeddable":true,"href":"https:\/\/www.sggw.edu.pl\/en\/wp-json\/wp\/v2\/pages\/213"}],"wp:attachment":[{"href":"https:\/\/www.sggw.edu.pl\/en\/wp-json\/wp\/v2\/media?parent=14779"}],"curies":[{"name":"wp","href":"https:\/\/api.w.org\/{rel}","templated":true}]}}