{"id":14781,"date":"2021-01-26T13:47:07","date_gmt":"2021-01-26T12:47:07","guid":{"rendered":"https:\/\/www.sggw.edu.pl\/structure-of-the-university\/university-council\/"},"modified":"2021-06-22T12:57:54","modified_gmt":"2021-06-22T10:57:54","slug":"university-council","status":"publish","type":"page","link":"https:\/\/www.sggw.edu.pl\/en\/university\/structure-of-the-university\/university-council\/","title":{"rendered":"University Council"},"content":{"rendered":"\t\t<div data-elementor-type=\"wp-page\" data-elementor-id=\"14781\" class=\"elementor elementor-14781\" data-elementor-post-type=\"page\">\n\t\t\t\t\t\t<section class=\"elementor-section elementor-top-section elementor-element elementor-element-75b44b08 elementor-section-boxed elementor-section-height-default elementor-section-height-default\" data-id=\"75b44b08\" data-element_type=\"section\">\n\t\t\t\t\t\t<div class=\"elementor-container elementor-column-gap-default\">\n\t\t\t\t\t<div class=\"elementor-column elementor-col-100 elementor-top-column elementor-element elementor-element-114f9c26\" data-id=\"114f9c26\" data-element_type=\"column\">\n\t\t\t<div class=\"elementor-widget-wrap\">\n\t\t\t\t\t\t\t<\/div>\n\t\t<\/div>\n\t\t\t\t\t<\/div>\n\t\t<\/section>\n\t\t\t\t<section class=\"elementor-section elementor-top-section elementor-element elementor-element-20fef2c5 elementor-section-boxed elementor-section-height-default elementor-section-height-default\" data-id=\"20fef2c5\" data-element_type=\"section\">\n\t\t\t\t\t\t<div class=\"elementor-container elementor-column-gap-default\">\n\t\t\t\t\t<div class=\"elementor-column elementor-col-100 elementor-top-column elementor-element elementor-element-1bba2d1c\" data-id=\"1bba2d1c\" data-element_type=\"column\">\n\t\t\t<div class=\"elementor-widget-wrap elementor-element-populated\">\n\t\t\t\t\t\t<div class=\"elementor-element elementor-element-26ede1c9 elementor-widget elementor-widget-wp-widget-bcn_widget\" data-id=\"26ede1c9\" data-element_type=\"widget\" data-widget_type=\"wp-widget-bcn_widget.default\">\n\t\t\t\t<div class=\"elementor-widget-container\">\n\t\t\t<div class=\"mn-grid breadcrumb\">\n                                    <div class=\"breadcrumb-inner mn-grid-12\"><div class=\"breadcrumbs\" vocab=\"https:\/\/schema.org\/\" typeof=\"BreadcrumbList\"><span property=\"itemListElement\" typeof=\"ListItem\"><a property=\"item\" typeof=\"WebPage\" title=\"Go to Szko\u0142a G\u0142\u00f3wna Gospodarstwa Wiejskiego w Warszawie.\" href=\"https:\/\/www.sggw.edu.pl\/en\/\" class=\"home\" aria-current=\"page\"><span property=\"name\">Home<\/span><\/a><meta property=\"position\" content=\"1\"><\/span><\/div>    <\/div>\n                                <\/div>\t\t<\/div>\n\t\t\t\t<\/div>\n\t\t\t\t<div class=\"elementor-element elementor-element-3f6dc91a elementor-widget elementor-widget-w1_2_3\" data-id=\"3f6dc91a\" data-element_type=\"widget\" data-widget_type=\"w1_2_3.default\">\n\t\t\t\t<div class=\"elementor-widget-container\">\n\t\t\t<section>\n                <div class=\"mn-grid\">\n                    <h2  class=\"mn-grid-12\">\n                        University Council\n                    <\/h2>\n                <\/div>\n            <\/section>\t\t<\/div>\n\t\t\t\t<\/div>\n\t\t\t\t\t<\/div>\n\t\t<\/div>\n\t\t\t\t\t<\/div>\n\t\t<\/section>\n\t\t\t\t<section class=\"elementor-section elementor-top-section elementor-element elementor-element-73acb7d elementor-section-boxed elementor-section-height-default elementor-section-height-default\" data-id=\"73acb7d\" data-element_type=\"section\">\n\t\t\t\t\t\t<div class=\"elementor-container elementor-column-gap-default\">\n\t\t\t\t\t<div class=\"elementor-column elementor-col-100 elementor-top-column elementor-element elementor-element-50afdb4\" data-id=\"50afdb4\" data-element_type=\"column\">\n\t\t\t<div class=\"elementor-widget-wrap elementor-element-populated\">\n\t\t\t\t\t\t<div class=\"elementor-element elementor-element-67ca648 elementor-widget elementor-widget-w12\" data-id=\"67ca648\" data-element_type=\"widget\" data-widget_type=\"w12.default\">\n\t\t\t\t<div class=\"elementor-widget-container\">\n\t\t\t<section>\n                <div class=\"mn-grid\">\n                    <div class=\"mn-grid-12 mn-mod-text-links\">\n                        <p>The Warsaw University of Life Sciences Senate adopted appropriate resolutions on the appointment of a new University Council at its meeting on November 30, 2020.<\/p><p><strong>The University Council 2021-2024 consists of:<\/strong><\/p><p>Chairman:<\/p><ul><li><strong>Prof. dr hab. Maciej Skorupski<\/strong> &#8211; University of Life Sciences in Pozna\u0144<\/li><\/ul><p>Members from outside the SGGW community:<\/p><ul><li><strong>Prof. dr hab. Ma\u0142gorzata Korbin<\/strong> &#8211; professor emeritus at the Institute of Horticulture in Skierniewice<\/li><li><strong>Dr. Zenon Pokojski<\/strong> &#8211; Maria Curie-Sk\u0142odowska University in Lublin<\/li><\/ul><p>Members from the SGGW community:<\/p><ul><li><strong>Prof. dr hab. Alexander Lisowski<\/strong> &#8211; Institute of Mechanical Engineering<\/li><li><strong>Prof. dr hab. Wojciech Wawrzyniec Pl\u0105der<\/strong> &#8211; Institute of Biology<\/li><li><strong>Prof. dr hab. Marek Stefan Szyndel<\/strong> &#8211; Institute of Horticulture Sciences Resolution on the appointment of the University Council for the term of office 2021-2024 &#8211; file to download<\/li><li><strong>Mateusz Nizio\u0142ek<\/strong> &#8211; Chairman of the Student Government<\/li><\/ul>\n                    <\/div>\n                <\/div>\n            <\/section>\t\t<\/div>\n\t\t\t\t<\/div>\n\t\t\t\t\t<\/div>\n\t\t<\/div>\n\t\t\t\t\t<\/div>\n\t\t<\/section>\n\t\t\t\t<section class=\"elementor-section elementor-top-section elementor-element elementor-element-d2506ba elementor-section-boxed elementor-section-height-default elementor-section-height-default\" data-id=\"d2506ba\" data-element_type=\"section\">\n\t\t\t\t\t\t<div class=\"elementor-container elementor-column-gap-default\">\n\t\t\t\t\t<div class=\"elementor-column elementor-col-100 elementor-top-column elementor-element elementor-element-d4f6d8a\" data-id=\"d4f6d8a\" data-element_type=\"column\">\n\t\t\t<div class=\"elementor-widget-wrap elementor-element-populated\">\n\t\t\t\t\t\t<div class=\"elementor-element elementor-element-31be7ce elementor-widget elementor-widget-w33\" data-id=\"31be7ce\" data-element_type=\"widget\" data-widget_type=\"w33.default\">\n\t\t\t\t<div class=\"elementor-widget-container\">\n\t\t\t<section>\n            <div class=\"mn-grid\">\n                <div class=\"mn-vertical-separator\">\n                    \n                <\/div>\n            <\/section>\t\t<\/div>\n\t\t\t\t<\/div>\n\t\t\t\t<div class=\"elementor-element elementor-element-c1d7084 elementor-widget elementor-widget-w10\" data-id=\"c1d7084\" data-element_type=\"widget\" data-widget_type=\"w10.default\">\n\t\t\t\t<div class=\"elementor-widget-container\">\n\t\t\t<section><div class=\"mn-grid\"><ul class=\"mn-link-list-type2 mn-grid-12\"><li>\n                            <a href=\"https:\/\/www.sggw.edu.pl\/wp-content\/uploads\/2020\/11\/Regulaminu-powo\u0142ania-pierwszej-Rady-Uczelni.pdf\" >\n                                <span>Resolution of the Senate SGGW No. 37 - 2018\/2019 together with the Rules of appointment of the first Council of the University.<\/span>\n                            <\/a>\n                        <\/li><li>\n                            <a href=\"https:\/\/www.sggw.edu.pl\/wp-content\/uploads\/2020\/11\/Uchwa\u0142a_68.pdf\" >\n                                <span>Senate Resolution No. 68 - 2018\/2019 on the establishment of the first Council of the University.<\/span>\n                            <\/a>\n                        <\/li><\/ul><\/div><\/section>\t\t<\/div>\n\t\t\t\t<\/div>\n\t\t\t\t\t<\/div>\n\t\t<\/div>\n\t\t\t\t\t<\/div>\n\t\t<\/section>\n\t\t\t\t<\/div>\n\t\t","protected":false},"excerpt":{"rendered":"<p>University Council The Warsaw University of Life Sciences Senate adopted appropriate resolutions on the appointment of a new University Council at its meeting on November 30, 2020. The University Council 2021-2024 consists of: Chairman: Prof. dr hab. Maciej Skorupski &#8211; University of Life Sciences in Pozna\u0144 Members from outside the SGGW community: Prof. dr hab. [&hellip;]<\/p>\n","protected":false},"author":1,"featured_media":0,"parent":13177,"menu_order":0,"comment_status":"closed","ping_status":"closed","template":"","meta":{"_acf_changed":false,"footnotes":""},"class_list":["post-14781","page","type-page","status-publish","hentry"],"acf":[],"_links":{"self":[{"href":"https:\/\/www.sggw.edu.pl\/en\/wp-json\/wp\/v2\/pages\/14781","targetHints":{"allow":["GET"]}}],"collection":[{"href":"https:\/\/www.sggw.edu.pl\/en\/wp-json\/wp\/v2\/pages"}],"about":[{"href":"https:\/\/www.sggw.edu.pl\/en\/wp-json\/wp\/v2\/types\/page"}],"author":[{"embeddable":true,"href":"https:\/\/www.sggw.edu.pl\/en\/wp-json\/wp\/v2\/users\/1"}],"replies":[{"embeddable":true,"href":"https:\/\/www.sggw.edu.pl\/en\/wp-json\/wp\/v2\/comments?post=14781"}],"version-history":[{"count":8,"href":"https:\/\/www.sggw.edu.pl\/en\/wp-json\/wp\/v2\/pages\/14781\/revisions"}],"predecessor-version":[{"id":85750,"href":"https:\/\/www.sggw.edu.pl\/en\/wp-json\/wp\/v2\/pages\/14781\/revisions\/85750"}],"up":[{"embeddable":true,"href":"https:\/\/www.sggw.edu.pl\/en\/wp-json\/wp\/v2\/pages\/13177"}],"wp:attachment":[{"href":"https:\/\/www.sggw.edu.pl\/en\/wp-json\/wp\/v2\/media?parent=14781"}],"curies":[{"name":"wp","href":"https:\/\/api.w.org\/{rel}","templated":true}]}}