{"id":14790,"date":"2021-01-26T13:47:10","date_gmt":"2021-01-26T12:47:10","guid":{"rendered":"https:\/\/www.sggw.edu.pl\/structure-of-the-university\/committees\/rectors-committees\/"},"modified":"2021-08-22T23:01:28","modified_gmt":"2021-08-22T21:01:28","slug":"rectors-committees","status":"publish","type":"page","link":"https:\/\/www.sggw.edu.pl\/en\/home\/rectors-committees\/","title":{"rendered":"Rector&#8217;s Committees"},"content":{"rendered":"\t\t<div data-elementor-type=\"wp-page\" data-elementor-id=\"14790\" class=\"elementor elementor-14790\" data-elementor-post-type=\"page\">\n\t\t\t\t\t\t<section class=\"elementor-section elementor-top-section elementor-element elementor-element-772d2b2 elementor-section-boxed elementor-section-height-default elementor-section-height-default\" data-id=\"772d2b2\" data-element_type=\"section\">\n\t\t\t\t\t\t<div class=\"elementor-container elementor-column-gap-default\">\n\t\t\t\t\t<div class=\"elementor-column elementor-col-100 elementor-top-column elementor-element elementor-element-2761462d\" data-id=\"2761462d\" data-element_type=\"column\">\n\t\t\t<div class=\"elementor-widget-wrap elementor-element-populated\">\n\t\t\t\t\t\t<div class=\"elementor-element elementor-element-1f0bb2b2 elementor-widget elementor-widget-wp-widget-bcn_widget\" data-id=\"1f0bb2b2\" data-element_type=\"widget\" data-widget_type=\"wp-widget-bcn_widget.default\">\n\t\t\t\t<div class=\"elementor-widget-container\">\n\t\t\t<div class=\"mn-grid breadcrumb\">\n                                    <div class=\"breadcrumb-inner mn-grid-12\"><div class=\"breadcrumbs\" vocab=\"https:\/\/schema.org\/\" typeof=\"BreadcrumbList\"><span property=\"itemListElement\" typeof=\"ListItem\"><a property=\"item\" typeof=\"WebPage\" title=\"Go to Szko\u0142a G\u0142\u00f3wna Gospodarstwa Wiejskiego w Warszawie.\" href=\"https:\/\/www.sggw.edu.pl\/en\/\" class=\"home\" aria-current=\"page\"><span property=\"name\">Home<\/span><\/a><meta property=\"position\" content=\"1\"><\/span><\/div>    <\/div>\n                                <\/div>\t\t<\/div>\n\t\t\t\t<\/div>\n\t\t\t\t<div class=\"elementor-element elementor-element-395af4a6 elementor-widget elementor-widget-w1_2_3\" data-id=\"395af4a6\" data-element_type=\"widget\" data-widget_type=\"w1_2_3.default\">\n\t\t\t\t<div class=\"elementor-widget-container\">\n\t\t\t<section>\n                <div class=\"mn-grid\">\n                    <h2  class=\"mn-grid-12\">\n                        Authorities\n                    <\/h2>\n                <\/div>\n            <\/section>\t\t<\/div>\n\t\t\t\t<\/div>\n\t\t\t\t<div class=\"elementor-element elementor-element-224fbdd8 elementor-widget elementor-widget-w11\" data-id=\"224fbdd8\" data-element_type=\"widget\" data-widget_type=\"w11.default\">\n\t\t\t\t<div class=\"elementor-widget-container\">\n\t\t\t<section><div class=\"mn-grid\"><ul class=\"mn-grid-12 mn-mod-links-text-3\"><li>\n                            <a href=\"https:\/\/www.sggw.edu.pl\/en\/university\/structure-of-the-university\/university-authorities\/rector\/\" >\n                                <span>Rector<\/span>\n                            <\/a>\n                        <\/li><li>\n                            <a href=\"https:\/\/www.sggw.edu.pl\/en\/university\/structure-of-the-university\/university-authorities\/vice-rector-for-didactics\/\" >\n                                <span>Vice-Rector for Didactics<\/span>\n                            <\/a>\n                        <\/li><li>\n                            <a href=\"https:\/\/www.sggw.edu.pl\/en\/university\/structure-of-the-university\/university-authorities\/vice-rector-for-science\/\" >\n                                <span>Vice-Rector for science<\/span>\n                            <\/a>\n                        <\/li><li>\n                            <a href=\"\" class=\"mn-pointer-event-off\">\n                                <span>Vice-Rector for Development<\/span>\n                            <\/a>\n                        <\/li><li>\n                            <a href=\"https:\/\/www.sggw.edu.pl\/en\/university\/structure-of-the-university\/university-authorities\/vice-rector-for-international-cooperation\/\" >\n                                <span>Vice-Rector for International Affairs<\/span>\n                            <\/a>\n                        <\/li><li>\n                            <a href=\"https:\/\/www.sggw.edu.pl\/en\/university\/structure-of-the-university\/university-authorities\/chancellor\/\" >\n                                <span>Chancellor<\/span>\n                            <\/a>\n                        <\/li><li>\n                            <a href=\"https:\/\/www.sggw.edu.pl\/en\/university\/structure-of-the-university\/academic-senate\/\" >\n                                <span>academic senate<\/span>\n                            <\/a>\n                        <\/li><li>\n                            <a href=\"https:\/\/www.sggw.edu.pl\/en\/university\/structure-of-the-university\/university-council\/\" >\n                                <span>university board<\/span>\n                            <\/a>\n                        <\/li><li>\n                            <a href=\"\" class=\"mn-pointer-event-off\">\n                                <span>Rector's Committees<\/span>\n                            <\/a>\n                        <\/li><li>\n                            <a href=\"\" class=\"mn-pointer-event-off\">\n                                <span>Senate committees<\/span>\n                            <\/a>\n                        <\/li><li>\n                            <a href=\"\" class=\"mn-pointer-event-off\">\n                                <span>university committees<\/span>\n                            <\/a>\n                        <\/li><li>\n                            <a href=\"https:\/\/www.sggw.edu.pl\/en\/university\/structure-of-the-university\/rectors-representatives\/\" >\n                                <span>rector's representatives<\/span>\n                            <\/a>\n                        <\/li><\/ul><\/div><\/section>\t\t<\/div>\n\t\t\t\t<\/div>\n\t\t\t\t<div class=\"elementor-element elementor-element-36a96138 elementor-widget elementor-widget-w33\" data-id=\"36a96138\" data-element_type=\"widget\" data-widget_type=\"w33.default\">\n\t\t\t\t<div class=\"elementor-widget-container\">\n\t\t\t<section>\n            <div class=\"mn-grid\">\n                <div class=\"mn-vertical-separator-x2\">\n                    \n                <\/div>\n            <\/section>\t\t<\/div>\n\t\t\t\t<\/div>\n\t\t\t\t<div class=\"elementor-element elementor-element-7999ad77 elementor-widget elementor-widget-w33\" data-id=\"7999ad77\" data-element_type=\"widget\" data-widget_type=\"w33.default\">\n\t\t\t\t<div class=\"elementor-widget-container\">\n\t\t\t<section>\n            <div class=\"mn-grid\">\n                <div class=\"mn-vertical-separator-x2\">\n                    \n                <\/div>\n            <\/section>\t\t<\/div>\n\t\t\t\t<\/div>\n\t\t\t\t<div class=\"elementor-element elementor-element-673f9716 elementor-widget elementor-widget-w33\" data-id=\"673f9716\" data-element_type=\"widget\" data-widget_type=\"w33.default\">\n\t\t\t\t<div class=\"elementor-widget-container\">\n\t\t\t<section>\n            <div class=\"mn-grid\">\n                <div class=\"mn-vertical-separator-x2\">\n                    \n                <\/div>\n            <\/section>\t\t<\/div>\n\t\t\t\t<\/div>\n\t\t\t\t<div class=\"elementor-element elementor-element-4a7e24f2 elementor-widget elementor-widget-w33\" data-id=\"4a7e24f2\" data-element_type=\"widget\" data-widget_type=\"w33.default\">\n\t\t\t\t<div class=\"elementor-widget-container\">\n\t\t\t<section>\n            <div class=\"mn-grid\">\n                <div class=\"mn-vertical-separator-x2\">\n                    \n                <\/div>\n            <\/section>\t\t<\/div>\n\t\t\t\t<\/div>\n\t\t\t\t<section class=\"elementor-section elementor-inner-section elementor-element elementor-element-6f777fcf elementor-section-boxed elementor-section-height-default elementor-section-height-default\" data-id=\"6f777fcf\" data-element_type=\"section\">\n\t\t\t\t\t\t<div class=\"elementor-container elementor-column-gap-default\">\n\t\t\t\t\t<div class=\"elementor-column elementor-col-50 elementor-inner-column elementor-element elementor-element-42077b2b\" data-id=\"42077b2b\" data-element_type=\"column\">\n\t\t\t<div class=\"elementor-widget-wrap\">\n\t\t\t\t\t\t\t<\/div>\n\t\t<\/div>\n\t\t\t\t<div class=\"elementor-column elementor-col-50 elementor-inner-column elementor-element elementor-element-5ad70c72\" data-id=\"5ad70c72\" data-element_type=\"column\">\n\t\t\t<div class=\"elementor-widget-wrap elementor-element-populated\">\n\t\t\t\t\t\t<div class=\"elementor-element elementor-element-331c42c6 elementor-widget elementor-widget-w1_2_3\" data-id=\"331c42c6\" data-element_type=\"widget\" data-widget_type=\"w1_2_3.default\">\n\t\t\t\t<div class=\"elementor-widget-container\">\n\t\t\t<section>\n                    <div class=\"mn-grid\">\n                        <h3  class=\"mn-grid-12 mn-section-title2\">\n                            Rector's Committees\n                        <\/h3>\n                    <\/div>\n                <\/section>\t\t<\/div>\n\t\t\t\t<\/div>\n\t\t\t\t\t<\/div>\n\t\t<\/div>\n\t\t\t\t\t<\/div>\n\t\t<\/section>\n\t\t\t\t<div class=\"elementor-element elementor-element-4be4e458 elementor-widget elementor-widget-w33\" data-id=\"4be4e458\" data-element_type=\"widget\" data-widget_type=\"w33.default\">\n\t\t\t\t<div class=\"elementor-widget-container\">\n\t\t\t<section>\n            <div class=\"mn-grid\">\n                <div class=\"mn-vertical-separator-x2\">\n                    \n                <\/div>\n            <\/section>\t\t<\/div>\n\t\t\t\t<\/div>\n\t\t\t\t<div class=\"elementor-element elementor-element-4299b8d6 elementor-widget elementor-widget-w33\" data-id=\"4299b8d6\" data-element_type=\"widget\" data-widget_type=\"w33.default\">\n\t\t\t\t<div class=\"elementor-widget-container\">\n\t\t\t<section>\n            <div class=\"mn-grid\">\n                <div class=\"mn-vertical-separator-x2\">\n                    \n                <\/div>\n            <\/section>\t\t<\/div>\n\t\t\t\t<\/div>\n\t\t\t\t\t<\/div>\n\t\t<\/div>\n\t\t\t\t\t<\/div>\n\t\t<\/section>\n\t\t\t\t<section class=\"elementor-section elementor-top-section elementor-element elementor-element-93131ff elementor-section-boxed elementor-section-height-default elementor-section-height-default\" data-id=\"93131ff\" data-element_type=\"section\">\n\t\t\t\t\t\t<div class=\"elementor-container elementor-column-gap-default\">\n\t\t\t\t\t<div class=\"elementor-column elementor-col-100 elementor-top-column elementor-element elementor-element-db0b968\" data-id=\"db0b968\" data-element_type=\"column\">\n\t\t\t<div class=\"elementor-widget-wrap elementor-element-populated\">\n\t\t\t\t\t\t<div class=\"elementor-element elementor-element-19f8274 elementor-widget elementor-widget-w12\" data-id=\"19f8274\" data-element_type=\"widget\" data-widget_type=\"w12.default\">\n\t\t\t\t<div class=\"elementor-widget-container\">\n\t\t\t<section>\n                <div class=\"mn-grid\">\n                    <div class=\"mn-grid-12 mn-mod-text-links\">\n                        <p>Downloads<\/p>\n\n                    <\/div>\n                <\/div>\n            <\/section>\t\t<\/div>\n\t\t\t\t<\/div>\n\t\t\t\t<div class=\"elementor-element elementor-element-310e53f elementor-widget elementor-widget-w33\" data-id=\"310e53f\" data-element_type=\"widget\" data-widget_type=\"w33.default\">\n\t\t\t\t<div class=\"elementor-widget-container\">\n\t\t\t<section>\n            <div class=\"mn-grid\">\n                <div class=\"mn-vertical-separator-x2\">\n                    \n                <\/div>\n            <\/section>\t\t<\/div>\n\t\t\t\t<\/div>\n\t\t\t\t<div class=\"elementor-element elementor-element-e114613 elementor-widget elementor-widget-w33\" data-id=\"e114613\" data-element_type=\"widget\" data-widget_type=\"w33.default\">\n\t\t\t\t<div class=\"elementor-widget-container\">\n\t\t\t<section>\n            <div class=\"mn-grid\">\n                <div class=\"mn-vertical-separator-x2\">\n                    \n                <\/div>\n            <\/section>\t\t<\/div>\n\t\t\t\t<\/div>\n\t\t\t\t<div class=\"elementor-element elementor-element-8d16878 elementor-widget elementor-widget-w10\" data-id=\"8d16878\" data-element_type=\"widget\" data-widget_type=\"w10.default\">\n\t\t\t\t<div class=\"elementor-widget-container\">\n\t\t\t<section><div class=\"mn-grid\"><ul class=\"mn-link-list-type2 mn-grid-12\"><li>\n                            <a href=\"\" class=\"mn-pointer-event-off\">\n                                <span>Economic and Investment Committe<\/span>\n                            <\/a>\n                        <\/li><li>\n                            <a href=\"\" class=\"mn-pointer-event-off\">\n                                <span>Out-of-budget income Committee<\/span>\n                            <\/a>\n                        <\/li><li>\n                            <a href=\"\" class=\"mn-pointer-event-off\">\n                                <span>Tender Committee<\/span>\n                            <\/a>\n                        <\/li><li>\n                            <a href=\"\" class=\"mn-pointer-event-off\">\n                                <span>Social Affairs Committee<\/span>\n                            <\/a>\n                        <\/li><li>\n                            <a href=\"\" class=\"mn-pointer-event-off\">\n                                <span>Housing Committee<\/span>\n                            <\/a>\n                        <\/li><li>\n                            <a href=\"\" class=\"mn-pointer-event-off\">\n                                <span>Inventory Committee<\/span>\n                            <\/a>\n                        <\/li><li>\n                            <a href=\"\" class=\"mn-pointer-event-off\">\n                                <span>Equipment Valuations Committee<\/span>\n                            <\/a>\n                        <\/li><li>\n                            <a href=\"\" class=\"mn-pointer-event-off\">\n                                <span>Education Quality Committee<\/span>\n                            <\/a>\n                        <\/li><li>\n                            <a href=\"\" class=\"mn-pointer-event-off\">\n                                <span>University Development Committee<\/span>\n                            <\/a>\n                        <\/li><li>\n                            <a href=\"\" class=\"mn-pointer-event-off\">\n                                <span>Inventory Committee for Land, Buildings and Structures  <\/span>\n                            <\/a>\n                        <\/li><li>\n                            <a href=\"\" class=\"mn-pointer-event-off\">\n                                <span>Anti-Bullying Committee<\/span>\n                            <\/a>\n                        <\/li><li>\n                            <a href=\"\" class=\"mn-pointer-event-off\">\n                                <span>Occupational Health and Safety Committee<\/span>\n                            <\/a>\n                        <\/li><li>\n                            <a href=\"\" class=\"mn-pointer-event-off\">\n                                <span>Incentive Remuneration System Committee<\/span>\n                            <\/a>\n                        <\/li><li>\n                            <a href=\"\" class=\"mn-pointer-event-off\">\n                                <span>Rankings Committee<\/span>\n                            <\/a>\n                        <\/li><li>\n                            <a href=\"\" class=\"mn-pointer-event-off\">\n                                <span>Museum Council<\/span>\n                            <\/a>\n                        <\/li><\/ul><\/div><\/section>\t\t<\/div>\n\t\t\t\t<\/div>\n\t\t\t\t\t<\/div>\n\t\t<\/div>\n\t\t\t\t\t<\/div>\n\t\t<\/section>\n\t\t\t\t<\/div>\n\t\t","protected":false},"excerpt":{"rendered":"<p>Authorities Rector Vice-Rector for Didactics Vice-Rector for science Vice-Rector for Development Vice-Rector for International Affairs Chancellor academic senate university board Rector&#8217;s Committees Senate committees university committees rector&#8217;s representatives Rector&#8217;s Committees Downloads Economic and Investment Committe Out-of-budget income Committee Tender Committee Social Affairs Committee Housing Committee Inventory Committee Equipment Valuations Committee Education Quality Committee University Development [&hellip;]<\/p>\n","protected":false},"author":1,"featured_media":0,"parent":16825,"menu_order":0,"comment_status":"closed","ping_status":"closed","template":"","meta":{"_acf_changed":false,"footnotes":""},"class_list":["post-14790","page","type-page","status-publish","hentry"],"acf":[],"_links":{"self":[{"href":"https:\/\/www.sggw.edu.pl\/en\/wp-json\/wp\/v2\/pages\/14790","targetHints":{"allow":["GET"]}}],"collection":[{"href":"https:\/\/www.sggw.edu.pl\/en\/wp-json\/wp\/v2\/pages"}],"about":[{"href":"https:\/\/www.sggw.edu.pl\/en\/wp-json\/wp\/v2\/types\/page"}],"author":[{"embeddable":true,"href":"https:\/\/www.sggw.edu.pl\/en\/wp-json\/wp\/v2\/users\/1"}],"replies":[{"embeddable":true,"href":"https:\/\/www.sggw.edu.pl\/en\/wp-json\/wp\/v2\/comments?post=14790"}],"version-history":[{"count":7,"href":"https:\/\/www.sggw.edu.pl\/en\/wp-json\/wp\/v2\/pages\/14790\/revisions"}],"predecessor-version":[{"id":92883,"href":"https:\/\/www.sggw.edu.pl\/en\/wp-json\/wp\/v2\/pages\/14790\/revisions\/92883"}],"up":[{"embeddable":true,"href":"https:\/\/www.sggw.edu.pl\/en\/wp-json\/wp\/v2\/pages\/16825"}],"wp:attachment":[{"href":"https:\/\/www.sggw.edu.pl\/en\/wp-json\/wp\/v2\/media?parent=14790"}],"curies":[{"name":"wp","href":"https:\/\/api.w.org\/{rel}","templated":true}]}}