{"id":14804,"date":"2021-01-26T13:47:13","date_gmt":"2021-01-26T12:47:13","guid":{"rendered":"https:\/\/www.sggw.edu.pl\/structure-of-the-university\/unit-finder\/list-of-faculties\/"},"modified":"2023-09-01T14:46:22","modified_gmt":"2023-09-01T12:46:22","slug":"list-of-faculties","status":"publish","type":"page","link":"https:\/\/www.sggw.edu.pl\/en\/university\/structure-of-the-university\/list-of-faculties\/","title":{"rendered":"List of Faculties"},"content":{"rendered":"\t\t<div data-elementor-type=\"wp-page\" data-elementor-id=\"14804\" class=\"elementor elementor-14804\" data-elementor-post-type=\"page\">\n\t\t\t\t\t\t<section class=\"elementor-section elementor-top-section elementor-element elementor-element-269bcfe8 elementor-section-boxed elementor-section-height-default elementor-section-height-default\" data-id=\"269bcfe8\" data-element_type=\"section\">\n\t\t\t\t\t\t<div class=\"elementor-container elementor-column-gap-default\">\n\t\t\t\t\t<div class=\"elementor-column elementor-col-100 elementor-top-column elementor-element elementor-element-5ebcce2a\" data-id=\"5ebcce2a\" data-element_type=\"column\">\n\t\t\t<div class=\"elementor-widget-wrap elementor-element-populated\">\n\t\t\t\t\t\t<div class=\"elementor-element elementor-element-15b4eedb elementor-widget elementor-widget-wp-widget-bcn_widget\" data-id=\"15b4eedb\" data-element_type=\"widget\" data-widget_type=\"wp-widget-bcn_widget.default\">\n\t\t\t\t<div class=\"elementor-widget-container\">\n\t\t\t<div class=\"mn-grid breadcrumb\">\n                                    <div class=\"breadcrumb-inner mn-grid-12\"><div class=\"breadcrumbs\" vocab=\"https:\/\/schema.org\/\" typeof=\"BreadcrumbList\"><span property=\"itemListElement\" typeof=\"ListItem\"><a property=\"item\" typeof=\"WebPage\" title=\"Go to Szko\u0142a G\u0142\u00f3wna Gospodarstwa Wiejskiego w Warszawie.\" href=\"https:\/\/www.sggw.edu.pl\/en\/\" class=\"home\" aria-current=\"page\"><span property=\"name\">Home<\/span><\/a><meta property=\"position\" content=\"1\"><\/span><\/div>    <\/div>\n                                <\/div>\t\t<\/div>\n\t\t\t\t<\/div>\n\t\t\t\t<div class=\"elementor-element elementor-element-41066359 elementor-widget elementor-widget-post-title\" data-id=\"41066359\" data-element_type=\"widget\" data-widget_type=\"post-title.default\">\n\t\t\t\t<div class=\"elementor-widget-container\">\n\t\t\t<section>\n                    <div class=\"mn-grid entry-header-inner section-inner medium\">\n                        <h1 class=\"mn-grid-12 entry-title\" style=\"\">\n                            List of Faculties\n                        <\/h1>\n                    <\/div>\n                <\/section>\t\t<\/div>\n\t\t\t\t<\/div>\n\t\t\t\t\t<\/div>\n\t\t<\/div>\n\t\t\t\t\t<\/div>\n\t\t<\/section>\n\t\t\t\t<section class=\"elementor-section elementor-top-section elementor-element elementor-element-267e97d elementor-section-boxed elementor-section-height-default elementor-section-height-default\" data-id=\"267e97d\" data-element_type=\"section\">\n\t\t\t\t\t\t<div class=\"elementor-container elementor-column-gap-default\">\n\t\t\t\t\t<div class=\"elementor-column elementor-col-100 elementor-top-column elementor-element elementor-element-0f156b3\" data-id=\"0f156b3\" data-element_type=\"column\">\n\t\t\t<div class=\"elementor-widget-wrap elementor-element-populated\">\n\t\t\t\t\t\t<div class=\"elementor-element elementor-element-e55231e elementor-widget elementor-widget-w33\" data-id=\"e55231e\" data-element_type=\"widget\" data-widget_type=\"w33.default\">\n\t\t\t\t<div class=\"elementor-widget-container\">\n\t\t\t<section>\n            <div class=\"mn-grid\">\n                <div class=\"mn-vertical-separator-x2\">\n                    \n                <\/div>\n            <\/section>\t\t<\/div>\n\t\t\t\t<\/div>\n\t\t\t\t<div class=\"elementor-element elementor-element-8beed34 elementor-widget elementor-widget-w9\" data-id=\"8beed34\" data-element_type=\"widget\" data-widget_type=\"w9.default\">\n\t\t\t\t<div class=\"elementor-widget-container\">\n\t\t\t<section><div class=\"mn-grid\"><ul class=\"mn-grid-12 mn-link-list-type1\"><li>\n                            <a href=\"https:\/\/wbib.sggw.edu.pl\/?lang=en\" >\n                                <span>FACULTY OF BIOLOGY AND BIOTECHNOLOGY<\/span>\n                            <\/a>\n                        <\/li><li>\n                            <a href=\"https:\/\/wrie.sggw.edu.pl\/en\/\" >\n                                <span>FACULTY OF AGRICULTURE AND ECOLOGY<\/span>\n                            <\/a>\n                        <\/li><li>\n                            <a href=\"https:\/\/wmw.sggw.edu.pl\/?lang=en\" >\n                                <span>FACULTY OF VETERINARY MEDICINE<\/span>\n                            <\/a>\n                        <\/li><li>\n                            <a href=\"https:\/\/wl.sggw.edu.pl\/?lang=en\" >\n                                <span>FACULTY OF FORESTRY<\/span>\n                            <\/a>\n                        <\/li><li>\n                            <a href=\"https:\/\/wo.sggw.edu.pl\/?lang=en\" >\n                                <span>FACULTY OF HORTICULTURE<\/span>\n                            <\/a>\n                        <\/li><li>\n                            <a href=\"https:\/\/wbis.sggw.edu.pl\/?lang=en\" >\n                                <span>FACULTY OF CIVIL AND ENVIRONMENTAL ENGINEERING<\/span>\n                            <\/a>\n                        <\/li><li>\n                            <a href=\"https:\/\/wtd.sggw.edu.pl\/?lang=en\" >\n                                <span>FACULTY OF WOOD TECHNOLOGY<\/span>\n                            <\/a>\n                        <\/li><li>\n                            <a href=\"https:\/\/whbioz.sggw.edu.pl\/\" >\n                                <span>FACULTY OF ANIMAL BREEDING, BIOENGINEERING AND CONSERVATION<\/span>\n                            <\/a>\n                        <\/li><li>\n                            <a href=\"https:\/\/wtz.sggw.edu.pl\/?lang=en\" >\n                                <span>FACULTY OF FOOD TECHNOLOGY<\/span>\n                            <\/a>\n                        <\/li><li>\n                            <a href=\"https:\/\/wzc.sggw.edu.pl\/?lang=en\" >\n                                <span>FACULTY OF HUMAN NUTRITION<\/span>\n                            <\/a>\n                        <\/li><li>\n                            <a href=\"https:\/\/wip.sggw.edu.pl\/?lang=en\" >\n                                <span>FACULTY OF PRODUCTION ENGINEERING<\/span>\n                            <\/a>\n                        <\/li><li>\n                            <a href=\"https:\/\/we.sggw.edu.pl\/?lang=en\" >\n                                <span>FACULTY OF ECONOMICS<\/span>\n                            <\/a>\n                        <\/li><li>\n                            <a href=\"https:\/\/wsip.sggw.pl\/\" >\n                                <span>FACULTY OF SOCIOLOGY AND PEDAGOGY<\/span>\n                            <\/a>\n                        <\/li><li>\n                            <a href=\"https:\/\/wzim.sggw.edu.pl\/?lang=en\" >\n                                <span>FACULTY OF APPLIED INFORMATICS AND MATHEMATICS<\/span>\n                            <\/a>\n                        <\/li><\/ul><\/div><\/section>\t\t<\/div>\n\t\t\t\t<\/div>\n\t\t\t\t\t<\/div>\n\t\t<\/div>\n\t\t\t\t\t<\/div>\n\t\t<\/section>\n\t\t\t\t<\/div>\n\t\t","protected":false},"excerpt":{"rendered":"<p>List of Faculties FACULTY OF BIOLOGY AND BIOTECHNOLOGY FACULTY OF AGRICULTURE AND ECOLOGY FACULTY OF VETERINARY MEDICINE FACULTY OF FORESTRY FACULTY OF HORTICULTURE FACULTY OF CIVIL AND ENVIRONMENTAL ENGINEERING FACULTY OF WOOD TECHNOLOGY FACULTY OF ANIMAL BREEDING, BIOENGINEERING AND CONSERVATION FACULTY OF FOOD TECHNOLOGY FACULTY OF HUMAN NUTRITION FACULTY OF PRODUCTION ENGINEERING FACULTY OF ECONOMICS [&hellip;]<\/p>\n","protected":false},"author":1,"featured_media":0,"parent":13177,"menu_order":0,"comment_status":"closed","ping_status":"closed","template":"","meta":{"_acf_changed":false,"footnotes":""},"class_list":["post-14804","page","type-page","status-publish","hentry"],"acf":[],"_links":{"self":[{"href":"https:\/\/www.sggw.edu.pl\/en\/wp-json\/wp\/v2\/pages\/14804","targetHints":{"allow":["GET"]}}],"collection":[{"href":"https:\/\/www.sggw.edu.pl\/en\/wp-json\/wp\/v2\/pages"}],"about":[{"href":"https:\/\/www.sggw.edu.pl\/en\/wp-json\/wp\/v2\/types\/page"}],"author":[{"embeddable":true,"href":"https:\/\/www.sggw.edu.pl\/en\/wp-json\/wp\/v2\/users\/1"}],"replies":[{"embeddable":true,"href":"https:\/\/www.sggw.edu.pl\/en\/wp-json\/wp\/v2\/comments?post=14804"}],"version-history":[{"count":49,"href":"https:\/\/www.sggw.edu.pl\/en\/wp-json\/wp\/v2\/pages\/14804\/revisions"}],"predecessor-version":[{"id":168713,"href":"https:\/\/www.sggw.edu.pl\/en\/wp-json\/wp\/v2\/pages\/14804\/revisions\/168713"}],"up":[{"embeddable":true,"href":"https:\/\/www.sggw.edu.pl\/en\/wp-json\/wp\/v2\/pages\/13177"}],"wp:attachment":[{"href":"https:\/\/www.sggw.edu.pl\/en\/wp-json\/wp\/v2\/media?parent=14804"}],"curies":[{"name":"wp","href":"https:\/\/api.w.org\/{rel}","templated":true}]}}