{"id":14848,"date":"2021-01-26T13:49:14","date_gmt":"2021-01-26T12:49:14","guid":{"rendered":"https:\/\/www.sggw.edu.pl\/structure-of-the-university\/unit-finder\/list-of-service-units\/"},"modified":"2024-03-19T10:32:00","modified_gmt":"2024-03-19T09:32:00","slug":"list-of-service-units","status":"publish","type":"page","link":"https:\/\/www.sggw.edu.pl\/en\/list-of-service-units\/","title":{"rendered":"List of service units"},"content":{"rendered":"\t\t<div data-elementor-type=\"wp-page\" data-elementor-id=\"14848\" class=\"elementor elementor-14848\" data-elementor-post-type=\"page\">\n\t\t\t\t\t\t<section class=\"elementor-section elementor-top-section elementor-element elementor-element-241b7890 elementor-section-boxed elementor-section-height-default elementor-section-height-default\" data-id=\"241b7890\" data-element_type=\"section\">\n\t\t\t\t\t\t<div class=\"elementor-container elementor-column-gap-default\">\n\t\t\t\t\t<div class=\"elementor-column elementor-col-100 elementor-top-column elementor-element elementor-element-29ec4c03\" data-id=\"29ec4c03\" data-element_type=\"column\">\n\t\t\t<div class=\"elementor-widget-wrap elementor-element-populated\">\n\t\t\t\t\t\t<div class=\"elementor-element elementor-element-7f9087ee elementor-widget elementor-widget-wp-widget-bcn_widget\" data-id=\"7f9087ee\" data-element_type=\"widget\" data-widget_type=\"wp-widget-bcn_widget.default\">\n\t\t\t\t<div class=\"elementor-widget-container\">\n\t\t\t<div class=\"mn-grid breadcrumb\">\n                                    <div class=\"breadcrumb-inner mn-grid-12\"><div class=\"breadcrumbs\" vocab=\"https:\/\/schema.org\/\" typeof=\"BreadcrumbList\"><span property=\"itemListElement\" typeof=\"ListItem\"><a property=\"item\" typeof=\"WebPage\" title=\"Go to Szko\u0142a G\u0142\u00f3wna Gospodarstwa Wiejskiego w Warszawie.\" href=\"https:\/\/www.sggw.edu.pl\/en\/\" class=\"home\" aria-current=\"page\"><span property=\"name\">Home<\/span><\/a><meta property=\"position\" content=\"1\"><\/span><\/div>    <\/div>\n                                <\/div>\t\t<\/div>\n\t\t\t\t<\/div>\n\t\t\t\t<div class=\"elementor-element elementor-element-2b9326d3 elementor-widget elementor-widget-post-title\" data-id=\"2b9326d3\" data-element_type=\"widget\" data-widget_type=\"post-title.default\">\n\t\t\t\t<div class=\"elementor-widget-container\">\n\t\t\t<section>\n                    <div class=\"mn-grid entry-header-inner section-inner medium\">\n                        <h1 class=\"mn-grid-12 entry-title\" style=\"\">\n                            List of service units\n                        <\/h1>\n                    <\/div>\n                <\/section>\t\t<\/div>\n\t\t\t\t<\/div>\n\t\t\t\t\t<\/div>\n\t\t<\/div>\n\t\t\t\t\t<\/div>\n\t\t<\/section>\n\t\t\t\t<section class=\"elementor-section elementor-top-section elementor-element elementor-element-436ad23 elementor-section-boxed elementor-section-height-default elementor-section-height-default\" data-id=\"436ad23\" data-element_type=\"section\">\n\t\t\t\t\t\t<div class=\"elementor-container elementor-column-gap-default\">\n\t\t\t\t\t<div class=\"elementor-column elementor-col-100 elementor-top-column elementor-element elementor-element-9660ad8\" data-id=\"9660ad8\" data-element_type=\"column\">\n\t\t\t<div class=\"elementor-widget-wrap elementor-element-populated\">\n\t\t\t\t\t\t<div class=\"elementor-element elementor-element-34f685c elementor-widget elementor-widget-w11\" data-id=\"34f685c\" data-element_type=\"widget\" data-widget_type=\"w11.default\">\n\t\t\t\t<div class=\"elementor-widget-container\">\n\t\t\t<section><div class=\"mn-grid\"><ul class=\"mn-grid-12 mn-mod-links-text-3\"><li>\n                            <a href=\"http:\/\/cepl.sggw.pl\/\" >\n                                <span>Nature and Forest Education Center<\/span>\n                            <\/a>\n                        <\/li><li>\n                            <a href=\"http:\/\/cepl.sggw.pl\/muzeum\/index.htm\" >\n                                <span>Museum of Forest and Wood<\/span>\n                            <\/a>\n                        <\/li><li>\n                            <a href=\"http:\/\/arboretum.sggw.pl\/\" >\n                                <span>Arboretum with alpine garden<\/span>\n                            <\/a>\n                        <\/li><li>\n                            <a href=\"http:\/\/akademiagastronomiczna.sggw.pl\/\" >\n                                <span>Gastronomy Academy<\/span>\n                            <\/a>\n                        <\/li><li>\n                            <a href=\"http:\/\/www.centrum.analityczne.sggw.pl\/\" >\n                                <span>SGGW Analytical Center<\/span>\n                            <\/a>\n                        <\/li><li>\n                            <a href=\"\" class=\"mn-pointer-event-off\">\n                                <span>Center for Multimedia Education<\/span>\n                            <\/a>\n                        <\/li><li>\n                            <a href=\"https:\/\/www.sggw.edu.pl\/en\/it-center\/\" >\n                                <span>IT Center<\/span>\n                            <\/a>\n                        <\/li><li>\n                            <a href=\"http:\/\/cobis.sggw.pl\/\" >\n                                <span>Center for Innovation and Technology<\/span>\n                            <\/a>\n                        <\/li><li>\n                            <a href=\"http:\/\/ikar.sggw.pl\/\" >\n                                <span>IKAR Guest House<\/span>\n                            <\/a>\n                        <\/li><li>\n                            <a href=\"http:\/\/www.klinikakoni.sggw.pl\/\" >\n                                <span>Equine Disease Clinic<\/span>\n                            <\/a>\n                        <\/li><li>\n                            <a href=\"http:\/\/www.klinikawet.sggw.pl\/\" >\n                                <span>Small Animal Clinic<\/span>\n                            <\/a>\n                        <\/li><li>\n                            <a href=\"\" class=\"mn-pointer-event-off\">\n                                <span>Laboratories Overview<\/span>\n                            <\/a>\n                        <\/li><li>\n                            <a href=\"http:\/\/wnzck.sggw.pl\/dzialalnosc-uslugowa\/laboratorium-oceny-zywnosci-i-diagnostyki-zdrowotnej\/\" >\n                                <span>Food Assessment Laboratory<\/span>\n                            <\/a>\n                        <\/li><li>\n                            <a href=\"https:\/\/www.sggw.pl\/uczelnia\/struktura-administracyjna\/jednostki-uslugowe\/niepubliczny-zaklad-opieki-zdrowotnej\" >\n                                <span>Private Health Care Facility<\/span>\n                            <\/a>\n                        <\/li><li>\n                            <a href=\"http:\/\/przedszkole.sggw.pl\/\" >\n                                <span>Non-public Kindergarten of SGGW<\/span>\n                            <\/a>\n                        <\/li><li>\n                            <a href=\"http:\/\/obiektysportowe.sggw.pl\/\" >\n                                <span>Sports facilities<\/span>\n                            <\/a>\n                        <\/li><li>\n                            <a href=\"http:\/\/www.marymont-sggw.pl\/\" >\n                                <span>Training and Recreation Center \"Marymont\" in Kiry<\/span>\n                            <\/a>\n                        <\/li><li>\n                            <a href=\"https:\/\/www.sggw.pl\/uczelnia\/struktura-administracyjna\/jednostki-uslugowe\/osrodek-szkoleniowo-wypoczynkowy-w-kociszewie\" >\n                                <span>Training and Recreation Centre in Kociszew<\/span>\n                            <\/a>\n                        <\/li><li>\n                            <a href=\"http:\/\/poradnia_dietetyczna.sggw.pl\/\" >\n                                <span>Dietary Clinic<\/span>\n                            <\/a>\n                        <\/li><li>\n                            <a href=\"http:\/\/wip.sggw.pl\/pl\/2346\" >\n                                <span>Vehicle Inspection Station<\/span>\n                            <\/a>\n                        <\/li><li>\n                            <a href=\"https:\/\/www.wydawnictwosggw.pl\/\" >\n                                <span>SGGW Publishing House<\/span>\n                            <\/a>\n                        <\/li><li>\n                            <a href=\"https:\/\/www.sggw.pl\/uczelnia\/struktura-administracyjna\/jednostki-uslugowe\/wynajem-pomieszczen\" >\n                                <span>Rental of premises<\/span>\n                            <\/a>\n                        <\/li><\/ul><\/div><\/section>\t\t<\/div>\n\t\t\t\t<\/div>\n\t\t\t\t<div class=\"elementor-element elementor-element-e20fc2d elementor-widget elementor-widget-w33\" data-id=\"e20fc2d\" data-element_type=\"widget\" data-widget_type=\"w33.default\">\n\t\t\t\t<div class=\"elementor-widget-container\">\n\t\t\t<section>\n            <div class=\"mn-grid\">\n                <div class=\"mn-vertical-separator-x2\">\n                    \n                <\/div>\n            <\/section>\t\t<\/div>\n\t\t\t\t<\/div>\n\t\t\t\t\t<\/div>\n\t\t<\/div>\n\t\t\t\t\t<\/div>\n\t\t<\/section>\n\t\t\t\t<section class=\"elementor-section elementor-top-section elementor-element elementor-element-5f0f16c elementor-section-boxed elementor-section-height-default elementor-section-height-default\" data-id=\"5f0f16c\" data-element_type=\"section\">\n\t\t\t\t\t\t<div class=\"elementor-container elementor-column-gap-default\">\n\t\t\t\t\t<div class=\"elementor-column elementor-col-100 elementor-top-column elementor-element elementor-element-185938f\" data-id=\"185938f\" data-element_type=\"column\">\n\t\t\t<div class=\"elementor-widget-wrap elementor-element-populated\">\n\t\t\t\t\t\t<section class=\"elementor-section elementor-inner-section elementor-element elementor-element-7a9a027 elementor-section-boxed elementor-section-height-default elementor-section-height-default\" data-id=\"7a9a027\" data-element_type=\"section\">\n\t\t\t\t\t\t<div class=\"elementor-container elementor-column-gap-default\">\n\t\t\t\t\t<div class=\"elementor-column elementor-col-50 elementor-inner-column elementor-element elementor-element-12c502e\" data-id=\"12c502e\" data-element_type=\"column\">\n\t\t\t<div class=\"elementor-widget-wrap elementor-element-populated\">\n\t\t\t\t\t\t<div class=\"elementor-element elementor-element-5d59755 elementor-widget elementor-widget-w12\" data-id=\"5d59755\" data-element_type=\"widget\" data-widget_type=\"w12.default\">\n\t\t\t\t<div class=\"elementor-widget-container\">\n\t\t\t<section>\n                <div class=\"mn-grid\">\n                    <div class=\"mn-grid-12 mn-mod-text-links\">\n                        <p>SGGW is a university open to the needs of Warsaw and Poland. Service and consultancy activities are carried out in all departments, as well as in university-wide units. The University has the opportunity to carry out commissioned research work both in laboratories (Projects for business \u2013 laboratories, Laboratory for Food Evaluation and Health Diagnostics) and greenhouses, as well as agricultural and forestry experimental plants.<\/p><p><strong>The SGGW offer addressed to entrepreneurs<\/strong> (mainly from the agri-food sector) is available on the <a href=\"http:\/\/projektdlabiznesu.sggw.pl\/\">projektdlabiznesu.sggw.pl.<\/a> Our <a href=\"http:\/\/obiektysportowe.sggw.pl\/\">sports facilities<\/a> are available for residents of Warsaw and the surrounding area, and for tourists<strong>.<\/strong><\/p><p>We have several areas such as swimming pools, tennis courts, sports fields, and horse riding. Our veterinary clinics &#8211; <a href=\"http:\/\/www.klinikawet.sggw.pl\/\">The Small Animal Clinic<\/a> and <strong><a href=\"http:\/\/www.klinikawet.sggw.pl\/\">the Horse Clinic &#8211; <\/a><\/strong>are also open to the public.<\/p>\n                    <\/div>\n                <\/div>\n            <\/section>\t\t<\/div>\n\t\t\t\t<\/div>\n\t\t\t\t\t<\/div>\n\t\t<\/div>\n\t\t\t\t<div class=\"elementor-column elementor-col-50 elementor-inner-column elementor-element elementor-element-74affe3\" data-id=\"74affe3\" data-element_type=\"column\">\n\t\t\t<div class=\"elementor-widget-wrap elementor-element-populated\">\n\t\t\t\t\t\t<div class=\"elementor-element elementor-element-e8aee86 elementor-widget elementor-widget-w25\" data-id=\"e8aee86\" data-element_type=\"widget\" data-widget_type=\"w25.default\">\n\t\t\t\t<div class=\"elementor-widget-container\">\n\t\t\t<section>\n                <div class=\"mn-grid\">\n                    <div class=\"mn-grid-12 mn-mod-img-full-width\">\n                        <img fetchpriority=\"high\" decoding=\"async\" width=\"690\" height=\"400\" src=\"https:\/\/www.sggw.edu.pl\/wp-content\/uploads\/2020\/10\/slajd-2_szklarnia.jpg\" class=\"attachment-961x564 size-961x564\" alt=\"\" srcset=\"https:\/\/www.sggw.edu.pl\/wp-content\/uploads\/2020\/10\/slajd-2_szklarnia.jpg 690w, https:\/\/www.sggw.edu.pl\/wp-content\/uploads\/2020\/10\/slajd-2_szklarnia-300x174.jpg 300w\" sizes=\"(max-width: 690px) 100vw, 690px\" \/>  <\/div>\n                <\/div>\n                <\/section>\t\t<\/div>\n\t\t\t\t<\/div>\n\t\t\t\t\t<\/div>\n\t\t<\/div>\n\t\t\t\t\t<\/div>\n\t\t<\/section>\n\t\t\t\t\t<\/div>\n\t\t<\/div>\n\t\t\t\t\t<\/div>\n\t\t<\/section>\n\t\t\t\t<section class=\"elementor-section elementor-top-section elementor-element elementor-element-8f4ece2 elementor-section-boxed elementor-section-height-default elementor-section-height-default\" data-id=\"8f4ece2\" data-element_type=\"section\">\n\t\t\t\t\t\t<div class=\"elementor-container elementor-column-gap-default\">\n\t\t\t\t\t<div class=\"elementor-column elementor-col-100 elementor-top-column elementor-element elementor-element-dba9555\" data-id=\"dba9555\" data-element_type=\"column\">\n\t\t\t<div class=\"elementor-widget-wrap elementor-element-populated\">\n\t\t\t\t\t\t<div class=\"elementor-element elementor-element-c5c7553 elementor-widget elementor-widget-w12\" data-id=\"c5c7553\" data-element_type=\"widget\" data-widget_type=\"w12.default\">\n\t\t\t\t<div class=\"elementor-widget-container\">\n\t\t\t<section>\n                <div class=\"mn-grid\">\n                    <div class=\"mn-grid-12 mn-mod-text-links\">\n                        <p>It is also possible to rent rooms for conferences and symposia, etc. with catering facilities, which can serve up to several thousand meals a day. We also rent rooms in hotel Ikar, and during the holiday season \u2013 also in student houses.<\/p><p>We also invite you to the <strong><a href=\"http:\/\/wip.sggw.pl\/2346\">Vehicle Inspection Station<\/a>,<\/strong> located on the premises of the <strong><a href=\"http:\/\/wip.sggw.pl\/\">Faculty of Production Engineering<\/a><br \/><\/strong> in building 20, at ul. Nowoursynowska 166.<\/p><p>We also have a training and conference team of <strong><a href=\"http:\/\/cepl.sggw.pl\/\">the Center for Natural and Forestry Education <\/a><\/strong>in Rog\u00f3w near \u0141\u00f3d\u017a. Additional attractions include the Forest and <strong><a href=\"http:\/\/cepl.sggw.pl\/muzeum\/index.htm\">Wood Museum <\/a><\/strong>with a collection of animals, mainly birds and xylote, and the <strong><a href=\"http:\/\/arboretum.sggw.pl\/\">Arboretum with Alpinarium,<\/a><br \/><\/strong>one of the most interesting dendrological collections in Poland, with about 2,500 species of trees and shrubs.<\/p><p><a href=\"https:\/\/www.sggw.pl\/uczelnia\/struktura-administracyjna\/jednostki-uslugowe\/niepubliczny-zaklad-opieki-zdrowotnej\">Private Health Care Department at the Warsaw University of Life Sciences<\/a>.<\/p>\n                    <\/div>\n                <\/div>\n            <\/section>\t\t<\/div>\n\t\t\t\t<\/div>\n\t\t\t\t\t<\/div>\n\t\t<\/div>\n\t\t\t\t\t<\/div>\n\t\t<\/section>\n\t\t\t\t<\/div>\n\t\t","protected":false},"excerpt":{"rendered":"<p>List of service units Nature and Forest Education Center Museum of Forest and Wood Arboretum with alpine garden Gastronomy Academy SGGW Analytical Center Center for Multimedia Education IT Center Center for Innovation and Technology IKAR Guest House Equine Disease Clinic Small Animal Clinic Laboratories Overview Food Assessment Laboratory Private Health Care Facility Non-public Kindergarten of [&hellip;]<\/p>\n","protected":false},"author":1,"featured_media":0,"parent":0,"menu_order":0,"comment_status":"closed","ping_status":"closed","template":"","meta":{"_acf_changed":false,"footnotes":""},"class_list":["post-14848","page","type-page","status-publish","hentry"],"acf":[],"_links":{"self":[{"href":"https:\/\/www.sggw.edu.pl\/en\/wp-json\/wp\/v2\/pages\/14848","targetHints":{"allow":["GET"]}}],"collection":[{"href":"https:\/\/www.sggw.edu.pl\/en\/wp-json\/wp\/v2\/pages"}],"about":[{"href":"https:\/\/www.sggw.edu.pl\/en\/wp-json\/wp\/v2\/types\/page"}],"author":[{"embeddable":true,"href":"https:\/\/www.sggw.edu.pl\/en\/wp-json\/wp\/v2\/users\/1"}],"replies":[{"embeddable":true,"href":"https:\/\/www.sggw.edu.pl\/en\/wp-json\/wp\/v2\/comments?post=14848"}],"version-history":[{"count":14,"href":"https:\/\/www.sggw.edu.pl\/en\/wp-json\/wp\/v2\/pages\/14848\/revisions"}],"predecessor-version":[{"id":193840,"href":"https:\/\/www.sggw.edu.pl\/en\/wp-json\/wp\/v2\/pages\/14848\/revisions\/193840"}],"wp:attachment":[{"href":"https:\/\/www.sggw.edu.pl\/en\/wp-json\/wp\/v2\/media?parent=14848"}],"curies":[{"name":"wp","href":"https:\/\/api.w.org\/{rel}","templated":true}]}}