{"id":14900,"date":"2021-01-26T13:50:33","date_gmt":"2021-01-26T12:50:33","guid":{"rendered":"https:\/\/www.sggw.edu.pl\/doctoral-school\/"},"modified":"2026-04-07T11:12:54","modified_gmt":"2026-04-07T09:12:54","slug":"doctoral-school","status":"publish","type":"page","link":"https:\/\/www.sggw.edu.pl\/en\/science\/doctoral-school\/","title":{"rendered":"Doctoral School"},"content":{"rendered":"\t\t<div data-elementor-type=\"wp-page\" data-elementor-id=\"14900\" class=\"elementor elementor-14900\" data-elementor-post-type=\"page\">\n\t\t\t\t\t\t<section class=\"elementor-section elementor-top-section elementor-element elementor-element-7f2ebf4 elementor-section-boxed elementor-section-height-default elementor-section-height-default\" data-id=\"7f2ebf4\" data-element_type=\"section\">\n\t\t\t\t\t\t<div class=\"elementor-container elementor-column-gap-default\">\n\t\t\t\t\t<div class=\"elementor-column elementor-col-100 elementor-top-column elementor-element elementor-element-b4e823e\" data-id=\"b4e823e\" data-element_type=\"column\">\n\t\t\t<div class=\"elementor-widget-wrap\">\n\t\t\t\t\t\t\t<\/div>\n\t\t<\/div>\n\t\t\t\t\t<\/div>\n\t\t<\/section>\n\t\t\t\t<section class=\"elementor-section elementor-top-section elementor-element elementor-element-935e186 elementor-section-boxed elementor-section-height-default elementor-section-height-default\" data-id=\"935e186\" data-element_type=\"section\">\n\t\t\t\t\t\t<div class=\"elementor-container elementor-column-gap-default\">\n\t\t\t\t\t<div class=\"elementor-column elementor-col-100 elementor-top-column elementor-element elementor-element-45ed1a1\" data-id=\"45ed1a1\" data-element_type=\"column\">\n\t\t\t<div class=\"elementor-widget-wrap elementor-element-populated\">\n\t\t\t\t\t\t<div class=\"elementor-element elementor-element-3e16e43e elementor-widget elementor-widget-wp-widget-bcn_widget\" data-id=\"3e16e43e\" data-element_type=\"widget\" data-widget_type=\"wp-widget-bcn_widget.default\">\n\t\t\t\t<div class=\"elementor-widget-container\">\n\t\t\t<div class=\"mn-grid breadcrumb\">\n                                    <div class=\"breadcrumb-inner mn-grid-12\"><div class=\"breadcrumbs\" vocab=\"https:\/\/schema.org\/\" typeof=\"BreadcrumbList\"><span property=\"itemListElement\" typeof=\"ListItem\"><a property=\"item\" typeof=\"WebPage\" title=\"Go to Szko\u0142a G\u0142\u00f3wna Gospodarstwa Wiejskiego w Warszawie.\" href=\"https:\/\/www.sggw.edu.pl\/en\/\" class=\"home\" aria-current=\"page\"><span property=\"name\">Home<\/span><\/a><meta property=\"position\" content=\"1\"><\/span><\/div>    <\/div>\n                                <\/div>\t\t<\/div>\n\t\t\t\t<\/div>\n\t\t\t\t<div class=\"elementor-element elementor-element-19729b56 elementor-widget elementor-widget-post-title\" data-id=\"19729b56\" data-element_type=\"widget\" data-widget_type=\"post-title.default\">\n\t\t\t\t<div class=\"elementor-widget-container\">\n\t\t\t<section>\n                    <div class=\"mn-grid entry-header-inner section-inner medium\">\n                        <h1 class=\"mn-grid-12 entry-title\" style=\"\">\n                            Doctoral School\n                        <\/h1>\n                    <\/div>\n                <\/section>\t\t<\/div>\n\t\t\t\t<\/div>\n\t\t\t\t<div class=\"elementor-element elementor-element-ca7d0d6 elementor--h-position-center elementor--v-position-middle elementor-arrows-position-inside elementor-pagination-position-inside elementor-widget elementor-widget-slides\" data-id=\"ca7d0d6\" data-element_type=\"widget\" data-settings=\"{&quot;navigation&quot;:&quot;both&quot;,&quot;autoplay&quot;:&quot;yes&quot;,&quot;pause_on_hover&quot;:&quot;yes&quot;,&quot;pause_on_interaction&quot;:&quot;yes&quot;,&quot;autoplay_speed&quot;:5000,&quot;infinite&quot;:&quot;yes&quot;,&quot;transition&quot;:&quot;slide&quot;,&quot;transition_speed&quot;:500}\" data-widget_type=\"slides.default\">\n\t\t\t\t<div class=\"elementor-widget-container\">\n\t\t\t\t\t<div class=\"elementor-swiper\">\n\t\t\t<div class=\"elementor-slides-wrapper elementor-main-swiper swiper\" dir=\"ltr\" data-animation=\"fadeInUp\">\n\t\t\t\t<div class=\"swiper-wrapper elementor-slides\">\n\t\t\t\t\t\t\t\t\t\t<div class=\"elementor-repeater-item-d11862b swiper-slide\"><div class=\"swiper-slide-bg\" role=\"img\"><\/div><div class=\"swiper-slide-inner\" ><div class=\"swiper-slide-contents\"><\/div><\/div><\/div><div class=\"elementor-repeater-item-42c6736 swiper-slide\"><div class=\"swiper-slide-bg\" role=\"img\"><\/div><div class=\"swiper-slide-inner\" ><div class=\"swiper-slide-contents\"><\/div><\/div><\/div><div class=\"elementor-repeater-item-b17a50c swiper-slide\"><div class=\"swiper-slide-bg\" role=\"img\"><\/div><div class=\"swiper-slide-inner\" ><div class=\"swiper-slide-contents\"><\/div><\/div><\/div><div class=\"elementor-repeater-item-540ff05 swiper-slide\"><div class=\"swiper-slide-bg\" role=\"img\"><\/div><div class=\"swiper-slide-inner\" ><div class=\"swiper-slide-contents\"><\/div><\/div><\/div><div class=\"elementor-repeater-item-4a2093e swiper-slide\"><div class=\"swiper-slide-bg\" role=\"img\"><\/div><div class=\"swiper-slide-inner\" ><div class=\"swiper-slide-contents\"><\/div><\/div><\/div><div class=\"elementor-repeater-item-bbe6040 swiper-slide\"><div class=\"swiper-slide-bg\" role=\"img\"><\/div><div class=\"swiper-slide-inner\" ><div class=\"swiper-slide-contents\"><\/div><\/div><\/div><div class=\"elementor-repeater-item-bf5a536 swiper-slide\"><div class=\"swiper-slide-bg\" role=\"img\"><\/div><div class=\"swiper-slide-inner\" ><div class=\"swiper-slide-contents\"><\/div><\/div><\/div><div class=\"elementor-repeater-item-a5e3c7d swiper-slide\"><div class=\"swiper-slide-bg\" role=\"img\"><\/div><div class=\"swiper-slide-inner\" ><div class=\"swiper-slide-contents\"><\/div><\/div><\/div><div class=\"elementor-repeater-item-adb0d20 swiper-slide\"><div class=\"swiper-slide-bg\" role=\"img\"><\/div><div class=\"swiper-slide-inner\" ><div class=\"swiper-slide-contents\"><\/div><\/div><\/div><div class=\"elementor-repeater-item-a9fce45 swiper-slide\"><div class=\"swiper-slide-bg\" role=\"img\"><\/div><div class=\"swiper-slide-inner\" ><div class=\"swiper-slide-contents\"><\/div><\/div><\/div>\t\t\t\t<\/div>\n\t\t\t\t\t\t\t\t\t\t\t\t\t\t\t<div class=\"swiper-pagination\"><\/div>\n\t\t\t\t\t\t\t\t\t\t\t\t\t\t\t\t<div class=\"elementor-swiper-button elementor-swiper-button-prev\" role=\"button\" tabindex=\"0\">\n\t\t\t\t\t\t\t<i aria-hidden=\"true\" class=\"eicon-chevron-left\"><\/i>\t\t\t\t\t\t\t<span class=\"elementor-screen-only\">Previous slide<\/span>\n\t\t\t\t\t\t<\/div>\n\t\t\t\t\t\t<div class=\"elementor-swiper-button elementor-swiper-button-next\" role=\"button\" tabindex=\"0\">\n\t\t\t\t\t\t\t<i aria-hidden=\"true\" class=\"eicon-chevron-right\"><\/i>\t\t\t\t\t\t\t<span class=\"elementor-screen-only\">Next slide<\/span>\n\t\t\t\t\t\t<\/div>\n\t\t\t\t\t\t\t\t\t\t\t\t<\/div>\n\t\t<\/div>\n\t\t\t\t<\/div>\n\t\t\t\t<\/div>\n\t\t\t\t\t<\/div>\n\t\t<\/div>\n\t\t\t\t\t<\/div>\n\t\t<\/section>\n\t\t\t\t<section class=\"elementor-section elementor-top-section elementor-element elementor-element-c1adb12 elementor-section-boxed elementor-section-height-default elementor-section-height-default\" data-id=\"c1adb12\" data-element_type=\"section\">\n\t\t\t\t\t\t<div class=\"elementor-container elementor-column-gap-default\">\n\t\t\t\t\t<div class=\"elementor-column elementor-col-100 elementor-top-column elementor-element elementor-element-cf8770c\" data-id=\"cf8770c\" data-element_type=\"column\">\n\t\t\t<div class=\"elementor-widget-wrap elementor-element-populated\">\n\t\t\t\t\t\t<div class=\"elementor-element elementor-element-3bfc36f elementor-widget elementor-widget-w7\" data-id=\"3bfc36f\" data-element_type=\"widget\" data-widget_type=\"w7.default\">\n\t\t\t\t<div class=\"elementor-widget-container\">\n\t\t\t<section>\n                <div class=\"mn-grid\">\n                    <div class=\"mn-grid-12 mn-horizontal-separator-grey\"><\/div>\n                <\/div>\n                <\/section>\t\t<\/div>\n\t\t\t\t<\/div>\n\t\t\t\t<div class=\"elementor-element elementor-element-9fda546 elementor-widget elementor-widget-w11\" data-id=\"9fda546\" data-element_type=\"widget\" data-widget_type=\"w11.default\">\n\t\t\t\t<div class=\"elementor-widget-container\">\n\t\t\t<section><div class=\"mn-grid\"><ul class=\"mn-grid-12 mn-mod-links-text-3\"><li>\n                            <a href=\"https:\/\/www.sggw.edu.pl\/en\/category\/doctoral-school-news\/\" >\n                                <span>News<\/span>\n                            <\/a>\n                        <\/li><li>\n                            <a href=\"https:\/\/www.sggw.edu.pl\/en\/recruitment\/recruitment-doctoral-school\/\" >\n                                <span>Recruitment<\/span>\n                            <\/a>\n                        <\/li><li>\n                            <a href=\"https:\/\/www.sggw.edu.pl\/en\/science\/doctoral-school\/laws\/\" >\n                                <span>LAWS<\/span>\n                            <\/a>\n                        <\/li><li>\n                            <a href=\"https:\/\/www.sggw.edu.pl\/en\/science\/doctoral-school\/mid-term-evaluation\/\" >\n                                <span>Mid-term evaluation<\/span>\n                            <\/a>\n                        <\/li><li>\n                            <a href=\"https:\/\/www.sggw.edu.pl\/en\/four-elements-contemporary-problems-in-life-sciences-2\/\" >\n                                <span>Conference 4 elements<\/span>\n                            <\/a>\n                        <\/li><li>\n                            <a href=\"https:\/\/www.sggw.edu.pl\/en\/science\/doctoral-school\/education\/\" >\n                                <span>Education<\/span>\n                            <\/a>\n                        <\/li><li>\n                            <a href=\"https:\/\/www.sggw.edu.pl\/en\/science\/doctoral-school\/plany-zajec-w-szkole-doktorskiej-sggw\/\" >\n                                <span>Class schedules<\/span>\n                            <\/a>\n                        <\/li><li>\n                            <a href=\"https:\/\/www.sggw.edu.pl\/en\/science\/doctoral-school\/druki-do-pobrania\/\" >\n                                <span>Documents to download<\/span>\n                            <\/a>\n                        <\/li><li>\n                            <a href=\"https:\/\/www.sggw.edu.pl\/en\/science\/doctoral-school\/doktoranci\/\" >\n                                <span>PhD students information<\/span>\n                            <\/a>\n                        <\/li><li>\n                            <a href=\"https:\/\/www.sggw.edu.pl\/en\/science\/doctoral-school\/supervisors-information\/\" >\n                                <span>Supervisors information<\/span>\n                            <\/a>\n                        <\/li><li>\n                            <a href=\"https:\/\/www.sggw.edu.pl\/en\/science\/doctoral-school\/contact\/\" >\n                                <span>CONTACT<\/span>\n                            <\/a>\n                        <\/li><li>\n                            <a href=\"\" class=\"mn-pointer-event-off\">\n                                <span>FAQ<\/span>\n                            <\/a>\n                        <\/li><li>\n                            <a href=\"https:\/\/www.sggw.edu.pl\/en\/science\/doctoral-school\/archival-matters\/\" >\n                                <span>Archival matters<\/span>\n                            <\/a>\n                        <\/li><\/ul><\/div><\/section>\t\t<\/div>\n\t\t\t\t<\/div>\n\t\t\t\t<div class=\"elementor-element elementor-element-189a028 elementor-widget elementor-widget-w7\" data-id=\"189a028\" data-element_type=\"widget\" data-widget_type=\"w7.default\">\n\t\t\t\t<div class=\"elementor-widget-container\">\n\t\t\t<section>\n                <div class=\"mn-grid\">\n                    <div class=\"mn-grid-12 mn-horizontal-separator-grey\"><\/div>\n                <\/div>\n                <\/section>\t\t<\/div>\n\t\t\t\t<\/div>\n\t\t\t\t<div class=\"elementor-element elementor-element-71a0a27 elementor-widget elementor-widget-W14\" data-id=\"71a0a27\" data-element_type=\"widget\" data-widget_type=\"W14.default\">\n\t\t\t\t<div class=\"elementor-widget-container\">\n\t\t\t <section>\n                        <div class=\"mn-grid mn-mod-achievements\"><div class=\"mn-mod-achievement mn-grid-4\">\n                            <a href=\"\" class=\"mn-pointer-event-off\">\n                                <div class=\"mn-mod-achievement-img\">\n                                <img decoding=\"async\" src=\"https:\/\/www.sggw.edu.pl\/wp-content\/plugins\/elementor-sggw\/assets\/images\/icons\/ikonka-medal.svg\" alt=\"\" \/>\n                                <\/div>    \n                                <h3>5 fields<br \/>\n14 disciplines<br \/>\n<\/h3>\n                            <\/a>\n                        <\/div><div class=\"mn-mod-achievement mn-grid-4\">\n                            <a href=\"\" class=\"mn-pointer-event-off\">\n                                <div class=\"mn-mod-achievement-img\">\n                                <img decoding=\"async\" src=\"https:\/\/www.sggw.edu.pl\/wp-content\/plugins\/elementor-sggw\/assets\/images\/icons\/ikonka-medal.svg\" alt=\"\" \/>\n                                <\/div>    \n                                <h3>education in Polish<br \/>\nand English<\/h3>\n                            <\/a>\n                        <\/div><div class=\"mn-mod-achievement mn-grid-4\">\n                            <a href=\"\" class=\"mn-pointer-event-off\">\n                                <div class=\"mn-mod-achievement-img\">\n                                <img decoding=\"async\" src=\"https:\/\/www.sggw.edu.pl\/wp-content\/plugins\/elementor-sggw\/assets\/images\/icons\/ikonka-medal.svg\" alt=\"\" \/>\n                                <\/div>    \n                                <h3>interdisciplinary<br \/>\nscientific development<\/h3>\n                            <\/a>\n                        <\/div> <\/div><\/section>\t\t<\/div>\n\t\t\t\t<\/div>\n\t\t\t\t\t<\/div>\n\t\t<\/div>\n\t\t\t\t\t<\/div>\n\t\t<\/section>\n\t\t\t\t<section class=\"elementor-section elementor-top-section elementor-element elementor-element-fb7ab35 elementor-section-boxed elementor-section-height-default elementor-section-height-default\" data-id=\"fb7ab35\" data-element_type=\"section\">\n\t\t\t\t\t\t<div class=\"elementor-container elementor-column-gap-default\">\n\t\t\t\t\t<div class=\"elementor-column elementor-col-100 elementor-top-column elementor-element elementor-element-02f7e91\" data-id=\"02f7e91\" data-element_type=\"column\">\n\t\t\t<div class=\"elementor-widget-wrap elementor-element-populated\">\n\t\t\t\t\t\t<div class=\"elementor-element elementor-element-6bd5753 elementor-widget elementor-widget-w7\" data-id=\"6bd5753\" data-element_type=\"widget\" data-widget_type=\"w7.default\">\n\t\t\t\t<div class=\"elementor-widget-container\">\n\t\t\t<section>\n                <div class=\"mn-grid\">\n                    <div class=\"mn-grid-12 mn-horizontal-separator-grey\"><\/div>\n                <\/div>\n                <\/section>\t\t<\/div>\n\t\t\t\t<\/div>\n\t\t\t\t\t<\/div>\n\t\t<\/div>\n\t\t\t\t\t<\/div>\n\t\t<\/section>\n\t\t\t\t<section class=\"elementor-section elementor-top-section elementor-element elementor-element-4459129 elementor-section-boxed elementor-section-height-default elementor-section-height-default\" data-id=\"4459129\" data-element_type=\"section\">\n\t\t\t\t\t\t<div class=\"elementor-container elementor-column-gap-default\">\n\t\t\t\t\t<div class=\"elementor-column elementor-col-100 elementor-top-column elementor-element elementor-element-3f69d5d\" data-id=\"3f69d5d\" data-element_type=\"column\">\n\t\t\t<div class=\"elementor-widget-wrap elementor-element-populated\">\n\t\t\t\t\t\t<div class=\"elementor-element elementor-element-248a9c8 elementor-widget elementor-widget-w33\" data-id=\"248a9c8\" data-element_type=\"widget\" data-widget_type=\"w33.default\">\n\t\t\t\t<div class=\"elementor-widget-container\">\n\t\t\t<section>\n            <div class=\"mn-grid\">\n                <div class=\"mn-vertical-separator-x2\">\n                    \n                <\/div>\n            <\/section>\t\t<\/div>\n\t\t\t\t<\/div>\n\t\t\t\t\t<\/div>\n\t\t<\/div>\n\t\t\t\t\t<\/div>\n\t\t<\/section>\n\t\t\t\t<section class=\"elementor-section elementor-top-section elementor-element elementor-element-6f1c363 elementor-section-boxed elementor-section-height-default elementor-section-height-default\" data-id=\"6f1c363\" data-element_type=\"section\">\n\t\t\t\t\t\t<div class=\"elementor-container elementor-column-gap-default\">\n\t\t\t\t\t<div class=\"elementor-column elementor-col-100 elementor-top-column elementor-element elementor-element-8c437e8\" data-id=\"8c437e8\" data-element_type=\"column\">\n\t\t\t<div class=\"elementor-widget-wrap elementor-element-populated\">\n\t\t\t\t\t\t<div class=\"elementor-element elementor-element-1b59061 elementor-widget elementor-widget-w12\" data-id=\"1b59061\" data-element_type=\"widget\" data-widget_type=\"w12.default\">\n\t\t\t\t<div class=\"elementor-widget-container\">\n\t\t\t<section>\n                <div class=\"mn-grid\">\n                    <div class=\"mn-grid-12 mn-mod-text-links\">\n                        <p>The Doctoral School of the Warsaw University of Life Sciences in Warsaw is an interdisciplinary university-wide unit. It is an organized form of educating doctoral students in disciplines, preparing them for obtaining a doctoral degree. The purpose of the Doctoral School is to support the scientific and personal development of doctoral students in the field of acquiring knowledge, skills and competences as well as gaining independence in conducting didactics and research. The education process at the Doctoral School includes an education path common to all doctoral students and specialist education paths, corresponding to the fields \/ disciplines.<\/p><p>The Doctoral School SGGW recruits in the following scientific fields and disciplines:<\/p><p><strong>Field of agricultural sciences in disciplines<\/strong><strong>: <\/strong><\/p><ul><li>forestry science<\/li><li>agriculture and horticulture<\/li><li>food and nutrition technology<\/li><li>animal science and fisheries<\/li><\/ul><p><strong>Field of natural sciences in the discipline: <\/strong><\/p><ul><li>biological sciences<\/li><\/ul><p><strong>Field of veterinary science in disciplines<\/strong><strong>: <\/strong><\/p><ul><li>veterinary science<\/li><\/ul><p><strong>Field of engineering and technical sciences in disciplines: <\/strong><\/p><ul><li>civil engineering, geodesy and transport<\/li><li>mechanical engineering<\/li><li>environmental engineering, mining and energy<\/li><li>information and communication technology<\/li><\/ul><p><strong>Field of social sciences in discipline: <\/strong><\/p><ul><li>economics and finance<\/li><li>sociology<\/li><li>pedagogy<\/li><li>management and quality science<\/li><\/ul><p>The entire course of study at the Doctoral School is 4 years long. The Doctoral School study programme consists of five modules:<\/p><ul><li>general and social module \u2013 voice production, self-presentation, communication, interpersonal relations, legal, ethical and economic factors affecting scientific work and a modern language;<\/li><li>methodology module \u2013 research methodology, statistics, metrology, area\/discipline-specific research methodology, econometric methods in scientific research;<\/li><li>didactic module \u2013 academic teaching methodology, passive teaching practice (no teaching \u2013 observation only), active teaching practice (teaching classes to students);<\/li><li>legal and science dissemination module \u2013 intellectual property protection, commercialization of research results, writing research project applications, science popularization workshops;<\/li><li>specialist module (area\/discipline-specific) \u2013 doctoral seminars, drafting and reviewing scientific texts (Academic Writing in English), optional subjects.<\/li><\/ul>\n                    <\/div>\n                <\/div>\n            <\/section>\t\t<\/div>\n\t\t\t\t<\/div>\n\t\t\t\t\t<\/div>\n\t\t<\/div>\n\t\t\t\t\t<\/div>\n\t\t<\/section>\n\t\t\t\t<\/div>\n\t\t","protected":false},"excerpt":{"rendered":"<p>Doctoral School Previous slide Next slide News Recruitment LAWS Mid-term evaluation Conference 4 elements Education Class schedules Documents to download PhD students information Supervisors information CONTACT FAQ Archival matters 5 fields 14 disciplines education in Polish and English interdisciplinary scientific development The Doctoral School of the Warsaw University of Life Sciences in Warsaw is an [&hellip;]<\/p>\n","protected":false},"author":1,"featured_media":0,"parent":17669,"menu_order":0,"comment_status":"closed","ping_status":"closed","template":"","meta":{"_acf_changed":false,"footnotes":""},"class_list":["post-14900","page","type-page","status-publish","hentry"],"acf":[],"_links":{"self":[{"href":"https:\/\/www.sggw.edu.pl\/en\/wp-json\/wp\/v2\/pages\/14900","targetHints":{"allow":["GET"]}}],"collection":[{"href":"https:\/\/www.sggw.edu.pl\/en\/wp-json\/wp\/v2\/pages"}],"about":[{"href":"https:\/\/www.sggw.edu.pl\/en\/wp-json\/wp\/v2\/types\/page"}],"author":[{"embeddable":true,"href":"https:\/\/www.sggw.edu.pl\/en\/wp-json\/wp\/v2\/users\/1"}],"replies":[{"embeddable":true,"href":"https:\/\/www.sggw.edu.pl\/en\/wp-json\/wp\/v2\/comments?post=14900"}],"version-history":[{"count":159,"href":"https:\/\/www.sggw.edu.pl\/en\/wp-json\/wp\/v2\/pages\/14900\/revisions"}],"predecessor-version":[{"id":286506,"href":"https:\/\/www.sggw.edu.pl\/en\/wp-json\/wp\/v2\/pages\/14900\/revisions\/286506"}],"up":[{"embeddable":true,"href":"https:\/\/www.sggw.edu.pl\/en\/wp-json\/wp\/v2\/pages\/17669"}],"wp:attachment":[{"href":"https:\/\/www.sggw.edu.pl\/en\/wp-json\/wp\/v2\/media?parent=14900"}],"curies":[{"name":"wp","href":"https:\/\/api.w.org\/{rel}","templated":true}]}}