{"id":14903,"date":"2021-01-26T13:50:34","date_gmt":"2021-01-26T12:50:34","guid":{"rendered":"https:\/\/www.sggw.edu.pl\/science\/publishing\/"},"modified":"2024-12-18T12:10:01","modified_gmt":"2024-12-18T11:10:01","slug":"publishing","status":"publish","type":"page","link":"https:\/\/www.sggw.edu.pl\/en\/science\/publishing\/","title":{"rendered":"Publishing"},"content":{"rendered":"\t\t<div data-elementor-type=\"wp-page\" data-elementor-id=\"14903\" class=\"elementor elementor-14903\" data-elementor-post-type=\"page\">\n\t\t\t\t\t\t<section class=\"elementor-section elementor-top-section elementor-element elementor-element-7c24cb47 elementor-section-boxed elementor-section-height-default elementor-section-height-default\" data-id=\"7c24cb47\" data-element_type=\"section\">\n\t\t\t\t\t\t<div class=\"elementor-container elementor-column-gap-default\">\n\t\t\t\t\t<div class=\"elementor-column elementor-col-100 elementor-top-column elementor-element elementor-element-33e3fec8\" data-id=\"33e3fec8\" data-element_type=\"column\">\n\t\t\t<div class=\"elementor-widget-wrap elementor-element-populated\">\n\t\t\t\t\t\t<div class=\"elementor-element elementor-element-4b6f42a1 elementor-widget elementor-widget-wp-widget-bcn_widget\" data-id=\"4b6f42a1\" data-element_type=\"widget\" data-widget_type=\"wp-widget-bcn_widget.default\">\n\t\t\t\t<div class=\"elementor-widget-container\">\n\t\t\t<div class=\"mn-grid breadcrumb\">\n                                    <div class=\"breadcrumb-inner mn-grid-12\"><div class=\"breadcrumbs\" vocab=\"https:\/\/schema.org\/\" typeof=\"BreadcrumbList\"><span property=\"itemListElement\" typeof=\"ListItem\"><a property=\"item\" typeof=\"WebPage\" title=\"Go to Szko\u0142a G\u0142\u00f3wna Gospodarstwa Wiejskiego w Warszawie.\" href=\"https:\/\/www.sggw.edu.pl\/en\/\" class=\"home\" aria-current=\"page\"><span property=\"name\">Home<\/span><\/a><meta property=\"position\" content=\"1\"><\/span><\/div>    <\/div>\n                                <\/div>\t\t<\/div>\n\t\t\t\t<\/div>\n\t\t\t\t<div class=\"elementor-element elementor-element-3b6f1216 elementor-widget elementor-widget-post-title\" data-id=\"3b6f1216\" data-element_type=\"widget\" data-widget_type=\"post-title.default\">\n\t\t\t\t<div class=\"elementor-widget-container\">\n\t\t\t<section>\n                    <div class=\"mn-grid entry-header-inner section-inner medium\">\n                        <h1 class=\"mn-grid-12 entry-title\" style=\"\">\n                            Publishing\n                        <\/h1>\n                    <\/div>\n                <\/section>\t\t<\/div>\n\t\t\t\t<\/div>\n\t\t\t\t\t<\/div>\n\t\t<\/div>\n\t\t\t\t\t<\/div>\n\t\t<\/section>\n\t\t\t\t<section class=\"elementor-section elementor-top-section elementor-element elementor-element-c73b3ce elementor-section-boxed elementor-section-height-default elementor-section-height-default\" data-id=\"c73b3ce\" data-element_type=\"section\">\n\t\t\t\t\t\t<div class=\"elementor-container elementor-column-gap-default\">\n\t\t\t\t\t<div class=\"elementor-column elementor-col-100 elementor-top-column elementor-element elementor-element-5a58a45\" data-id=\"5a58a45\" data-element_type=\"column\">\n\t\t\t<div class=\"elementor-widget-wrap elementor-element-populated\">\n\t\t\t\t\t\t<div class=\"elementor-element elementor-element-3b13ff4 elementor-widget elementor-widget-w12\" data-id=\"3b13ff4\" data-element_type=\"widget\" data-widget_type=\"w12.default\">\n\t\t\t\t<div class=\"elementor-widget-container\">\n\t\t\t<section>\n                <div class=\"mn-grid\">\n                    <div class=\"mn-grid-12 mn-mod-text-links\">\n                        <p><span lang=\"PL\">We are the publishing house of the oldest and largest natural sciences university in Poland \u2013 Warsaw University of Life Sciences, derived from the Agronomic Institute in Marymont, created in 1816. Each year, we publish about 120 books and several dozen of scientific journals in 19 series. We offer our readers more than 300 academic textbooks, monographs, and scripts, which are useful to university students and professionals looking for expertise.<\/span><\/p><p>SGGW Publishing House offers readers a wide range of academic textbooks, scripts and guidebooks for practicals, monographs and popular science publications in the field of agriculture and its environment (zootechnics, food technology, human nutrition, horticulture, finance and banking, organization and management, logistics, veterinary medicine, forestry, agricultural and forestry technology, agricultural economics, environmental engineering and drainage, construction, landscape architecture).<\/p><p>Every year, the Publishing House publishes about 150 new books and scientific journals, whose readers are scientists and students of all agricultural and natural sciences universities in Poland, teachers and students of vocational secondary schools, practitioners interested in progress in their farms and agribusiness enterprises, people professionally connected with agriculture and food management (agricultural advisory centres, research institutes, municipal offices, etc.).<\/p><p>We present the full offer of our publications available for direct sale and mail order. We give great discounts to book wholesalers and bookstores depending on the size of your order. Vat payers are asked to indicate in the order of the Tax ID and to authorize the Publishing House in writing to issue an invoice without the signature of the buyer.<\/p>\n                    <\/div>\n                <\/div>\n            <\/section>\t\t<\/div>\n\t\t\t\t<\/div>\n\t\t\t\t\t<\/div>\n\t\t<\/div>\n\t\t\t\t\t<\/div>\n\t\t<\/section>\n\t\t\t\t<section class=\"elementor-section elementor-top-section elementor-element elementor-element-83da0ea elementor-section-boxed elementor-section-height-default elementor-section-height-default\" data-id=\"83da0ea\" data-element_type=\"section\">\n\t\t\t\t\t\t<div class=\"elementor-container elementor-column-gap-default\">\n\t\t\t\t\t<div class=\"elementor-column elementor-col-100 elementor-top-column elementor-element elementor-element-bd72806\" data-id=\"bd72806\" data-element_type=\"column\">\n\t\t\t<div class=\"elementor-widget-wrap elementor-element-populated\">\n\t\t\t\t\t\t<div class=\"elementor-element elementor-element-d207728 elementor-widget elementor-widget-w33\" data-id=\"d207728\" data-element_type=\"widget\" data-widget_type=\"w33.default\">\n\t\t\t\t<div class=\"elementor-widget-container\">\n\t\t\t<section>\n            <div class=\"mn-grid\">\n                <div class=\"mn-vertical-separator-x2\">\n                    \n                <\/div>\n            <\/section>\t\t<\/div>\n\t\t\t\t<\/div>\n\t\t\t\t<div class=\"elementor-element elementor-element-41a1d98 elementor-widget elementor-widget-w9\" data-id=\"41a1d98\" data-element_type=\"widget\" data-widget_type=\"w9.default\">\n\t\t\t\t<div class=\"elementor-widget-container\">\n\t\t\t<section><div class=\"mn-grid\"><ul class=\"mn-grid-12 mn-link-list-type1\"><li>\n                            <a href=\"https:\/\/wydawnictwo.sggw.edu.pl\/\" >\n                                <span>SGGW Publishing House<\/span>\n                            <\/a>\n                        <\/li><li>\n                            <a href=\"https:\/\/czasopisma.sggw.edu.pl\/\" >\n                                <span>SGGW Journals<\/span>\n                            <\/a>\n                        <\/li><\/ul><\/div><\/section>\t\t<\/div>\n\t\t\t\t<\/div>\n\t\t\t\t\t<\/div>\n\t\t<\/div>\n\t\t\t\t\t<\/div>\n\t\t<\/section>\n\t\t\t\t<section class=\"elementor-section elementor-top-section elementor-element elementor-element-b6603c2 elementor-section-boxed elementor-section-height-default elementor-section-height-default\" data-id=\"b6603c2\" data-element_type=\"section\">\n\t\t\t\t\t\t<div class=\"elementor-container elementor-column-gap-default\">\n\t\t\t\t\t<div class=\"elementor-column elementor-col-100 elementor-top-column elementor-element elementor-element-0770c19\" data-id=\"0770c19\" data-element_type=\"column\">\n\t\t\t<div class=\"elementor-widget-wrap elementor-element-populated\">\n\t\t\t\t\t\t<div class=\"elementor-element elementor-element-655d89a elementor-widget elementor-widget-w12\" data-id=\"655d89a\" data-element_type=\"widget\" data-widget_type=\"w12.default\">\n\t\t\t\t<div class=\"elementor-widget-container\">\n\t\t\t<section>\n                <div class=\"mn-grid\">\n                    <div class=\"mn-grid-12 mn-mod-text-links\">\n                        \n                    <\/div>\n                <\/div>\n            <\/section>\t\t<\/div>\n\t\t\t\t<\/div>\n\t\t\t\t\t<\/div>\n\t\t<\/div>\n\t\t\t\t\t<\/div>\n\t\t<\/section>\n\t\t\t\t<\/div>\n\t\t","protected":false},"excerpt":{"rendered":"<p>Publishing We are the publishing house of the oldest and largest natural sciences university in Poland \u2013 Warsaw University of Life Sciences, derived from the Agronomic Institute in Marymont, created in 1816. Each year, we publish about 120 books and several dozen of scientific journals in 19 series. We offer our readers more than 300 [&hellip;]<\/p>\n","protected":false},"author":1,"featured_media":0,"parent":17669,"menu_order":0,"comment_status":"closed","ping_status":"closed","template":"","meta":{"_acf_changed":false,"footnotes":""},"class_list":["post-14903","page","type-page","status-publish","hentry"],"acf":[],"_links":{"self":[{"href":"https:\/\/www.sggw.edu.pl\/en\/wp-json\/wp\/v2\/pages\/14903","targetHints":{"allow":["GET"]}}],"collection":[{"href":"https:\/\/www.sggw.edu.pl\/en\/wp-json\/wp\/v2\/pages"}],"about":[{"href":"https:\/\/www.sggw.edu.pl\/en\/wp-json\/wp\/v2\/types\/page"}],"author":[{"embeddable":true,"href":"https:\/\/www.sggw.edu.pl\/en\/wp-json\/wp\/v2\/users\/1"}],"replies":[{"embeddable":true,"href":"https:\/\/www.sggw.edu.pl\/en\/wp-json\/wp\/v2\/comments?post=14903"}],"version-history":[{"count":15,"href":"https:\/\/www.sggw.edu.pl\/en\/wp-json\/wp\/v2\/pages\/14903\/revisions"}],"predecessor-version":[{"id":223787,"href":"https:\/\/www.sggw.edu.pl\/en\/wp-json\/wp\/v2\/pages\/14903\/revisions\/223787"}],"up":[{"embeddable":true,"href":"https:\/\/www.sggw.edu.pl\/en\/wp-json\/wp\/v2\/pages\/17669"}],"wp:attachment":[{"href":"https:\/\/www.sggw.edu.pl\/en\/wp-json\/wp\/v2\/media?parent=14903"}],"curies":[{"name":"wp","href":"https:\/\/api.w.org\/{rel}","templated":true}]}}