{"id":14906,"date":"2021-01-26T13:50:34","date_gmt":"2021-01-26T12:50:34","guid":{"rendered":"https:\/\/www.sggw.edu.pl\/science\/doctoral-studies\/"},"modified":"2021-06-22T09:54:21","modified_gmt":"2021-06-22T07:54:21","slug":"doctoral-studies","status":"publish","type":"page","link":"https:\/\/www.sggw.edu.pl\/en\/science\/doctoral-studies\/","title":{"rendered":"Doctoral studies"},"content":{"rendered":"\t\t<div data-elementor-type=\"wp-page\" data-elementor-id=\"14906\" class=\"elementor elementor-14906\" data-elementor-post-type=\"page\">\n\t\t\t\t\t\t<section class=\"elementor-section elementor-top-section elementor-element elementor-element-7e63c520 elementor-section-boxed elementor-section-height-default elementor-section-height-default\" data-id=\"7e63c520\" data-element_type=\"section\">\n\t\t\t\t\t\t<div class=\"elementor-container elementor-column-gap-default\">\n\t\t\t\t\t<div class=\"elementor-column elementor-col-100 elementor-top-column elementor-element elementor-element-6f124870\" data-id=\"6f124870\" data-element_type=\"column\">\n\t\t\t<div class=\"elementor-widget-wrap elementor-element-populated\">\n\t\t\t\t\t\t<div class=\"elementor-element elementor-element-d1fd98d elementor-widget elementor-widget-wp-widget-bcn_widget\" data-id=\"d1fd98d\" data-element_type=\"widget\" data-widget_type=\"wp-widget-bcn_widget.default\">\n\t\t\t\t<div class=\"elementor-widget-container\">\n\t\t\t<div class=\"mn-grid breadcrumb\">\n                                    <div class=\"breadcrumb-inner mn-grid-12\"><div class=\"breadcrumbs\" vocab=\"https:\/\/schema.org\/\" typeof=\"BreadcrumbList\"><span property=\"itemListElement\" typeof=\"ListItem\"><a property=\"item\" typeof=\"WebPage\" title=\"Go to Szko\u0142a G\u0142\u00f3wna Gospodarstwa Wiejskiego w Warszawie.\" href=\"https:\/\/www.sggw.edu.pl\/en\/\" class=\"home\" aria-current=\"page\"><span property=\"name\">Home<\/span><\/a><meta property=\"position\" content=\"1\"><\/span><\/div>    <\/div>\n                                <\/div>\t\t<\/div>\n\t\t\t\t<\/div>\n\t\t\t\t<div class=\"elementor-element elementor-element-4aad453 elementor-widget elementor-widget-post-title\" data-id=\"4aad453\" data-element_type=\"widget\" data-widget_type=\"post-title.default\">\n\t\t\t\t<div class=\"elementor-widget-container\">\n\t\t\t<section>\n                    <div class=\"mn-grid entry-header-inner section-inner medium\">\n                        <h1 class=\"mn-grid-12 entry-title\" style=\"\">\n                            Doctoral studies\n                        <\/h1>\n                    <\/div>\n                <\/section>\t\t<\/div>\n\t\t\t\t<\/div>\n\t\t\t\t\t<\/div>\n\t\t<\/div>\n\t\t\t\t\t<\/div>\n\t\t<\/section>\n\t\t\t\t<section class=\"elementor-section elementor-top-section elementor-element elementor-element-59f3aeb elementor-section-boxed elementor-section-height-default elementor-section-height-default\" data-id=\"59f3aeb\" data-element_type=\"section\">\n\t\t\t\t\t\t<div class=\"elementor-container elementor-column-gap-default\">\n\t\t\t\t\t<div class=\"elementor-column elementor-col-100 elementor-top-column elementor-element elementor-element-a77487b\" data-id=\"a77487b\" data-element_type=\"column\">\n\t\t\t<div class=\"elementor-widget-wrap elementor-element-populated\">\n\t\t\t\t\t\t<div class=\"elementor-element elementor-element-5805da8 elementor-widget elementor-widget-w11\" data-id=\"5805da8\" data-element_type=\"widget\" data-widget_type=\"w11.default\">\n\t\t\t\t<div class=\"elementor-widget-container\">\n\t\t\t<section><div class=\"mn-grid\"><ul class=\"mn-grid-12 mn-mod-links-text-3\"><li>\n                            <a href=\"https:\/\/www.sggw.edu.pl\/en\/science\/doctoral-studies\/laws-2\/\" >\n                                <span>Laws<\/span>\n                            <\/a>\n                        <\/li><li>\n                            <a href=\"https:\/\/www.sggw.edu.pl\/en\/science\/doctoral-studies\/doctoral-id-card\/\" >\n                                <span>PhD student Id Card  <\/span>\n                            <\/a>\n                        <\/li><li>\n                            <a href=\"https:\/\/www.sggw.edu.pl\/en\/science\/doctoral-studies\/medical-examinations\/\" >\n                                <span>Medical examinations  <\/span>\n                            <\/a>\n                        <\/li><li>\n                            <a href=\"\" class=\"mn-pointer-event-off\">\n                                <span>Health insurance  <\/span>\n                            <\/a>\n                        <\/li><li>\n                            <a href=\"https:\/\/www.sggw.edu.pl\/en\/science\/doctoral-studies\/doctoral-scholarship\/\" >\n                                <span>Doctoral scholarship  <\/span>\n                            <\/a>\n                        <\/li><li>\n                            <a href=\"https:\/\/www.sggw.edu.pl\/en\/science\/doctoral-studies\/pro-quality-scholarship\/\" >\n                                <span>Pro-quality scholarship  <\/span>\n                            <\/a>\n                        <\/li><li>\n                            <a href=\"\" class=\"mn-pointer-event-off\">\n                                <span>Material assistance  <\/span>\n                            <\/a>\n                        <\/li><li>\n                            <a href=\"https:\/\/www.sggw.edu.pl\/en\/science\/doctoral-studies\/doctoral-scholarship\/\" >\n                                <span>Scholarship for outstanding young scientists  <\/span>\n                            <\/a>\n                        <\/li><\/ul><\/div><\/section>\t\t<\/div>\n\t\t\t\t<\/div>\n\t\t\t\t\t<\/div>\n\t\t<\/div>\n\t\t\t\t\t<\/div>\n\t\t<\/section>\n\t\t\t\t<section class=\"elementor-section elementor-top-section elementor-element elementor-element-39216e3 elementor-section-boxed elementor-section-height-default elementor-section-height-default\" data-id=\"39216e3\" data-element_type=\"section\">\n\t\t\t\t\t\t<div class=\"elementor-container elementor-column-gap-default\">\n\t\t\t\t\t<div class=\"elementor-column elementor-col-100 elementor-top-column elementor-element elementor-element-ade925c\" data-id=\"ade925c\" data-element_type=\"column\">\n\t\t\t<div class=\"elementor-widget-wrap elementor-element-populated\">\n\t\t\t\t\t\t<div class=\"elementor-element elementor-element-8a99363 elementor-widget elementor-widget-w33\" data-id=\"8a99363\" data-element_type=\"widget\" data-widget_type=\"w33.default\">\n\t\t\t\t<div class=\"elementor-widget-container\">\n\t\t\t<section>\n            <div class=\"mn-grid\">\n                <div class=\"mn-vertical-separator-x2\">\n                    \n                <\/div>\n            <\/section>\t\t<\/div>\n\t\t\t\t<\/div>\n\t\t\t\t<div class=\"elementor-element elementor-element-af3bee3 elementor-widget elementor-widget-w33\" data-id=\"af3bee3\" data-element_type=\"widget\" data-widget_type=\"w33.default\">\n\t\t\t\t<div class=\"elementor-widget-container\">\n\t\t\t<section>\n            <div class=\"mn-grid\">\n                <div class=\"mn-vertical-separator-x2\">\n                    \n                <\/div>\n            <\/section>\t\t<\/div>\n\t\t\t\t<\/div>\n\t\t\t\t<div class=\"elementor-element elementor-element-8d33aa3 elementor-widget elementor-widget-w1_2_3\" data-id=\"8d33aa3\" data-element_type=\"widget\" data-widget_type=\"w1_2_3.default\">\n\t\t\t\t<div class=\"elementor-widget-container\">\n\t\t\t<section>\n                    <div class=\"mn-grid\">\n                        <h3  class=\"mn-grid-12 mn-section-title2\">\n                            Information on doctoral studies started before 2019\/2020\n                        <\/h3>\n                    <\/div>\n                <\/section>\t\t<\/div>\n\t\t\t\t<\/div>\n\t\t\t\t\t<\/div>\n\t\t<\/div>\n\t\t\t\t\t<\/div>\n\t\t<\/section>\n\t\t\t\t<section class=\"elementor-section elementor-top-section elementor-element elementor-element-2106259 elementor-section-boxed elementor-section-height-default elementor-section-height-default\" data-id=\"2106259\" data-element_type=\"section\">\n\t\t\t\t\t\t<div class=\"elementor-container elementor-column-gap-default\">\n\t\t\t\t\t<div class=\"elementor-column elementor-col-100 elementor-top-column elementor-element elementor-element-8855760\" data-id=\"8855760\" data-element_type=\"column\">\n\t\t\t<div class=\"elementor-widget-wrap elementor-element-populated\">\n\t\t\t\t\t\t<div class=\"elementor-element elementor-element-34272f3 elementor-widget elementor-widget-w1_2_3\" data-id=\"34272f3\" data-element_type=\"widget\" data-widget_type=\"w1_2_3.default\">\n\t\t\t\t<div class=\"elementor-widget-container\">\n\t\t\t<section>\n                    <div class=\"mn-grid\">\n                        <h5  class=\"mn-grid-12 mn-title3\">\n                            General information about studies\n                        <\/h5>\n                    <\/div>\n                <\/section>\t\t<\/div>\n\t\t\t\t<\/div>\n\t\t\t\t\t<\/div>\n\t\t<\/div>\n\t\t\t\t\t<\/div>\n\t\t<\/section>\n\t\t\t\t<section class=\"elementor-section elementor-top-section elementor-element elementor-element-c172f0f elementor-section-boxed elementor-section-height-default elementor-section-height-default\" data-id=\"c172f0f\" data-element_type=\"section\">\n\t\t\t\t\t\t<div class=\"elementor-container elementor-column-gap-default\">\n\t\t\t\t\t<div class=\"elementor-column elementor-col-100 elementor-top-column elementor-element elementor-element-f027720\" data-id=\"f027720\" data-element_type=\"column\">\n\t\t\t<div class=\"elementor-widget-wrap elementor-element-populated\">\n\t\t\t\t\t\t<div class=\"elementor-element elementor-element-b2a64d0 elementor-widget elementor-widget-w12\" data-id=\"b2a64d0\" data-element_type=\"widget\" data-widget_type=\"w12.default\">\n\t\t\t\t<div class=\"elementor-widget-container\">\n\t\t\t<section>\n                <div class=\"mn-grid\">\n                    <div class=\"mn-grid-12 mn-mod-text-links\">\n                        <p>Legal act: Act of 3 July 2018 Provisions introducing the Law on Higher Education and Science (OJ 2018, item 1669), in particular Articles: 179; 270; 273; 278; 279.<\/p><p>Article 279. 1. Doctoral studies started before the academic year 2019\/2020 shall be conducted on the basis of the current rules, but not longer than 31 December 2023.<\/p><p>This means that all decisions to extend studies may be issued no longer than 31 December 2023 regardless of the reason for the extension. Thus, Ph.D. students of the 2018-2022 cohort can obtain an extension no longer than lasting 1 year and 3 months in total.<\/p><p>After 31 December 2023 doctoral studies cease to exist, and the participants of these studies cease to be PhD students by law.<\/p><p>The existing regulations are still in force:<\/p>\n                    <\/div>\n                <\/div>\n            <\/section>\t\t<\/div>\n\t\t\t\t<\/div>\n\t\t\t\t<div class=\"elementor-element elementor-element-fa9abec elementor-widget elementor-widget-w33\" data-id=\"fa9abec\" data-element_type=\"widget\" data-widget_type=\"w33.default\">\n\t\t\t\t<div class=\"elementor-widget-container\">\n\t\t\t<section>\n            <div class=\"mn-grid\">\n                <div class=\"mn-vertical-separator\">\n                    \n                <\/div>\n            <\/section>\t\t<\/div>\n\t\t\t\t<\/div>\n\t\t\t\t\t<\/div>\n\t\t<\/div>\n\t\t\t\t\t<\/div>\n\t\t<\/section>\n\t\t\t\t<section class=\"elementor-section elementor-top-section elementor-element elementor-element-9e5bcfb elementor-section-boxed elementor-section-height-default elementor-section-height-default\" data-id=\"9e5bcfb\" data-element_type=\"section\">\n\t\t\t\t\t\t<div class=\"elementor-container elementor-column-gap-default\">\n\t\t\t\t\t<div class=\"elementor-column elementor-col-100 elementor-top-column elementor-element elementor-element-199b126\" data-id=\"199b126\" data-element_type=\"column\">\n\t\t\t<div class=\"elementor-widget-wrap elementor-element-populated\">\n\t\t\t\t\t\t<div class=\"elementor-element elementor-element-bb43a67 elementor-widget elementor-widget-w9\" data-id=\"bb43a67\" data-element_type=\"widget\" data-widget_type=\"w9.default\">\n\t\t\t\t<div class=\"elementor-widget-container\">\n\t\t\t<section><div class=\"mn-grid\"><ul class=\"mn-grid-12 mn-link-list-type1\"><li>\n                            <a href=\"\" class=\"mn-pointer-event-off\">\n                                <span>Regulations of full-time and part-time doctoral studies in SGGW - SGGW Senate Resolution No. 88 - 2014\/2015 of 25 May 2015<\/span>\n                            <\/a>\n                        <\/li><li>\n                            <a href=\"\" class=\"mn-pointer-event-off\">\n                                <span>Regulations for granting and paying a doctoral scholarships to participants of full-time doctoral studies in SGGW - Order No. 69 of the Rector of the SGGW of 24 August 2017.<\/span>\n                            <\/a>\n                        <\/li><li>\n                            <a href=\"\" class=\"mn-pointer-event-off\">\n                                <span>Regulations for granting and paying the amount of the increase in the doctoral scholarshipsfrom the earmarked subsidy for co-financing pro-quality tasks for doctoral students of SGGW \u2013 Order No. 70 of the Rector of the SGGW of 24 August 2017.<\/span>\n                            <\/a>\n                        <\/li><li>\n                            <a href=\"\" class=\"mn-pointer-event-off\">\n                                <span>Regulations of benefits for students and PhD students of the SGGW \u2013 Order No. 45 of the Rector of SGGW of 24 September 2019<\/span>\n                            <\/a>\n                        <\/li><\/ul><\/div><\/section>\t\t<\/div>\n\t\t\t\t<\/div>\n\t\t\t\t\t<\/div>\n\t\t<\/div>\n\t\t\t\t\t<\/div>\n\t\t<\/section>\n\t\t\t\t<section class=\"elementor-section elementor-top-section elementor-element elementor-element-feaf78a elementor-section-boxed elementor-section-height-default elementor-section-height-default\" data-id=\"feaf78a\" data-element_type=\"section\">\n\t\t\t\t\t\t<div class=\"elementor-container elementor-column-gap-default\">\n\t\t\t\t\t<div class=\"elementor-column elementor-col-100 elementor-top-column elementor-element elementor-element-32e42b8\" data-id=\"32e42b8\" data-element_type=\"column\">\n\t\t\t<div class=\"elementor-widget-wrap elementor-element-populated\">\n\t\t\t\t\t\t<div class=\"elementor-element elementor-element-ae2422c elementor-widget elementor-widget-w12\" data-id=\"ae2422c\" data-element_type=\"widget\" data-widget_type=\"w12.default\">\n\t\t\t\t<div class=\"elementor-widget-container\">\n\t\t\t<section>\n                <div class=\"mn-grid\">\n                    <div class=\"mn-grid-12 mn-mod-text-links\">\n                        <p>This means that all grants (doctoral, pro-quality, for the best students, benefits) are awarded on the basis of the existing rules.<\/p>\n                    <\/div>\n                <\/div>\n            <\/section>\t\t<\/div>\n\t\t\t\t<\/div>\n\t\t\t\t\t<\/div>\n\t\t<\/div>\n\t\t\t\t\t<\/div>\n\t\t<\/section>\n\t\t\t\t<section class=\"elementor-section elementor-top-section elementor-element elementor-element-4c73e9a elementor-section-boxed elementor-section-height-default elementor-section-height-default\" data-id=\"4c73e9a\" data-element_type=\"section\">\n\t\t\t\t\t\t<div class=\"elementor-container elementor-column-gap-default\">\n\t\t\t\t\t<div class=\"elementor-column elementor-col-100 elementor-top-column elementor-element elementor-element-4d39e95\" data-id=\"4d39e95\" data-element_type=\"column\">\n\t\t\t<div class=\"elementor-widget-wrap elementor-element-populated\">\n\t\t\t\t\t\t<div class=\"elementor-element elementor-element-5d2a52b elementor-widget elementor-widget-w7\" data-id=\"5d2a52b\" data-element_type=\"widget\" data-widget_type=\"w7.default\">\n\t\t\t\t<div class=\"elementor-widget-container\">\n\t\t\t<section>\n                <div class=\"mn-grid\">\n                    <div class=\"mn-grid-12 mn-horizontal-separator-grey\"><\/div>\n                <\/div>\n                <\/section>\t\t<\/div>\n\t\t\t\t<\/div>\n\t\t\t\t\t<\/div>\n\t\t<\/div>\n\t\t\t\t\t<\/div>\n\t\t<\/section>\n\t\t\t\t<section class=\"elementor-section elementor-top-section elementor-element elementor-element-2f7dc67 elementor-section-boxed elementor-section-height-default elementor-section-height-default\" data-id=\"2f7dc67\" data-element_type=\"section\">\n\t\t\t\t\t\t<div class=\"elementor-container elementor-column-gap-default\">\n\t\t\t\t\t<div class=\"elementor-column elementor-col-100 elementor-top-column elementor-element elementor-element-9fba4bd\" data-id=\"9fba4bd\" data-element_type=\"column\">\n\t\t\t<div class=\"elementor-widget-wrap elementor-element-populated\">\n\t\t\t\t\t\t<div class=\"elementor-element elementor-element-005db76 elementor-widget elementor-widget-w1_2_3\" data-id=\"005db76\" data-element_type=\"widget\" data-widget_type=\"w1_2_3.default\">\n\t\t\t\t<div class=\"elementor-widget-container\">\n\t\t\t<section>\n                    <div class=\"mn-grid\">\n                        <h5  class=\"mn-grid-12 mn-title3\">\n                            Doctoral dissertations initiated until 30 April 2019\n                        <\/h5>\n                    <\/div>\n                <\/section>\t\t<\/div>\n\t\t\t\t<\/div>\n\t\t\t\t\t<\/div>\n\t\t<\/div>\n\t\t\t\t\t<\/div>\n\t\t<\/section>\n\t\t\t\t<section class=\"elementor-section elementor-top-section elementor-element elementor-element-37a0d35 elementor-section-boxed elementor-section-height-default elementor-section-height-default\" data-id=\"37a0d35\" data-element_type=\"section\">\n\t\t\t\t\t\t<div class=\"elementor-container elementor-column-gap-default\">\n\t\t\t\t\t<div class=\"elementor-column elementor-col-100 elementor-top-column elementor-element elementor-element-f2f5178\" data-id=\"f2f5178\" data-element_type=\"column\">\n\t\t\t<div class=\"elementor-widget-wrap elementor-element-populated\">\n\t\t\t\t\t\t<div class=\"elementor-element elementor-element-2d2bdfd elementor-widget elementor-widget-w12\" data-id=\"2d2bdfd\" data-element_type=\"widget\" data-widget_type=\"w12.default\">\n\t\t\t\t<div class=\"elementor-widget-container\">\n\t\t\t<section>\n                <div class=\"mn-grid\">\n                    <div class=\"mn-grid-12 mn-mod-text-links\">\n                        <p>Doctoral students who initiated the doctoral dissertation until 30 April 2019 implement it on the existing rules, in accordance with the Act of 14 March 2003 on academic degrees and titles, in the field of art (Journal of Laws 2017, item 1789 as amended in the afore called Article 179 of the Act of 3 July 2018). Introducing the Act \u2013 Law on Higher Education and Science (Journal of Laws 2018, item 1669). These dissertations should be completed by 31 December 2022, bearing in mind that the end is understood as awarding of the degree and not the defense of the doctoral thesis. If someone receives a doctoral degree while they are still in the course of their studies, the date on which the degree was awarded marks\u00a0 also the date on which the doctoral studies are completed.<\/p><p>Doctoral dissertations not completed by 31 December 2022 will be redeemed or closed. The current provision of the Act does not say that they are closed by law, so, if nothing changes in this regard, the relevant councils of disciplines will have to redeem or close the dissertations regardless of the consent and knowledge of the person concerned.<\/p>\n                    <\/div>\n                <\/div>\n            <\/section>\t\t<\/div>\n\t\t\t\t<\/div>\n\t\t\t\t\t<\/div>\n\t\t<\/div>\n\t\t\t\t\t<\/div>\n\t\t<\/section>\n\t\t\t\t<section class=\"elementor-section elementor-top-section elementor-element elementor-element-994cd6f elementor-section-boxed elementor-section-height-default elementor-section-height-default\" data-id=\"994cd6f\" data-element_type=\"section\">\n\t\t\t\t\t\t<div class=\"elementor-container elementor-column-gap-default\">\n\t\t\t\t\t<div class=\"elementor-column elementor-col-100 elementor-top-column elementor-element elementor-element-85a6125\" data-id=\"85a6125\" data-element_type=\"column\">\n\t\t\t<div class=\"elementor-widget-wrap elementor-element-populated\">\n\t\t\t\t\t\t<div class=\"elementor-element elementor-element-115b0c1 elementor-widget elementor-widget-w7\" data-id=\"115b0c1\" data-element_type=\"widget\" data-widget_type=\"w7.default\">\n\t\t\t\t<div class=\"elementor-widget-container\">\n\t\t\t<section>\n                <div class=\"mn-grid\">\n                    <div class=\"mn-grid-12 mn-horizontal-separator-grey\"><\/div>\n                <\/div>\n                <\/section>\t\t<\/div>\n\t\t\t\t<\/div>\n\t\t\t\t\t<\/div>\n\t\t<\/div>\n\t\t\t\t\t<\/div>\n\t\t<\/section>\n\t\t\t\t<section class=\"elementor-section elementor-top-section elementor-element elementor-element-31405d4 elementor-section-boxed elementor-section-height-default elementor-section-height-default\" data-id=\"31405d4\" data-element_type=\"section\">\n\t\t\t\t\t\t<div class=\"elementor-container elementor-column-gap-default\">\n\t\t\t\t\t<div class=\"elementor-column elementor-col-100 elementor-top-column elementor-element elementor-element-aa62d11\" data-id=\"aa62d11\" data-element_type=\"column\">\n\t\t\t<div class=\"elementor-widget-wrap elementor-element-populated\">\n\t\t\t\t\t\t<div class=\"elementor-element elementor-element-6a773be elementor-widget elementor-widget-w1_2_3\" data-id=\"6a773be\" data-element_type=\"widget\" data-widget_type=\"w1_2_3.default\">\n\t\t\t\t<div class=\"elementor-widget-container\">\n\t\t\t<section>\n                    <div class=\"mn-grid\">\n                        <h5  class=\"mn-grid-12 mn-title3\">\n                            Procedures for the award of the doctoral degree from 1 October 2019<br \/>\n\n                        <\/h5>\n                    <\/div>\n                <\/section>\t\t<\/div>\n\t\t\t\t<\/div>\n\t\t\t\t\t<\/div>\n\t\t<\/div>\n\t\t\t\t\t<\/div>\n\t\t<\/section>\n\t\t\t\t<section class=\"elementor-section elementor-top-section elementor-element elementor-element-ecd27e5 elementor-section-boxed elementor-section-height-default elementor-section-height-default\" data-id=\"ecd27e5\" data-element_type=\"section\">\n\t\t\t\t\t\t<div class=\"elementor-container elementor-column-gap-default\">\n\t\t\t\t\t<div class=\"elementor-column elementor-col-100 elementor-top-column elementor-element elementor-element-04a3f30\" data-id=\"04a3f30\" data-element_type=\"column\">\n\t\t\t<div class=\"elementor-widget-wrap elementor-element-populated\">\n\t\t\t\t\t\t<div class=\"elementor-element elementor-element-545b5f7 elementor-widget elementor-widget-w12\" data-id=\"545b5f7\" data-element_type=\"widget\" data-widget_type=\"w12.default\">\n\t\t\t\t<div class=\"elementor-widget-container\">\n\t\t\t<section>\n                <div class=\"mn-grid\">\n                    <div class=\"mn-grid-12 mn-mod-text-links\">\n                        <p>From 1 October 2019 we are no longer talking about initiating doctoral dissertations, but about initiating proceedings for the award of the doctoral degree (dissertations can only be talked about for those initiated until 30 April 2019).<\/p><p>In accordance with seventh paragraph of the Article 179 of\u00a0 Provisions introducing the Law on Higher Education and Science &#8211; for those who have started their doctoral studies before 2019\/2020 and apply for<br \/>to award the doctoral degree &#8220;the procedure for the award of the degree shall be initiated by the submission of an application<br \/>the appointment of a promoter&#8221;, which means that the date of initiation of the proceedings shall be the date on which the application is lodged with the registry of the institute or the board of discipline.<\/p><p>Furthermore, in accordance with eighth paragraph of the Article 179 of Provisions introducing the Law on Higher Education<br \/>and Science \u2013 for those who have started their doctoral studies before 2019\/2020 and apply for to award the doctorate degree\u00a0 &#8220;the learning outcomes of modern foreign language skills are confirmed on an existing basis&#8221; (i.e. the PhD student submits a certificate of language proficiency or declares a foreign language he will pass the doctoral examination from).<\/p><p>Proceedings initiated for PhD students from 1 October 2019\u00a0 will be dealt with in accordance with the provisions of the new Law on Higher Education and Science (Journal of Laws 2020, item 85) and the Rules of Procedure for conducting proceedings for the award of the doctoral degree of SGGW \u2013 Senate of SGGW Resolution No. 8 \u2013 2019\/2020 of 23 September 2019 \u2013 the exception is the time when proceedings are initiated and knowledge of a foreign language is confirmed (as referred to above).<\/p>\n                    <\/div>\n                <\/div>\n            <\/section>\t\t<\/div>\n\t\t\t\t<\/div>\n\t\t\t\t\t<\/div>\n\t\t<\/div>\n\t\t\t\t\t<\/div>\n\t\t<\/section>\n\t\t\t\t<\/div>\n\t\t","protected":false},"excerpt":{"rendered":"<p>Doctoral studies Laws PhD student Id Card Medical examinations Health insurance Doctoral scholarship Pro-quality scholarship Material assistance Scholarship for outstanding young scientists Information on doctoral studies started before 2019\/2020 General information about studies Legal act: Act of 3 July 2018 Provisions introducing the Law on Higher Education and Science (OJ 2018, item 1669), in particular [&hellip;]<\/p>\n","protected":false},"author":1,"featured_media":0,"parent":17669,"menu_order":0,"comment_status":"closed","ping_status":"closed","template":"","meta":{"_acf_changed":false,"footnotes":""},"class_list":["post-14906","page","type-page","status-publish","hentry"],"acf":[],"_links":{"self":[{"href":"https:\/\/www.sggw.edu.pl\/en\/wp-json\/wp\/v2\/pages\/14906","targetHints":{"allow":["GET"]}}],"collection":[{"href":"https:\/\/www.sggw.edu.pl\/en\/wp-json\/wp\/v2\/pages"}],"about":[{"href":"https:\/\/www.sggw.edu.pl\/en\/wp-json\/wp\/v2\/types\/page"}],"author":[{"embeddable":true,"href":"https:\/\/www.sggw.edu.pl\/en\/wp-json\/wp\/v2\/users\/1"}],"replies":[{"embeddable":true,"href":"https:\/\/www.sggw.edu.pl\/en\/wp-json\/wp\/v2\/comments?post=14906"}],"version-history":[{"count":21,"href":"https:\/\/www.sggw.edu.pl\/en\/wp-json\/wp\/v2\/pages\/14906\/revisions"}],"predecessor-version":[{"id":85593,"href":"https:\/\/www.sggw.edu.pl\/en\/wp-json\/wp\/v2\/pages\/14906\/revisions\/85593"}],"up":[{"embeddable":true,"href":"https:\/\/www.sggw.edu.pl\/en\/wp-json\/wp\/v2\/pages\/17669"}],"wp:attachment":[{"href":"https:\/\/www.sggw.edu.pl\/en\/wp-json\/wp\/v2\/media?parent=14906"}],"curies":[{"name":"wp","href":"https:\/\/api.w.org\/{rel}","templated":true}]}}