{"id":15179,"date":"2021-01-28T12:37:27","date_gmt":"2021-01-28T11:37:27","guid":{"rendered":"https:\/\/www.sggw.edu.pl\/science\/national-projects\/support-for-researchers\/section-activities\/"},"modified":"2021-09-12T23:19:20","modified_gmt":"2021-09-12T21:19:20","slug":"section-activities","status":"publish","type":"page","link":"https:\/\/www.sggw.edu.pl\/en\/science\/national-projects\/support-for-researchers\/section-activities\/","title":{"rendered":"Section activities"},"content":{"rendered":"\t\t<div data-elementor-type=\"wp-page\" data-elementor-id=\"15179\" class=\"elementor elementor-15179\" data-elementor-post-type=\"page\">\n\t\t\t\t\t\t<section class=\"elementor-section elementor-top-section elementor-element elementor-element-6b33309e elementor-section-boxed elementor-section-height-default elementor-section-height-default\" data-id=\"6b33309e\" data-element_type=\"section\">\n\t\t\t\t\t\t<div class=\"elementor-container elementor-column-gap-default\">\n\t\t\t\t\t<div class=\"elementor-column elementor-col-100 elementor-top-column elementor-element elementor-element-68aeccc6\" data-id=\"68aeccc6\" data-element_type=\"column\">\n\t\t\t<div class=\"elementor-widget-wrap elementor-element-populated\">\n\t\t\t\t\t\t<div class=\"elementor-element elementor-element-6bea9f34 elementor-widget elementor-widget-wp-widget-bcn_widget\" data-id=\"6bea9f34\" data-element_type=\"widget\" data-widget_type=\"wp-widget-bcn_widget.default\">\n\t\t\t\t<div class=\"elementor-widget-container\">\n\t\t\t<div class=\"mn-grid breadcrumb\">\n                                    <div class=\"breadcrumb-inner mn-grid-12\"><div class=\"breadcrumbs\" vocab=\"https:\/\/schema.org\/\" typeof=\"BreadcrumbList\"><span property=\"itemListElement\" typeof=\"ListItem\"><a property=\"item\" typeof=\"WebPage\" title=\"Go to Szko\u0142a G\u0142\u00f3wna Gospodarstwa Wiejskiego w Warszawie.\" href=\"https:\/\/www.sggw.edu.pl\/en\/\" class=\"home\" aria-current=\"page\"><span property=\"name\">Home<\/span><\/a><meta property=\"position\" content=\"1\"><\/span><\/div>    <\/div>\n                                <\/div>\t\t<\/div>\n\t\t\t\t<\/div>\n\t\t\t\t<div class=\"elementor-element elementor-element-11c21480 elementor-widget elementor-widget-post-title\" data-id=\"11c21480\" data-element_type=\"widget\" data-widget_type=\"post-title.default\">\n\t\t\t\t<div class=\"elementor-widget-container\">\n\t\t\t<section>\n                    <div class=\"mn-grid entry-header-inner section-inner medium\">\n                        <h1 class=\"mn-grid-12 entry-title\" style=\"\">\n                            Section activities\n                        <\/h1>\n                    <\/div>\n                <\/section>\t\t<\/div>\n\t\t\t\t<\/div>\n\t\t\t\t<section class=\"elementor-section elementor-inner-section elementor-element elementor-element-29ab36e elementor-section-boxed elementor-section-height-default elementor-section-height-default\" data-id=\"29ab36e\" data-element_type=\"section\">\n\t\t\t\t\t\t<div class=\"elementor-container elementor-column-gap-default\">\n\t\t\t\t\t<div class=\"elementor-column elementor-col-100 elementor-inner-column elementor-element elementor-element-d1eae80\" data-id=\"d1eae80\" data-element_type=\"column\">\n\t\t\t<div class=\"elementor-widget-wrap elementor-element-populated\">\n\t\t\t\t\t\t<div class=\"elementor-element elementor-element-4074060 elementor-widget elementor-widget-w12\" data-id=\"4074060\" data-element_type=\"widget\" data-widget_type=\"w12.default\">\n\t\t\t\t<div class=\"elementor-widget-container\">\n\t\t\t<section>\n                <div class=\"mn-grid\">\n                    <div class=\"mn-grid-12 mn-mod-text-links\">\n                        <p>The scope of the Section of National Projects within the Framework of the Office for Science and National Projects includes issues relating to proposals financed by national funds and from the Structural Funds, with the exception of the programmes of the Minister responsible for higher education and science, outsourced work and investment projects, including:<\/p><p>(1) keeping SGGW&#8217;s academic and scientific and teaching staff informed about the possibilities of raising funds from the Structural Funds and national sources, i.e. the the National Science Centre (NCN) and the National Centre for Research and Development (NCBiR), by drawing up a schedule of competitions and sending out in the form of a newsletter by electronic means;<\/p><p>(2) organisation of training, workshops on the application and implementation of projects;<\/p><p>(3) advising on the application and implementation of projects;<\/p><p>(4) coordinating the preparation of application documentation for university-wide projects, as indicated by the Rector, Vice-Rector of the University of Poland; Science or Chancellor;<\/p><p>(5) administrative coordination of the implementation of university-wide projects, as indicated by the Rector, the Vice-Rector responsible in the field of science or the Chancellor;<\/p><p>(6) a record of project application forms and project grant agreements.<\/p><p>The process for applying, implementation and reporting of projects is determined by Order No. 36 of the Warsaw University of Life Sciences Rector on 03.06.2020, on the introduction of the\u00a0 &#8220;regulations for the preparation and\u00a0implementation of Projects financed with the use of external sources registered at the Warsaw University of Life Sciences in Warsaw monitored by the Section of National Projects&#8221;<\/p><p>Text available in the<a href=\"https:\/\/www.sggw.edu.pl\/strona-glowna\/nauka\/projekty-krajowe\/wsparcie-naukowcow\/zarzadzenia-i-przewodniki\/\"> tab: Regulations and guides<\/a><\/p>\n                    <\/div>\n                <\/div>\n            <\/section>\t\t<\/div>\n\t\t\t\t<\/div>\n\t\t\t\t\t<\/div>\n\t\t<\/div>\n\t\t\t\t\t<\/div>\n\t\t<\/section>\n\t\t\t\t\t<\/div>\n\t\t<\/div>\n\t\t\t\t\t<\/div>\n\t\t<\/section>\n\t\t\t\t<\/div>\n\t\t","protected":false},"excerpt":{"rendered":"<p>Section activities The scope of the Section of National Projects within the Framework of the Office for Science and National Projects includes issues relating to proposals financed by national funds and from the Structural Funds, with the exception of the programmes of the Minister responsible for higher education and science, outsourced work and investment projects, [&hellip;]<\/p>\n","protected":false},"author":1,"featured_media":0,"parent":15151,"menu_order":0,"comment_status":"closed","ping_status":"closed","template":"","meta":{"_acf_changed":false,"footnotes":""},"class_list":["post-15179","page","type-page","status-publish","hentry"],"acf":[],"_links":{"self":[{"href":"https:\/\/www.sggw.edu.pl\/en\/wp-json\/wp\/v2\/pages\/15179","targetHints":{"allow":["GET"]}}],"collection":[{"href":"https:\/\/www.sggw.edu.pl\/en\/wp-json\/wp\/v2\/pages"}],"about":[{"href":"https:\/\/www.sggw.edu.pl\/en\/wp-json\/wp\/v2\/types\/page"}],"author":[{"embeddable":true,"href":"https:\/\/www.sggw.edu.pl\/en\/wp-json\/wp\/v2\/users\/1"}],"replies":[{"embeddable":true,"href":"https:\/\/www.sggw.edu.pl\/en\/wp-json\/wp\/v2\/comments?post=15179"}],"version-history":[{"count":17,"href":"https:\/\/www.sggw.edu.pl\/en\/wp-json\/wp\/v2\/pages\/15179\/revisions"}],"predecessor-version":[{"id":94348,"href":"https:\/\/www.sggw.edu.pl\/en\/wp-json\/wp\/v2\/pages\/15179\/revisions\/94348"}],"up":[{"embeddable":true,"href":"https:\/\/www.sggw.edu.pl\/en\/wp-json\/wp\/v2\/pages\/15151"}],"wp:attachment":[{"href":"https:\/\/www.sggw.edu.pl\/en\/wp-json\/wp\/v2\/media?parent=15179"}],"curies":[{"name":"wp","href":"https:\/\/api.w.org\/{rel}","templated":true}]}}