{"id":15183,"date":"2021-01-28T12:37:28","date_gmt":"2021-01-28T11:37:28","guid":{"rendered":"https:\/\/www.sggw.edu.pl\/science\/international-projects\/smpb-contact\/"},"modified":"2024-04-29T10:40:25","modified_gmt":"2024-04-29T08:40:25","slug":"smpb-contact","status":"publish","type":"page","link":"https:\/\/www.sggw.edu.pl\/en\/science\/international-projects\/smpb-contact\/","title":{"rendered":"Contact to the International Research Projects Office"},"content":{"rendered":"\t\t<div data-elementor-type=\"wp-page\" data-elementor-id=\"15183\" class=\"elementor elementor-15183\" data-elementor-post-type=\"page\">\n\t\t\t\t\t\t<section class=\"elementor-section elementor-top-section elementor-element elementor-element-11591731 elementor-section-boxed elementor-section-height-default elementor-section-height-default\" data-id=\"11591731\" data-element_type=\"section\">\n\t\t\t\t\t\t<div class=\"elementor-container elementor-column-gap-default\">\n\t\t\t\t\t<div class=\"elementor-column elementor-col-100 elementor-top-column elementor-element elementor-element-6b0e3d5f\" data-id=\"6b0e3d5f\" data-element_type=\"column\">\n\t\t\t<div class=\"elementor-widget-wrap elementor-element-populated\">\n\t\t\t\t\t\t<div class=\"elementor-element elementor-element-3e9b20cc elementor-widget elementor-widget-wp-widget-bcn_widget\" data-id=\"3e9b20cc\" data-element_type=\"widget\" data-widget_type=\"wp-widget-bcn_widget.default\">\n\t\t\t\t<div class=\"elementor-widget-container\">\n\t\t\t<div class=\"mn-grid breadcrumb\">\n                                    <div class=\"breadcrumb-inner mn-grid-12\"><div class=\"breadcrumbs\" vocab=\"https:\/\/schema.org\/\" typeof=\"BreadcrumbList\"><span property=\"itemListElement\" typeof=\"ListItem\"><a property=\"item\" typeof=\"WebPage\" title=\"Go to Szko\u0142a G\u0142\u00f3wna Gospodarstwa Wiejskiego w Warszawie.\" href=\"https:\/\/www.sggw.edu.pl\/en\/\" class=\"home\" aria-current=\"page\"><span property=\"name\">Home<\/span><\/a><meta property=\"position\" content=\"1\"><\/span><\/div>    <\/div>\n                                <\/div>\t\t<\/div>\n\t\t\t\t<\/div>\n\t\t\t\t<div class=\"elementor-element elementor-element-5c720b42 elementor-widget elementor-widget-post-title\" data-id=\"5c720b42\" data-element_type=\"widget\" data-widget_type=\"post-title.default\">\n\t\t\t\t<div class=\"elementor-widget-container\">\n\t\t\t<section>\n                    <div class=\"mn-grid entry-header-inner section-inner medium\">\n                        <h1 class=\"mn-grid-12 entry-title\" style=\"\">\n                            Contact to the International Research Projects Office\n                        <\/h1>\n                    <\/div>\n                <\/section>\t\t<\/div>\n\t\t\t\t<\/div>\n\t\t\t\t\t<\/div>\n\t\t<\/div>\n\t\t\t\t\t<\/div>\n\t\t<\/section>\n\t\t\t\t<section class=\"elementor-section elementor-top-section elementor-element elementor-element-40f292a elementor-section-boxed elementor-section-height-default elementor-section-height-default\" data-id=\"40f292a\" data-element_type=\"section\">\n\t\t\t\t\t\t<div class=\"elementor-container elementor-column-gap-default\">\n\t\t\t\t\t<div class=\"elementor-column elementor-col-100 elementor-top-column elementor-element elementor-element-13ff381\" data-id=\"13ff381\" data-element_type=\"column\">\n\t\t\t<div class=\"elementor-widget-wrap elementor-element-populated\">\n\t\t\t\t\t\t<div class=\"elementor-element elementor-element-772c2a4 elementor-widget elementor-widget-w12\" data-id=\"772c2a4\" data-element_type=\"widget\" data-widget_type=\"w12.default\">\n\t\t\t\t<div class=\"elementor-widget-container\">\n\t\t\t<section>\n                <div class=\"mn-grid\">\n                    <div class=\"mn-grid-12 mn-mod-text-links\">\n                        <p><strong>The International Research Projects Office <\/strong>reports substantively to Prof. Dr. Tomasz Okruszko, MScEng, Vice-Rector for Science.<\/p>\n                    <\/div>\n                <\/div>\n            <\/section>\t\t<\/div>\n\t\t\t\t<\/div>\n\t\t\t\t\t<\/div>\n\t\t<\/div>\n\t\t\t\t\t<\/div>\n\t\t<\/section>\n\t\t\t\t<section class=\"elementor-section elementor-top-section elementor-element elementor-element-05d8793 elementor-section-boxed elementor-section-height-default elementor-section-height-default\" data-id=\"05d8793\" data-element_type=\"section\">\n\t\t\t\t\t\t<div class=\"elementor-container elementor-column-gap-default\">\n\t\t\t\t\t<div class=\"elementor-column elementor-col-100 elementor-top-column elementor-element elementor-element-13cee47\" data-id=\"13cee47\" data-element_type=\"column\">\n\t\t\t<div class=\"elementor-widget-wrap elementor-element-populated\">\n\t\t\t\t\t\t<div class=\"elementor-element elementor-element-00fad27 elementor-widget elementor-widget-w33\" data-id=\"00fad27\" data-element_type=\"widget\" data-widget_type=\"w33.default\">\n\t\t\t\t<div class=\"elementor-widget-container\">\n\t\t\t<section>\n            <div class=\"mn-grid\">\n                <div class=\"mn-vertical-separator-x2\">\n                    \n                <\/div>\n            <\/section>\t\t<\/div>\n\t\t\t\t<\/div>\n\t\t\t\t<div class=\"elementor-element elementor-element-d7616c5 elementor-widget elementor-widget-w12\" data-id=\"d7616c5\" data-element_type=\"widget\" data-widget_type=\"w12.default\">\n\t\t\t\t<div class=\"elementor-widget-container\">\n\t\t\t<section>\n                <div class=\"mn-grid\">\n                    <div class=\"mn-grid-12 mn-mod-text-links\">\n                        <p>The section is located in building 2, rooms 12 and 13<\/p><\/p>\n\n                    <\/div>\n                <\/div>\n            <\/section>\t\t<\/div>\n\t\t\t\t<\/div>\n\t\t\t\t<div class=\"elementor-element elementor-element-7bfcf4d elementor-widget elementor-widget-w12\" data-id=\"7bfcf4d\" data-element_type=\"widget\" data-widget_type=\"w12.default\">\n\t\t\t\t<div class=\"elementor-widget-container\">\n\t\t\t<section>\n                <div class=\"mn-grid\">\n                    <div class=\"mn-grid-12 mn-mod-text-links\">\n                        <p><strong>Section Manager:<\/strong><\/p><p><em>Ma\u0142gorzata Ciborowska<\/em><\/p><ul><li>phone: 22 59 310 50, 22 59 318 45<\/li><li>e-mail: <a href=\"mailto:malgorzata_ciborowska@sggw.edu.pl\">malgorzata_ciborowska@sggw.edu.pl<\/a><\/li><\/ul><p><strong>Employees:<\/strong><\/p><p><em>Alina Boryca<\/em>, specialist<\/p><ul><li>phone: 22 59 310 41<\/li><li>e-mail: <a href=\"mailto:alina_boryca@sggw.edu.pl\">alina_boryca@sggw.edu.pl<\/a><\/li><\/ul><p><em>Luiza Czekala,<\/em> specialist<\/p><ul><li>phone: 22 59 318 48<\/li><li>e-mail: <a href=\"mailto:luiza_czekala@sggw.edu.pl\">luiza_czekala@sggw.edu.pl<\/a><\/li><\/ul><p><em>Iwona Pasichnyk, <\/em>senior specialist<\/p><ul><li>phone: 22 59 318 49<\/li><li>e-mail: <a href=\"mailto:iwona_pasichnyk@sggw.edu.pl\">iwona_pasichnyk@sggw.edu.pl<\/a><\/li><\/ul><p><em>Ewa Trojanowska, <\/em>specialist<\/p><ul><li>phone: 22 59 318 69<\/li><li>e-mail: <a href=\"mailto:ewa_trojanowska@sggw.edu.pl\">ewa_trojanowska@sggw.edu.pl<\/a><\/li><\/ul><p>Edyta Seliga &#8211; vacation<\/p>\n                    <\/div>\n                <\/div>\n            <\/section>\t\t<\/div>\n\t\t\t\t<\/div>\n\t\t\t\t\t<\/div>\n\t\t<\/div>\n\t\t\t\t\t<\/div>\n\t\t<\/section>\n\t\t\t\t<\/div>\n\t\t","protected":false},"excerpt":{"rendered":"<p>Contact to the International Research Projects Office The International Research Projects Office reports substantively to Prof. Dr. Tomasz Okruszko, MScEng, Vice-Rector for Science. The section is located in building 2, rooms 12 and 13 Section Manager: Ma\u0142gorzata Ciborowska phone: 22 59 310 50, 22 59 318 45 e-mail: malgorzata_ciborowska@sggw.edu.pl Employees: Alina Boryca, specialist phone: 22 [&hellip;]<\/p>\n","protected":false},"author":1,"featured_media":0,"parent":14905,"menu_order":0,"comment_status":"closed","ping_status":"closed","template":"","meta":{"_acf_changed":false,"footnotes":""},"class_list":["post-15183","page","type-page","status-publish","hentry"],"acf":[],"_links":{"self":[{"href":"https:\/\/www.sggw.edu.pl\/en\/wp-json\/wp\/v2\/pages\/15183","targetHints":{"allow":["GET"]}}],"collection":[{"href":"https:\/\/www.sggw.edu.pl\/en\/wp-json\/wp\/v2\/pages"}],"about":[{"href":"https:\/\/www.sggw.edu.pl\/en\/wp-json\/wp\/v2\/types\/page"}],"author":[{"embeddable":true,"href":"https:\/\/www.sggw.edu.pl\/en\/wp-json\/wp\/v2\/users\/1"}],"replies":[{"embeddable":true,"href":"https:\/\/www.sggw.edu.pl\/en\/wp-json\/wp\/v2\/comments?post=15183"}],"version-history":[{"count":20,"href":"https:\/\/www.sggw.edu.pl\/en\/wp-json\/wp\/v2\/pages\/15183\/revisions"}],"predecessor-version":[{"id":200058,"href":"https:\/\/www.sggw.edu.pl\/en\/wp-json\/wp\/v2\/pages\/15183\/revisions\/200058"}],"up":[{"embeddable":true,"href":"https:\/\/www.sggw.edu.pl\/en\/wp-json\/wp\/v2\/pages\/14905"}],"wp:attachment":[{"href":"https:\/\/www.sggw.edu.pl\/en\/wp-json\/wp\/v2\/media?parent=15183"}],"curies":[{"name":"wp","href":"https:\/\/api.w.org\/{rel}","templated":true}]}}