{"id":15190,"date":"2021-01-28T12:37:33","date_gmt":"2021-01-28T11:37:33","guid":{"rendered":"https:\/\/www.sggw.edu.pl\/science\/national-projects\/programs\/structural-funds\/"},"modified":"2021-09-12T23:16:38","modified_gmt":"2021-09-12T21:16:38","slug":"structural-funds","status":"publish","type":"page","link":"https:\/\/www.sggw.edu.pl\/en\/science\/national-projects\/programs\/structural-funds\/","title":{"rendered":"Structural Funds"},"content":{"rendered":"\t\t<div data-elementor-type=\"wp-page\" data-elementor-id=\"15190\" class=\"elementor elementor-15190\" data-elementor-post-type=\"page\">\n\t\t\t\t\t\t<section class=\"elementor-section elementor-top-section elementor-element elementor-element-621d9922 elementor-section-boxed elementor-section-height-default elementor-section-height-default\" data-id=\"621d9922\" data-element_type=\"section\">\n\t\t\t\t\t\t<div class=\"elementor-container elementor-column-gap-default\">\n\t\t\t\t\t<div class=\"elementor-column elementor-col-100 elementor-top-column elementor-element elementor-element-35343050\" data-id=\"35343050\" data-element_type=\"column\">\n\t\t\t<div class=\"elementor-widget-wrap elementor-element-populated\">\n\t\t\t\t\t\t<div class=\"elementor-element elementor-element-34a7e15a elementor-widget elementor-widget-wp-widget-bcn_widget\" data-id=\"34a7e15a\" data-element_type=\"widget\" data-widget_type=\"wp-widget-bcn_widget.default\">\n\t\t\t\t<div class=\"elementor-widget-container\">\n\t\t\t<div class=\"mn-grid breadcrumb\">\n                                    <div class=\"breadcrumb-inner mn-grid-12\"><div class=\"breadcrumbs\" vocab=\"https:\/\/schema.org\/\" typeof=\"BreadcrumbList\"><span property=\"itemListElement\" typeof=\"ListItem\"><a property=\"item\" typeof=\"WebPage\" title=\"Go to Szko\u0142a G\u0142\u00f3wna Gospodarstwa Wiejskiego w Warszawie.\" href=\"https:\/\/www.sggw.edu.pl\/en\/\" class=\"home\" aria-current=\"page\"><span property=\"name\">Home<\/span><\/a><meta property=\"position\" content=\"1\"><\/span><\/div>    <\/div>\n                                <\/div>\t\t<\/div>\n\t\t\t\t<\/div>\n\t\t\t\t<div class=\"elementor-element elementor-element-7b76e87e elementor-widget elementor-widget-post-title\" data-id=\"7b76e87e\" data-element_type=\"widget\" data-widget_type=\"post-title.default\">\n\t\t\t\t<div class=\"elementor-widget-container\">\n\t\t\t<section>\n                    <div class=\"mn-grid entry-header-inner section-inner medium\">\n                        <h1 class=\"mn-grid-12 entry-title\" style=\"\">\n                            Structural Funds\n                        <\/h1>\n                    <\/div>\n                <\/section>\t\t<\/div>\n\t\t\t\t<\/div>\n\t\t\t\t<div class=\"elementor-element elementor-element-6d8a51b elementor-widget elementor-widget-w11\" data-id=\"6d8a51b\" data-element_type=\"widget\" data-widget_type=\"w11.default\">\n\t\t\t\t<div class=\"elementor-widget-container\">\n\t\t\t<section><div class=\"mn-grid\"><ul class=\"mn-grid-12 mn-mod-links-text-3\"><li>\n                            <a href=\"\" class=\"mn-pointer-event-off\">\n                                <span>News<\/span>\n                            <\/a>\n                        <\/li><li>\n                            <a href=\"\" class=\"mn-pointer-event-off\">\n                                <span>Recruitment schedules<\/span>\n                            <\/a>\n                        <\/li><li>\n                            <a href=\"\" class=\"mn-pointer-event-off\">\n                                <span>Smart Development Operational Program<\/span>\n                            <\/a>\n                        <\/li><li>\n                            <a href=\"\" class=\"mn-pointer-event-off\">\n                                <span>Operational Program Knowledge Education Development<\/span>\n                            <\/a>\n                        <\/li><li>\n                            <a href=\"\" class=\"mn-pointer-event-off\">\n                                <span>Infrastructure and Environment Operational Programme<\/span>\n                            <\/a>\n                        <\/li><li>\n                            <a href=\"\" class=\"mn-pointer-event-off\">\n                                <span>Fisheries and Sea Operational Programme<\/span>\n                            <\/a>\n                        <\/li><li>\n                            <a href=\"\" class=\"mn-pointer-event-off\">\n                                <span>Operational Programme Digital Poland<\/span>\n                            <\/a>\n                        <\/li><li>\n                            <a href=\"\" class=\"mn-pointer-event-off\">\n                                <span>Mazowiecki Regional Operational Program 2014-2020<\/span>\n                            <\/a>\n                        <\/li><\/ul><\/div><\/section>\t\t<\/div>\n\t\t\t\t<\/div>\n\t\t\t\t<div class=\"elementor-element elementor-element-47e98ab elementor-widget elementor-widget-w33\" data-id=\"47e98ab\" data-element_type=\"widget\" data-widget_type=\"w33.default\">\n\t\t\t\t<div class=\"elementor-widget-container\">\n\t\t\t<section>\n            <div class=\"mn-grid\">\n                <div class=\"mn-vertical-separator-x2\">\n                    \n                <\/div>\n            <\/section>\t\t<\/div>\n\t\t\t\t<\/div>\n\t\t\t\t<section class=\"elementor-section elementor-inner-section elementor-element elementor-element-9418877 elementor-section-boxed elementor-section-height-default elementor-section-height-default\" data-id=\"9418877\" data-element_type=\"section\">\n\t\t\t\t\t\t<div class=\"elementor-container elementor-column-gap-default\">\n\t\t\t\t\t<div class=\"elementor-column elementor-col-100 elementor-inner-column elementor-element elementor-element-07977ff\" data-id=\"07977ff\" data-element_type=\"column\">\n\t\t\t<div class=\"elementor-widget-wrap elementor-element-populated\">\n\t\t\t\t\t\t<div class=\"elementor-element elementor-element-da0cfa8 elementor-widget elementor-widget-w12\" data-id=\"da0cfa8\" data-element_type=\"widget\" data-widget_type=\"w12.default\">\n\t\t\t\t<div class=\"elementor-widget-container\">\n\t\t\t<section>\n                <div class=\"mn-grid\">\n                    <div class=\"mn-grid-12 mn-mod-text-links\">\n                        <p>The perspective for 2014-2020 is implemented in Poland through 6 national operational programmes managed by the Ministry of Funds and Regional Policy and 16 regional programmes managed by the Marshal&#8217;s Offices.<\/p>\n\n                    <\/div>\n                <\/div>\n            <\/section>\t\t<\/div>\n\t\t\t\t<\/div>\n\t\t\t\t<div class=\"elementor-element elementor-element-212d294 elementor-widget elementor-widget-w7\" data-id=\"212d294\" data-element_type=\"widget\" data-widget_type=\"w7.default\">\n\t\t\t\t<div class=\"elementor-widget-container\">\n\t\t\t<section>\n                <div class=\"mn-grid\">\n                    <div class=\"mn-grid-12 mn-horizontal-separator\"><\/div>\n                <\/div>\n                <\/section>\t\t<\/div>\n\t\t\t\t<\/div>\n\t\t\t\t<div class=\"elementor-element elementor-element-4d42561 elementor-widget elementor-widget-w1_2_3\" data-id=\"4d42561\" data-element_type=\"widget\" data-widget_type=\"w1_2_3.default\">\n\t\t\t\t<div class=\"elementor-widget-container\">\n\t\t\t<section>\n                    <div class=\"mn-grid\">\n                        <h3  class=\"mn-grid-12 mn-section-title2\">\n                            NATIONAL PROGRAMMES\n                        <\/h3>\n                    <\/div>\n                <\/section>\t\t<\/div>\n\t\t\t\t<\/div>\n\t\t\t\t<div class=\"elementor-element elementor-element-cb15e2b elementor-widget elementor-widget-w12\" data-id=\"cb15e2b\" data-element_type=\"widget\" data-widget_type=\"w12.default\">\n\t\t\t\t<div class=\"elementor-widget-container\">\n\t\t\t<section>\n                <div class=\"mn-grid\">\n                    <div class=\"mn-grid-12 mn-mod-text-links\">\n                        <p>The most funds were allocated to the Infrastructure and Environmental Programme. The priorities of this program are the low-carbon economy, environmental protection, the development of the country&#8217;s technical infrastructure, and energy security.<\/p><p>The second highest funded initiative is the Smart Development Programme. It is the largest program in the European Union to finance research, development, and innovation. Thanks to it, support including researchers and entrepreneurs will be able to jointly run R&amp;D projects and the results of R&amp;D work will be applied in the economy. &#8220;From idea to market&#8221; &#8211; this is the main premise of this program. It means supporting innovation, from the development of concepts of unprecedented products, services, or technologies, through the preparation of prototypes\/pilot lines, to their commercialization.<\/p><p>The <strong>Knowledge Education Development Programme <\/strong>aims at activating young people under the age of 30 who are unemployed, supporting higher education, developing social innovation, mobility, and transnational cooperation, as well as reforming public policies in the areas of employment, social inclusion, education, health, and good governance.<\/p><p>The <strong>Digital Poland Programme<\/strong>\u00a0aims to increase internet accessibility, create citizen-friendly e-government, which will enable many cases to be handled through a computer and the dissemination of knowledge and skills of computer use in society.<\/p><p>The<strong> Eastern Poland<\/strong> programme is a trans-regional programme for the provinces of Eastern Poland aimed at increasing the competitiveness and innovation of the Polish East Polish macro-region by supporting innovation and research development and increasing the investment attractiveness of the macro-region, in particular through transport accessibility.<\/p><p>The<strong> Technical Assistance programme <\/strong>is intended to ensure the smooth functioning of the institutions of the system of implementation of the Funds, as well as the establishment of an effective system of information and promotion of European funds.<\/p><p>In addition, poland is running the Rural Development Programme (\u20ac8.5 billion) and the Fisheries and Sea Programme (\u20ac0.5 billion).<\/p>\n                    <\/div>\n                <\/div>\n            <\/section>\t\t<\/div>\n\t\t\t\t<\/div>\n\t\t\t\t<div class=\"elementor-element elementor-element-608b7e7 elementor-widget elementor-widget-w7\" data-id=\"608b7e7\" data-element_type=\"widget\" data-widget_type=\"w7.default\">\n\t\t\t\t<div class=\"elementor-widget-container\">\n\t\t\t<section>\n                <div class=\"mn-grid\">\n                    <div class=\"mn-grid-12 mn-horizontal-separator\"><\/div>\n                <\/div>\n                <\/section>\t\t<\/div>\n\t\t\t\t<\/div>\n\t\t\t\t\t<\/div>\n\t\t<\/div>\n\t\t\t\t\t<\/div>\n\t\t<\/section>\n\t\t\t\t\t<\/div>\n\t\t<\/div>\n\t\t\t\t\t<\/div>\n\t\t<\/section>\n\t\t\t\t<section class=\"elementor-section elementor-top-section elementor-element elementor-element-3513f48 elementor-section-boxed elementor-section-height-default elementor-section-height-default\" data-id=\"3513f48\" data-element_type=\"section\">\n\t\t\t\t\t\t<div class=\"elementor-container elementor-column-gap-default\">\n\t\t\t\t\t<div class=\"elementor-column elementor-col-100 elementor-top-column elementor-element elementor-element-ec55619\" data-id=\"ec55619\" data-element_type=\"column\">\n\t\t\t<div class=\"elementor-widget-wrap elementor-element-populated\">\n\t\t\t\t\t\t<section class=\"elementor-section elementor-inner-section elementor-element elementor-element-0f11a3a elementor-section-boxed elementor-section-height-default elementor-section-height-default\" data-id=\"0f11a3a\" data-element_type=\"section\">\n\t\t\t\t\t\t<div class=\"elementor-container elementor-column-gap-default\">\n\t\t\t\t\t<div class=\"elementor-column elementor-col-100 elementor-inner-column elementor-element elementor-element-d8dd407\" data-id=\"d8dd407\" data-element_type=\"column\">\n\t\t\t<div class=\"elementor-widget-wrap elementor-element-populated\">\n\t\t\t\t\t\t<div class=\"elementor-element elementor-element-55b1978 elementor-widget elementor-widget-w1_2_3\" data-id=\"55b1978\" data-element_type=\"widget\" data-widget_type=\"w1_2_3.default\">\n\t\t\t\t<div class=\"elementor-widget-container\">\n\t\t\t<section>\n                    <div class=\"mn-grid\">\n                        <h3  class=\"mn-grid-12 mn-section-title2\">\n                            REGIONAL PROGRAMMES\n                        <\/h3>\n                    <\/div>\n                <\/section>\t\t<\/div>\n\t\t\t\t<\/div>\n\t\t\t\t<div class=\"elementor-element elementor-element-8c8ed92 elementor-widget elementor-widget-w12\" data-id=\"8c8ed92\" data-element_type=\"widget\" data-widget_type=\"w12.default\">\n\t\t\t\t<div class=\"elementor-widget-container\">\n\t\t\t<section>\n                <div class=\"mn-grid\">\n                    <div class=\"mn-grid-12 mn-mod-text-links\">\n                        <p>In addition to national programmes, EU funds are allocated to 16 regional programmes. Their aim is to support the development of all regions.<\/p><p>In this case, the funds are managed not by central authorities, but by local government institutions \u2013 that is, the provincial boards.<\/p><p>EU funds in regional programmes:<\/p><p>Lower Silesia &#8211; 2.25 billion euros<\/p><p>Kuyavia-Pomerania &#8211; 1.9 billion euros<\/p><p>Lublin &#8211; \u20ac2.23 billion<\/p><p>Lubusz &#8211; \u20ac0.9 billion<\/p><p>Lodz &#8211; \u20ac2.25 billion<\/p><p>Lesser Poland- 2.87 billion euros<\/p><p>Mazovian &#8211; 2.08 billion euros<\/p><p>Opole &#8211; 0.9 billion euros<\/p><p>Subcarpathian &#8211; \u20ac2.1 billion<\/p><p>Podlaskie &#8211; \u20ac1.21 billion<\/p><p>Pomeranian &#8211; \u20ac1.86 billion<\/p><p>Silesian &#8211; \u20ac3.47 billion<\/p><p>\u015awi\u0119tokrzyskie &#8211; 1.36 billion euros<\/p><p>Warmia and Mazury &#8211; 1.72 billion euros<\/p><p>Greater Poland- \u20ac2.45 billion<\/p><p>West Pomeranian &#8211; 1.6 billion euros<\/p>\n                    <\/div>\n                <\/div>\n            <\/section>\t\t<\/div>\n\t\t\t\t<\/div>\n\t\t\t\t\t<\/div>\n\t\t<\/div>\n\t\t\t\t\t<\/div>\n\t\t<\/section>\n\t\t\t\t\t<\/div>\n\t\t<\/div>\n\t\t\t\t\t<\/div>\n\t\t<\/section>\n\t\t\t\t<\/div>\n\t\t","protected":false},"excerpt":{"rendered":"<p>Structural Funds News Recruitment schedules Smart Development Operational Program Operational Program Knowledge Education Development Infrastructure and Environment Operational Programme Fisheries and Sea Operational Programme Operational Programme Digital Poland Mazowiecki Regional Operational Program 2014-2020 The perspective for 2014-2020 is implemented in Poland through 6 national operational programmes managed by the Ministry of Funds and Regional Policy [&hellip;]<\/p>\n","protected":false},"author":1,"featured_media":0,"parent":15157,"menu_order":0,"comment_status":"closed","ping_status":"closed","template":"","meta":{"_acf_changed":false,"footnotes":""},"class_list":["post-15190","page","type-page","status-publish","hentry"],"acf":[],"_links":{"self":[{"href":"https:\/\/www.sggw.edu.pl\/en\/wp-json\/wp\/v2\/pages\/15190","targetHints":{"allow":["GET"]}}],"collection":[{"href":"https:\/\/www.sggw.edu.pl\/en\/wp-json\/wp\/v2\/pages"}],"about":[{"href":"https:\/\/www.sggw.edu.pl\/en\/wp-json\/wp\/v2\/types\/page"}],"author":[{"embeddable":true,"href":"https:\/\/www.sggw.edu.pl\/en\/wp-json\/wp\/v2\/users\/1"}],"replies":[{"embeddable":true,"href":"https:\/\/www.sggw.edu.pl\/en\/wp-json\/wp\/v2\/comments?post=15190"}],"version-history":[{"count":13,"href":"https:\/\/www.sggw.edu.pl\/en\/wp-json\/wp\/v2\/pages\/15190\/revisions"}],"predecessor-version":[{"id":94342,"href":"https:\/\/www.sggw.edu.pl\/en\/wp-json\/wp\/v2\/pages\/15190\/revisions\/94342"}],"up":[{"embeddable":true,"href":"https:\/\/www.sggw.edu.pl\/en\/wp-json\/wp\/v2\/pages\/15157"}],"wp:attachment":[{"href":"https:\/\/www.sggw.edu.pl\/en\/wp-json\/wp\/v2\/media?parent=15190"}],"curies":[{"name":"wp","href":"https:\/\/api.w.org\/{rel}","templated":true}]}}