{"id":15191,"date":"2021-01-28T12:37:33","date_gmt":"2021-01-28T11:37:33","guid":{"rendered":"https:\/\/www.sggw.edu.pl\/activities-of-the-section\/"},"modified":"2021-07-01T14:54:27","modified_gmt":"2021-07-01T12:54:27","slug":"activities-of-the-section","status":"publish","type":"page","link":"https:\/\/www.sggw.edu.pl\/en\/science\/international-projects\/support-for-researchers\/activities-of-the-section\/","title":{"rendered":"Activities of the Office"},"content":{"rendered":"\t\t<div data-elementor-type=\"wp-page\" data-elementor-id=\"15191\" class=\"elementor elementor-15191\" data-elementor-post-type=\"page\">\n\t\t\t\t\t\t<section class=\"elementor-section elementor-top-section elementor-element elementor-element-14a0766 elementor-section-boxed elementor-section-height-default elementor-section-height-default\" data-id=\"14a0766\" data-element_type=\"section\">\n\t\t\t\t\t\t<div class=\"elementor-container elementor-column-gap-default\">\n\t\t\t\t\t<div class=\"elementor-column elementor-col-100 elementor-top-column elementor-element elementor-element-2b471580\" data-id=\"2b471580\" data-element_type=\"column\">\n\t\t\t<div class=\"elementor-widget-wrap elementor-element-populated\">\n\t\t\t\t\t\t<div class=\"elementor-element elementor-element-788342a1 elementor-widget elementor-widget-wp-widget-bcn_widget\" data-id=\"788342a1\" data-element_type=\"widget\" data-widget_type=\"wp-widget-bcn_widget.default\">\n\t\t\t\t<div class=\"elementor-widget-container\">\n\t\t\t<div class=\"mn-grid breadcrumb\">\n                                    <div class=\"breadcrumb-inner mn-grid-12\"><div class=\"breadcrumbs\" vocab=\"https:\/\/schema.org\/\" typeof=\"BreadcrumbList\"><span property=\"itemListElement\" typeof=\"ListItem\"><a property=\"item\" typeof=\"WebPage\" title=\"Go to Szko\u0142a G\u0142\u00f3wna Gospodarstwa Wiejskiego w Warszawie.\" href=\"https:\/\/www.sggw.edu.pl\/en\/\" class=\"home\" aria-current=\"page\"><span property=\"name\">Home<\/span><\/a><meta property=\"position\" content=\"1\"><\/span><\/div>    <\/div>\n                                <\/div>\t\t<\/div>\n\t\t\t\t<\/div>\n\t\t\t\t<div class=\"elementor-element elementor-element-5ce11d0f elementor-widget elementor-widget-post-title\" data-id=\"5ce11d0f\" data-element_type=\"widget\" data-widget_type=\"post-title.default\">\n\t\t\t\t<div class=\"elementor-widget-container\">\n\t\t\t<section>\n                    <div class=\"mn-grid entry-header-inner section-inner medium\">\n                        <h1 class=\"mn-grid-12 entry-title\" style=\"\">\n                            Activities of the Office\n                        <\/h1>\n                    <\/div>\n                <\/section>\t\t<\/div>\n\t\t\t\t<\/div>\n\t\t\t\t\t<\/div>\n\t\t<\/div>\n\t\t\t\t\t<\/div>\n\t\t<\/section>\n\t\t\t\t<section class=\"elementor-section elementor-top-section elementor-element elementor-element-7377e97 elementor-section-boxed elementor-section-height-default elementor-section-height-default\" data-id=\"7377e97\" data-element_type=\"section\">\n\t\t\t\t\t\t<div class=\"elementor-container elementor-column-gap-default\">\n\t\t\t\t\t<div class=\"elementor-column elementor-col-100 elementor-top-column elementor-element elementor-element-24c960d\" data-id=\"24c960d\" data-element_type=\"column\">\n\t\t\t<div class=\"elementor-widget-wrap elementor-element-populated\">\n\t\t\t\t\t\t<div class=\"elementor-element elementor-element-e1a1f96 elementor-widget elementor-widget-w12\" data-id=\"e1a1f96\" data-element_type=\"widget\" data-widget_type=\"w12.default\">\n\t\t\t\t<div class=\"elementor-widget-container\">\n\t\t\t<section>\n                <div class=\"mn-grid\">\n                    <div class=\"mn-grid-12 mn-mod-text-links\">\n                        <p><strong>The scope of the Office&#8217;s activities includes issues related to the Framework Programmes of the European Union and international research, such as:<\/strong><\/p><p style=\"padding-left: 40px\"><strong>Support research teams to increase the number of international research projects by:<\/strong><\/p><p style=\"padding-left: 40px\">&#8211; keeping SGGW faculty informed about newly opened competitions for international research projects (their structure and rules for participation)<\/p><p style=\"padding-left: 40px\">-searching for project partners<\/p><p style=\"padding-left: 40px\">-providing consultations on applying for the grants- assistance in the formal and financial aspects (referring to budget) of the proposal preparation<\/p><p style=\"padding-left: 40px\">-consulting on the implementation of projects &#8211; assistance in solving emerging problems<\/p><p style=\"padding-left: 40px\">-organization of trainings, workshops, consultations with Polish and international experts on projects application and implementation<\/p><p style=\"padding-left: 40px\">-information on\u00a0 financing of scientific cooperation with other countries from the funds of the Ministery of Science and Higher Education within the framework of international co-financed projects or other projects<\/p><div>\u00a0<\/div><div style=\"padding-left: 40px\"><strong>Keeping statistics related to the implementation of international research projects in SGGW<\/strong><\/div>\n                    <\/div>\n                <\/div>\n            <\/section>\t\t<\/div>\n\t\t\t\t<\/div>\n\t\t\t\t\t<\/div>\n\t\t<\/div>\n\t\t\t\t\t<\/div>\n\t\t<\/section>\n\t\t\t\t<\/div>\n\t\t","protected":false},"excerpt":{"rendered":"<p>Activities of the Office The scope of the Office&#8217;s activities includes issues related to the Framework Programmes of the European Union and international research, such as: Support research teams to increase the number of international research projects by: &#8211; keeping SGGW faculty informed about newly opened competitions for international research projects (their structure and rules [&hellip;]<\/p>\n","protected":false},"author":1,"featured_media":0,"parent":15193,"menu_order":0,"comment_status":"closed","ping_status":"closed","template":"","meta":{"_acf_changed":false,"footnotes":""},"class_list":["post-15191","page","type-page","status-publish","hentry"],"acf":[],"_links":{"self":[{"href":"https:\/\/www.sggw.edu.pl\/en\/wp-json\/wp\/v2\/pages\/15191","targetHints":{"allow":["GET"]}}],"collection":[{"href":"https:\/\/www.sggw.edu.pl\/en\/wp-json\/wp\/v2\/pages"}],"about":[{"href":"https:\/\/www.sggw.edu.pl\/en\/wp-json\/wp\/v2\/types\/page"}],"author":[{"embeddable":true,"href":"https:\/\/www.sggw.edu.pl\/en\/wp-json\/wp\/v2\/users\/1"}],"replies":[{"embeddable":true,"href":"https:\/\/www.sggw.edu.pl\/en\/wp-json\/wp\/v2\/comments?post=15191"}],"version-history":[{"count":10,"href":"https:\/\/www.sggw.edu.pl\/en\/wp-json\/wp\/v2\/pages\/15191\/revisions"}],"predecessor-version":[{"id":87172,"href":"https:\/\/www.sggw.edu.pl\/en\/wp-json\/wp\/v2\/pages\/15191\/revisions\/87172"}],"up":[{"embeddable":true,"href":"https:\/\/www.sggw.edu.pl\/en\/wp-json\/wp\/v2\/pages\/15193"}],"wp:attachment":[{"href":"https:\/\/www.sggw.edu.pl\/en\/wp-json\/wp\/v2\/media?parent=15191"}],"curies":[{"name":"wp","href":"https:\/\/api.w.org\/{rel}","templated":true}]}}