{"id":15192,"date":"2021-01-28T12:37:33","date_gmt":"2021-01-28T11:37:33","guid":{"rendered":"https:\/\/www.sggw.edu.pl\/national-programmes\/ncbr\/"},"modified":"2021-08-10T00:29:11","modified_gmt":"2021-08-09T22:29:11","slug":"ncbr","status":"publish","type":"page","link":"https:\/\/www.sggw.edu.pl\/en\/science\/national-projects\/programs\/national-programmes\/ncbr\/","title":{"rendered":"NCBR"},"content":{"rendered":"\t\t<div data-elementor-type=\"wp-page\" data-elementor-id=\"15192\" class=\"elementor elementor-15192\" data-elementor-post-type=\"page\">\n\t\t\t\t\t\t<section class=\"elementor-section elementor-top-section elementor-element elementor-element-903d657 elementor-section-boxed elementor-section-height-default elementor-section-height-default\" data-id=\"903d657\" data-element_type=\"section\">\n\t\t\t\t\t\t<div class=\"elementor-container elementor-column-gap-default\">\n\t\t\t\t\t<div class=\"elementor-column elementor-col-100 elementor-top-column elementor-element elementor-element-18776caf\" data-id=\"18776caf\" data-element_type=\"column\">\n\t\t\t<div class=\"elementor-widget-wrap elementor-element-populated\">\n\t\t\t\t\t\t<div class=\"elementor-element elementor-element-4e3af7b5 elementor-widget elementor-widget-wp-widget-bcn_widget\" data-id=\"4e3af7b5\" data-element_type=\"widget\" data-widget_type=\"wp-widget-bcn_widget.default\">\n\t\t\t\t<div class=\"elementor-widget-container\">\n\t\t\t<div class=\"mn-grid breadcrumb\">\n                                    <div class=\"breadcrumb-inner mn-grid-12\"><div class=\"breadcrumbs\" vocab=\"https:\/\/schema.org\/\" typeof=\"BreadcrumbList\"><span property=\"itemListElement\" typeof=\"ListItem\"><a property=\"item\" typeof=\"WebPage\" title=\"Go to Szko\u0142a G\u0142\u00f3wna Gospodarstwa Wiejskiego w Warszawie.\" href=\"https:\/\/www.sggw.edu.pl\/en\/\" class=\"home\" aria-current=\"page\"><span property=\"name\">Home<\/span><\/a><meta property=\"position\" content=\"1\"><\/span><\/div>    <\/div>\n                                <\/div>\t\t<\/div>\n\t\t\t\t<\/div>\n\t\t\t\t\t<\/div>\n\t\t<\/div>\n\t\t\t\t\t<\/div>\n\t\t<\/section>\n\t\t\t\t<section class=\"elementor-section elementor-top-section elementor-element elementor-element-c93de0b elementor-section-boxed elementor-section-height-default elementor-section-height-default\" data-id=\"c93de0b\" data-element_type=\"section\">\n\t\t\t\t\t\t<div class=\"elementor-container elementor-column-gap-default\">\n\t\t\t\t\t<div class=\"elementor-column elementor-col-100 elementor-top-column elementor-element elementor-element-7a4c4e7\" data-id=\"7a4c4e7\" data-element_type=\"column\">\n\t\t\t<div class=\"elementor-widget-wrap elementor-element-populated\">\n\t\t\t\t\t\t<div class=\"elementor-element elementor-element-49962df elementor-widget elementor-widget-w1_2_3\" data-id=\"49962df\" data-element_type=\"widget\" data-widget_type=\"w1_2_3.default\">\n\t\t\t\t<div class=\"elementor-widget-container\">\n\t\t\t<section>\n                <div class=\"mn-grid\">\n                    <h2  class=\"mn-grid-12\">\n                        NCBR\n                    <\/h2>\n                <\/div>\n            <\/section>\t\t<\/div>\n\t\t\t\t<\/div>\n\t\t\t\t\t<\/div>\n\t\t<\/div>\n\t\t\t\t\t<\/div>\n\t\t<\/section>\n\t\t\t\t<section class=\"elementor-section elementor-top-section elementor-element elementor-element-749eaf2 elementor-section-boxed elementor-section-height-default elementor-section-height-default\" data-id=\"749eaf2\" data-element_type=\"section\">\n\t\t\t\t\t\t<div class=\"elementor-container elementor-column-gap-default\">\n\t\t\t\t\t<div class=\"elementor-column elementor-col-100 elementor-top-column elementor-element elementor-element-4afcf9d\" data-id=\"4afcf9d\" data-element_type=\"column\">\n\t\t\t<div class=\"elementor-widget-wrap elementor-element-populated\">\n\t\t\t\t\t\t<div class=\"elementor-element elementor-element-19108e4 elementor-widget elementor-widget-w1_2_3\" data-id=\"19108e4\" data-element_type=\"widget\" data-widget_type=\"w1_2_3.default\">\n\t\t\t\t<div class=\"elementor-widget-container\">\n\t\t\t<section>\n                    <div class=\"mn-grid\">\n                        <h3  class=\"mn-grid-12 mn-section-title2\">\n                            News\n                        <\/h3>\n                    <\/div>\n                <\/section>\t\t<\/div>\n\t\t\t\t<\/div>\n\t\t\t\t<div class=\"elementor-element elementor-element-868e55a elementor-widget elementor-widget-w9\" data-id=\"868e55a\" data-element_type=\"widget\" data-widget_type=\"w9.default\">\n\t\t\t\t<div class=\"elementor-widget-container\">\n\t\t\t<section><div class=\"mn-grid\"><ul class=\"mn-grid-12 mn-link-list-type1\"><li>\n                            <a href=\"https:\/\/www.ncbr.gov.pl\/o-centrum\/aktualnosci\/ \" >\n                                <span>NCBR NEWS<\/span>\n                            <\/a>\n                        <\/li><li>\n                            <a href=\"https:\/\/www.ncbr.gov.pl\/aktualne-konkursy\/\" >\n                                <span>CURRENT COMPETITIONS<\/span>\n                            <\/a>\n                        <\/li><\/ul><\/div><\/section>\t\t<\/div>\n\t\t\t\t<\/div>\n\t\t\t\t\t<\/div>\n\t\t<\/div>\n\t\t\t\t\t<\/div>\n\t\t<\/section>\n\t\t\t\t<section class=\"elementor-section elementor-top-section elementor-element elementor-element-ab35433 elementor-section-boxed elementor-section-height-default elementor-section-height-default\" data-id=\"ab35433\" data-element_type=\"section\">\n\t\t\t\t\t\t<div class=\"elementor-container elementor-column-gap-default\">\n\t\t\t\t\t<div class=\"elementor-column elementor-col-100 elementor-top-column elementor-element elementor-element-0812fbd\" data-id=\"0812fbd\" data-element_type=\"column\">\n\t\t\t<div class=\"elementor-widget-wrap elementor-element-populated\">\n\t\t\t\t\t\t<div class=\"elementor-element elementor-element-ac6eacd elementor-widget elementor-widget-w7\" data-id=\"ac6eacd\" data-element_type=\"widget\" data-widget_type=\"w7.default\">\n\t\t\t\t<div class=\"elementor-widget-container\">\n\t\t\t<section>\n                <div class=\"mn-grid\">\n                    <div class=\"mn-grid-12 mn-horizontal-separator\"><\/div>\n                <\/div>\n                <\/section>\t\t<\/div>\n\t\t\t\t<\/div>\n\t\t\t\t<div class=\"elementor-element elementor-element-987cf67 elementor-widget elementor-widget-w1_2_3\" data-id=\"987cf67\" data-element_type=\"widget\" data-widget_type=\"w1_2_3.default\">\n\t\t\t\t<div class=\"elementor-widget-container\">\n\t\t\t<section>\n                    <div class=\"mn-grid\">\n                        <h3  class=\"mn-grid-12 mn-section-title2\">\n                            NCBR NATIONAL PROGRAMMES\n                        <\/h3>\n                    <\/div>\n                <\/section>\t\t<\/div>\n\t\t\t\t<\/div>\n\t\t\t\t\t<\/div>\n\t\t<\/div>\n\t\t\t\t\t<\/div>\n\t\t<\/section>\n\t\t\t\t<section class=\"elementor-section elementor-top-section elementor-element elementor-element-c796cca elementor-section-boxed elementor-section-height-default elementor-section-height-default\" data-id=\"c796cca\" data-element_type=\"section\">\n\t\t\t\t\t\t<div class=\"elementor-container elementor-column-gap-default\">\n\t\t\t\t\t<div class=\"elementor-column elementor-col-100 elementor-top-column elementor-element elementor-element-a1b25df\" data-id=\"a1b25df\" data-element_type=\"column\">\n\t\t\t<div class=\"elementor-widget-wrap elementor-element-populated\">\n\t\t\t\t\t\t<div class=\"elementor-element elementor-element-5cd5727 elementor-widget elementor-widget-w12\" data-id=\"5cd5727\" data-element_type=\"widget\" data-widget_type=\"w12.default\">\n\t\t\t\t<div class=\"elementor-widget-container\">\n\t\t\t<section>\n                <div class=\"mn-grid\">\n                    <div class=\"mn-grid-12 mn-mod-text-links\">\n                        <p>In accordance with Article 29 and 30 enacted on 30 April 2010, on The National Centre for Research and Development is responsible for supporting the development of modern solutions and technologies that increase innovation and thus the competitiveness of the Polish economy. The Centre&#8217;s activities are intended to strengthen cooperation between Polish business and to contribute to the commercialization of research results for the benefit of the Polish economy. These objectives are pursued by NCBR by developing program to support applied research and R&amp;D work, financing commercialization and transfer of results to the economy, as well as supporting the development of young scientific staff. In carrying out its tasks, the Centre shall also cooperate with other actors in setting up joint ventures and sector programmes. The Centre shall also continue its work on the monitoring of projects commissioned by the MNiSW. Source: ncbr.gov.pl<\/p><p>Detailed information available at: <a href=\"https:\/\/www.ncbr.gov.pl\/index.php?id=21031&amp;L=724\" target=\"_blank\" rel=\"noopener\">https:\/\/www.ncbr.gov.pl<\/a><\/p>\n                    <\/div>\n                <\/div>\n            <\/section>\t\t<\/div>\n\t\t\t\t<\/div>\n\t\t\t\t\t<\/div>\n\t\t<\/div>\n\t\t\t\t\t<\/div>\n\t\t<\/section>\n\t\t\t\t<section class=\"elementor-section elementor-top-section elementor-element elementor-element-8bc2ece elementor-section-boxed elementor-section-height-default elementor-section-height-default\" data-id=\"8bc2ece\" data-element_type=\"section\">\n\t\t\t\t\t\t<div class=\"elementor-container elementor-column-gap-default\">\n\t\t\t\t\t<div class=\"elementor-column elementor-col-100 elementor-top-column elementor-element elementor-element-5b40091\" data-id=\"5b40091\" data-element_type=\"column\">\n\t\t\t<div class=\"elementor-widget-wrap elementor-element-populated\">\n\t\t\t\t\t\t<div class=\"elementor-element elementor-element-2abf25f elementor-widget elementor-widget-w7\" data-id=\"2abf25f\" data-element_type=\"widget\" data-widget_type=\"w7.default\">\n\t\t\t\t<div class=\"elementor-widget-container\">\n\t\t\t<section>\n                <div class=\"mn-grid\">\n                    <div class=\"mn-grid-12 mn-horizontal-separator\"><\/div>\n                <\/div>\n                <\/section>\t\t<\/div>\n\t\t\t\t<\/div>\n\t\t\t\t\t<\/div>\n\t\t<\/div>\n\t\t\t\t\t<\/div>\n\t\t<\/section>\n\t\t\t\t<section class=\"elementor-section elementor-top-section elementor-element elementor-element-23efa2a elementor-section-boxed elementor-section-height-default elementor-section-height-default\" data-id=\"23efa2a\" data-element_type=\"section\">\n\t\t\t\t\t\t<div class=\"elementor-container elementor-column-gap-default\">\n\t\t\t\t\t<div class=\"elementor-column elementor-col-100 elementor-top-column elementor-element elementor-element-b28b957\" data-id=\"b28b957\" data-element_type=\"column\">\n\t\t\t<div class=\"elementor-widget-wrap elementor-element-populated\">\n\t\t\t\t\t\t<div class=\"elementor-element elementor-element-dc997e9 elementor-widget elementor-widget-w1_2_3\" data-id=\"dc997e9\" data-element_type=\"widget\" data-widget_type=\"w1_2_3.default\">\n\t\t\t\t<div class=\"elementor-widget-container\">\n\t\t\t<section>\n                    <div class=\"mn-grid\">\n                        <h3  class=\"mn-grid-12 mn-section-title2\">\n                            NCBR STRATEGIC PROGRAMMES\n                        <\/h3>\n                    <\/div>\n                <\/section>\t\t<\/div>\n\t\t\t\t<\/div>\n\t\t\t\t\t<\/div>\n\t\t<\/div>\n\t\t\t\t\t<\/div>\n\t\t<\/section>\n\t\t\t\t<section class=\"elementor-section elementor-top-section elementor-element elementor-element-06ff50d elementor-section-boxed elementor-section-height-default elementor-section-height-default\" data-id=\"06ff50d\" data-element_type=\"section\">\n\t\t\t\t\t\t<div class=\"elementor-container elementor-column-gap-default\">\n\t\t\t\t\t<div class=\"elementor-column elementor-col-100 elementor-top-column elementor-element elementor-element-965dba9\" data-id=\"965dba9\" data-element_type=\"column\">\n\t\t\t<div class=\"elementor-widget-wrap elementor-element-populated\">\n\t\t\t\t\t\t<div class=\"elementor-element elementor-element-7b482fd elementor-widget elementor-widget-w12\" data-id=\"7b482fd\" data-element_type=\"widget\" data-widget_type=\"w12.default\">\n\t\t\t\t<div class=\"elementor-widget-container\">\n\t\t\t<section>\n                <div class=\"mn-grid\">\n                    <div class=\"mn-grid-12 mn-mod-text-links\">\n                        <p>Strategic research and development programmes are high-budget programmes resulting from the state&#8217;s scientific and innovative policies for social and economic development Poland. The basis for their preparation is the National Research Program, established by the Resolution of the Council of Ministers on 16 August 2011, which defines the strategic directions of research and development. Based on the directions indicated in the document, the Council of the National Centre for Research and Development shall prepare draft strategic programs and then submit them to the Minister responsible for science for approval.<\/p><p>The strategic programme consists of projects to solve specific technical, scientific or social problems. Project competitions are <em>top-down, <\/em>which means that applicants should take full account of the requirements set out in the competition notice. The implementation of strategic programmes contributes to the consolidation of the best research teams and the integration of scientific and economic circles around issues crucial for the development of the country. Source: ncbr.gov.pl<\/p><p>Detailed information available at: link <a href=\"https:\/\/www.ncbr.gov.pl\/index.php?id=20947&amp;L=724\" target=\"_blank\" rel=\"noopener\">to https:\/\/www.ncbr.gov.pl\/index.php<\/a><\/p><p>HOW DO I GET FUNDING FROM THE NATIONAL RESEARCH AND DEVELOPMENT CENTRE? <a href=\"https:\/\/www.ncbr.gov.pl\/index.php?id=21&amp;L=632\" target=\"_blank\" rel=\"noopener\">https:\/\/www.ncbr.gov.pl<\/a><\/p>\n                    <\/div>\n                <\/div>\n            <\/section>\t\t<\/div>\n\t\t\t\t<\/div>\n\t\t\t\t\t<\/div>\n\t\t<\/div>\n\t\t\t\t\t<\/div>\n\t\t<\/section>\n\t\t\t\t<section class=\"elementor-section elementor-top-section elementor-element elementor-element-9022d27 elementor-section-boxed elementor-section-height-default elementor-section-height-default\" data-id=\"9022d27\" data-element_type=\"section\">\n\t\t\t\t\t\t<div class=\"elementor-container elementor-column-gap-default\">\n\t\t\t\t\t<div class=\"elementor-column elementor-col-100 elementor-top-column elementor-element elementor-element-70d469e\" data-id=\"70d469e\" data-element_type=\"column\">\n\t\t\t<div class=\"elementor-widget-wrap elementor-element-populated\">\n\t\t\t\t\t\t<div class=\"elementor-element elementor-element-d440946 elementor-widget elementor-widget-w7\" data-id=\"d440946\" data-element_type=\"widget\" data-widget_type=\"w7.default\">\n\t\t\t\t<div class=\"elementor-widget-container\">\n\t\t\t<section>\n                <div class=\"mn-grid\">\n                    <div class=\"mn-grid-12 mn-horizontal-separator\"><\/div>\n                <\/div>\n                <\/section>\t\t<\/div>\n\t\t\t\t<\/div>\n\t\t\t\t\t<\/div>\n\t\t<\/div>\n\t\t\t\t\t<\/div>\n\t\t<\/section>\n\t\t\t\t<section class=\"elementor-section elementor-top-section elementor-element elementor-element-ffc458b elementor-section-boxed elementor-section-height-default elementor-section-height-default\" data-id=\"ffc458b\" data-element_type=\"section\">\n\t\t\t\t\t\t<div class=\"elementor-container elementor-column-gap-default\">\n\t\t\t\t\t<div class=\"elementor-column elementor-col-100 elementor-top-column elementor-element elementor-element-14f3f27\" data-id=\"14f3f27\" data-element_type=\"column\">\n\t\t\t<div class=\"elementor-widget-wrap elementor-element-populated\">\n\t\t\t\t\t\t<div class=\"elementor-element elementor-element-bd9728a elementor-widget elementor-widget-w1_2_3\" data-id=\"bd9728a\" data-element_type=\"widget\" data-widget_type=\"w1_2_3.default\">\n\t\t\t\t<div class=\"elementor-widget-container\">\n\t\t\t<section>\n                    <div class=\"mn-grid\">\n                        <h3  class=\"mn-grid-12 mn-section-title2\">\n                            Application schedules\n                        <\/h3>\n                    <\/div>\n                <\/section>\t\t<\/div>\n\t\t\t\t<\/div>\n\t\t\t\t\t<\/div>\n\t\t<\/div>\n\t\t\t\t\t<\/div>\n\t\t<\/section>\n\t\t\t\t<section class=\"elementor-section elementor-top-section elementor-element elementor-element-86ed645 elementor-section-boxed elementor-section-height-default elementor-section-height-default\" data-id=\"86ed645\" data-element_type=\"section\">\n\t\t\t\t\t\t<div class=\"elementor-container elementor-column-gap-default\">\n\t\t\t\t\t<div class=\"elementor-column elementor-col-100 elementor-top-column elementor-element elementor-element-e4f0fbb\" data-id=\"e4f0fbb\" data-element_type=\"column\">\n\t\t\t<div class=\"elementor-widget-wrap elementor-element-populated\">\n\t\t\t\t\t\t<div class=\"elementor-element elementor-element-2f85849 elementor-widget elementor-widget-W14\" data-id=\"2f85849\" data-element_type=\"widget\" data-widget_type=\"W14.default\">\n\t\t\t\t<div class=\"elementor-widget-container\">\n\t\t\t <section>\n                        <div class=\"mn-grid mn-mod-achievements\"><div class=\"mn-mod-achievement mn-grid-4\">\n                            <a href=\"https:\/\/www.ncbr.gov.pl\/index.php?id=33811&amp;L=724\" >\n                                <div class=\"mn-mod-achievement-img\">\n                                <img decoding=\"async\" src=\"https:\/\/www.sggw.edu.pl\/wp-content\/plugins\/elementor-sggw\/assets\/images\/icons\/ikonka-medal.svg\" alt=\"\" \/>\n                                <\/div>    \n                                <h3>NCBR Competition Schedule  <\/h3>\n                            <\/a>\n                        <\/div><div class=\"mn-mod-achievement mn-grid-4\">\n                            <a href=\"https:\/\/www.sggw.edu.pl\/wp-content\/uploads\/2020\/10\/HARMONOGRAM-KONKURS\u00d3W-2020-R.pdf\" >\n                                <div class=\"mn-mod-achievement-img\">\n                                <img decoding=\"async\" src=\"https:\/\/www.sggw.edu.pl\/wp-content\/plugins\/elementor-sggw\/assets\/images\/icons\/ikonka-medal.svg\" alt=\"\" \/>\n                                <\/div>    \n                                <h3>Competition Schedule 2020<\/h3>\n                            <\/a>\n                        <\/div><div class=\"mn-mod-achievement mn-grid-4\">\n                            <a href=\"https:\/\/www.sggw.edu.pl\/wp-content\/uploads\/2020\/10\/HARMONOGRAM_2019.xls\" >\n                                <div class=\"mn-mod-achievement-img\">\n                                <img decoding=\"async\" src=\"https:\/\/www.sggw.edu.pl\/wp-content\/plugins\/elementor-sggw\/assets\/images\/icons\/ikonka-medal.svg\" alt=\"\" \/>\n                                <\/div>    \n                                <h3>Competition schedule 2019<\/h3>\n                            <\/a>\n                        <\/div><div class=\"mn-mod-achievement mn-grid-4\">\n                            <a href=\"https:\/\/www.sggw.edu.pl\/wp-content\/uploads\/2020\/10\/HARMONOGRAM_2018.xlsx\" >\n                                <div class=\"mn-mod-achievement-img\">\n                                <img decoding=\"async\" src=\"https:\/\/www.sggw.edu.pl\/wp-content\/plugins\/elementor-sggw\/assets\/images\/icons\/ikonka-medal.svg\" alt=\"\" \/>\n                                <\/div>    \n                                <h3>Competition schedule 2018<\/h3>\n                            <\/a>\n                        <\/div><div class=\"mn-mod-achievement mn-grid-4\">\n                            <a href=\"https:\/\/www.sggw.edu.pl\/wp-content\/uploads\/2020\/10\/HARMONOGRAM_2017.xls\" >\n                                <div class=\"mn-mod-achievement-img\">\n                                <img decoding=\"async\" src=\"https:\/\/www.sggw.edu.pl\/wp-content\/plugins\/elementor-sggw\/assets\/images\/icons\/ikonka-medal.svg\" alt=\"\" \/>\n                                <\/div>    \n                                <h3>Competition schedule 2017<\/h3>\n                            <\/a>\n                        <\/div> <\/div><\/section>\t\t<\/div>\n\t\t\t\t<\/div>\n\t\t\t\t\t<\/div>\n\t\t<\/div>\n\t\t\t\t\t<\/div>\n\t\t<\/section>\n\t\t\t\t<\/div>\n\t\t","protected":false},"excerpt":{"rendered":"<p>NCBR News NCBR NEWS CURRENT COMPETITIONS NCBR NATIONAL PROGRAMMES In accordance with Article 29 and 30 enacted on 30 April 2010, on The National Centre for Research and Development is responsible for supporting the development of modern solutions and technologies that increase innovation and thus the competitiveness of the Polish economy. The Centre&#8217;s activities are [&hellip;]<\/p>\n","protected":false},"author":1,"featured_media":0,"parent":12818,"menu_order":0,"comment_status":"closed","ping_status":"closed","template":"","meta":{"_acf_changed":false,"footnotes":""},"class_list":["post-15192","page","type-page","status-publish","hentry"],"acf":[],"_links":{"self":[{"href":"https:\/\/www.sggw.edu.pl\/en\/wp-json\/wp\/v2\/pages\/15192","targetHints":{"allow":["GET"]}}],"collection":[{"href":"https:\/\/www.sggw.edu.pl\/en\/wp-json\/wp\/v2\/pages"}],"about":[{"href":"https:\/\/www.sggw.edu.pl\/en\/wp-json\/wp\/v2\/types\/page"}],"author":[{"embeddable":true,"href":"https:\/\/www.sggw.edu.pl\/en\/wp-json\/wp\/v2\/users\/1"}],"replies":[{"embeddable":true,"href":"https:\/\/www.sggw.edu.pl\/en\/wp-json\/wp\/v2\/comments?post=15192"}],"version-history":[{"count":11,"href":"https:\/\/www.sggw.edu.pl\/en\/wp-json\/wp\/v2\/pages\/15192\/revisions"}],"predecessor-version":[{"id":91963,"href":"https:\/\/www.sggw.edu.pl\/en\/wp-json\/wp\/v2\/pages\/15192\/revisions\/91963"}],"up":[{"embeddable":true,"href":"https:\/\/www.sggw.edu.pl\/en\/wp-json\/wp\/v2\/pages\/12818"}],"wp:attachment":[{"href":"https:\/\/www.sggw.edu.pl\/en\/wp-json\/wp\/v2\/media?parent=15192"}],"curies":[{"name":"wp","href":"https:\/\/api.w.org\/{rel}","templated":true}]}}