{"id":15270,"date":"2021-01-29T14:30:37","date_gmt":"2021-01-29T13:30:37","guid":{"rendered":"https:\/\/www.sggw.edu.pl\/declaration\/"},"modified":"2021-07-20T18:09:34","modified_gmt":"2021-07-20T16:09:34","slug":"declaration","status":"publish","type":"page","link":"https:\/\/www.sggw.edu.pl\/en\/campus\/sggw-student-health-centre\/declaration\/","title":{"rendered":"Declaration"},"content":{"rendered":"\t\t<div data-elementor-type=\"wp-page\" data-elementor-id=\"15270\" class=\"elementor elementor-15270\" data-elementor-post-type=\"page\">\n\t\t\t\t\t\t<section class=\"elementor-section elementor-top-section elementor-element elementor-element-1dafbc30 elementor-section-boxed elementor-section-height-default elementor-section-height-default\" data-id=\"1dafbc30\" data-element_type=\"section\">\n\t\t\t\t\t\t<div class=\"elementor-container elementor-column-gap-default\">\n\t\t\t\t\t<div class=\"elementor-column elementor-col-100 elementor-top-column elementor-element elementor-element-21ddc4ac\" data-id=\"21ddc4ac\" data-element_type=\"column\">\n\t\t\t<div class=\"elementor-widget-wrap elementor-element-populated\">\n\t\t\t\t\t\t<div class=\"elementor-element elementor-element-2183d3b0 elementor-widget elementor-widget-wp-widget-bcn_widget\" data-id=\"2183d3b0\" data-element_type=\"widget\" data-widget_type=\"wp-widget-bcn_widget.default\">\n\t\t\t\t<div class=\"elementor-widget-container\">\n\t\t\t<div class=\"mn-grid breadcrumb\">\n                                    <div class=\"breadcrumb-inner mn-grid-12\"><div class=\"breadcrumbs\" vocab=\"https:\/\/schema.org\/\" typeof=\"BreadcrumbList\"><span property=\"itemListElement\" typeof=\"ListItem\"><a property=\"item\" typeof=\"WebPage\" title=\"Go to Szko\u0142a G\u0142\u00f3wna Gospodarstwa Wiejskiego w Warszawie.\" href=\"https:\/\/www.sggw.edu.pl\/en\/\" class=\"home\" aria-current=\"page\"><span property=\"name\">Home<\/span><\/a><meta property=\"position\" content=\"1\"><\/span><\/div>    <\/div>\n                                <\/div>\t\t<\/div>\n\t\t\t\t<\/div>\n\t\t\t\t<div class=\"elementor-element elementor-element-2d28415e elementor-widget elementor-widget-post-title\" data-id=\"2d28415e\" data-element_type=\"widget\" data-widget_type=\"post-title.default\">\n\t\t\t\t<div class=\"elementor-widget-container\">\n\t\t\t<section>\n                    <div class=\"mn-grid entry-header-inner section-inner medium\">\n                        <h1 class=\"mn-grid-12 entry-title\" style=\"\">\n                            Declaration\n                        <\/h1>\n                    <\/div>\n                <\/section>\t\t<\/div>\n\t\t\t\t<\/div>\n\t\t\t\t<div class=\"elementor-element elementor-element-26decd0 elementor-widget elementor-widget-w33\" data-id=\"26decd0\" data-element_type=\"widget\" data-widget_type=\"w33.default\">\n\t\t\t\t<div class=\"elementor-widget-container\">\n\t\t\t<section>\n            <div class=\"mn-grid\">\n                <div class=\"mn-vertical-separator-x2\">\n                    \n                <\/div>\n            <\/section>\t\t<\/div>\n\t\t\t\t<\/div>\n\t\t\t\t\t<\/div>\n\t\t<\/div>\n\t\t\t\t\t<\/div>\n\t\t<\/section>\n\t\t\t\t<section class=\"elementor-section elementor-top-section elementor-element elementor-element-288d27b elementor-section-boxed elementor-section-height-default elementor-section-height-default\" data-id=\"288d27b\" data-element_type=\"section\">\n\t\t\t\t\t\t<div class=\"elementor-container elementor-column-gap-default\">\n\t\t\t\t\t<div class=\"elementor-column elementor-col-100 elementor-top-column elementor-element elementor-element-e7d1a68\" data-id=\"e7d1a68\" data-element_type=\"column\">\n\t\t\t<div class=\"elementor-widget-wrap elementor-element-populated\">\n\t\t\t\t\t\t<div class=\"elementor-element elementor-element-426c8f1 elementor-widget elementor-widget-w12\" data-id=\"426c8f1\" data-element_type=\"widget\" data-widget_type=\"w12.default\">\n\t\t\t\t<div class=\"elementor-widget-container\">\n\t\t\t<section>\n                <div class=\"mn-grid\">\n                    <div class=\"mn-grid-12 mn-mod-text-links\">\n                        <p>To become a patient of our clinic, you need to fill out the declarations selecting your doctor and nurse. You can complete this in person at our clinic with proof of identification. Declarations can also be downloaded from our website, completed, and then forwarded to our clinic.<\/p><p><a href=\"https:\/\/www.sggw.edu.pl\/strona-glowna\/wspolpraca\/uslugi\/niepubliczny-zaklad-opieki-zdrowotnej\/deklaracja\/e-deklaracja\/\">Without leaving the house, the patient can declare <strong>himself\/herself by submitting an E-DECLARATION<\/strong> to his\/her <strong>IKP Online Patient Account.<\/strong><\/a><\/p><p>To do this, please complete the relevant application and sign it with a Trusted Profile or a qualified signature. The whole procedure is simple and should not take more than 10 minutes.<\/p><p>If you have not yet set up a trusted profile, you can find all the information you can do online at this address:<\/p><p><a href=\"https:\/\/pacjent.gov.pl\/internetowe-konto-pacjenta\">https:\/\/pacjent.gov.pl\/internetowe-konto-pacjenta<\/a><\/p><p><span class=\"VIiyi\" lang=\"en\"><span class=\"JLqJ4b ChMk0b\" data-language-for-alternatives=\"en\" data-language-to-translate-into=\"pl\" data-phrase-index=\"0\">From the moment of submitting the declaration with the simultaneous confirmation of insurance, the patient is covered by health care and may be provided with a free service under the general health insurance on that day.<\/span><\/span><\/p><p><span class=\"VIiyi\" lang=\"en\"><span class=\"JLqJ4b ChMk0b\" data-language-for-alternatives=\"en\" data-language-to-translate-into=\"pl\" data-phrase-index=\"0\">It is not necessary to submit the resignation to your current clinic.<\/span> <span class=\"JLqJ4b ChMk0b\" data-language-for-alternatives=\"en\" data-language-to-translate-into=\"pl\" data-phrase-index=\"1\">The choice of a doctor may be done free of charge (twice a calendar year).<\/span><\/span><\/p><p>We are looking forward to welcoming you!<\/p><p><strong><a href=\"https:\/\/www.sggw.edu.pl\/wp-content\/uploads\/2021\/01\/dekl_lekarz.pdf\">Print the declaration form for the choice of the doctor\u00a0<\/a><\/strong><\/p><p><a href=\"https:\/\/www.sggw.edu.pl\/wp-content\/uploads\/2021\/01\/dekl_pielegniarka.pdf\">Print the declaration form for the choice of the nurse<\/a><\/p>\n                    <\/div>\n                <\/div>\n            <\/section>\t\t<\/div>\n\t\t\t\t<\/div>\n\t\t\t\t\t<\/div>\n\t\t<\/div>\n\t\t\t\t\t<\/div>\n\t\t<\/section>\n\t\t\t\t<\/div>\n\t\t","protected":false},"excerpt":{"rendered":"<p>Declaration To become a patient of our clinic, you need to fill out the declarations selecting your doctor and nurse. You can complete this in person at our clinic with proof of identification. Declarations can also be downloaded from our website, completed, and then forwarded to our clinic. Without leaving the house, the patient can [&hellip;]<\/p>\n","protected":false},"author":35,"featured_media":0,"parent":15428,"menu_order":0,"comment_status":"closed","ping_status":"closed","template":"","meta":{"_acf_changed":false,"footnotes":""},"class_list":["post-15270","page","type-page","status-publish","hentry"],"acf":[],"_links":{"self":[{"href":"https:\/\/www.sggw.edu.pl\/en\/wp-json\/wp\/v2\/pages\/15270","targetHints":{"allow":["GET"]}}],"collection":[{"href":"https:\/\/www.sggw.edu.pl\/en\/wp-json\/wp\/v2\/pages"}],"about":[{"href":"https:\/\/www.sggw.edu.pl\/en\/wp-json\/wp\/v2\/types\/page"}],"author":[{"embeddable":true,"href":"https:\/\/www.sggw.edu.pl\/en\/wp-json\/wp\/v2\/users\/35"}],"replies":[{"embeddable":true,"href":"https:\/\/www.sggw.edu.pl\/en\/wp-json\/wp\/v2\/comments?post=15270"}],"version-history":[{"count":7,"href":"https:\/\/www.sggw.edu.pl\/en\/wp-json\/wp\/v2\/pages\/15270\/revisions"}],"predecessor-version":[{"id":89453,"href":"https:\/\/www.sggw.edu.pl\/en\/wp-json\/wp\/v2\/pages\/15270\/revisions\/89453"}],"up":[{"embeddable":true,"href":"https:\/\/www.sggw.edu.pl\/en\/wp-json\/wp\/v2\/pages\/15428"}],"wp:attachment":[{"href":"https:\/\/www.sggw.edu.pl\/en\/wp-json\/wp\/v2\/media?parent=15270"}],"curies":[{"name":"wp","href":"https:\/\/api.w.org\/{rel}","templated":true}]}}