{"id":15272,"date":"2021-01-29T14:30:41","date_gmt":"2021-01-29T13:30:41","guid":{"rendered":"https:\/\/www.sggw.edu.pl\/teleporada\/"},"modified":"2021-08-11T15:10:38","modified_gmt":"2021-08-11T13:10:38","slug":"teleporada","status":"publish","type":"page","link":"https:\/\/www.sggw.edu.pl\/en\/campus\/sggw-student-health-centre\/teleporada\/","title":{"rendered":"Teleporada"},"content":{"rendered":"\t\t<div data-elementor-type=\"wp-page\" data-elementor-id=\"15272\" class=\"elementor elementor-15272\" data-elementor-post-type=\"page\">\n\t\t\t\t\t\t<section class=\"elementor-section elementor-top-section elementor-element elementor-element-4cd12e0b elementor-section-boxed elementor-section-height-default elementor-section-height-default\" data-id=\"4cd12e0b\" data-element_type=\"section\">\n\t\t\t\t\t\t<div class=\"elementor-container elementor-column-gap-default\">\n\t\t\t\t\t<div class=\"elementor-column elementor-col-100 elementor-top-column elementor-element elementor-element-48d3fbd3\" data-id=\"48d3fbd3\" data-element_type=\"column\">\n\t\t\t<div class=\"elementor-widget-wrap elementor-element-populated\">\n\t\t\t\t\t\t<div class=\"elementor-element elementor-element-6e61b543 elementor-widget elementor-widget-wp-widget-bcn_widget\" data-id=\"6e61b543\" data-element_type=\"widget\" data-widget_type=\"wp-widget-bcn_widget.default\">\n\t\t\t\t<div class=\"elementor-widget-container\">\n\t\t\t<div class=\"mn-grid breadcrumb\">\n                                    <div class=\"breadcrumb-inner mn-grid-12\"><div class=\"breadcrumbs\" vocab=\"https:\/\/schema.org\/\" typeof=\"BreadcrumbList\"><span property=\"itemListElement\" typeof=\"ListItem\"><a property=\"item\" typeof=\"WebPage\" title=\"Go to Szko\u0142a G\u0142\u00f3wna Gospodarstwa Wiejskiego w Warszawie.\" href=\"https:\/\/www.sggw.edu.pl\/en\/\" class=\"home\" aria-current=\"page\"><span property=\"name\">Home<\/span><\/a><meta property=\"position\" content=\"1\"><\/span><\/div>    <\/div>\n                                <\/div>\t\t<\/div>\n\t\t\t\t<\/div>\n\t\t\t\t<div class=\"elementor-element elementor-element-46a608d8 elementor-widget elementor-widget-post-title\" data-id=\"46a608d8\" data-element_type=\"widget\" data-widget_type=\"post-title.default\">\n\t\t\t\t<div class=\"elementor-widget-container\">\n\t\t\t<section>\n                    <div class=\"mn-grid entry-header-inner section-inner medium\">\n                        <h1 class=\"mn-grid-12 entry-title\" style=\"\">\n                            Teleporada\n                        <\/h1>\n                    <\/div>\n                <\/section>\t\t<\/div>\n\t\t\t\t<\/div>\n\t\t\t\t\t<\/div>\n\t\t<\/div>\n\t\t\t\t\t<\/div>\n\t\t<\/section>\n\t\t\t\t<section class=\"elementor-section elementor-top-section elementor-element elementor-element-642aad5 elementor-section-boxed elementor-section-height-default elementor-section-height-default\" data-id=\"642aad5\" data-element_type=\"section\">\n\t\t\t\t\t\t<div class=\"elementor-container elementor-column-gap-default\">\n\t\t\t\t\t<div class=\"elementor-column elementor-col-100 elementor-top-column elementor-element elementor-element-7996eb6\" data-id=\"7996eb6\" data-element_type=\"column\">\n\t\t\t<div class=\"elementor-widget-wrap elementor-element-populated\">\n\t\t\t\t\t\t<div class=\"elementor-element elementor-element-9c29a9c elementor-widget elementor-widget-w33\" data-id=\"9c29a9c\" data-element_type=\"widget\" data-widget_type=\"w33.default\">\n\t\t\t\t<div class=\"elementor-widget-container\">\n\t\t\t<section>\n            <div class=\"mn-grid\">\n                <div class=\"mn-vertical-separator-x2\">\n                    \n                <\/div>\n            <\/section>\t\t<\/div>\n\t\t\t\t<\/div>\n\t\t\t\t<div class=\"elementor-element elementor-element-016a423 elementor-widget elementor-widget-w12\" data-id=\"016a423\" data-element_type=\"widget\" data-widget_type=\"w12.default\">\n\t\t\t\t<div class=\"elementor-widget-container\">\n\t\t\t<section>\n                <div class=\"mn-grid\">\n                    <div class=\"mn-grid-12 mn-mod-text-links\">\n                        <p>Due to the threat of sars-coV-2 coronavirus epidemic, teleporada (telemedicine) is the preferred way to provide medical advice in our clinic.<\/p><p>Teleporada can be arranged at the reception of the clinic just like any other doctor&#8217;s appointment in the clinic.<\/p><p>The doctor, calling the patient, will decide each time whether it is necessary to visit the doctor&#8217;s office and carry out the examination in direct contact with the patient or do it by telephone consultation. These circumstances shall be determined on a case-by-case basis in consultation with the patient or his\/her legal guardian, taking into account the patient&#8217;s willingness to contact the relevant medical staff in person.<\/p><p>The doctor, during the visit, after having determined such a technical possibility in advance and each time taking into account the patient&#8217;s will, can go into video mode with the microphone and cameras available on the patient&#8217;s smartphone. The service is provided on Android phones<br \/>and IOS.<\/p><p>If you cannot be reached, your doctor will again attempt to contact you twice, with an interval of not less than 5 minutes. If it is not possible to contact the patient, this information will be entered into the medical records and the visit will be closed.<\/p><p><span class=\"VIiyi\" lang=\"en\"><span class=\"JLqJ4b ChMk0b\" data-language-for-alternatives=\"en\" data-language-to-translate-into=\"pl\" data-phrase-index=\"0\">A patient asked for a personal visit shall show up punctually at the agreed time.<\/span><\/span><\/p><p>During the state of the SARS-CoV-2 coronavirus epidemic, every visitor to our clinic is obliged to undergo body temperature measurement, provide information about the current state of their health, should wear a mask, disinfect their hands and maintain the prescribed distance between patients and, if possible, medical personnel.<\/p><p>If you need to receive an e-prescription, referral, e-referral, or e-waiver, you do not need to appear in person at our facility. The case can be consulted by phone with your doctor or reception staff, who will choose the optimal course of action.<\/p>\n                    <\/div>\n                <\/div>\n            <\/section>\t\t<\/div>\n\t\t\t\t<\/div>\n\t\t\t\t\t<\/div>\n\t\t<\/div>\n\t\t\t\t\t<\/div>\n\t\t<\/section>\n\t\t\t\t<\/div>\n\t\t","protected":false},"excerpt":{"rendered":"<p>Teleporada Due to the threat of sars-coV-2 coronavirus epidemic, teleporada (telemedicine) is the preferred way to provide medical advice in our clinic. Teleporada can be arranged at the reception of the clinic just like any other doctor&#8217;s appointment in the clinic. The doctor, calling the patient, will decide each time whether it is necessary to [&hellip;]<\/p>\n","protected":false},"author":35,"featured_media":0,"parent":15428,"menu_order":0,"comment_status":"closed","ping_status":"closed","template":"","meta":{"_acf_changed":false,"footnotes":""},"class_list":["post-15272","page","type-page","status-publish","hentry"],"acf":[],"_links":{"self":[{"href":"https:\/\/www.sggw.edu.pl\/en\/wp-json\/wp\/v2\/pages\/15272","targetHints":{"allow":["GET"]}}],"collection":[{"href":"https:\/\/www.sggw.edu.pl\/en\/wp-json\/wp\/v2\/pages"}],"about":[{"href":"https:\/\/www.sggw.edu.pl\/en\/wp-json\/wp\/v2\/types\/page"}],"author":[{"embeddable":true,"href":"https:\/\/www.sggw.edu.pl\/en\/wp-json\/wp\/v2\/users\/35"}],"replies":[{"embeddable":true,"href":"https:\/\/www.sggw.edu.pl\/en\/wp-json\/wp\/v2\/comments?post=15272"}],"version-history":[{"count":13,"href":"https:\/\/www.sggw.edu.pl\/en\/wp-json\/wp\/v2\/pages\/15272\/revisions"}],"predecessor-version":[{"id":92111,"href":"https:\/\/www.sggw.edu.pl\/en\/wp-json\/wp\/v2\/pages\/15272\/revisions\/92111"}],"up":[{"embeddable":true,"href":"https:\/\/www.sggw.edu.pl\/en\/wp-json\/wp\/v2\/pages\/15428"}],"wp:attachment":[{"href":"https:\/\/www.sggw.edu.pl\/en\/wp-json\/wp\/v2\/media?parent=15272"}],"curies":[{"name":"wp","href":"https:\/\/api.w.org\/{rel}","templated":true}]}}