{"id":15274,"date":"2021-01-29T14:30:42","date_gmt":"2021-01-29T13:30:42","guid":{"rendered":"https:\/\/www.sggw.edu.pl\/laboratory-tests\/"},"modified":"2021-07-02T06:04:21","modified_gmt":"2021-07-02T04:04:21","slug":"laboratory-tests","status":"publish","type":"page","link":"https:\/\/www.sggw.edu.pl\/en\/campus\/sggw-student-health-centre\/laboratory-tests\/","title":{"rendered":"Laboratory tests"},"content":{"rendered":"\t\t<div data-elementor-type=\"wp-page\" data-elementor-id=\"15274\" class=\"elementor elementor-15274\" data-elementor-post-type=\"page\">\n\t\t\t\t\t\t<section class=\"elementor-section elementor-top-section elementor-element elementor-element-62455a35 elementor-section-boxed elementor-section-height-default elementor-section-height-default\" data-id=\"62455a35\" data-element_type=\"section\">\n\t\t\t\t\t\t<div class=\"elementor-container elementor-column-gap-default\">\n\t\t\t\t\t<div class=\"elementor-column elementor-col-100 elementor-top-column elementor-element elementor-element-34e89d78\" data-id=\"34e89d78\" data-element_type=\"column\">\n\t\t\t<div class=\"elementor-widget-wrap elementor-element-populated\">\n\t\t\t\t\t\t<div class=\"elementor-element elementor-element-348aea7c elementor-widget elementor-widget-wp-widget-bcn_widget\" data-id=\"348aea7c\" data-element_type=\"widget\" data-widget_type=\"wp-widget-bcn_widget.default\">\n\t\t\t\t<div class=\"elementor-widget-container\">\n\t\t\t<div class=\"mn-grid breadcrumb\">\n                                    <div class=\"breadcrumb-inner mn-grid-12\"><div class=\"breadcrumbs\" vocab=\"https:\/\/schema.org\/\" typeof=\"BreadcrumbList\"><span property=\"itemListElement\" typeof=\"ListItem\"><a property=\"item\" typeof=\"WebPage\" title=\"Go to Szko\u0142a G\u0142\u00f3wna Gospodarstwa Wiejskiego w Warszawie.\" href=\"https:\/\/www.sggw.edu.pl\/en\/\" class=\"home\" aria-current=\"page\"><span property=\"name\">Home<\/span><\/a><meta property=\"position\" content=\"1\"><\/span><\/div>    <\/div>\n                                <\/div>\t\t<\/div>\n\t\t\t\t<\/div>\n\t\t\t\t<div class=\"elementor-element elementor-element-15d8f582 elementor-widget elementor-widget-post-title\" data-id=\"15d8f582\" data-element_type=\"widget\" data-widget_type=\"post-title.default\">\n\t\t\t\t<div class=\"elementor-widget-container\">\n\t\t\t<section>\n                    <div class=\"mn-grid entry-header-inner section-inner medium\">\n                        <h1 class=\"mn-grid-12 entry-title\" style=\"\">\n                            Laboratory tests\n                        <\/h1>\n                    <\/div>\n                <\/section>\t\t<\/div>\n\t\t\t\t<\/div>\n\t\t\t\t<div class=\"elementor-element elementor-element-43d717c elementor-widget elementor-widget-w33\" data-id=\"43d717c\" data-element_type=\"widget\" data-widget_type=\"w33.default\">\n\t\t\t\t<div class=\"elementor-widget-container\">\n\t\t\t<section>\n            <div class=\"mn-grid\">\n                <div class=\"mn-vertical-separator-x2\">\n                    \n                <\/div>\n            <\/section>\t\t<\/div>\n\t\t\t\t<\/div>\n\t\t\t\t\t<\/div>\n\t\t<\/div>\n\t\t\t\t\t<\/div>\n\t\t<\/section>\n\t\t\t\t<section class=\"elementor-section elementor-top-section elementor-element elementor-element-c35858c elementor-section-boxed elementor-section-height-default elementor-section-height-default\" data-id=\"c35858c\" data-element_type=\"section\">\n\t\t\t\t\t\t<div class=\"elementor-container elementor-column-gap-default\">\n\t\t\t\t\t<div class=\"elementor-column elementor-col-100 elementor-top-column elementor-element elementor-element-cb5864a\" data-id=\"cb5864a\" data-element_type=\"column\">\n\t\t\t<div class=\"elementor-widget-wrap elementor-element-populated\">\n\t\t\t\t\t\t<div class=\"elementor-element elementor-element-6e0b1cc elementor-widget elementor-widget-w1_2_3\" data-id=\"6e0b1cc\" data-element_type=\"widget\" data-widget_type=\"w1_2_3.default\">\n\t\t\t\t<div class=\"elementor-widget-container\">\n\t\t\t<section>\n                    <div class=\"mn-grid\">\n                        <h3  class=\"mn-grid-12 mn-section-title2\">\n                            How to prepare for the medical examination?\n                        <\/h3>\n                    <\/div>\n                <\/section>\t\t<\/div>\n\t\t\t\t<\/div>\n\t\t\t\t\t<\/div>\n\t\t<\/div>\n\t\t\t\t\t<\/div>\n\t\t<\/section>\n\t\t\t\t<section class=\"elementor-section elementor-top-section elementor-element elementor-element-e6c06a0 elementor-section-boxed elementor-section-height-default elementor-section-height-default\" data-id=\"e6c06a0\" data-element_type=\"section\">\n\t\t\t\t\t\t<div class=\"elementor-container elementor-column-gap-default\">\n\t\t\t\t\t<div class=\"elementor-column elementor-col-100 elementor-top-column elementor-element elementor-element-24f98c0\" data-id=\"24f98c0\" data-element_type=\"column\">\n\t\t\t<div class=\"elementor-widget-wrap elementor-element-populated\">\n\t\t\t\t\t\t<div class=\"elementor-element elementor-element-7a08711 elementor-widget elementor-widget-w33\" data-id=\"7a08711\" data-element_type=\"widget\" data-widget_type=\"w33.default\">\n\t\t\t\t<div class=\"elementor-widget-container\">\n\t\t\t<section>\n            <div class=\"mn-grid\">\n                <div class=\"mn-vertical-separator-x2\">\n                    \n                <\/div>\n            <\/section>\t\t<\/div>\n\t\t\t\t<\/div>\n\t\t\t\t<div class=\"elementor-element elementor-element-e648184 elementor-widget elementor-widget-w12\" data-id=\"e648184\" data-element_type=\"widget\" data-widget_type=\"w12.default\">\n\t\t\t\t<div class=\"elementor-widget-container\">\n\t\t\t<section>\n                <div class=\"mn-grid\">\n                    <div class=\"mn-grid-12 mn-mod-text-links\">\n                        <h3>Blood test<\/h3><ul><li>Test should be taken in the morning, i.e. between 7:40 a.m. and 9:00 a.m.,<\/li><li>Fasting \u2013 eat your last meal on the day before the test not later than at 6 p.m.<\/li><li>In the morning before the test, drink a glass of still water,<\/li><li>Be well rested \u2013 come to the blood test after an all-night rest,<\/li><li>Avoid physical exertion for at least 12 hours before blood collection,<\/li><li>Rest before the test \u2013 about 15 minutes in a sitting position before having the test taken,<\/li><li>If you take any medicine on a regular basis, consult your doctor to see if it will affect the results of your tests and whether you may take it after the examination.<\/li><\/ul>\n                    <\/div>\n                <\/div>\n            <\/section>\t\t<\/div>\n\t\t\t\t<\/div>\n\t\t\t\t\t<\/div>\n\t\t<\/div>\n\t\t\t\t\t<\/div>\n\t\t<\/section>\n\t\t\t\t<section class=\"elementor-section elementor-top-section elementor-element elementor-element-db2396e elementor-section-boxed elementor-section-height-default elementor-section-height-default\" data-id=\"db2396e\" data-element_type=\"section\">\n\t\t\t\t\t\t<div class=\"elementor-container elementor-column-gap-default\">\n\t\t\t\t\t<div class=\"elementor-column elementor-col-100 elementor-top-column elementor-element elementor-element-af53021\" data-id=\"af53021\" data-element_type=\"column\">\n\t\t\t<div class=\"elementor-widget-wrap elementor-element-populated\">\n\t\t\t\t\t\t<div class=\"elementor-element elementor-element-2869c7d elementor-widget elementor-widget-w33\" data-id=\"2869c7d\" data-element_type=\"widget\" data-widget_type=\"w33.default\">\n\t\t\t\t<div class=\"elementor-widget-container\">\n\t\t\t<section>\n            <div class=\"mn-grid\">\n                <div class=\"mn-vertical-separator-x2\">\n                    \n                <\/div>\n            <\/section>\t\t<\/div>\n\t\t\t\t<\/div>\n\t\t\t\t<div class=\"elementor-element elementor-element-9d1df5d elementor-widget elementor-widget-w12\" data-id=\"9d1df5d\" data-element_type=\"widget\" data-widget_type=\"w12.default\">\n\t\t\t\t<div class=\"elementor-widget-container\">\n\t\t\t<section>\n                <div class=\"mn-grid\">\n                    <div class=\"mn-grid-12 mn-mod-text-links\">\n                        <h3>Urine test<\/h3><ul><li>Before the examination, the patient should avoid significant physical exertion or long walks,<\/li><li>At least one day before the planned\u00a0 collection of the urine, it is recommended to refrain from sexual intercourse,<\/li><li>During the premenstrual period and during menstruation, consideration should be given to whether the study should not be postponed,<\/li><li>Use special disposable container \u2013 available from your doctor or treatment room,<\/li><li>Wash your hands before taking a urine sample, followed by the opening of the urethra<\/li><li>In the container urinate from the so-called. &#8220;middle stream&#8221;: \u2013 the first small amount of urine should be returned to the toilet, \u2013 then urinate in a container, \u2013 the final portion of urine should be returned to the toilet,<\/li><li>Close the urine sample container tightly,<\/li><li>Provide a urine sample to our Treatment Room as soon as possible,<\/li><li>If you can not deliver the container immediately, put it in the refrigerator and bring it for examination within 2-3 hours,<\/li><li>NOTE: If you are unable to urinate into a vessel (e.g. a patient who is bedridden), urine should be taken into a special plastic bag that is fitted in such a way as to cover the outer urethra. Pouches are available in pharmacies.<\/li><\/ul>\n                    <\/div>\n                <\/div>\n            <\/section>\t\t<\/div>\n\t\t\t\t<\/div>\n\t\t\t\t\t<\/div>\n\t\t<\/div>\n\t\t\t\t\t<\/div>\n\t\t<\/section>\n\t\t\t\t<section class=\"elementor-section elementor-top-section elementor-element elementor-element-89e90ea elementor-section-boxed elementor-section-height-default elementor-section-height-default\" data-id=\"89e90ea\" data-element_type=\"section\">\n\t\t\t\t\t\t<div class=\"elementor-container elementor-column-gap-default\">\n\t\t\t\t\t<div class=\"elementor-column elementor-col-100 elementor-top-column elementor-element elementor-element-146a065\" data-id=\"146a065\" data-element_type=\"column\">\n\t\t\t<div class=\"elementor-widget-wrap elementor-element-populated\">\n\t\t\t\t\t\t<div class=\"elementor-element elementor-element-a08433a elementor-widget elementor-widget-w33\" data-id=\"a08433a\" data-element_type=\"widget\" data-widget_type=\"w33.default\">\n\t\t\t\t<div class=\"elementor-widget-container\">\n\t\t\t<section>\n            <div class=\"mn-grid\">\n                <div class=\"mn-vertical-separator-x2\">\n                    \n                <\/div>\n            <\/section>\t\t<\/div>\n\t\t\t\t<\/div>\n\t\t\t\t<div class=\"elementor-element elementor-element-e758e4f elementor-widget elementor-widget-w12\" data-id=\"e758e4f\" data-element_type=\"widget\" data-widget_type=\"w12.default\">\n\t\t\t\t<div class=\"elementor-widget-container\">\n\t\t\t<section>\n                <div class=\"mn-grid\">\n                    <div class=\"mn-grid-12 mn-mod-text-links\">\n                        <h3>Stool test<\/h3><ul><li>Before the test, get a sterile stool container available in pharmacies,<\/li><li>Use the attached spatula to put the sample into the container,<\/li><li>take the test material from different parts of the same stool,<\/li><li>The feces sample taken for testing should be the size of a walnut,<\/li><li>Secure the sample and deliver it to the Treatment Room as soon as possible,<\/li><li>The test is performed during a standard diet \u2013 not during the period of reduced \/abundant meals.<\/li><\/ul>\n                    <\/div>\n                <\/div>\n            <\/section>\t\t<\/div>\n\t\t\t\t<\/div>\n\t\t\t\t\t<\/div>\n\t\t<\/div>\n\t\t\t\t\t<\/div>\n\t\t<\/section>\n\t\t\t\t<\/div>\n\t\t","protected":false},"excerpt":{"rendered":"<p>Laboratory tests How to prepare for the medical examination? Blood test Test should be taken in the morning, i.e. between 7:40 a.m. and 9:00 a.m., Fasting \u2013 eat your last meal on the day before the test not later than at 6 p.m. In the morning before the test, drink a glass of still water, [&hellip;]<\/p>\n","protected":false},"author":35,"featured_media":0,"parent":15428,"menu_order":0,"comment_status":"closed","ping_status":"closed","template":"","meta":{"_acf_changed":false,"footnotes":""},"class_list":["post-15274","page","type-page","status-publish","hentry"],"acf":[],"_links":{"self":[{"href":"https:\/\/www.sggw.edu.pl\/en\/wp-json\/wp\/v2\/pages\/15274","targetHints":{"allow":["GET"]}}],"collection":[{"href":"https:\/\/www.sggw.edu.pl\/en\/wp-json\/wp\/v2\/pages"}],"about":[{"href":"https:\/\/www.sggw.edu.pl\/en\/wp-json\/wp\/v2\/types\/page"}],"author":[{"embeddable":true,"href":"https:\/\/www.sggw.edu.pl\/en\/wp-json\/wp\/v2\/users\/35"}],"replies":[{"embeddable":true,"href":"https:\/\/www.sggw.edu.pl\/en\/wp-json\/wp\/v2\/comments?post=15274"}],"version-history":[{"count":10,"href":"https:\/\/www.sggw.edu.pl\/en\/wp-json\/wp\/v2\/pages\/15274\/revisions"}],"predecessor-version":[{"id":87196,"href":"https:\/\/www.sggw.edu.pl\/en\/wp-json\/wp\/v2\/pages\/15274\/revisions\/87196"}],"up":[{"embeddable":true,"href":"https:\/\/www.sggw.edu.pl\/en\/wp-json\/wp\/v2\/pages\/15428"}],"wp:attachment":[{"href":"https:\/\/www.sggw.edu.pl\/en\/wp-json\/wp\/v2\/media?parent=15274"}],"curies":[{"name":"wp","href":"https:\/\/api.w.org\/{rel}","templated":true}]}}