{"id":15278,"date":"2021-01-29T14:30:46","date_gmt":"2021-01-29T13:30:46","guid":{"rendered":"https:\/\/www.sggw.edu.pl\/declaration\/e-declaration\/"},"modified":"2021-08-14T18:47:13","modified_gmt":"2021-08-14T16:47:13","slug":"e-declaration","status":"publish","type":"page","link":"https:\/\/www.sggw.edu.pl\/en\/collaboration-and-services\/e-declaration\/","title":{"rendered":"E-Declaration"},"content":{"rendered":"\t\t<div data-elementor-type=\"wp-page\" data-elementor-id=\"15278\" class=\"elementor elementor-15278\" data-elementor-post-type=\"page\">\n\t\t\t\t\t\t<section class=\"elementor-section elementor-top-section elementor-element elementor-element-9bd14b7 elementor-section-boxed elementor-section-height-default elementor-section-height-default\" data-id=\"9bd14b7\" data-element_type=\"section\">\n\t\t\t\t\t\t<div class=\"elementor-container elementor-column-gap-default\">\n\t\t\t\t\t<div class=\"elementor-column elementor-col-100 elementor-top-column elementor-element elementor-element-6f7cde84\" data-id=\"6f7cde84\" data-element_type=\"column\">\n\t\t\t<div class=\"elementor-widget-wrap elementor-element-populated\">\n\t\t\t\t\t\t<div class=\"elementor-element elementor-element-c50106 elementor-widget elementor-widget-wp-widget-bcn_widget\" data-id=\"c50106\" data-element_type=\"widget\" data-widget_type=\"wp-widget-bcn_widget.default\">\n\t\t\t\t<div class=\"elementor-widget-container\">\n\t\t\t<div class=\"mn-grid breadcrumb\">\n                                    <div class=\"breadcrumb-inner mn-grid-12\"><div class=\"breadcrumbs\" vocab=\"https:\/\/schema.org\/\" typeof=\"BreadcrumbList\"><span property=\"itemListElement\" typeof=\"ListItem\"><a property=\"item\" typeof=\"WebPage\" title=\"Go to Szko\u0142a G\u0142\u00f3wna Gospodarstwa Wiejskiego w Warszawie.\" href=\"https:\/\/www.sggw.edu.pl\/en\/\" class=\"home\" aria-current=\"page\"><span property=\"name\">Home<\/span><\/a><meta property=\"position\" content=\"1\"><\/span><\/div>    <\/div>\n                                <\/div>\t\t<\/div>\n\t\t\t\t<\/div>\n\t\t\t\t<div class=\"elementor-element elementor-element-44f8fcbf elementor-widget elementor-widget-post-title\" data-id=\"44f8fcbf\" data-element_type=\"widget\" data-widget_type=\"post-title.default\">\n\t\t\t\t<div class=\"elementor-widget-container\">\n\t\t\t<section>\n                    <div class=\"mn-grid entry-header-inner section-inner medium\">\n                        <h1 class=\"mn-grid-12 entry-title\" style=\"\">\n                            E-Declaration\n                        <\/h1>\n                    <\/div>\n                <\/section>\t\t<\/div>\n\t\t\t\t<\/div>\n\t\t\t\t\t<\/div>\n\t\t<\/div>\n\t\t\t\t\t<\/div>\n\t\t<\/section>\n\t\t\t\t<section class=\"elementor-section elementor-top-section elementor-element elementor-element-e157f9c elementor-section-boxed elementor-section-height-default elementor-section-height-default\" data-id=\"e157f9c\" data-element_type=\"section\">\n\t\t\t\t\t\t<div class=\"elementor-container elementor-column-gap-default\">\n\t\t\t\t\t<div class=\"elementor-column elementor-col-100 elementor-top-column elementor-element elementor-element-3cca60f\" data-id=\"3cca60f\" data-element_type=\"column\">\n\t\t\t<div class=\"elementor-widget-wrap elementor-element-populated\">\n\t\t\t\t\t\t<div class=\"elementor-element elementor-element-d69fa73 elementor-widget elementor-widget-w33\" data-id=\"d69fa73\" data-element_type=\"widget\" data-widget_type=\"w33.default\">\n\t\t\t\t<div class=\"elementor-widget-container\">\n\t\t\t<section>\n            <div class=\"mn-grid\">\n                <div class=\"mn-vertical-separator-x2\">\n                    \n                <\/div>\n            <\/section>\t\t<\/div>\n\t\t\t\t<\/div>\n\t\t\t\t<div class=\"elementor-element elementor-element-712bcd5 elementor-widget elementor-widget-w12\" data-id=\"712bcd5\" data-element_type=\"widget\" data-widget_type=\"w12.default\">\n\t\t\t\t<div class=\"elementor-widget-container\">\n\t\t\t<section>\n                <div class=\"mn-grid\">\n                    <div class=\"mn-grid-12 mn-mod-text-links\">\n                        <p>For this purpose, after logging in to the <strong>Patient Account <\/strong>website, in the <strong>MOJE KONTO [<\/strong><strong>MY ACCOUNT] <\/strong>tab, you can submit an <strong>E-DECLARATION<\/strong> to the doctor and\/or nurse.<br \/>After entering <strong>MOJE KONTO [<\/strong><strong>MY ACCOUNT]<\/strong>, scroll to the bottom of the page, and select<strong> TWOJA PODSTAWOWA OPIEKA ZDROWOTNA [YOUR PRIMARY HEALTH CARE] (POZ).<\/strong>Here are presented the possibilities of making a declaration to the doctors and nurses currently working in our clinic.<\/p><p>If there is a doctor&#8217;s name there associated with our clinic &#8211; ul. Nowoursynowska 161, 02-787 Warsaw, it means that the declaration has already been made in another form, correctly submitted in our facility, and you can skip the next steps.<\/p><p>If the field is empty or if there is a doctor outside\u00a0 of the list below, enter the new name of one of the doctors assigned to our facility \u2013 below is a list of doctors associated with NZOZ SGGW.\u00a0 Follow the instructions step-by-step<\/p><p><strong>CHANGE OF DOCTOR:<\/strong><\/p><ol><li>In the Doctor box, click New Declaration \/ Enter Declaration.<\/li><li>Verify\/complete your data.<\/li><li>Select a facility:<\/li><\/ol><ul><li>Wojew\u00f3dztwo Mazowieckie [Mazowieckie Province]<\/li><li>Miejscowo\u015b\u0107 Warszawa [Warsaw]<\/li><li>Ulica Nowoursynowska\u00a0 [Nowoursynowska Street]<\/li><li>Plac\u00f3wka NIEPUBLICZNY ZAK\u0141AD OPIEKI ZDROWOTNEJ SGGW (GABINET LEKARZA POZ) [NON-PUBLIC FACILITY SGGW HEALTH CARE FACILITY (DOCTOR&#8217;S OFFICE POS)]<\/li><\/ul><ol start=\"4\"><li>Choose a doctor (currently working POZ doctors in our facility) \u2013 you can choose one name:<\/li><\/ol><ul><li>Agnieszka Zofia Szyma\u0144ska<\/li><li>Alicja Bozena<\/li><li>Iwona Maria Witek<\/li><li>Malgorzata Maria Kaczorowska<\/li><li>Sylwia Maria Gruber<\/li><li>Adam Joseph Kalinowski<\/li><\/ul><ol start=\"5\"><li>Click <strong>PODPISZ DEKLARACJ\u0118<\/strong>\u00a0 [<strong>SIGN DECLARATION] and<\/strong> follow the information that appears.<\/li><\/ol><p><strong>CHANGE OF NURSE:<\/strong><\/p><ol><li>In the Nurse box, click\u00a0 Nowa deklaracja \/ Wprowad\u017a deklaracj\u0119. [New Declaration \/ Enter Declaration.]<\/li><li>Verify\/complete your data.<\/li><li>Select a facility:<\/li><\/ol><ul><li>Wojew\u00f3dztwo Mazowieckie [Province: Mazowieckie]<\/li><li>Miejscowo\u015b\u0107: Warszawa [City: Warsaw]<\/li><li>Ulica: Nowoursynowska [Street: Nowoursynowska]<\/li><li>Plac\u00f3wka NIEPUBLICZNY ZAK\u0141AD OPIEKI ZDROWOTNEJ SGGW (GABINET LEKARZA POZ) [Facility: NON-PUBLIC HEALTH CARE FACILITY SGGW (NURSE&#8217;S OFFICE)]<\/li><\/ul><ol start=\"4\"><li>Choose a nurse (currently working nurses in our institution) \u2013 you can choose one name<\/li><\/ol><ul><li>Renata Chmielewska<\/li><li>Anna Sokulska &#8211; Ksyta<\/li><li>Beata Katarzyna Jurek<\/li><\/ul><ol start=\"5\"><li>Click &#8220;Podpisz deklaracj\u0119&#8221; [Sign Declaration] and follow the information that appears.<\/li><\/ol><p>Once the e-declaration has been correctly signed, it will be submitted for acceptance in our clinic.<br \/>If you make an error, don&#8217;t worry &#8211; the system will generate an email to us, and we will take care of this matter.<\/p>\n                    <\/div>\n                <\/div>\n            <\/section>\t\t<\/div>\n\t\t\t\t<\/div>\n\t\t\t\t\t<\/div>\n\t\t<\/div>\n\t\t\t\t\t<\/div>\n\t\t<\/section>\n\t\t\t\t<\/div>\n\t\t","protected":false},"excerpt":{"rendered":"<p>E-Declaration For this purpose, after logging in to the Patient Account website, in the MOJE KONTO [MY ACCOUNT] tab, you can submit an E-DECLARATION to the doctor and\/or nurse.After entering MOJE KONTO [MY ACCOUNT], scroll to the bottom of the page, and select TWOJA PODSTAWOWA OPIEKA ZDROWOTNA [YOUR PRIMARY HEALTH CARE] (POZ).Here are presented the [&hellip;]<\/p>\n","protected":false},"author":35,"featured_media":0,"parent":15822,"menu_order":0,"comment_status":"closed","ping_status":"closed","template":"","meta":{"_acf_changed":false,"footnotes":""},"class_list":["post-15278","page","type-page","status-publish","hentry"],"acf":[],"_links":{"self":[{"href":"https:\/\/www.sggw.edu.pl\/en\/wp-json\/wp\/v2\/pages\/15278","targetHints":{"allow":["GET"]}}],"collection":[{"href":"https:\/\/www.sggw.edu.pl\/en\/wp-json\/wp\/v2\/pages"}],"about":[{"href":"https:\/\/www.sggw.edu.pl\/en\/wp-json\/wp\/v2\/types\/page"}],"author":[{"embeddable":true,"href":"https:\/\/www.sggw.edu.pl\/en\/wp-json\/wp\/v2\/users\/35"}],"replies":[{"embeddable":true,"href":"https:\/\/www.sggw.edu.pl\/en\/wp-json\/wp\/v2\/comments?post=15278"}],"version-history":[{"count":7,"href":"https:\/\/www.sggw.edu.pl\/en\/wp-json\/wp\/v2\/pages\/15278\/revisions"}],"predecessor-version":[{"id":92248,"href":"https:\/\/www.sggw.edu.pl\/en\/wp-json\/wp\/v2\/pages\/15278\/revisions\/92248"}],"up":[{"embeddable":true,"href":"https:\/\/www.sggw.edu.pl\/en\/wp-json\/wp\/v2\/pages\/15822"}],"wp:attachment":[{"href":"https:\/\/www.sggw.edu.pl\/en\/wp-json\/wp\/v2\/media?parent=15278"}],"curies":[{"name":"wp","href":"https:\/\/api.w.org\/{rel}","templated":true}]}}