{"id":15280,"date":"2021-01-29T14:30:47","date_gmt":"2021-01-29T13:30:47","guid":{"rendered":"https:\/\/www.sggw.edu.pl\/national-immunisation-programme-against-covid\/"},"modified":"2021-07-02T06:13:59","modified_gmt":"2021-07-02T04:13:59","slug":"national-immunisation-programme-against-covid","status":"publish","type":"page","link":"https:\/\/www.sggw.edu.pl\/en\/campus\/sggw-student-health-centre\/national-immunisation-programme-against-covid\/","title":{"rendered":"National Immunisation Programme against COVID"},"content":{"rendered":"\t\t<div data-elementor-type=\"wp-page\" data-elementor-id=\"15280\" class=\"elementor elementor-15280\" data-elementor-post-type=\"page\">\n\t\t\t\t\t\t<section class=\"elementor-section elementor-top-section elementor-element elementor-element-707a4ee1 elementor-section-boxed elementor-section-height-default elementor-section-height-default\" data-id=\"707a4ee1\" data-element_type=\"section\">\n\t\t\t\t\t\t<div class=\"elementor-container elementor-column-gap-default\">\n\t\t\t\t\t<div class=\"elementor-column elementor-col-100 elementor-top-column elementor-element elementor-element-4794f5d3\" data-id=\"4794f5d3\" data-element_type=\"column\">\n\t\t\t<div class=\"elementor-widget-wrap elementor-element-populated\">\n\t\t\t\t\t\t<div class=\"elementor-element elementor-element-12cbcb62 elementor-widget elementor-widget-wp-widget-bcn_widget\" data-id=\"12cbcb62\" data-element_type=\"widget\" data-widget_type=\"wp-widget-bcn_widget.default\">\n\t\t\t\t<div class=\"elementor-widget-container\">\n\t\t\t<div class=\"mn-grid breadcrumb\">\n                                    <div class=\"breadcrumb-inner mn-grid-12\"><div class=\"breadcrumbs\" vocab=\"https:\/\/schema.org\/\" typeof=\"BreadcrumbList\"><span property=\"itemListElement\" typeof=\"ListItem\"><a property=\"item\" typeof=\"WebPage\" title=\"Go to Szko\u0142a G\u0142\u00f3wna Gospodarstwa Wiejskiego w Warszawie.\" href=\"https:\/\/www.sggw.edu.pl\/en\/\" class=\"home\" aria-current=\"page\"><span property=\"name\">Home<\/span><\/a><meta property=\"position\" content=\"1\"><\/span><\/div>    <\/div>\n                                <\/div>\t\t<\/div>\n\t\t\t\t<\/div>\n\t\t\t\t<div class=\"elementor-element elementor-element-7e1e17a7 elementor-widget elementor-widget-post-title\" data-id=\"7e1e17a7\" data-element_type=\"widget\" data-widget_type=\"post-title.default\">\n\t\t\t\t<div class=\"elementor-widget-container\">\n\t\t\t<section>\n                    <div class=\"mn-grid entry-header-inner section-inner medium\">\n                        <h1 class=\"mn-grid-12 entry-title\" style=\"\">\n                            National Immunisation Programme against COVID\n                        <\/h1>\n                    <\/div>\n                <\/section>\t\t<\/div>\n\t\t\t\t<\/div>\n\t\t\t\t<div class=\"elementor-element elementor-element-dc49c32 elementor-widget elementor-widget-w33\" data-id=\"dc49c32\" data-element_type=\"widget\" data-widget_type=\"w33.default\">\n\t\t\t\t<div class=\"elementor-widget-container\">\n\t\t\t<section>\n            <div class=\"mn-grid\">\n                <div class=\"mn-vertical-separator-x2\">\n                    \n                <\/div>\n            <\/section>\t\t<\/div>\n\t\t\t\t<\/div>\n\t\t\t\t\t<\/div>\n\t\t<\/div>\n\t\t\t\t\t<\/div>\n\t\t<\/section>\n\t\t\t\t<section class=\"elementor-section elementor-top-section elementor-element elementor-element-f9b62f5 elementor-section-boxed elementor-section-height-default elementor-section-height-default\" data-id=\"f9b62f5\" data-element_type=\"section\">\n\t\t\t\t\t\t<div class=\"elementor-container elementor-column-gap-default\">\n\t\t\t\t\t<div class=\"elementor-column elementor-col-100 elementor-top-column elementor-element elementor-element-b583f63\" data-id=\"b583f63\" data-element_type=\"column\">\n\t\t\t<div class=\"elementor-widget-wrap elementor-element-populated\">\n\t\t\t\t\t\t<div class=\"elementor-element elementor-element-d683eb7 elementor-widget elementor-widget-w12\" data-id=\"d683eb7\" data-element_type=\"widget\" data-widget_type=\"w12.default\">\n\t\t\t\t<div class=\"elementor-widget-container\">\n\t\t\t<section>\n                <div class=\"mn-grid\">\n                    <div class=\"mn-grid-12 mn-mod-text-links\">\n                        <p><u>The information in this article is updated on a regular basis.<\/u><\/p><p>Our clinic has been qualified for the National Sars-CoV-2 Virus Vaccination Program announced by the Polish Government.<\/p><p>This means that all patients, regardless of whether they are declared patients of our clinic, will be able to choose NZOZ SGGW as the place of their vaccination against COVID-19.<\/p><p>The process of registering for vaccinations will be based on a central e-registration system, integrating individual admissions schedules of individual vaccination points.<\/p><p>In order to make an appointment, patients can call the Helpline created for this purpose \u2013 no. 989; electronically through their Online Patient Account (available on pacjent.gov.pl) or sign up directly at the vaccination point.<\/p><p>Both the vaccine and the vaccination visit will be free of charge. The patient immunization process will be carried out in accordance with the vaccination order announced by the Government.<\/p><p>At the moment, we do not yet have full knowledge of the rules for appointment and vaccination. However, please take into account that in our clinic will also be able to vaccinate people outside the list of patients declared to NZOZ SGGW, and the registration process itself will be carried out using a central IT system operating outside the control of our clinic.<\/p><p>We will inform you about the next stages and the process of implementation of vaccinations after obtaining detailed information from the Government.<\/p>\n                    <\/div>\n                <\/div>\n            <\/section>\t\t<\/div>\n\t\t\t\t<\/div>\n\t\t\t\t\t<\/div>\n\t\t<\/div>\n\t\t\t\t\t<\/div>\n\t\t<\/section>\n\t\t\t\t<\/div>\n\t\t","protected":false},"excerpt":{"rendered":"<p>National Immunisation Programme against COVID The information in this article is updated on a regular basis. Our clinic has been qualified for the National Sars-CoV-2 Virus Vaccination Program announced by the Polish Government. This means that all patients, regardless of whether they are declared patients of our clinic, will be able to choose NZOZ SGGW [&hellip;]<\/p>\n","protected":false},"author":35,"featured_media":0,"parent":15428,"menu_order":0,"comment_status":"closed","ping_status":"closed","template":"","meta":{"_acf_changed":false,"footnotes":""},"class_list":["post-15280","page","type-page","status-publish","hentry"],"acf":[],"_links":{"self":[{"href":"https:\/\/www.sggw.edu.pl\/en\/wp-json\/wp\/v2\/pages\/15280","targetHints":{"allow":["GET"]}}],"collection":[{"href":"https:\/\/www.sggw.edu.pl\/en\/wp-json\/wp\/v2\/pages"}],"about":[{"href":"https:\/\/www.sggw.edu.pl\/en\/wp-json\/wp\/v2\/types\/page"}],"author":[{"embeddable":true,"href":"https:\/\/www.sggw.edu.pl\/en\/wp-json\/wp\/v2\/users\/35"}],"replies":[{"embeddable":true,"href":"https:\/\/www.sggw.edu.pl\/en\/wp-json\/wp\/v2\/comments?post=15280"}],"version-history":[{"count":10,"href":"https:\/\/www.sggw.edu.pl\/en\/wp-json\/wp\/v2\/pages\/15280\/revisions"}],"predecessor-version":[{"id":87206,"href":"https:\/\/www.sggw.edu.pl\/en\/wp-json\/wp\/v2\/pages\/15280\/revisions\/87206"}],"up":[{"embeddable":true,"href":"https:\/\/www.sggw.edu.pl\/en\/wp-json\/wp\/v2\/pages\/15428"}],"wp:attachment":[{"href":"https:\/\/www.sggw.edu.pl\/en\/wp-json\/wp\/v2\/media?parent=15280"}],"curies":[{"name":"wp","href":"https:\/\/api.w.org\/{rel}","templated":true}]}}