{"id":15282,"date":"2021-01-29T14:30:49","date_gmt":"2021-01-29T13:30:49","guid":{"rendered":"https:\/\/www.sggw.edu.pl\/recipe\/"},"modified":"2021-08-14T18:28:41","modified_gmt":"2021-08-14T16:28:41","slug":"prescriptions","status":"publish","type":"page","link":"https:\/\/www.sggw.edu.pl\/en\/campus\/sggw-student-health-centre\/prescriptions\/","title":{"rendered":"Prescriptions"},"content":{"rendered":"\t\t<div data-elementor-type=\"wp-page\" data-elementor-id=\"15282\" class=\"elementor elementor-15282\" data-elementor-post-type=\"page\">\n\t\t\t\t\t\t<section class=\"elementor-section elementor-top-section elementor-element elementor-element-5f8d8cf5 elementor-section-boxed elementor-section-height-default elementor-section-height-default\" data-id=\"5f8d8cf5\" data-element_type=\"section\">\n\t\t\t\t\t\t<div class=\"elementor-container elementor-column-gap-default\">\n\t\t\t\t\t<div class=\"elementor-column elementor-col-100 elementor-top-column elementor-element elementor-element-76a0ad9c\" data-id=\"76a0ad9c\" data-element_type=\"column\">\n\t\t\t<div class=\"elementor-widget-wrap elementor-element-populated\">\n\t\t\t\t\t\t<div class=\"elementor-element elementor-element-2e0fba43 elementor-widget elementor-widget-wp-widget-bcn_widget\" data-id=\"2e0fba43\" data-element_type=\"widget\" data-widget_type=\"wp-widget-bcn_widget.default\">\n\t\t\t\t<div class=\"elementor-widget-container\">\n\t\t\t<div class=\"mn-grid breadcrumb\">\n                                    <div class=\"breadcrumb-inner mn-grid-12\"><div class=\"breadcrumbs\" vocab=\"https:\/\/schema.org\/\" typeof=\"BreadcrumbList\"><span property=\"itemListElement\" typeof=\"ListItem\"><a property=\"item\" typeof=\"WebPage\" title=\"Go to Szko\u0142a G\u0142\u00f3wna Gospodarstwa Wiejskiego w Warszawie.\" href=\"https:\/\/www.sggw.edu.pl\/en\/\" class=\"home\" aria-current=\"page\"><span property=\"name\">Home<\/span><\/a><meta property=\"position\" content=\"1\"><\/span><\/div>    <\/div>\n                                <\/div>\t\t<\/div>\n\t\t\t\t<\/div>\n\t\t\t\t<div class=\"elementor-element elementor-element-35af380c elementor-widget elementor-widget-post-title\" data-id=\"35af380c\" data-element_type=\"widget\" data-widget_type=\"post-title.default\">\n\t\t\t\t<div class=\"elementor-widget-container\">\n\t\t\t<section>\n                    <div class=\"mn-grid entry-header-inner section-inner medium\">\n                        <h1 class=\"mn-grid-12 entry-title\" style=\"\">\n                            Prescriptions\n                        <\/h1>\n                    <\/div>\n                <\/section>\t\t<\/div>\n\t\t\t\t<\/div>\n\t\t\t\t\t<\/div>\n\t\t<\/div>\n\t\t\t\t\t<\/div>\n\t\t<\/section>\n\t\t\t\t<section class=\"elementor-section elementor-top-section elementor-element elementor-element-839fac8 elementor-section-boxed elementor-section-height-default elementor-section-height-default\" data-id=\"839fac8\" data-element_type=\"section\">\n\t\t\t\t\t\t<div class=\"elementor-container elementor-column-gap-default\">\n\t\t\t\t\t<div class=\"elementor-column elementor-col-100 elementor-top-column elementor-element elementor-element-34e8b99\" data-id=\"34e8b99\" data-element_type=\"column\">\n\t\t\t<div class=\"elementor-widget-wrap elementor-element-populated\">\n\t\t\t\t\t\t<div class=\"elementor-element elementor-element-6395ee8 elementor-widget elementor-widget-w33\" data-id=\"6395ee8\" data-element_type=\"widget\" data-widget_type=\"w33.default\">\n\t\t\t\t<div class=\"elementor-widget-container\">\n\t\t\t<section>\n            <div class=\"mn-grid\">\n                <div class=\"mn-vertical-separator-x2\">\n                    \n                <\/div>\n            <\/section>\t\t<\/div>\n\t\t\t\t<\/div>\n\t\t\t\t<div class=\"elementor-element elementor-element-970e6dd elementor-widget elementor-widget-w12\" data-id=\"970e6dd\" data-element_type=\"widget\" data-widget_type=\"w12.default\">\n\t\t\t\t<div class=\"elementor-widget-container\">\n\t\t\t<section>\n                <div class=\"mn-grid\">\n                    <div class=\"mn-grid-12 mn-mod-text-links\">\n                        <ul><li>The prescription can be ordered by calling the registration number &#8211; tel. 22 593-14-30 during opening hours of our clinic<\/li><li>The service is provided only for patients who have submitted declarations of choice of doctor POZ in the Clinic NZOZ SGGW<\/li><li>A prescription order can only be placed for solid medicines, as recorded in the card<\/li><li>Please prepare a list of medicines \u2013 the registration worker has no insight into the patient&#8217;s medical history<\/li><li>The prescription is issued for a period of not more than 4 months<\/li><li>The deadline for the implementation of the need for medicines is seven working days. During the holiday period and during the pandemic period, the time limit may be extended<\/li><li>Your doctor may refuse to list your medicine or write out a different amount of packaging than you ordered<\/li><li>You do not need to have a paper version of the document when using e-Prescriptions. Simply enter your Social Security number and 4-digit passcode when visiting the pharmacy<\/li><li>We recommend using an Online Patient Account &#8211; https:\/\/pacjent.gov.pl\/internetowe-konto-pacjenta<\/li><li>By registering on the portal you will receive a prescription code via SMS<\/li><li>Please note that if you have ordered more than 5 medicines, you will receive 2 codes in one SMS (the code is assigned to a maximum of 5 drugs)<\/li><li>Due to the threat of sars-cov-2 coronavirus outbreak, our patients who received an e-prescription during the telecod and do not have an Online Patient Account (IKP) will be informed by telephone about the prescription code<\/li><\/ul>\n                    <\/div>\n                <\/div>\n            <\/section>\t\t<\/div>\n\t\t\t\t<\/div>\n\t\t\t\t\t<\/div>\n\t\t<\/div>\n\t\t\t\t\t<\/div>\n\t\t<\/section>\n\t\t\t\t<\/div>\n\t\t","protected":false},"excerpt":{"rendered":"<p>Prescriptions The prescription can be ordered by calling the registration number &#8211; tel. 22 593-14-30 during opening hours of our clinic The service is provided only for patients who have submitted declarations of choice of doctor POZ in the Clinic NZOZ SGGW A prescription order can only be placed for solid medicines, as recorded in [&hellip;]<\/p>\n","protected":false},"author":35,"featured_media":0,"parent":15428,"menu_order":0,"comment_status":"closed","ping_status":"closed","template":"","meta":{"_acf_changed":false,"footnotes":""},"class_list":["post-15282","page","type-page","status-publish","hentry"],"acf":[],"_links":{"self":[{"href":"https:\/\/www.sggw.edu.pl\/en\/wp-json\/wp\/v2\/pages\/15282","targetHints":{"allow":["GET"]}}],"collection":[{"href":"https:\/\/www.sggw.edu.pl\/en\/wp-json\/wp\/v2\/pages"}],"about":[{"href":"https:\/\/www.sggw.edu.pl\/en\/wp-json\/wp\/v2\/types\/page"}],"author":[{"embeddable":true,"href":"https:\/\/www.sggw.edu.pl\/en\/wp-json\/wp\/v2\/users\/35"}],"replies":[{"embeddable":true,"href":"https:\/\/www.sggw.edu.pl\/en\/wp-json\/wp\/v2\/comments?post=15282"}],"version-history":[{"count":11,"href":"https:\/\/www.sggw.edu.pl\/en\/wp-json\/wp\/v2\/pages\/15282\/revisions"}],"predecessor-version":[{"id":92242,"href":"https:\/\/www.sggw.edu.pl\/en\/wp-json\/wp\/v2\/pages\/15282\/revisions\/92242"}],"up":[{"embeddable":true,"href":"https:\/\/www.sggw.edu.pl\/en\/wp-json\/wp\/v2\/pages\/15428"}],"wp:attachment":[{"href":"https:\/\/www.sggw.edu.pl\/en\/wp-json\/wp\/v2\/media?parent=15282"}],"curies":[{"name":"wp","href":"https:\/\/api.w.org\/{rel}","templated":true}]}}