{"id":15283,"date":"2021-01-29T14:30:49","date_gmt":"2021-01-29T13:30:49","guid":{"rendered":"https:\/\/www.sggw.edu.pl\/students-students-doctoral-students\/"},"modified":"2021-07-20T18:16:21","modified_gmt":"2021-07-20T16:16:21","slug":"students-pupils-doctoral-students","status":"publish","type":"page","link":"https:\/\/www.sggw.edu.pl\/en\/collaboration-and-services\/students-pupils-doctoral-students\/","title":{"rendered":"Students, pupils, doctoral students"},"content":{"rendered":"\t\t<div data-elementor-type=\"wp-page\" data-elementor-id=\"15283\" class=\"elementor elementor-15283\" data-elementor-post-type=\"page\">\n\t\t\t\t\t\t<section class=\"elementor-section elementor-top-section elementor-element elementor-element-224523c0 elementor-section-boxed elementor-section-height-default elementor-section-height-default\" data-id=\"224523c0\" data-element_type=\"section\">\n\t\t\t\t\t\t<div class=\"elementor-container elementor-column-gap-default\">\n\t\t\t\t\t<div class=\"elementor-column elementor-col-100 elementor-top-column elementor-element elementor-element-651f56fb\" data-id=\"651f56fb\" data-element_type=\"column\">\n\t\t\t<div class=\"elementor-widget-wrap elementor-element-populated\">\n\t\t\t\t\t\t<div class=\"elementor-element elementor-element-18596cf0 elementor-widget elementor-widget-wp-widget-bcn_widget\" data-id=\"18596cf0\" data-element_type=\"widget\" data-widget_type=\"wp-widget-bcn_widget.default\">\n\t\t\t\t<div class=\"elementor-widget-container\">\n\t\t\t<div class=\"mn-grid breadcrumb\">\n                                    <div class=\"breadcrumb-inner mn-grid-12\"><div class=\"breadcrumbs\" vocab=\"https:\/\/schema.org\/\" typeof=\"BreadcrumbList\"><span property=\"itemListElement\" typeof=\"ListItem\"><a property=\"item\" typeof=\"WebPage\" title=\"Go to Szko\u0142a G\u0142\u00f3wna Gospodarstwa Wiejskiego w Warszawie.\" href=\"https:\/\/www.sggw.edu.pl\/en\/\" class=\"home\" aria-current=\"page\"><span property=\"name\">Home<\/span><\/a><meta property=\"position\" content=\"1\"><\/span><\/div>    <\/div>\n                                <\/div>\t\t<\/div>\n\t\t\t\t<\/div>\n\t\t\t\t<div class=\"elementor-element elementor-element-2b6ae6db elementor-widget elementor-widget-post-title\" data-id=\"2b6ae6db\" data-element_type=\"widget\" data-widget_type=\"post-title.default\">\n\t\t\t\t<div class=\"elementor-widget-container\">\n\t\t\t<section>\n                    <div class=\"mn-grid entry-header-inner section-inner medium\">\n                        <h1 class=\"mn-grid-12 entry-title\" style=\"\">\n                            Students, pupils, doctoral students\n                        <\/h1>\n                    <\/div>\n                <\/section>\t\t<\/div>\n\t\t\t\t<\/div>\n\t\t\t\t<div class=\"elementor-element elementor-element-f54bd8c elementor-widget elementor-widget-w33\" data-id=\"f54bd8c\" data-element_type=\"widget\" data-widget_type=\"w33.default\">\n\t\t\t\t<div class=\"elementor-widget-container\">\n\t\t\t<section>\n            <div class=\"mn-grid\">\n                <div class=\"mn-vertical-separator-x2\">\n                    \n                <\/div>\n            <\/section>\t\t<\/div>\n\t\t\t\t<\/div>\n\t\t\t\t\t<\/div>\n\t\t<\/div>\n\t\t\t\t\t<\/div>\n\t\t<\/section>\n\t\t\t\t<section class=\"elementor-section elementor-top-section elementor-element elementor-element-e107aa3 elementor-section-boxed elementor-section-height-default elementor-section-height-default\" data-id=\"e107aa3\" data-element_type=\"section\">\n\t\t\t\t\t\t<div class=\"elementor-container elementor-column-gap-default\">\n\t\t\t\t\t<div class=\"elementor-column elementor-col-100 elementor-top-column elementor-element elementor-element-771b0ee\" data-id=\"771b0ee\" data-element_type=\"column\">\n\t\t\t<div class=\"elementor-widget-wrap elementor-element-populated\">\n\t\t\t\t\t\t<div class=\"elementor-element elementor-element-e16aea4 elementor-widget elementor-widget-w8\" data-id=\"e16aea4\" data-element_type=\"widget\" data-widget_type=\"w8.default\">\n\t\t\t\t<div class=\"elementor-widget-container\">\n\t\t\t<section>\n                <div class=\"mn-grid\">\n                    <div class=\"mn-grid-12 mn-more-container2\">\n                        EXAMINATIONS OF PUPILS APPLYING FOR DRIVING LICENCES IN THE COURSE OF THEIR STUDIES\n                    <\/div>\n                <\/div>\n            <\/section>\t\t<\/div>\n\t\t\t\t<\/div>\n\t\t\t\t\t<\/div>\n\t\t<\/div>\n\t\t\t\t\t<\/div>\n\t\t<\/section>\n\t\t\t\t<section class=\"elementor-section elementor-top-section elementor-element elementor-element-b2354b6 elementor-section-boxed elementor-section-height-default elementor-section-height-default\" data-id=\"b2354b6\" data-element_type=\"section\">\n\t\t\t\t\t\t<div class=\"elementor-container elementor-column-gap-default\">\n\t\t\t\t\t<div class=\"elementor-column elementor-col-100 elementor-top-column elementor-element elementor-element-2035650\" data-id=\"2035650\" data-element_type=\"column\">\n\t\t\t<div class=\"elementor-widget-wrap elementor-element-populated\">\n\t\t\t\t\t\t<div class=\"elementor-element elementor-element-244ba39 elementor-widget elementor-widget-w33\" data-id=\"244ba39\" data-element_type=\"widget\" data-widget_type=\"w33.default\">\n\t\t\t\t<div class=\"elementor-widget-container\">\n\t\t\t<section>\n            <div class=\"mn-grid\">\n                <div class=\"mn-vertical-separator-x2\">\n                    \n                <\/div>\n            <\/section>\t\t<\/div>\n\t\t\t\t<\/div>\n\t\t\t\t<div class=\"elementor-element elementor-element-19b8639 elementor-widget elementor-widget-w12\" data-id=\"19b8639\" data-element_type=\"widget\" data-widget_type=\"w12.default\">\n\t\t\t\t<div class=\"elementor-widget-container\">\n\t\t\t<section>\n                <div class=\"mn-grid\">\n                    <div class=\"mn-grid-12 mn-mod-text-links\">\n                        <p>We carry out occupational medicine examinations &#8220;<strong>for candidates for secondary or higher education and vocational qualification courses, pupils of those schools, students, students of vocational qualification courses and participants in doctoral studies from the Mazovian Voivodeship who are exposed to harmful, disruptive or dangerous factors during practical vocational training or studies<\/strong> &#8220;<\/p><p>We are one of the medical entities contracted to perform the task<strong> &#8220;Uczniowie 2020&#8221; [&#8220;Pupils 2020&#8221;].<\/strong><\/p><p>Tests can be ordered in registration:<\/p><p>Tel. 22 593-14-30 Monday to Friday from 8.30 to 17.30<\/p><p>The tests shall be carried out between 12:00 and 18:00:<\/p><p>8:30 &#8211; 15:00 on Monday, Wednesday and Friday and<br \/>8:30 &#8211; 17:30 on Tuesdays and Thursdays,<\/p><p>in our clinic at ul. Nowoursynowska 161 at DS Limba.<\/p><p>Medical examinations are carried out on a minor under the age of 16 in the NZOZ SGGW in the presence of a parent or guardian.<\/p><p>Persons under the age of 16 must have the written consent of the legal representative or de facto guardian to carry out the examination and provide other health services. Consent shall be given in the presence of an employee of NZOZ SGGW, after identification of the person making the relevant statement in this regard<br \/>Below you can download the Statement.<\/p><p><a href=\"https:\/\/www.sggw.edu.pl\/wp-content\/uploads\/2021\/01\/O%C5%9Bwiadczenie-1.docx\">Statement 1<\/a><br \/><a href=\"https:\/\/www.sggw.edu.pl\/wp-content\/uploads\/2021\/01\/O%C5%9Bwiadczenie-2.docx\">Statement 2<\/a><br \/><a href=\"https:\/\/www.sggw.edu.pl\/wp-content\/uploads\/2021\/01\/O%C5%9Bwiadczenie-3.docx\">Statement 3<\/a><\/p><p>Due to the threat of sars-coV-2 coronavirus epidemic, every visitor to our clinic is obliged to undergo body temperature measurement, provide information about the current state of health, have a mask, disinfect hands and maintain the prescribed distance between patients and, if possible, medical personnel.<br \/>Please reserve at least 20 minutes for the test each time.<\/p><p><u>Studies of pupils applying for driving licences during their studies<\/u><\/p>\n                    <\/div>\n                <\/div>\n            <\/section>\t\t<\/div>\n\t\t\t\t<\/div>\n\t\t\t\t\t<\/div>\n\t\t<\/div>\n\t\t\t\t\t<\/div>\n\t\t<\/section>\n\t\t\t\t<\/div>\n\t\t","protected":false},"excerpt":{"rendered":"<p>Students, pupils, doctoral students EXAMINATIONS OF PUPILS APPLYING FOR DRIVING LICENCES IN THE COURSE OF THEIR STUDIES We carry out occupational medicine examinations &#8220;for candidates for secondary or higher education and vocational qualification courses, pupils of those schools, students, students of vocational qualification courses and participants in doctoral studies from the Mazovian Voivodeship who are [&hellip;]<\/p>\n","protected":false},"author":35,"featured_media":0,"parent":15822,"menu_order":0,"comment_status":"closed","ping_status":"closed","template":"","meta":{"_acf_changed":false,"footnotes":""},"class_list":["post-15283","page","type-page","status-publish","hentry"],"acf":[],"_links":{"self":[{"href":"https:\/\/www.sggw.edu.pl\/en\/wp-json\/wp\/v2\/pages\/15283","targetHints":{"allow":["GET"]}}],"collection":[{"href":"https:\/\/www.sggw.edu.pl\/en\/wp-json\/wp\/v2\/pages"}],"about":[{"href":"https:\/\/www.sggw.edu.pl\/en\/wp-json\/wp\/v2\/types\/page"}],"author":[{"embeddable":true,"href":"https:\/\/www.sggw.edu.pl\/en\/wp-json\/wp\/v2\/users\/35"}],"replies":[{"embeddable":true,"href":"https:\/\/www.sggw.edu.pl\/en\/wp-json\/wp\/v2\/comments?post=15283"}],"version-history":[{"count":15,"href":"https:\/\/www.sggw.edu.pl\/en\/wp-json\/wp\/v2\/pages\/15283\/revisions"}],"predecessor-version":[{"id":89459,"href":"https:\/\/www.sggw.edu.pl\/en\/wp-json\/wp\/v2\/pages\/15283\/revisions\/89459"}],"up":[{"embeddable":true,"href":"https:\/\/www.sggw.edu.pl\/en\/wp-json\/wp\/v2\/pages\/15822"}],"wp:attachment":[{"href":"https:\/\/www.sggw.edu.pl\/en\/wp-json\/wp\/v2\/media?parent=15283"}],"curies":[{"name":"wp","href":"https:\/\/api.w.org\/{rel}","templated":true}]}}