{"id":15356,"date":"2021-01-29T16:23:10","date_gmt":"2021-01-29T15:23:10","guid":{"rendered":"https:\/\/www.sggw.edu.pl\/foreign-delegations\/provisions\/"},"modified":"2024-03-18T08:55:43","modified_gmt":"2024-03-18T07:55:43","slug":"provisions","status":"publish","type":"page","link":"https:\/\/www.sggw.edu.pl\/en\/collaboration-and-services\/international-cooperation\/foreign-delegations\/provisions\/","title":{"rendered":"Provisions"},"content":{"rendered":"\t\t<div data-elementor-type=\"wp-page\" data-elementor-id=\"15356\" class=\"elementor elementor-15356\" data-elementor-post-type=\"page\">\n\t\t\t\t\t\t<section class=\"elementor-section elementor-top-section elementor-element elementor-element-473d5df5 elementor-section-boxed elementor-section-height-default elementor-section-height-default\" data-id=\"473d5df5\" data-element_type=\"section\">\n\t\t\t\t\t\t<div class=\"elementor-container elementor-column-gap-default\">\n\t\t\t\t\t<div class=\"elementor-column elementor-col-100 elementor-top-column elementor-element elementor-element-63609b30\" data-id=\"63609b30\" data-element_type=\"column\">\n\t\t\t<div class=\"elementor-widget-wrap elementor-element-populated\">\n\t\t\t\t\t\t<div class=\"elementor-element elementor-element-36f5ce31 elementor-widget elementor-widget-wp-widget-bcn_widget\" data-id=\"36f5ce31\" data-element_type=\"widget\" data-widget_type=\"wp-widget-bcn_widget.default\">\n\t\t\t\t<div class=\"elementor-widget-container\">\n\t\t\t<div class=\"mn-grid breadcrumb\">\n                                    <div class=\"breadcrumb-inner mn-grid-12\"><div class=\"breadcrumbs\" vocab=\"https:\/\/schema.org\/\" typeof=\"BreadcrumbList\"><span property=\"itemListElement\" typeof=\"ListItem\"><a property=\"item\" typeof=\"WebPage\" title=\"Go to Szko\u0142a G\u0142\u00f3wna Gospodarstwa Wiejskiego w Warszawie.\" href=\"https:\/\/www.sggw.edu.pl\/en\/\" class=\"home\" aria-current=\"page\"><span property=\"name\">Home<\/span><\/a><meta property=\"position\" content=\"1\"><\/span><\/div>    <\/div>\n                                <\/div>\t\t<\/div>\n\t\t\t\t<\/div>\n\t\t\t\t<div class=\"elementor-element elementor-element-33e7f47f elementor-widget elementor-widget-post-title\" data-id=\"33e7f47f\" data-element_type=\"widget\" data-widget_type=\"post-title.default\">\n\t\t\t\t<div class=\"elementor-widget-container\">\n\t\t\t<section>\n                    <div class=\"mn-grid entry-header-inner section-inner medium\">\n                        <h1 class=\"mn-grid-12 entry-title\" style=\"\">\n                            Provisions\n                        <\/h1>\n                    <\/div>\n                <\/section>\t\t<\/div>\n\t\t\t\t<\/div>\n\t\t\t\t<section class=\"elementor-section elementor-inner-section elementor-element elementor-element-e76f324 elementor-section-boxed elementor-section-height-default elementor-section-height-default\" data-id=\"e76f324\" data-element_type=\"section\">\n\t\t\t\t\t\t<div class=\"elementor-container elementor-column-gap-default\">\n\t\t\t\t\t<div class=\"elementor-column elementor-col-100 elementor-inner-column elementor-element elementor-element-ee61d71\" data-id=\"ee61d71\" data-element_type=\"column\">\n\t\t\t<div class=\"elementor-widget-wrap elementor-element-populated\">\n\t\t\t\t\t\t<div class=\"elementor-element elementor-element-2549464 elementor-widget elementor-widget-w12\" data-id=\"2549464\" data-element_type=\"widget\" data-widget_type=\"w12.default\">\n\t\t\t\t<div class=\"elementor-widget-container\">\n\t\t\t<section>\n                <div class=\"mn-grid\">\n                    <div class=\"mn-grid-12 mn-mod-text-links\">\n                        <h3 style=\"text-align: center\">The provisions regulating issues related to foreign travels are contained in the following documents:<\/h3><\/p>\n\n                    <\/div>\n                <\/div>\n            <\/section>\t\t<\/div>\n\t\t\t\t<\/div>\n\t\t\t\t\t<\/div>\n\t\t<\/div>\n\t\t\t\t\t<\/div>\n\t\t<\/section>\n\t\t\t\t\t<\/div>\n\t\t<\/div>\n\t\t\t\t\t<\/div>\n\t\t<\/section>\n\t\t\t\t<section class=\"elementor-section elementor-top-section elementor-element elementor-element-4e293f4 elementor-section-boxed elementor-section-height-default elementor-section-height-default\" data-id=\"4e293f4\" data-element_type=\"section\">\n\t\t\t\t\t\t<div class=\"elementor-container elementor-column-gap-default\">\n\t\t\t\t\t<div class=\"elementor-column elementor-col-50 elementor-top-column elementor-element elementor-element-666c928\" data-id=\"666c928\" data-element_type=\"column\">\n\t\t\t<div class=\"elementor-widget-wrap elementor-element-populated\">\n\t\t\t\t\t\t<div class=\"elementor-element elementor-element-452b1e5 elementor-widget elementor-widget-w33\" data-id=\"452b1e5\" data-element_type=\"widget\" data-widget_type=\"w33.default\">\n\t\t\t\t<div class=\"elementor-widget-container\">\n\t\t\t<section>\n            <div class=\"mn-grid\">\n                <div class=\"mn-vertical-separator-x2\">\n                    \n                <\/div>\n            <\/section>\t\t<\/div>\n\t\t\t\t<\/div>\n\t\t\t\t<div class=\"elementor-element elementor-element-e3ed1de elementor-widget elementor-widget-w33\" data-id=\"e3ed1de\" data-element_type=\"widget\" data-widget_type=\"w33.default\">\n\t\t\t\t<div class=\"elementor-widget-container\">\n\t\t\t<section>\n            <div class=\"mn-grid\">\n                <div class=\"mn-vertical-separator-x2\">\n                    \n                <\/div>\n            <\/section>\t\t<\/div>\n\t\t\t\t<\/div>\n\t\t\t\t<div class=\"elementor-element elementor-element-8c6fd2c elementor-widget elementor-widget-w9\" data-id=\"8c6fd2c\" data-element_type=\"widget\" data-widget_type=\"w9.default\">\n\t\t\t\t<div class=\"elementor-widget-container\">\n\t\t\t<section><div class=\"mn-grid\"><ul class=\"mn-grid-12 mn-link-list-type1\"><li>\n                            <a href=\"http:\/\/isap.sejm.gov.pl\/isap.nsf\/download.xsp\/WDU20130000167\/O\/D20130167.pdf\" >\n                                <span>Regulation of the Minister of Labor and Social Policy of 29 January 2013 on receivables due to an employee employed in a state or local government budgetary unit for a business trip \/ Journal of Laws of 5 February 2013, item 167 \/<\/span>\n                            <\/a>\n                        <\/li><li>\n                            <a href=\"https:\/\/www.sggw.edu.pl\/wp-content\/uploads\/2020\/10\/Zarz\u0105dzenie-Nr-4-2007-delegacje.doc\" >\n                                <span>Ordinance No. 4\/2007 of the Rector of the Warsaw University of Life Sciences - SGGW of 01 February 2007 on diets and other payments for travel time made to carry out the tasks of the Warsaw University of Life Sciences<\/span>\n                            <\/a>\n                        <\/li><li>\n                            <a href=\"https:\/\/www.sggw.edu.pl\/wp-content\/uploads\/2020\/10\/Zarz\u0105dzenie-Nr-6-2009-delgacje.doc\" >\n                                <span>Order No. 6 of the Rector of the Main School of The Rural Farm in Warsaw of 09.04.2009 amending Order No. 4 of the Rector of the Main School of The Rural Farm in Warsaw of 01 February 2007 on diets and other payments for travel time made to carry out the tasks of the Warsaw University of Life Sciences<\/span>\n                            <\/a>\n                        <\/li><li>\n                            <a href=\"http:\/\/isap.sejm.gov.pl\/isap.nsf\/download.xsp\/WDU20020270271\/O\/D20020271.pdf\" >\n                                <span>Regulation of the Minister of Infrastructure of March 25, 2002. on the conditions for determining and the method of reimbursement of the costs of using for business purposes passenger cars, motorbikes and mopeds not owned by the employer \/ Journal Of Laws No. 27, item 271 and from 2004. 237, item 2376 \/<\/span>\n                            <\/a>\n                        <\/li><\/ul><\/div><\/section>\t\t<\/div>\n\t\t\t\t<\/div>\n\t\t\t\t\t<\/div>\n\t\t<\/div>\n\t\t\t\t<div class=\"elementor-column elementor-col-50 elementor-top-column elementor-element elementor-element-b10b3f7\" data-id=\"b10b3f7\" data-element_type=\"column\">\n\t\t\t<div class=\"elementor-widget-wrap elementor-element-populated\">\n\t\t\t\t\t\t<div class=\"elementor-element elementor-element-4651d1a elementor-widget elementor-widget-w25\" data-id=\"4651d1a\" data-element_type=\"widget\" data-widget_type=\"w25.default\">\n\t\t\t\t<div class=\"elementor-widget-container\">\n\t\t\t<section>\n                <div class=\"mn-grid\">\n                    <div class=\"mn-grid-12 mn-mod-img-full-width\">\n                        <img fetchpriority=\"high\" decoding=\"async\" width=\"752\" height=\"564\" src=\"https:\/\/www.sggw.edu.pl\/wp-content\/uploads\/2020\/10\/hammer-802296_1920.jpg\" class=\"attachment-961x564 size-961x564\" alt=\"\" srcset=\"https:\/\/www.sggw.edu.pl\/wp-content\/uploads\/2020\/10\/hammer-802296_1920.jpg 1920w, https:\/\/www.sggw.edu.pl\/wp-content\/uploads\/2020\/10\/hammer-802296_1920-300x225.jpg 300w, https:\/\/www.sggw.edu.pl\/wp-content\/uploads\/2020\/10\/hammer-802296_1920-1024x768.jpg 1024w, https:\/\/www.sggw.edu.pl\/wp-content\/uploads\/2020\/10\/hammer-802296_1920-768x576.jpg 768w, https:\/\/www.sggw.edu.pl\/wp-content\/uploads\/2020\/10\/hammer-802296_1920-1536x1152.jpg 1536w, https:\/\/www.sggw.edu.pl\/wp-content\/uploads\/2020\/10\/hammer-802296_1920-1200x900.jpg 1200w\" sizes=\"(max-width: 752px) 100vw, 752px\" \/>  <\/div>\n                <\/div>\n                <\/section>\t\t<\/div>\n\t\t\t\t<\/div>\n\t\t\t\t\t<\/div>\n\t\t<\/div>\n\t\t\t\t\t<\/div>\n\t\t<\/section>\n\t\t\t\t<\/div>\n\t\t","protected":false},"excerpt":{"rendered":"<p>The provisions regulating issues related to foreign travels are contained in the following documents: Regulation of the Minister of Labor and Social Policy of 29 January 2013 on receivables due to an employee employed in a state or local government budgetary unit for a business trip \/ Journal of Laws of 5 February 2013, item [&hellip;]<\/p>\n","protected":false},"author":1,"featured_media":0,"parent":15349,"menu_order":0,"comment_status":"closed","ping_status":"closed","template":"","meta":{"_acf_changed":false,"footnotes":""},"class_list":["post-15356","page","type-page","status-publish","hentry"],"acf":[],"_links":{"self":[{"href":"https:\/\/www.sggw.edu.pl\/en\/wp-json\/wp\/v2\/pages\/15356","targetHints":{"allow":["GET"]}}],"collection":[{"href":"https:\/\/www.sggw.edu.pl\/en\/wp-json\/wp\/v2\/pages"}],"about":[{"href":"https:\/\/www.sggw.edu.pl\/en\/wp-json\/wp\/v2\/types\/page"}],"author":[{"embeddable":true,"href":"https:\/\/www.sggw.edu.pl\/en\/wp-json\/wp\/v2\/users\/1"}],"replies":[{"embeddable":true,"href":"https:\/\/www.sggw.edu.pl\/en\/wp-json\/wp\/v2\/comments?post=15356"}],"version-history":[{"count":2,"href":"https:\/\/www.sggw.edu.pl\/en\/wp-json\/wp\/v2\/pages\/15356\/revisions"}],"predecessor-version":[{"id":193916,"href":"https:\/\/www.sggw.edu.pl\/en\/wp-json\/wp\/v2\/pages\/15356\/revisions\/193916"}],"up":[{"embeddable":true,"href":"https:\/\/www.sggw.edu.pl\/en\/wp-json\/wp\/v2\/pages\/15349"}],"wp:attachment":[{"href":"https:\/\/www.sggw.edu.pl\/en\/wp-json\/wp\/v2\/media?parent=15356"}],"curies":[{"name":"wp","href":"https:\/\/api.w.org\/{rel}","templated":true}]}}