{"id":15363,"date":"2021-01-29T16:23:14","date_gmt":"2021-01-29T15:23:14","guid":{"rendered":"https:\/\/www.sggw.edu.pl\/service\/"},"modified":"2024-03-15T16:14:21","modified_gmt":"2024-03-15T15:14:21","slug":"service","status":"publish","type":"page","link":"https:\/\/www.sggw.edu.pl\/en\/collaboration-and-services\/service\/","title":{"rendered":"Services"},"content":{"rendered":"\t\t<div data-elementor-type=\"wp-page\" data-elementor-id=\"15363\" class=\"elementor elementor-15363\" data-elementor-post-type=\"page\">\n\t\t\t\t\t\t<section class=\"elementor-section elementor-top-section elementor-element elementor-element-680b8770 elementor-section-boxed elementor-section-height-default elementor-section-height-default\" data-id=\"680b8770\" data-element_type=\"section\">\n\t\t\t\t\t\t<div class=\"elementor-container elementor-column-gap-default\">\n\t\t\t\t\t<div class=\"elementor-column elementor-col-100 elementor-top-column elementor-element elementor-element-26d98b9\" data-id=\"26d98b9\" data-element_type=\"column\">\n\t\t\t<div class=\"elementor-widget-wrap elementor-element-populated\">\n\t\t\t\t\t\t<div class=\"elementor-element elementor-element-70a9a67a elementor-widget elementor-widget-wp-widget-bcn_widget\" data-id=\"70a9a67a\" data-element_type=\"widget\" data-widget_type=\"wp-widget-bcn_widget.default\">\n\t\t\t\t<div class=\"elementor-widget-container\">\n\t\t\t<div class=\"mn-grid breadcrumb\">\n                                    <div class=\"breadcrumb-inner mn-grid-12\"><div class=\"breadcrumbs\" vocab=\"https:\/\/schema.org\/\" typeof=\"BreadcrumbList\"><span property=\"itemListElement\" typeof=\"ListItem\"><a property=\"item\" typeof=\"WebPage\" title=\"Go to Szko\u0142a G\u0142\u00f3wna Gospodarstwa Wiejskiego w Warszawie.\" href=\"https:\/\/www.sggw.edu.pl\/en\/\" class=\"home\" aria-current=\"page\"><span property=\"name\">Home<\/span><\/a><meta property=\"position\" content=\"1\"><\/span><\/div>    <\/div>\n                                <\/div>\t\t<\/div>\n\t\t\t\t<\/div>\n\t\t\t\t<div class=\"elementor-element elementor-element-5f7c68a elementor-widget elementor-widget-post-title\" data-id=\"5f7c68a\" data-element_type=\"widget\" data-widget_type=\"post-title.default\">\n\t\t\t\t<div class=\"elementor-widget-container\">\n\t\t\t<section>\n                    <div class=\"mn-grid entry-header-inner section-inner medium\">\n                        <h1 class=\"mn-grid-12 entry-title\" style=\"\">\n                            Services\n                        <\/h1>\n                    <\/div>\n                <\/section>\t\t<\/div>\n\t\t\t\t<\/div>\n\t\t\t\t<div class=\"elementor-element elementor-element-af6e5ec elementor-widget elementor-widget-w33\" data-id=\"af6e5ec\" data-element_type=\"widget\" data-widget_type=\"w33.default\">\n\t\t\t\t<div class=\"elementor-widget-container\">\n\t\t\t<section>\n            <div class=\"mn-grid\">\n                <div class=\"mn-vertical-separator-x2\">\n                    \n                <\/div>\n            <\/section>\t\t<\/div>\n\t\t\t\t<\/div>\n\t\t\t\t\t<\/div>\n\t\t<\/div>\n\t\t\t\t\t<\/div>\n\t\t<\/section>\n\t\t\t\t<section class=\"elementor-section elementor-top-section elementor-element elementor-element-935cc13 elementor-section-boxed elementor-section-height-default elementor-section-height-default\" data-id=\"935cc13\" data-element_type=\"section\">\n\t\t\t\t\t\t<div class=\"elementor-container elementor-column-gap-default\">\n\t\t\t\t\t<div class=\"elementor-column elementor-col-100 elementor-top-column elementor-element elementor-element-74ceeef\" data-id=\"74ceeef\" data-element_type=\"column\">\n\t\t\t<div class=\"elementor-widget-wrap elementor-element-populated\">\n\t\t\t\t\t\t<section class=\"elementor-section elementor-inner-section elementor-element elementor-element-79e4313 elementor-section-boxed elementor-section-height-default elementor-section-height-default\" data-id=\"79e4313\" data-element_type=\"section\">\n\t\t\t\t\t\t<div class=\"elementor-container elementor-column-gap-default\">\n\t\t\t\t\t<div class=\"elementor-column elementor-col-100 elementor-inner-column elementor-element elementor-element-c5f10d6\" data-id=\"c5f10d6\" data-element_type=\"column\">\n\t\t\t<div class=\"elementor-widget-wrap elementor-element-populated\">\n\t\t\t\t\t\t<div class=\"elementor-element elementor-element-a80a7c9 elementor-widget elementor-widget-w10\" data-id=\"a80a7c9\" data-element_type=\"widget\" data-widget_type=\"w10.default\">\n\t\t\t\t<div class=\"elementor-widget-container\">\n\t\t\t<section><div class=\"mn-grid\"><ul class=\"mn-link-list-type2 mn-grid-12\"><li>\n                            <a href=\"http:\/\/akademiagastronomiczna.sggw.pl\" >\n                                <span>Gastronomic Academy<\/span>\n                            <\/a>\n                        <\/li><li>\n                            <a href=\"http:\/\/www.centrum.analityczne.sggw.pl\" >\n                                <span>Analytical Centre<\/span>\n                            <\/a>\n                        <\/li><li>\n                            <a href=\"https:\/\/www.sggw.edu.pl\/en\/it-center\/\" >\n                                <span>IT Centre<\/span>\n                            <\/a>\n                        <\/li><li>\n                            <a href=\"https:\/\/www.sggw.edu.pl\/wspolpraca\/wspolpraca-z-biznesem\/\" >\n                                <span>Centre for Innovation and Technology Transfer<\/span>\n                            <\/a>\n                        <\/li><li>\n                            <a href=\"https:\/\/www.sggw.edu.pl\/en\/collaboration-and-services\/dormitory-ikar\/\" >\n                                <span>\"IKAR\" Dormitory<\/span>\n                            <\/a>\n                        <\/li><li>\n                            <a href=\"http:\/\/www.klinikakoni.sggw.pl\" >\n                                <span>Equine Disease Clinic<\/span>\n                            <\/a>\n                        <\/li><li>\n                            <a href=\"http:\/\/www.klinikawet.sggw.pl\" >\n                                <span>Small Animals Clinic<\/span>\n                            <\/a>\n                        <\/li><li>\n                            <a href=\"https:\/\/www.sggw.edu.pl\/en\/campus\/sggw-student-health-centre\/\" >\n                                <span>Non-public Healthcare Facility<\/span>\n                            <\/a>\n                        <\/li><li>\n                            <a href=\"https:\/\/przedszkole.sggw.pl\" >\n                                <span>Non-public Kindergarten SGGW<\/span>\n                            <\/a>\n                        <\/li><li>\n                            <a href=\"http:\/\/obiektysportowe.sggw.pl\" >\n                                <span>Sports Facilities<\/span>\n                            <\/a>\n                        <\/li><li>\n                            <a href=\"http:\/\/www.marymont-sggw.pl\" >\n                                <span>Training and Recreation Centre \"MARYMONT\" in Kiry<\/span>\n                            <\/a>\n                        <\/li><li>\n                            <a href=\"https:\/\/www.sggw.edu.pl\/osrodek-szkoleniowo-wypoczynkowy-w-kociszewie\/\" >\n                                <span>Training and Recreation Centre in Kociszew<\/span>\n                            <\/a>\n                        <\/li><li>\n                            <a href=\"http:\/\/poradnia_dietetyczna.sggw.pl\" >\n                                <span>Dietary Clinic<\/span>\n                            <\/a>\n                        <\/li><li>\n                            <a href=\"https:\/\/www.sggw.edu.pl\/kampus\/punkty-uslugowe\/stacja-kontroli-pojazdow-2\/\" >\n                                <span>Vehicle Inspection Station<\/span>\n                            <\/a>\n                        <\/li><li>\n                            <a href=\"https:\/\/www.sggw.edu.pl\/en\/collaboration-and-services\/rental-of-premises\/\" >\n                                <span>Rental of premises<\/span>\n                            <\/a>\n                        <\/li><li>\n                            <a href=\"https:\/\/www.wydawnictwosggw.pl\" >\n                                <span>SGGW Publishing House<\/span>\n                            <\/a>\n                        <\/li><\/ul><\/div><\/section>\t\t<\/div>\n\t\t\t\t<\/div>\n\t\t\t\t\t<\/div>\n\t\t<\/div>\n\t\t\t\t\t<\/div>\n\t\t<\/section>\n\t\t\t\t\t<\/div>\n\t\t<\/div>\n\t\t\t\t\t<\/div>\n\t\t<\/section>\n\t\t\t\t<\/div>\n\t\t","protected":false},"excerpt":{"rendered":"<p>Services Gastronomic Academy Analytical Centre IT Centre Centre for Innovation and Technology Transfer &#8220;IKAR&#8221; Dormitory Equine Disease Clinic Small Animals Clinic Non-public Healthcare Facility Non-public Kindergarten SGGW Sports Facilities Training and Recreation Centre &#8220;MARYMONT&#8221; in Kiry Training and Recreation Centre in Kociszew Dietary Clinic Vehicle Inspection Station Rental of premises SGGW Publishing House<\/p>\n","protected":false},"author":1,"featured_media":0,"parent":15822,"menu_order":0,"comment_status":"closed","ping_status":"closed","template":"","meta":{"_acf_changed":false,"footnotes":""},"class_list":["post-15363","page","type-page","status-publish","hentry"],"acf":[],"_links":{"self":[{"href":"https:\/\/www.sggw.edu.pl\/en\/wp-json\/wp\/v2\/pages\/15363","targetHints":{"allow":["GET"]}}],"collection":[{"href":"https:\/\/www.sggw.edu.pl\/en\/wp-json\/wp\/v2\/pages"}],"about":[{"href":"https:\/\/www.sggw.edu.pl\/en\/wp-json\/wp\/v2\/types\/page"}],"author":[{"embeddable":true,"href":"https:\/\/www.sggw.edu.pl\/en\/wp-json\/wp\/v2\/users\/1"}],"replies":[{"embeddable":true,"href":"https:\/\/www.sggw.edu.pl\/en\/wp-json\/wp\/v2\/comments?post=15363"}],"version-history":[{"count":25,"href":"https:\/\/www.sggw.edu.pl\/en\/wp-json\/wp\/v2\/pages\/15363\/revisions"}],"predecessor-version":[{"id":193856,"href":"https:\/\/www.sggw.edu.pl\/en\/wp-json\/wp\/v2\/pages\/15363\/revisions\/193856"}],"up":[{"embeddable":true,"href":"https:\/\/www.sggw.edu.pl\/en\/wp-json\/wp\/v2\/pages\/15822"}],"wp:attachment":[{"href":"https:\/\/www.sggw.edu.pl\/en\/wp-json\/wp\/v2\/media?parent=15363"}],"curies":[{"name":"wp","href":"https:\/\/api.w.org\/{rel}","templated":true}]}}