{"id":15372,"date":"2021-01-29T16:23:20","date_gmt":"2021-01-29T15:23:20","guid":{"rendered":"https:\/\/www.sggw.edu.pl\/foreign-delegations\/forms\/"},"modified":"2021-05-26T16:04:14","modified_gmt":"2021-05-26T14:04:14","slug":"forms","status":"publish","type":"page","link":"https:\/\/www.sggw.edu.pl\/en\/collaboration-and-services\/international-cooperation\/foreign-delegations\/forms\/","title":{"rendered":"Forms"},"content":{"rendered":"\t\t<div data-elementor-type=\"wp-page\" data-elementor-id=\"15372\" class=\"elementor elementor-15372\" data-elementor-post-type=\"page\">\n\t\t\t\t\t\t<section class=\"elementor-section elementor-top-section elementor-element elementor-element-5b2b6a1c elementor-section-boxed elementor-section-height-default elementor-section-height-default\" data-id=\"5b2b6a1c\" data-element_type=\"section\">\n\t\t\t\t\t\t<div class=\"elementor-container elementor-column-gap-default\">\n\t\t\t\t\t<div class=\"elementor-column elementor-col-100 elementor-top-column elementor-element elementor-element-4030ba94\" data-id=\"4030ba94\" data-element_type=\"column\">\n\t\t\t<div class=\"elementor-widget-wrap elementor-element-populated\">\n\t\t\t\t\t\t<div class=\"elementor-element elementor-element-74e43777 elementor-widget elementor-widget-wp-widget-bcn_widget\" data-id=\"74e43777\" data-element_type=\"widget\" data-widget_type=\"wp-widget-bcn_widget.default\">\n\t\t\t\t<div class=\"elementor-widget-container\">\n\t\t\t<div class=\"mn-grid breadcrumb\">\n                                    <div class=\"breadcrumb-inner mn-grid-12\"><div class=\"breadcrumbs\" vocab=\"https:\/\/schema.org\/\" typeof=\"BreadcrumbList\"><span property=\"itemListElement\" typeof=\"ListItem\"><a property=\"item\" typeof=\"WebPage\" title=\"Go to Szko\u0142a G\u0142\u00f3wna Gospodarstwa Wiejskiego w Warszawie.\" href=\"https:\/\/www.sggw.edu.pl\/en\/\" class=\"home\" aria-current=\"page\"><span property=\"name\">Home<\/span><\/a><meta property=\"position\" content=\"1\"><\/span><\/div>    <\/div>\n                                <\/div>\t\t<\/div>\n\t\t\t\t<\/div>\n\t\t\t\t<div class=\"elementor-element elementor-element-44be8a01 elementor-widget elementor-widget-post-title\" data-id=\"44be8a01\" data-element_type=\"widget\" data-widget_type=\"post-title.default\">\n\t\t\t\t<div class=\"elementor-widget-container\">\n\t\t\t<section>\n                    <div class=\"mn-grid entry-header-inner section-inner medium\">\n                        <h1 class=\"mn-grid-12 entry-title\" style=\"\">\n                            Forms\n                        <\/h1>\n                    <\/div>\n                <\/section>\t\t<\/div>\n\t\t\t\t<\/div>\n\t\t\t\t<div class=\"elementor-element elementor-element-3e2aad4 elementor-widget elementor-widget-w33\" data-id=\"3e2aad4\" data-element_type=\"widget\" data-widget_type=\"w33.default\">\n\t\t\t\t<div class=\"elementor-widget-container\">\n\t\t\t<section>\n            <div class=\"mn-grid\">\n                <div class=\"mn-vertical-separator-x2\">\n                    \n                <\/div>\n            <\/section>\t\t<\/div>\n\t\t\t\t<\/div>\n\t\t\t\t\t<\/div>\n\t\t<\/div>\n\t\t\t\t\t<\/div>\n\t\t<\/section>\n\t\t\t\t<section class=\"elementor-section elementor-top-section elementor-element elementor-element-82deae6 elementor-section-boxed elementor-section-height-default elementor-section-height-default\" data-id=\"82deae6\" data-element_type=\"section\">\n\t\t\t\t\t\t<div class=\"elementor-container elementor-column-gap-default\">\n\t\t\t\t\t<div class=\"elementor-column elementor-col-50 elementor-top-column elementor-element elementor-element-0e66eca\" data-id=\"0e66eca\" data-element_type=\"column\">\n\t\t\t<div class=\"elementor-widget-wrap elementor-element-populated\">\n\t\t\t\t\t\t<div class=\"elementor-element elementor-element-bb8ba8b elementor-widget elementor-widget-w10\" data-id=\"bb8ba8b\" data-element_type=\"widget\" data-widget_type=\"w10.default\">\n\t\t\t\t<div class=\"elementor-widget-container\">\n\t\t\t<section><div class=\"mn-grid\"><ul class=\"mn-link-list-type2 mn-grid-12\"><li>\n                            <a href=\"https:\/\/www.sggw.edu.pl\/wp-content\/uploads\/2020\/10\/Wniosek-wyjazdowy-PRACOWNICY_WZ\u00d3R.doc\" >\n                                <span>Travel application for employees and doctoral students of the Warsaw University of Life Sciences<\/span>\n                            <\/a>\n                        <\/li><li>\n                            <a href=\"https:\/\/www.sggw.edu.pl\/wp-content\/uploads\/2021\/01\/Wniosek-wyjazdowy-dla-os-innych-ni\u017c-pracownicy-i-doktoranci-SGGW.docx\" >\n                                <span>An exit application for people other than employees and doctoral students<\/span>\n                            <\/a>\n                        <\/li><li>\n                            <a href=\"https:\/\/www.sggw.edu.pl\/wp-content\/uploads\/2020\/10\/ROZLICZENIE-KOSZT\u00d3W-PODR\u00d3\u017bY-ZAGRANICZNEJ.docx\" >\n                                <span>Foreign travel cost settlement form<\/span>\n                            <\/a>\n                        <\/li><li>\n                            <a href=\"https:\/\/www.sggw.edu.pl\/wp-content\/uploads\/2020\/10\/ewidencja-przebiegu-pojazdu.docx\" >\n                                <span>Vehicle mileage records<\/span>\n                            <\/a>\n                        <\/li><li>\n                            <a href=\"https:\/\/www.sggw.edu.pl\/wp-content\/uploads\/2021\/01\/Erasmus-podr\u00f3\u017c.doc\" >\n                                <span>Travel expense settlement form - ERASMUS<\/span>\n                            <\/a>\n                        <\/li><li>\n                            <a href=\"https:\/\/www.sggw.edu.pl\/wp-content\/uploads\/2021\/01\/wniosek-o-dokonanie-przelewu-zagranicznego.docx\" >\n                                <span>Application for a (foreign) transfer<\/span>\n                            <\/a>\n                        <\/li><\/ul><\/div><\/section>\t\t<\/div>\n\t\t\t\t<\/div>\n\t\t\t\t\t<\/div>\n\t\t<\/div>\n\t\t\t\t<div class=\"elementor-column elementor-col-50 elementor-top-column elementor-element elementor-element-806d818\" data-id=\"806d818\" data-element_type=\"column\">\n\t\t\t<div class=\"elementor-widget-wrap elementor-element-populated\">\n\t\t\t\t\t\t<div class=\"elementor-element elementor-element-88530d4 elementor-widget elementor-widget-w25\" data-id=\"88530d4\" data-element_type=\"widget\" data-widget_type=\"w25.default\">\n\t\t\t\t<div class=\"elementor-widget-container\">\n\t\t\t<section>\n                <div class=\"mn-grid\">\n                    <div class=\"mn-grid-12 mn-mod-img-full-width\">\n                        <img fetchpriority=\"high\" decoding=\"async\" width=\"961\" height=\"517\" src=\"https:\/\/www.sggw.edu.pl\/wp-content\/uploads\/2020\/10\/ok.jpg\" class=\"attachment-961x564 size-961x564\" alt=\"\" srcset=\"https:\/\/www.sggw.edu.pl\/wp-content\/uploads\/2020\/10\/ok.jpg 1920w, https:\/\/www.sggw.edu.pl\/wp-content\/uploads\/2020\/10\/ok-300x161.jpg 300w, https:\/\/www.sggw.edu.pl\/wp-content\/uploads\/2020\/10\/ok-1024x550.jpg 1024w, https:\/\/www.sggw.edu.pl\/wp-content\/uploads\/2020\/10\/ok-768x413.jpg 768w, https:\/\/www.sggw.edu.pl\/wp-content\/uploads\/2020\/10\/ok-1536x826.jpg 1536w, https:\/\/www.sggw.edu.pl\/wp-content\/uploads\/2020\/10\/ok-1200x645.jpg 1200w\" sizes=\"(max-width: 961px) 100vw, 961px\" \/>  <\/div>\n                <\/div>\n                <\/section>\t\t<\/div>\n\t\t\t\t<\/div>\n\t\t\t\t\t<\/div>\n\t\t<\/div>\n\t\t\t\t\t<\/div>\n\t\t<\/section>\n\t\t\t\t<\/div>\n\t\t","protected":false},"excerpt":{"rendered":"<p>Travel application for employees and doctoral students of the Warsaw University of Life Sciences An exit application for people other than employees and doctoral students Foreign travel cost settlement form Vehicle mileage records Travel expense settlement form &#8211; ERASMUS Application for a (foreign) transfer<\/p>\n","protected":false},"author":1,"featured_media":0,"parent":15349,"menu_order":0,"comment_status":"closed","ping_status":"closed","template":"","meta":{"_acf_changed":false,"footnotes":""},"class_list":["post-15372","page","type-page","status-publish","hentry"],"acf":[],"_links":{"self":[{"href":"https:\/\/www.sggw.edu.pl\/en\/wp-json\/wp\/v2\/pages\/15372","targetHints":{"allow":["GET"]}}],"collection":[{"href":"https:\/\/www.sggw.edu.pl\/en\/wp-json\/wp\/v2\/pages"}],"about":[{"href":"https:\/\/www.sggw.edu.pl\/en\/wp-json\/wp\/v2\/types\/page"}],"author":[{"embeddable":true,"href":"https:\/\/www.sggw.edu.pl\/en\/wp-json\/wp\/v2\/users\/1"}],"replies":[{"embeddable":true,"href":"https:\/\/www.sggw.edu.pl\/en\/wp-json\/wp\/v2\/comments?post=15372"}],"version-history":[{"count":3,"href":"https:\/\/www.sggw.edu.pl\/en\/wp-json\/wp\/v2\/pages\/15372\/revisions"}],"predecessor-version":[{"id":15417,"href":"https:\/\/www.sggw.edu.pl\/en\/wp-json\/wp\/v2\/pages\/15372\/revisions\/15417"}],"up":[{"embeddable":true,"href":"https:\/\/www.sggw.edu.pl\/en\/wp-json\/wp\/v2\/pages\/15349"}],"wp:attachment":[{"href":"https:\/\/www.sggw.edu.pl\/en\/wp-json\/wp\/v2\/media?parent=15372"}],"curies":[{"name":"wp","href":"https:\/\/api.w.org\/{rel}","templated":true}]}}