{"id":15407,"date":"2021-01-29T16:23:42","date_gmt":"2021-01-29T15:23:42","guid":{"rendered":"https:\/\/www.sggw.edu.pl\/benefits\/tickets-and-travel\/"},"modified":"2021-05-26T16:04:14","modified_gmt":"2021-05-26T14:04:14","slug":"tickets-and-travel","status":"publish","type":"page","link":"https:\/\/www.sggw.edu.pl\/en\/collaboration-and-services\/international-cooperation\/foreign-delegations\/benefits\/tickets-and-travel\/","title":{"rendered":"Tickets and travel"},"content":{"rendered":"\t\t<div data-elementor-type=\"wp-page\" data-elementor-id=\"15407\" class=\"elementor elementor-15407\" data-elementor-post-type=\"page\">\n\t\t\t\t\t\t<section class=\"elementor-section elementor-top-section elementor-element elementor-element-5bcc4e9c elementor-section-boxed elementor-section-height-default elementor-section-height-default\" data-id=\"5bcc4e9c\" data-element_type=\"section\">\n\t\t\t\t\t\t<div class=\"elementor-container elementor-column-gap-default\">\n\t\t\t\t\t<div class=\"elementor-column elementor-col-100 elementor-top-column elementor-element elementor-element-42d45674\" data-id=\"42d45674\" data-element_type=\"column\">\n\t\t\t<div class=\"elementor-widget-wrap elementor-element-populated\">\n\t\t\t\t\t\t<div class=\"elementor-element elementor-element-7597a5b3 elementor-widget elementor-widget-wp-widget-bcn_widget\" data-id=\"7597a5b3\" data-element_type=\"widget\" data-widget_type=\"wp-widget-bcn_widget.default\">\n\t\t\t\t<div class=\"elementor-widget-container\">\n\t\t\t<div class=\"mn-grid breadcrumb\">\n                                    <div class=\"breadcrumb-inner mn-grid-12\"><div class=\"breadcrumbs\" vocab=\"https:\/\/schema.org\/\" typeof=\"BreadcrumbList\"><span property=\"itemListElement\" typeof=\"ListItem\"><a property=\"item\" typeof=\"WebPage\" title=\"Go to Szko\u0142a G\u0142\u00f3wna Gospodarstwa Wiejskiego w Warszawie.\" href=\"https:\/\/www.sggw.edu.pl\/en\/\" class=\"home\" aria-current=\"page\"><span property=\"name\">Home<\/span><\/a><meta property=\"position\" content=\"1\"><\/span><\/div>    <\/div>\n                                <\/div>\t\t<\/div>\n\t\t\t\t<\/div>\n\t\t\t\t<div class=\"elementor-element elementor-element-7ade89f1 elementor-widget elementor-widget-post-title\" data-id=\"7ade89f1\" data-element_type=\"widget\" data-widget_type=\"post-title.default\">\n\t\t\t\t<div class=\"elementor-widget-container\">\n\t\t\t<section>\n                    <div class=\"mn-grid entry-header-inner section-inner medium\">\n                        <h1 class=\"mn-grid-12 entry-title\" style=\"\">\n                            Tickets and travel\n                        <\/h1>\n                    <\/div>\n                <\/section>\t\t<\/div>\n\t\t\t\t<\/div>\n\t\t\t\t<div class=\"elementor-element elementor-element-183ef02 elementor-widget elementor-widget-spacer\" data-id=\"183ef02\" data-element_type=\"widget\" data-widget_type=\"spacer.default\">\n\t\t\t\t<div class=\"elementor-widget-container\">\n\t\t\t\t\t<div class=\"elementor-spacer\">\n\t\t\t<div class=\"elementor-spacer-inner\"><\/div>\n\t\t<\/div>\n\t\t\t\t<\/div>\n\t\t\t\t<\/div>\n\t\t\t\t\t<\/div>\n\t\t<\/div>\n\t\t\t\t\t<\/div>\n\t\t<\/section>\n\t\t\t\t<section class=\"elementor-section elementor-top-section elementor-element elementor-element-2c65fa6 elementor-section-boxed elementor-section-height-default elementor-section-height-default\" data-id=\"2c65fa6\" data-element_type=\"section\">\n\t\t\t\t\t\t<div class=\"elementor-container elementor-column-gap-default\">\n\t\t\t\t\t<div class=\"elementor-column elementor-col-50 elementor-top-column elementor-element elementor-element-75c6f52\" data-id=\"75c6f52\" data-element_type=\"column\">\n\t\t\t<div class=\"elementor-widget-wrap elementor-element-populated\">\n\t\t\t\t\t\t<div class=\"elementor-element elementor-element-de5b774 elementor-widget elementor-widget-w12\" data-id=\"de5b774\" data-element_type=\"widget\" data-widget_type=\"w12.default\">\n\t\t\t\t<div class=\"elementor-widget-container\">\n\t\t\t<section>\n                <div class=\"mn-grid\">\n                    <div class=\"mn-grid-12 mn-mod-text-links\">\n                        <p>The following tickets are entitled to:<\/p>\n<ul>\n<li>for travel by plane &#8211; in economy class,<\/li>\n<li>for rail travel &#8211; in class 2 (with seats or in sleeping cars),<\/li>\n<li>for a coach trip<\/li>\n<\/ul>\n<p>A delegated person may book or purchase a ticket for a business trip, but only through the TavelBank travel agency.<\/p>\n<p>At the request of the departing person, it is possible to make a business trip<strong> private car.<\/strong><\/p>\n<p>In such a case, the person leaving is obliged to conclude an agreement with WULS-SGGW on the use of a private vehicle for business purposes.<\/p>\n<p>People who do not travel by publicly available means of public transport, but who have<strong> consent of the administrator of funds<\/strong> to travel by private car,<strong> not entitled<\/strong> travel allowance or coverage of travel costs by local transport.<\/p>\n<p>The costs of traveling by private car are settled at the International Cooperation Office after returning from a business trip.<\/p>\n<p>Reimbursement of costs for using a private car for foreign business trips is made on the basis of<a href=\"http:\/\/bwz.uw.edu.pl\/wp-content\/uploads\/sites\/358\/2019\/08\/Ewidencja_przebiegu_pojazdu-25_07_11.doc\"> vehicle mileage records<\/a> approved by the superior.<\/p>\n\n                    <\/div>\n                <\/div>\n            <\/section>\t\t<\/div>\n\t\t\t\t<\/div>\n\t\t\t\t\t<\/div>\n\t\t<\/div>\n\t\t\t\t<div class=\"elementor-column elementor-col-50 elementor-top-column elementor-element elementor-element-fa04b5f\" data-id=\"fa04b5f\" data-element_type=\"column\">\n\t\t\t<div class=\"elementor-widget-wrap elementor-element-populated\">\n\t\t\t\t\t\t<div class=\"elementor-element elementor-element-7ebb8b0 elementor-widget elementor-widget-w25\" data-id=\"7ebb8b0\" data-element_type=\"widget\" data-widget_type=\"w25.default\">\n\t\t\t\t<div class=\"elementor-widget-container\">\n\t\t\t<section>\n                <div class=\"mn-grid\">\n                    <div class=\"mn-grid-12 mn-mod-img-full-width\">\n                        <img fetchpriority=\"high\" decoding=\"async\" width=\"880\" height=\"564\" src=\"https:\/\/www.sggw.edu.pl\/wp-content\/uploads\/2020\/10\/travel.jpg\" class=\"attachment-961x564 size-961x564\" alt=\"\" srcset=\"https:\/\/www.sggw.edu.pl\/wp-content\/uploads\/2020\/10\/travel.jpg 1920w, https:\/\/www.sggw.edu.pl\/wp-content\/uploads\/2020\/10\/travel-300x192.jpg 300w, https:\/\/www.sggw.edu.pl\/wp-content\/uploads\/2020\/10\/travel-1024x657.jpg 1024w, https:\/\/www.sggw.edu.pl\/wp-content\/uploads\/2020\/10\/travel-768x492.jpg 768w, https:\/\/www.sggw.edu.pl\/wp-content\/uploads\/2020\/10\/travel-1536x985.jpg 1536w, https:\/\/www.sggw.edu.pl\/wp-content\/uploads\/2020\/10\/travel-1200x769.jpg 1200w\" sizes=\"(max-width: 880px) 100vw, 880px\" \/>  <\/div>\n                <\/div>\n                <\/section>\t\t<\/div>\n\t\t\t\t<\/div>\n\t\t\t\t\t<\/div>\n\t\t<\/div>\n\t\t\t\t\t<\/div>\n\t\t<\/section>\n\t\t\t\t<\/div>\n\t\t","protected":false},"excerpt":{"rendered":"<p>The following tickets are entitled to: for travel by plane &#8211; in economy class, for rail travel &#8211; in class 2 (with seats or in sleeping cars), for a coach trip A delegated person may book or purchase a ticket for a business trip, but only through the TavelBank travel agency. At the request of [&hellip;]<\/p>\n","protected":false},"author":31,"featured_media":0,"parent":15343,"menu_order":0,"comment_status":"closed","ping_status":"closed","template":"","meta":{"_acf_changed":false,"footnotes":""},"class_list":["post-15407","page","type-page","status-publish","hentry"],"acf":[],"_links":{"self":[{"href":"https:\/\/www.sggw.edu.pl\/en\/wp-json\/wp\/v2\/pages\/15407","targetHints":{"allow":["GET"]}}],"collection":[{"href":"https:\/\/www.sggw.edu.pl\/en\/wp-json\/wp\/v2\/pages"}],"about":[{"href":"https:\/\/www.sggw.edu.pl\/en\/wp-json\/wp\/v2\/types\/page"}],"author":[{"embeddable":true,"href":"https:\/\/www.sggw.edu.pl\/en\/wp-json\/wp\/v2\/users\/31"}],"replies":[{"embeddable":true,"href":"https:\/\/www.sggw.edu.pl\/en\/wp-json\/wp\/v2\/comments?post=15407"}],"version-history":[{"count":3,"href":"https:\/\/www.sggw.edu.pl\/en\/wp-json\/wp\/v2\/pages\/15407\/revisions"}],"predecessor-version":[{"id":15423,"href":"https:\/\/www.sggw.edu.pl\/en\/wp-json\/wp\/v2\/pages\/15407\/revisions\/15423"}],"up":[{"embeddable":true,"href":"https:\/\/www.sggw.edu.pl\/en\/wp-json\/wp\/v2\/pages\/15343"}],"wp:attachment":[{"href":"https:\/\/www.sggw.edu.pl\/en\/wp-json\/wp\/v2\/media?parent=15407"}],"curies":[{"name":"wp","href":"https:\/\/api.w.org\/{rel}","templated":true}]}}