{"id":15428,"date":"2021-01-29T16:23:55","date_gmt":"2021-01-29T15:23:55","guid":{"rendered":"https:\/\/www.sggw.edu.pl\/service\/private-health-care-facility\/"},"modified":"2025-08-28T13:50:25","modified_gmt":"2025-08-28T11:50:25","slug":"sggw-student-health-centre","status":"publish","type":"page","link":"https:\/\/www.sggw.edu.pl\/en\/campus\/sggw-student-health-centre\/","title":{"rendered":"SGGW Student Health Centre"},"content":{"rendered":"\t\t<div data-elementor-type=\"wp-page\" data-elementor-id=\"15428\" class=\"elementor elementor-15428\" data-elementor-post-type=\"page\">\n\t\t\t\t\t\t<section class=\"elementor-section elementor-top-section elementor-element elementor-element-30d05bf1 elementor-section-boxed elementor-section-height-default elementor-section-height-default\" data-id=\"30d05bf1\" data-element_type=\"section\">\n\t\t\t\t\t\t<div class=\"elementor-container elementor-column-gap-default\">\n\t\t\t\t\t<div class=\"elementor-column elementor-col-100 elementor-top-column elementor-element elementor-element-24ad33e3\" data-id=\"24ad33e3\" data-element_type=\"column\">\n\t\t\t<div class=\"elementor-widget-wrap elementor-element-populated\">\n\t\t\t\t\t\t<div class=\"elementor-element elementor-element-3198493e elementor-widget elementor-widget-wp-widget-bcn_widget\" data-id=\"3198493e\" data-element_type=\"widget\" data-widget_type=\"wp-widget-bcn_widget.default\">\n\t\t\t\t<div class=\"elementor-widget-container\">\n\t\t\t<div class=\"mn-grid breadcrumb\">\n                                    <div class=\"breadcrumb-inner mn-grid-12\"><div class=\"breadcrumbs\" vocab=\"https:\/\/schema.org\/\" typeof=\"BreadcrumbList\"><span property=\"itemListElement\" typeof=\"ListItem\"><a property=\"item\" typeof=\"WebPage\" title=\"Go to Szko\u0142a G\u0142\u00f3wna Gospodarstwa Wiejskiego w Warszawie.\" href=\"https:\/\/www.sggw.edu.pl\/en\/\" class=\"home\" aria-current=\"page\"><span property=\"name\">Home<\/span><\/a><meta property=\"position\" content=\"1\"><\/span><\/div>    <\/div>\n                                <\/div>\t\t<\/div>\n\t\t\t\t<\/div>\n\t\t\t\t\t<\/div>\n\t\t<\/div>\n\t\t\t\t\t<\/div>\n\t\t<\/section>\n\t\t\t\t<section class=\"elementor-section elementor-top-section elementor-element elementor-element-18aedcca elementor-section-boxed elementor-section-height-default elementor-section-height-default\" data-id=\"18aedcca\" data-element_type=\"section\">\n\t\t\t\t\t\t<div class=\"elementor-container elementor-column-gap-default\">\n\t\t\t\t\t<div class=\"elementor-column elementor-col-100 elementor-top-column elementor-element elementor-element-35bd5c59\" data-id=\"35bd5c59\" data-element_type=\"column\">\n\t\t\t<div class=\"elementor-widget-wrap elementor-element-populated\">\n\t\t\t\t\t\t<div class=\"elementor-element elementor-element-7ea2aaea elementor-widget elementor-widget-w33\" data-id=\"7ea2aaea\" data-element_type=\"widget\" data-widget_type=\"w33.default\">\n\t\t\t\t<div class=\"elementor-widget-container\">\n\t\t\t<section>\n            <div class=\"mn-grid\">\n                <div class=\"mn-vertical-separator-x2\">\n                    \n                <\/div>\n            <\/section>\t\t<\/div>\n\t\t\t\t<\/div>\n\t\t\t\t\t<\/div>\n\t\t<\/div>\n\t\t\t\t\t<\/div>\n\t\t<\/section>\n\t\t\t\t<section class=\"elementor-section elementor-top-section elementor-element elementor-element-3a1d9763 elementor-section-boxed elementor-section-height-default elementor-section-height-default\" data-id=\"3a1d9763\" data-element_type=\"section\">\n\t\t\t\t\t\t<div class=\"elementor-container elementor-column-gap-default\">\n\t\t\t\t\t<div class=\"elementor-column elementor-col-100 elementor-top-column elementor-element elementor-element-7342b4d6\" data-id=\"7342b4d6\" data-element_type=\"column\" data-settings=\"{&quot;background_background&quot;:&quot;classic&quot;}\">\n\t\t\t<div class=\"elementor-widget-wrap elementor-element-populated\">\n\t\t\t\t\t\t<div class=\"elementor-element elementor-element-30ac6e80 elementor-widget elementor-widget-w4\" data-id=\"30ac6e80\" data-element_type=\"widget\" data-widget_type=\"w4.default\">\n\t\t\t\t<div class=\"elementor-widget-container\">\n\t\t\t<section>\n        <div class=\"mn-grid\">\n            <div class=\"mn-main-baner mn-grid-8\"  style=\"background: url(https:\/\/www.sggw.edu.pl\/wp-content\/uploads\/2021\/05\/bigstock-Portrait-of-smiling-woman-doct-196286701-e1621511602995-1.jpg) 0 no-repeat\">\n                \n                <h1>\n                    \n                <\/h1>\n                <div class=\"lower_text\">\n                    \n                <\/div>\n            <\/div><div class=\"mn-statement mn-grid-4\" >  <h3>\n                            SGGW<br \/>\nStudent<br \/>\nHealth<br \/>\nCentre\n                        <\/h3><\/div><\/div><\/section>\t\t<\/div>\n\t\t\t\t<\/div>\n\t\t\t\t\t<\/div>\n\t\t<\/div>\n\t\t\t\t\t<\/div>\n\t\t<\/section>\n\t\t\t\t<section class=\"elementor-section elementor-top-section elementor-element elementor-element-71c804df elementor-section-boxed elementor-section-height-default elementor-section-height-default\" data-id=\"71c804df\" data-element_type=\"section\">\n\t\t\t\t\t\t<div class=\"elementor-container elementor-column-gap-default\">\n\t\t\t\t\t<div class=\"elementor-column elementor-col-100 elementor-top-column elementor-element elementor-element-6808ae10\" data-id=\"6808ae10\" data-element_type=\"column\">\n\t\t\t<div class=\"elementor-widget-wrap elementor-element-populated\">\n\t\t\t\t\t\t<div class=\"elementor-element elementor-element-3cc82bab elementor-widget elementor-widget-w33\" data-id=\"3cc82bab\" data-element_type=\"widget\" data-widget_type=\"w33.default\">\n\t\t\t\t<div class=\"elementor-widget-container\">\n\t\t\t<section>\n            <div class=\"mn-grid\">\n                <div class=\"mn-vertical-separator-x2\">\n                    \n                <\/div>\n            <\/section>\t\t<\/div>\n\t\t\t\t<\/div>\n\t\t\t\t\t<\/div>\n\t\t<\/div>\n\t\t\t\t\t<\/div>\n\t\t<\/section>\n\t\t\t\t<section class=\"elementor-section elementor-top-section elementor-element elementor-element-94c02a9 elementor-section-boxed elementor-section-height-default elementor-section-height-default\" data-id=\"94c02a9\" data-element_type=\"section\">\n\t\t\t\t\t\t<div class=\"elementor-container elementor-column-gap-default\">\n\t\t\t\t\t<div class=\"elementor-column elementor-col-100 elementor-top-column elementor-element elementor-element-9fc1b8b\" data-id=\"9fc1b8b\" data-element_type=\"column\">\n\t\t\t<div class=\"elementor-widget-wrap elementor-element-populated\">\n\t\t\t\t\t\t<div class=\"elementor-element elementor-element-e127c5e elementor-widget elementor-widget-w33\" data-id=\"e127c5e\" data-element_type=\"widget\" data-widget_type=\"w33.default\">\n\t\t\t\t<div class=\"elementor-widget-container\">\n\t\t\t<section>\n            <div class=\"mn-grid\">\n                <div class=\"mn-vertical-separator-x2\">\n                    \n                <\/div>\n            <\/section>\t\t<\/div>\n\t\t\t\t<\/div>\n\t\t\t\t<div class=\"elementor-element elementor-element-92a19c7 elementor-widget elementor-widget-w1_2_3\" data-id=\"92a19c7\" data-element_type=\"widget\" data-widget_type=\"w1_2_3.default\">\n\t\t\t\t<div class=\"elementor-widget-container\">\n\t\t\t<section>\n                    <div class=\"mn-grid\">\n                        <h3  class=\"mn-grid-12 mn-section-title2\">\n                            SGGW Student Health Centre - Find the appropriate Medical Help!\n                        <\/h3>\n                    <\/div>\n                <\/section>\t\t<\/div>\n\t\t\t\t<\/div>\n\t\t\t\t<div class=\"elementor-element elementor-element-9c555d2 elementor-widget elementor-widget-w12\" data-id=\"9c555d2\" data-element_type=\"widget\" data-widget_type=\"w12.default\">\n\t\t\t\t<div class=\"elementor-widget-container\">\n\t\t\t<section>\n                <div class=\"mn-grid\">\n                    <div class=\"mn-grid-12 mn-mod-text-links\">\n                        <p><strong>Welcome <\/strong><strong>to the\u00a0<\/strong>Warsaw University of Life Sciences-Health Centre (SGGW-Health Centre).<br \/>There has been the health service operating at \u00a0the Warsaw University of Life Sciences &#8211;\u00a0SGGW\u00a0campus since the 1970s. Over the years this service has been evolving\u00a0and developing, so we now pride ourselves on offering specialist primary health care services. The GP practice specializes in looking after the SGGW\u2019s students, staff and their families. Our dedicated team is here to treat minor ailments as well as provide \u00a0specialist management of\u00a0long-term conditions and clinics\u00a0covering a wide range of healthcare issues.\u00a0Our goal is to make healthcare professionals and patients work together to ensure\u00a0the most appropriate care.\u00a0The clinic is\u00a0 accessible for the disabled.<\/p>\n                    <\/div>\n                <\/div>\n            <\/section>\t\t<\/div>\n\t\t\t\t<\/div>\n\t\t\t\t<div class=\"elementor-element elementor-element-f623879 elementor-widget elementor-widget-w33\" data-id=\"f623879\" data-element_type=\"widget\" data-widget_type=\"w33.default\">\n\t\t\t\t<div class=\"elementor-widget-container\">\n\t\t\t<section>\n            <div class=\"mn-grid\">\n                <div class=\"mn-vertical-separator-x2\">\n                    \n                <\/div>\n            <\/section>\t\t<\/div>\n\t\t\t\t<\/div>\n\t\t\t\t\t<\/div>\n\t\t<\/div>\n\t\t\t\t\t<\/div>\n\t\t<\/section>\n\t\t\t\t<section class=\"elementor-section elementor-top-section elementor-element elementor-element-52d0841d elementor-section-boxed elementor-section-height-default elementor-section-height-default\" data-id=\"52d0841d\" data-element_type=\"section\">\n\t\t\t\t\t\t<div class=\"elementor-container elementor-column-gap-default\">\n\t\t\t\t\t<div class=\"elementor-column elementor-col-100 elementor-top-column elementor-element elementor-element-4bbf3df1\" data-id=\"4bbf3df1\" data-element_type=\"column\">\n\t\t\t<div class=\"elementor-widget-wrap elementor-element-populated\">\n\t\t\t\t\t\t<div class=\"elementor-element elementor-element-ba9989b elementor-widget elementor-widget-w33\" data-id=\"ba9989b\" data-element_type=\"widget\" data-widget_type=\"w33.default\">\n\t\t\t\t<div class=\"elementor-widget-container\">\n\t\t\t<section>\n            <div class=\"mn-grid\">\n                <div class=\"mn-vertical-separator-x2\">\n                    \n                <\/div>\n            <\/section>\t\t<\/div>\n\t\t\t\t<\/div>\n\t\t\t\t\t<\/div>\n\t\t<\/div>\n\t\t\t\t\t<\/div>\n\t\t<\/section>\n\t\t\t\t<section class=\"elementor-section elementor-top-section elementor-element elementor-element-27f5474 elementor-section-boxed elementor-section-height-default elementor-section-height-default\" data-id=\"27f5474\" data-element_type=\"section\">\n\t\t\t\t\t\t<div class=\"elementor-container elementor-column-gap-default\">\n\t\t\t\t\t<div class=\"elementor-column elementor-col-50 elementor-top-column elementor-element elementor-element-873ece1\" data-id=\"873ece1\" data-element_type=\"column\">\n\t\t\t<div class=\"elementor-widget-wrap elementor-element-populated\">\n\t\t\t\t\t\t<div class=\"elementor-element elementor-element-cfe6bf0 elementor-widget elementor-widget-W14\" data-id=\"cfe6bf0\" data-element_type=\"widget\" data-widget_type=\"W14.default\">\n\t\t\t\t<div class=\"elementor-widget-container\">\n\t\t\t <section>\n                        <div class=\"mn-grid mn-mod-achievements\"><div class=\"mn-mod-achievement mn-grid-12\">\n                            <a href=\"https:\/\/www.sggw.edu.pl\/en\/campus\/sggw-student-health-centre\/accessing-health-services-during-coronavirus-covid-19-restrictions\/\" >\n                                <div class=\"mn-mod-achievement-img\">\n                                <img decoding=\"async\" src=\"https:\/\/www.sggw.edu.pl\/wp-content\/uploads\/2021\/05\/nzoz_poz_-01.svg\" alt=\"\" \/>\n                                <\/div>    \n                                <h3>CORONAVIRUS SARS-CoV-2<\/h3>\n                            <\/a>\n                        <\/div> <\/div><\/section>\t\t<\/div>\n\t\t\t\t<\/div>\n\t\t\t\t\t<\/div>\n\t\t<\/div>\n\t\t\t\t<div class=\"elementor-column elementor-col-50 elementor-top-column elementor-element elementor-element-be26e2a\" data-id=\"be26e2a\" data-element_type=\"column\">\n\t\t\t<div class=\"elementor-widget-wrap elementor-element-populated\">\n\t\t\t\t\t\t<div class=\"elementor-element elementor-element-b14cdfc elementor-widget elementor-widget-W14\" data-id=\"b14cdfc\" data-element_type=\"widget\" data-widget_type=\"W14.default\">\n\t\t\t\t<div class=\"elementor-widget-container\">\n\t\t\t <section>\n                        <div class=\"mn-grid mn-mod-achievements\"><div class=\"mn-mod-achievement mn-grid-12\">\n                            <a href=\"https:\/\/www.sggw.edu.pl\/en\/campus\/sggw-student-health-centre\/vaccination-against-covid-19\/\" >\n                                <div class=\"mn-mod-achievement-img\">\n                                <img decoding=\"async\" src=\"https:\/\/www.sggw.edu.pl\/wp-content\/uploads\/2021\/05\/wow-01-01.svg\" alt=\"\" \/>\n                                <\/div>    \n                                <h3>Vaccination against COVID-19<\/h3>\n                            <\/a>\n                        <\/div> <\/div><\/section>\t\t<\/div>\n\t\t\t\t<\/div>\n\t\t\t\t\t<\/div>\n\t\t<\/div>\n\t\t\t\t\t<\/div>\n\t\t<\/section>\n\t\t\t\t<section class=\"elementor-section elementor-top-section elementor-element elementor-element-cffbd91 elementor-section-boxed elementor-section-height-default elementor-section-height-default\" data-id=\"cffbd91\" data-element_type=\"section\">\n\t\t\t\t\t\t<div class=\"elementor-container elementor-column-gap-default\">\n\t\t\t\t\t<div class=\"elementor-column elementor-col-50 elementor-top-column elementor-element elementor-element-e3611c1\" data-id=\"e3611c1\" data-element_type=\"column\">\n\t\t\t<div class=\"elementor-widget-wrap elementor-element-populated\">\n\t\t\t\t\t\t<div class=\"elementor-element elementor-element-96d2016 elementor-widget elementor-widget-W14\" data-id=\"96d2016\" data-element_type=\"widget\" data-widget_type=\"W14.default\">\n\t\t\t\t<div class=\"elementor-widget-container\">\n\t\t\t <section>\n                        <div class=\"mn-grid mn-mod-achievements\"><div class=\"mn-mod-achievement mn-grid-12\">\n                            <a href=\"https:\/\/www.sggw.edu.pl\/en\/campus\/sggw-student-health-centre\/specialist-consultation\/\" >\n                                <div class=\"mn-mod-achievement-img\">\n                                <img decoding=\"async\" src=\"https:\/\/www.sggw.edu.pl\/wp-content\/uploads\/2021\/05\/nzoz_poz_Obszar-roboczy-1-kopia-01.svg\" alt=\"\" \/>\n                                <\/div>    \n                                <h3>Specialist consultation<\/h3>\n                            <\/a>\n                        <\/div> <\/div><\/section>\t\t<\/div>\n\t\t\t\t<\/div>\n\t\t\t\t\t<\/div>\n\t\t<\/div>\n\t\t\t\t<div class=\"elementor-column elementor-col-50 elementor-top-column elementor-element elementor-element-4f3f602\" data-id=\"4f3f602\" data-element_type=\"column\">\n\t\t\t<div class=\"elementor-widget-wrap elementor-element-populated\">\n\t\t\t\t\t\t<div class=\"elementor-element elementor-element-7584287 elementor-widget elementor-widget-W14\" data-id=\"7584287\" data-element_type=\"widget\" data-widget_type=\"W14.default\">\n\t\t\t\t<div class=\"elementor-widget-container\">\n\t\t\t <section>\n                        <div class=\"mn-grid mn-mod-achievements\"><div class=\"mn-mod-achievement mn-grid-12\">\n                            <a href=\"https:\/\/www.sggw.edu.pl\/en\/campus\/sggw-student-health-centre\/emergency\/\" >\n                                <div class=\"mn-mod-achievement-img\">\n                                <img decoding=\"async\" src=\"https:\/\/www.sggw.edu.pl\/wp-content\/uploads\/2021\/05\/nzoz_poz_Obszar-roboczy-1-01.svg\" alt=\"\" \/>\n                                <\/div>    \n                                <h3>Usefull information<\/h3>\n                            <\/a>\n                        <\/div> <\/div><\/section>\t\t<\/div>\n\t\t\t\t<\/div>\n\t\t\t\t\t<\/div>\n\t\t<\/div>\n\t\t\t\t\t<\/div>\n\t\t<\/section>\n\t\t\t\t<section class=\"elementor-section elementor-top-section elementor-element elementor-element-d314aa3 elementor-section-boxed elementor-section-height-default elementor-section-height-default\" data-id=\"d314aa3\" data-element_type=\"section\">\n\t\t\t\t\t\t<div class=\"elementor-container elementor-column-gap-default\">\n\t\t\t\t\t<div class=\"elementor-column elementor-col-50 elementor-top-column elementor-element elementor-element-a5b1c3d\" data-id=\"a5b1c3d\" data-element_type=\"column\">\n\t\t\t<div class=\"elementor-widget-wrap elementor-element-populated\">\n\t\t\t\t\t\t<div class=\"elementor-element elementor-element-4eec1e3 elementor-widget elementor-widget-W14\" data-id=\"4eec1e3\" data-element_type=\"widget\" data-widget_type=\"W14.default\">\n\t\t\t\t<div class=\"elementor-widget-container\">\n\t\t\t <section>\n                        <div class=\"mn-grid mn-mod-achievements\"><div class=\"mn-mod-achievement mn-grid-12\">\n                            <a href=\"https:\/\/www.sggw.edu.pl\/en\/campus\/sggw-student-health-centre\/imaging-diagnostics\/\" >\n                                <div class=\"mn-mod-achievement-img\">\n                                <img decoding=\"async\" src=\"https:\/\/www.sggw.edu.pl\/wp-content\/uploads\/2021\/05\/nzoz_poz_ang-01.svg\" alt=\"\" \/>\n                                <\/div>    \n                                <h3>Imaging diagnostics<\/h3>\n                            <\/a>\n                        <\/div> <\/div><\/section>\t\t<\/div>\n\t\t\t\t<\/div>\n\t\t\t\t\t<\/div>\n\t\t<\/div>\n\t\t\t\t<div class=\"elementor-column elementor-col-50 elementor-top-column elementor-element elementor-element-712358a\" data-id=\"712358a\" data-element_type=\"column\">\n\t\t\t<div class=\"elementor-widget-wrap elementor-element-populated\">\n\t\t\t\t\t\t<div class=\"elementor-element elementor-element-9f5d6c3 elementor-widget elementor-widget-W14\" data-id=\"9f5d6c3\" data-element_type=\"widget\" data-widget_type=\"W14.default\">\n\t\t\t\t<div class=\"elementor-widget-container\">\n\t\t\t <section>\n                        <div class=\"mn-grid mn-mod-achievements\"><div class=\"mn-mod-achievement mn-grid-12\">\n                            <a href=\"https:\/\/www.sggw.edu.pl\/en\/campus\/sggw-student-health-centre\/information-for-new-students\/\" >\n                                <div class=\"mn-mod-achievement-img\">\n                                <img decoding=\"async\" src=\"https:\/\/www.sggw.edu.pl\/wp-content\/uploads\/2021\/05\/nzoz_poz_Obszar-roboczy-1-kopia-2-01.svg\" alt=\"\" \/>\n                                <\/div>    \n                                <h3>Information for new students<\/h3>\n                            <\/a>\n                        <\/div> <\/div><\/section>\t\t<\/div>\n\t\t\t\t<\/div>\n\t\t\t\t\t<\/div>\n\t\t<\/div>\n\t\t\t\t\t<\/div>\n\t\t<\/section>\n\t\t\t\t<section class=\"elementor-section elementor-top-section elementor-element elementor-element-d66f0f4 elementor-section-boxed elementor-section-height-default elementor-section-height-default\" data-id=\"d66f0f4\" data-element_type=\"section\">\n\t\t\t\t\t\t<div class=\"elementor-container elementor-column-gap-default\">\n\t\t\t\t\t<div class=\"elementor-column elementor-col-50 elementor-top-column elementor-element elementor-element-29106e3\" data-id=\"29106e3\" data-element_type=\"column\">\n\t\t\t<div class=\"elementor-widget-wrap elementor-element-populated\">\n\t\t\t\t\t\t<div class=\"elementor-element elementor-element-2787c73 elementor-widget elementor-widget-W14\" data-id=\"2787c73\" data-element_type=\"widget\" data-widget_type=\"W14.default\">\n\t\t\t\t<div class=\"elementor-widget-container\">\n\t\t\t <section>\n                        <div class=\"mn-grid mn-mod-achievements\"><div class=\"mn-mod-achievement mn-grid-12\">\n                            <a href=\"https:\/\/www.sggw.edu.pl\/en\/campus\/sggw-student-health-centre\/contact-and-appointments\/\" >\n                                <div class=\"mn-mod-achievement-img\">\n                                <img decoding=\"async\" src=\"https:\/\/www.sggw.edu.pl\/wp-content\/uploads\/2021\/05\/nzoz_poz_ang_7-01.svg\" alt=\"\" \/>\n                                <\/div>    \n                                <h3>Contact and appointments<\/h3>\n                            <\/a>\n                        <\/div> <\/div><\/section>\t\t<\/div>\n\t\t\t\t<\/div>\n\t\t\t\t<div class=\"elementor-element elementor-element-a2cc178 elementor-widget elementor-widget-w33\" data-id=\"a2cc178\" data-element_type=\"widget\" data-widget_type=\"w33.default\">\n\t\t\t\t<div class=\"elementor-widget-container\">\n\t\t\t<section>\n            <div class=\"mn-grid\">\n                <div class=\"mn-vertical-separator-x2\">\n                    \n                <\/div>\n            <\/section>\t\t<\/div>\n\t\t\t\t<\/div>\n\t\t\t\t\t<\/div>\n\t\t<\/div>\n\t\t\t\t<div class=\"elementor-column elementor-col-50 elementor-top-column elementor-element elementor-element-ec1d30f\" data-id=\"ec1d30f\" data-element_type=\"column\">\n\t\t\t<div class=\"elementor-widget-wrap\">\n\t\t\t\t\t\t\t<\/div>\n\t\t<\/div>\n\t\t\t\t\t<\/div>\n\t\t<\/section>\n\t\t\t\t<section class=\"elementor-section elementor-top-section elementor-element elementor-element-ebe3214 elementor-section-boxed elementor-section-height-default elementor-section-height-default\" data-id=\"ebe3214\" data-element_type=\"section\">\n\t\t\t\t\t\t<div class=\"elementor-container elementor-column-gap-default\">\n\t\t\t\t\t<div class=\"elementor-column elementor-col-50 elementor-top-column elementor-element elementor-element-59aab36\" data-id=\"59aab36\" data-element_type=\"column\">\n\t\t\t<div class=\"elementor-widget-wrap elementor-element-populated\">\n\t\t\t\t\t\t<div class=\"elementor-element elementor-element-a177ffa elementor-widget elementor-widget-w1_2_3\" data-id=\"a177ffa\" data-element_type=\"widget\" data-widget_type=\"w1_2_3.default\">\n\t\t\t\t<div class=\"elementor-widget-container\">\n\t\t\t<section>\n                <div class=\"mn-grid\">\n                    <h2  class=\"mn-grid-12\">\n                        COVID information for Students\n                    <\/h2>\n                <\/div>\n            <\/section>\t\t<\/div>\n\t\t\t\t<\/div>\n\t\t\t\t\t<\/div>\n\t\t<\/div>\n\t\t\t\t<div class=\"elementor-column elementor-col-50 elementor-top-column elementor-element elementor-element-8d842ce\" data-id=\"8d842ce\" data-element_type=\"column\">\n\t\t\t<div class=\"elementor-widget-wrap elementor-element-populated\">\n\t\t\t\t\t\t<div class=\"elementor-element elementor-element-e7dc3d8 elementor-widget elementor-widget-video\" data-id=\"e7dc3d8\" data-element_type=\"widget\" data-settings=\"{&quot;youtube_url&quot;:&quot;https:\\\/\\\/youtu.be\\\/eIGmdaRyf-w&quot;,&quot;video_type&quot;:&quot;youtube&quot;,&quot;controls&quot;:&quot;yes&quot;}\" data-widget_type=\"video.default\">\n\t\t\t\t<div class=\"elementor-widget-container\">\n\t\t\t\t\t<div class=\"elementor-wrapper elementor-open-inline\">\n\t\t\t<div class=\"elementor-video\"><\/div>\t\t<\/div>\n\t\t\t\t<\/div>\n\t\t\t\t<\/div>\n\t\t\t\t\t<\/div>\n\t\t<\/div>\n\t\t\t\t\t<\/div>\n\t\t<\/section>\n\t\t\t\t<\/div>\n\t\t","protected":false},"excerpt":{"rendered":"<p>SGGW Student Health Centre SGGW Student Health Centre &#8211; Find the appropriate Medical Help! Welcome to the\u00a0Warsaw University of Life Sciences-Health Centre (SGGW-Health Centre).There has been the health service operating at \u00a0the Warsaw University of Life Sciences &#8211;\u00a0SGGW\u00a0campus since the 1970s. Over the years this service has been evolving\u00a0and developing, so we now pride ourselves [&hellip;]<\/p>\n","protected":false},"author":35,"featured_media":0,"parent":13077,"menu_order":0,"comment_status":"closed","ping_status":"closed","template":"","meta":{"_acf_changed":false,"footnotes":""},"class_list":["post-15428","page","type-page","status-publish","hentry"],"acf":[],"_links":{"self":[{"href":"https:\/\/www.sggw.edu.pl\/en\/wp-json\/wp\/v2\/pages\/15428","targetHints":{"allow":["GET"]}}],"collection":[{"href":"https:\/\/www.sggw.edu.pl\/en\/wp-json\/wp\/v2\/pages"}],"about":[{"href":"https:\/\/www.sggw.edu.pl\/en\/wp-json\/wp\/v2\/types\/page"}],"author":[{"embeddable":true,"href":"https:\/\/www.sggw.edu.pl\/en\/wp-json\/wp\/v2\/users\/35"}],"replies":[{"embeddable":true,"href":"https:\/\/www.sggw.edu.pl\/en\/wp-json\/wp\/v2\/comments?post=15428"}],"version-history":[{"count":124,"href":"https:\/\/www.sggw.edu.pl\/en\/wp-json\/wp\/v2\/pages\/15428\/revisions"}],"predecessor-version":[{"id":261114,"href":"https:\/\/www.sggw.edu.pl\/en\/wp-json\/wp\/v2\/pages\/15428\/revisions\/261114"}],"up":[{"embeddable":true,"href":"https:\/\/www.sggw.edu.pl\/en\/wp-json\/wp\/v2\/pages\/13077"}],"wp:attachment":[{"href":"https:\/\/www.sggw.edu.pl\/en\/wp-json\/wp\/v2\/media?parent=15428"}],"curies":[{"name":"wp","href":"https:\/\/api.w.org\/{rel}","templated":true}]}}