{"id":15445,"date":"2021-01-29T16:24:05","date_gmt":"2021-01-29T15:24:05","guid":{"rendered":"https:\/\/www.sggw.edu.pl\/inc\/educational-trips\/"},"modified":"2021-05-26T16:04:08","modified_gmt":"2021-05-26T14:04:08","slug":"educational-trips","status":"publish","type":"page","link":"https:\/\/www.sggw.edu.pl\/en\/collaboration-and-services\/international-cooperation\/erasmus-for-staff-partner-countries-non-eu\/inc\/educational-trips\/","title":{"rendered":"Educational trips"},"content":{"rendered":"\t\t<div data-elementor-type=\"wp-page\" data-elementor-id=\"15445\" class=\"elementor elementor-15445\" data-elementor-post-type=\"page\">\n\t\t\t\t\t\t<section class=\"elementor-section elementor-top-section elementor-element elementor-element-737175fd elementor-section-boxed elementor-section-height-default elementor-section-height-default\" data-id=\"737175fd\" data-element_type=\"section\">\n\t\t\t\t\t\t<div class=\"elementor-container elementor-column-gap-default\">\n\t\t\t\t\t<div class=\"elementor-column elementor-col-100 elementor-top-column elementor-element elementor-element-5ca9a6d5\" data-id=\"5ca9a6d5\" data-element_type=\"column\">\n\t\t\t<div class=\"elementor-widget-wrap elementor-element-populated\">\n\t\t\t\t\t\t<div class=\"elementor-element elementor-element-364e6715 elementor-widget elementor-widget-wp-widget-bcn_widget\" data-id=\"364e6715\" data-element_type=\"widget\" data-widget_type=\"wp-widget-bcn_widget.default\">\n\t\t\t\t<div class=\"elementor-widget-container\">\n\t\t\t<div class=\"mn-grid breadcrumb\">\n                                    <div class=\"breadcrumb-inner mn-grid-12\"><div class=\"breadcrumbs\" vocab=\"https:\/\/schema.org\/\" typeof=\"BreadcrumbList\"><span property=\"itemListElement\" typeof=\"ListItem\"><a property=\"item\" typeof=\"WebPage\" title=\"Go to Szko\u0142a G\u0142\u00f3wna Gospodarstwa Wiejskiego w Warszawie.\" href=\"https:\/\/www.sggw.edu.pl\/en\/\" class=\"home\" aria-current=\"page\"><span property=\"name\">Home<\/span><\/a><meta property=\"position\" content=\"1\"><\/span><\/div>    <\/div>\n                                <\/div>\t\t<\/div>\n\t\t\t\t<\/div>\n\t\t\t\t<div class=\"elementor-element elementor-element-3e052b7d elementor-widget elementor-widget-post-title\" data-id=\"3e052b7d\" data-element_type=\"widget\" data-widget_type=\"post-title.default\">\n\t\t\t\t<div class=\"elementor-widget-container\">\n\t\t\t<section>\n                    <div class=\"mn-grid entry-header-inner section-inner medium\">\n                        <h1 class=\"mn-grid-12 entry-title\" style=\"\">\n                            Educational trips\n                        <\/h1>\n                    <\/div>\n                <\/section>\t\t<\/div>\n\t\t\t\t<\/div>\n\t\t\t\t\t<\/div>\n\t\t<\/div>\n\t\t\t\t\t<\/div>\n\t\t<\/section>\n\t\t\t\t<section class=\"elementor-section elementor-top-section elementor-element elementor-element-3bb8b5d elementor-section-boxed elementor-section-height-default elementor-section-height-default\" data-id=\"3bb8b5d\" data-element_type=\"section\">\n\t\t\t\t\t\t<div class=\"elementor-container elementor-column-gap-default\">\n\t\t\t\t\t<div class=\"elementor-column elementor-col-100 elementor-top-column elementor-element elementor-element-56ee91c\" data-id=\"56ee91c\" data-element_type=\"column\">\n\t\t\t<div class=\"elementor-widget-wrap elementor-element-populated\">\n\t\t\t\t\t\t<div class=\"elementor-element elementor-element-190072e elementor-widget elementor-widget-w11\" data-id=\"190072e\" data-element_type=\"widget\" data-widget_type=\"w11.default\">\n\t\t\t\t<div class=\"elementor-widget-container\">\n\t\t\t<section><div class=\"mn-grid\"><ul class=\"mn-grid-12 mn-mod-links-text-3\"><li>\n                            <a href=\"https:\/\/www.sggw.edu.pl\/en\/collaboration-and-services\/international-cooperation\/erasmus-for-staff-partner-countries-non-eu\/inc\/educational-trips\/eu\/\" >\n                                <span>EU<\/span>\n                            <\/a>\n                        <\/li><li>\n                            <a href=\"https:\/\/www.sggw.edu.pl\/en\/collaboration-and-services\/international-cooperation\/erasmus-for-staff-partner-countries-non-eu\/inc\/educational-trips\/non-ue\/\" >\n                                <span>NON-UE<\/span>\n                            <\/a>\n                        <\/li><\/ul><\/div><\/section>\t\t<\/div>\n\t\t\t\t<\/div>\n\t\t\t\t\t<\/div>\n\t\t<\/div>\n\t\t\t\t\t<\/div>\n\t\t<\/section>\n\t\t\t\t<\/div>\n\t\t","protected":false},"excerpt":{"rendered":"<p>EU NON-UE<\/p>\n","protected":false},"author":1,"featured_media":0,"parent":15425,"menu_order":0,"comment_status":"closed","ping_status":"closed","template":"","meta":{"_acf_changed":false,"footnotes":""},"class_list":["post-15445","page","type-page","status-publish","hentry"],"acf":[],"_links":{"self":[{"href":"https:\/\/www.sggw.edu.pl\/en\/wp-json\/wp\/v2\/pages\/15445","targetHints":{"allow":["GET"]}}],"collection":[{"href":"https:\/\/www.sggw.edu.pl\/en\/wp-json\/wp\/v2\/pages"}],"about":[{"href":"https:\/\/www.sggw.edu.pl\/en\/wp-json\/wp\/v2\/types\/page"}],"author":[{"embeddable":true,"href":"https:\/\/www.sggw.edu.pl\/en\/wp-json\/wp\/v2\/users\/1"}],"replies":[{"embeddable":true,"href":"https:\/\/www.sggw.edu.pl\/en\/wp-json\/wp\/v2\/comments?post=15445"}],"version-history":[{"count":1,"href":"https:\/\/www.sggw.edu.pl\/en\/wp-json\/wp\/v2\/pages\/15445\/revisions"}],"predecessor-version":[{"id":15452,"href":"https:\/\/www.sggw.edu.pl\/en\/wp-json\/wp\/v2\/pages\/15445\/revisions\/15452"}],"up":[{"embeddable":true,"href":"https:\/\/www.sggw.edu.pl\/en\/wp-json\/wp\/v2\/pages\/15425"}],"wp:attachment":[{"href":"https:\/\/www.sggw.edu.pl\/en\/wp-json\/wp\/v2\/media?parent=15445"}],"curies":[{"name":"wp","href":"https:\/\/api.w.org\/{rel}","templated":true}]}}