{"id":15496,"date":"2021-01-29T16:24:30","date_gmt":"2021-01-29T15:24:30","guid":{"rendered":"https:\/\/www.sggw.edu.pl\/erasmus\/dissemination-of-results\/"},"modified":"2021-06-02T14:20:54","modified_gmt":"2021-06-02T12:20:54","slug":"dissemination-of-results","status":"publish","type":"page","link":"https:\/\/www.sggw.edu.pl\/en\/collaboration-and-services\/international-cooperation\/erasmus\/dissemination-of-results\/","title":{"rendered":"Dissemination of results"},"content":{"rendered":"\t\t<div data-elementor-type=\"wp-page\" data-elementor-id=\"15496\" class=\"elementor elementor-15496\" data-elementor-post-type=\"page\">\n\t\t\t\t\t\t<section class=\"elementor-section elementor-top-section elementor-element elementor-element-278bbe9b elementor-section-boxed elementor-section-height-default elementor-section-height-default\" data-id=\"278bbe9b\" data-element_type=\"section\">\n\t\t\t\t\t\t<div class=\"elementor-container elementor-column-gap-default\">\n\t\t\t\t\t<div class=\"elementor-column elementor-col-100 elementor-top-column elementor-element elementor-element-2c921dd5\" data-id=\"2c921dd5\" data-element_type=\"column\">\n\t\t\t<div class=\"elementor-widget-wrap elementor-element-populated\">\n\t\t\t\t\t\t<div class=\"elementor-element elementor-element-6a30eb29 elementor-widget elementor-widget-wp-widget-bcn_widget\" data-id=\"6a30eb29\" data-element_type=\"widget\" data-widget_type=\"wp-widget-bcn_widget.default\">\n\t\t\t\t<div class=\"elementor-widget-container\">\n\t\t\t<div class=\"mn-grid breadcrumb\">\n                                    <div class=\"breadcrumb-inner mn-grid-12\"><div class=\"breadcrumbs\" vocab=\"https:\/\/schema.org\/\" typeof=\"BreadcrumbList\"><span property=\"itemListElement\" typeof=\"ListItem\"><a property=\"item\" typeof=\"WebPage\" title=\"Go to Szko\u0142a G\u0142\u00f3wna Gospodarstwa Wiejskiego w Warszawie.\" href=\"https:\/\/www.sggw.edu.pl\/en\/\" class=\"home\" aria-current=\"page\"><span property=\"name\">Home<\/span><\/a><meta property=\"position\" content=\"1\"><\/span><\/div>    <\/div>\n                                <\/div>\t\t<\/div>\n\t\t\t\t<\/div>\n\t\t\t\t<div class=\"elementor-element elementor-element-5fe224e8 elementor-widget elementor-widget-post-title\" data-id=\"5fe224e8\" data-element_type=\"widget\" data-widget_type=\"post-title.default\">\n\t\t\t\t<div class=\"elementor-widget-container\">\n\t\t\t<section>\n                    <div class=\"mn-grid entry-header-inner section-inner medium\">\n                        <h1 class=\"mn-grid-12 entry-title\" style=\"\">\n                            Dissemination of results\n                        <\/h1>\n                    <\/div>\n                <\/section>\t\t<\/div>\n\t\t\t\t<\/div>\n\t\t\t\t\t<\/div>\n\t\t<\/div>\n\t\t\t\t\t<\/div>\n\t\t<\/section>\n\t\t\t\t<section class=\"elementor-section elementor-top-section elementor-element elementor-element-a55726a elementor-section-boxed elementor-section-height-default elementor-section-height-default\" data-id=\"a55726a\" data-element_type=\"section\">\n\t\t\t\t\t\t<div class=\"elementor-container elementor-column-gap-default\">\n\t\t\t\t\t<div class=\"elementor-column elementor-col-100 elementor-top-column elementor-element elementor-element-d096de4\" data-id=\"d096de4\" data-element_type=\"column\">\n\t\t\t<div class=\"elementor-widget-wrap elementor-element-populated\">\n\t\t\t\t\t\t<div class=\"elementor-element elementor-element-b33f7b8 elementor-widget elementor-widget-w11\" data-id=\"b33f7b8\" data-element_type=\"widget\" data-widget_type=\"w11.default\">\n\t\t\t\t<div class=\"elementor-widget-container\">\n\t\t\t<section><div class=\"mn-grid\"><ul class=\"mn-grid-12 mn-mod-links-text-3\"><li>\n                            <a href=\"https:\/\/pl-pl.facebook.com\/pages\/category\/Community\/Biuro-Wsp%C3%B3%C5%82pracy-Mi%C4%99dzynarodowej-SGGW-148036815253212\/\" >\n                                <span>International Relations Office FACEBOOK page<\/span>\n                            <\/a>\n                        <\/li><\/ul><\/div><\/section>\t\t<\/div>\n\t\t\t\t<\/div>\n\t\t\t\t<div class=\"elementor-element elementor-element-2d26ae4 elementor-widget elementor-widget-spacer\" data-id=\"2d26ae4\" data-element_type=\"widget\" data-widget_type=\"spacer.default\">\n\t\t\t\t<div class=\"elementor-widget-container\">\n\t\t\t\t\t<div class=\"elementor-spacer\">\n\t\t\t<div class=\"elementor-spacer-inner\"><\/div>\n\t\t<\/div>\n\t\t\t\t<\/div>\n\t\t\t\t<\/div>\n\t\t\t\t<section class=\"elementor-section elementor-inner-section elementor-element elementor-element-36d262a elementor-section-boxed elementor-section-height-default elementor-section-height-default\" data-id=\"36d262a\" data-element_type=\"section\">\n\t\t\t\t\t\t<div class=\"elementor-container elementor-column-gap-default\">\n\t\t\t\t\t<div class=\"elementor-column elementor-col-50 elementor-inner-column elementor-element elementor-element-3af9258\" data-id=\"3af9258\" data-element_type=\"column\">\n\t\t\t<div class=\"elementor-widget-wrap elementor-element-populated\">\n\t\t\t\t\t\t<div class=\"elementor-element elementor-element-ac65e1d elementor-widget elementor-widget-w12\" data-id=\"ac65e1d\" data-element_type=\"widget\" data-widget_type=\"w12.default\">\n\t\t\t\t<div class=\"elementor-widget-container\">\n\t\t\t<section>\n                <div class=\"mn-grid\">\n                    <div class=\"mn-grid-12 mn-mod-text-links\">\n                        <p>The results of Erasmus + projects are disseminated by SGGW and its partners, and also submitted to the National Agency of the Erasmus + Program in final reports.<\/p><p>Employees and students who have returned from the exchange share their experiences with their peers and colleagues in order to:<\/p><ul><li>promote the Erasmus+ Program<\/li><li>disseminate information about benefits of participation<\/li><li>motivate students interested in participating in academic exchange projects<\/li><\/ul><p>The staff uses the experience and knowledge gained to:<\/p><ul><li>update teaching materials<\/li><li>introduce new adaptive teaching techniques<\/li><li>share these skills with other lecturers<\/li><li>and in the case of training, the staff increases their competences in order to assure professional growth<\/li><\/ul>\n                    <\/div>\n                <\/div>\n            <\/section>\t\t<\/div>\n\t\t\t\t<\/div>\n\t\t\t\t\t<\/div>\n\t\t<\/div>\n\t\t\t\t<div class=\"elementor-column elementor-col-50 elementor-inner-column elementor-element elementor-element-d959e84\" data-id=\"d959e84\" data-element_type=\"column\">\n\t\t\t<div class=\"elementor-widget-wrap elementor-element-populated\">\n\t\t\t\t\t\t<div class=\"elementor-element elementor-element-68300a6 elementor-widget elementor-widget-w25\" data-id=\"68300a6\" data-element_type=\"widget\" data-widget_type=\"w25.default\">\n\t\t\t\t<div class=\"elementor-widget-container\">\n\t\t\t<section>\n                <div class=\"mn-grid\">\n                    <div class=\"mn-grid-12 mn-mod-img-full-width\">\n                        <img fetchpriority=\"high\" decoding=\"async\" width=\"846\" height=\"564\" src=\"https:\/\/www.sggw.edu.pl\/wp-content\/uploads\/2020\/12\/pexels-photo-3228689-1.jpg\" class=\"attachment-961x564 size-961x564\" alt=\"\" srcset=\"https:\/\/www.sggw.edu.pl\/wp-content\/uploads\/2020\/12\/pexels-photo-3228689-1.jpg 1880w, https:\/\/www.sggw.edu.pl\/wp-content\/uploads\/2020\/12\/pexels-photo-3228689-1-300x200.jpg 300w, https:\/\/www.sggw.edu.pl\/wp-content\/uploads\/2020\/12\/pexels-photo-3228689-1-1024x682.jpg 1024w, https:\/\/www.sggw.edu.pl\/wp-content\/uploads\/2020\/12\/pexels-photo-3228689-1-768x512.jpg 768w, https:\/\/www.sggw.edu.pl\/wp-content\/uploads\/2020\/12\/pexels-photo-3228689-1-1536x1024.jpg 1536w, https:\/\/www.sggw.edu.pl\/wp-content\/uploads\/2020\/12\/pexels-photo-3228689-1-1200x800.jpg 1200w\" sizes=\"(max-width: 846px) 100vw, 846px\" \/>  <\/div>\n                <\/div>\n                <\/section>\t\t<\/div>\n\t\t\t\t<\/div>\n\t\t\t\t\t<\/div>\n\t\t<\/div>\n\t\t\t\t\t<\/div>\n\t\t<\/section>\n\t\t\t\t\t<\/div>\n\t\t<\/div>\n\t\t\t\t\t<\/div>\n\t\t<\/section>\n\t\t\t\t<\/div>\n\t\t","protected":false},"excerpt":{"rendered":"<p>Dissemination of results International Relations Office FACEBOOK page The results of Erasmus + projects are disseminated by SGGW and its partners, and also submitted to the National Agency of the Erasmus + Program in final reports. Employees and students who have returned from the exchange share their experiences with their peers and colleagues in order [&hellip;]<\/p>\n","protected":false},"author":21,"featured_media":0,"parent":12788,"menu_order":0,"comment_status":"closed","ping_status":"closed","template":"","meta":{"_acf_changed":false,"footnotes":""},"class_list":["post-15496","page","type-page","status-publish","hentry"],"acf":[],"_links":{"self":[{"href":"https:\/\/www.sggw.edu.pl\/en\/wp-json\/wp\/v2\/pages\/15496","targetHints":{"allow":["GET"]}}],"collection":[{"href":"https:\/\/www.sggw.edu.pl\/en\/wp-json\/wp\/v2\/pages"}],"about":[{"href":"https:\/\/www.sggw.edu.pl\/en\/wp-json\/wp\/v2\/types\/page"}],"author":[{"embeddable":true,"href":"https:\/\/www.sggw.edu.pl\/en\/wp-json\/wp\/v2\/users\/21"}],"replies":[{"embeddable":true,"href":"https:\/\/www.sggw.edu.pl\/en\/wp-json\/wp\/v2\/comments?post=15496"}],"version-history":[{"count":12,"href":"https:\/\/www.sggw.edu.pl\/en\/wp-json\/wp\/v2\/pages\/15496\/revisions"}],"predecessor-version":[{"id":83002,"href":"https:\/\/www.sggw.edu.pl\/en\/wp-json\/wp\/v2\/pages\/15496\/revisions\/83002"}],"up":[{"embeddable":true,"href":"https:\/\/www.sggw.edu.pl\/en\/wp-json\/wp\/v2\/pages\/12788"}],"wp:attachment":[{"href":"https:\/\/www.sggw.edu.pl\/en\/wp-json\/wp\/v2\/media?parent=15496"}],"curies":[{"name":"wp","href":"https:\/\/api.w.org\/{rel}","templated":true}]}}