{"id":15509,"date":"2021-01-29T16:24:37","date_gmt":"2021-01-29T15:24:37","guid":{"rendered":"https:\/\/www.sggw.edu.pl\/forms\/"},"modified":"2021-05-26T16:04:19","modified_gmt":"2021-05-26T14:04:19","slug":"forms","status":"publish","type":"page","link":"https:\/\/www.sggw.edu.pl\/en\/collaboration-and-services\/international-cooperation\/visitors-from-abroad\/visiting-professors\/forms\/","title":{"rendered":"Forms"},"content":{"rendered":"\t\t<div data-elementor-type=\"wp-page\" data-elementor-id=\"15509\" class=\"elementor elementor-15509\" data-elementor-post-type=\"page\">\n\t\t\t\t\t\t<section class=\"elementor-section elementor-top-section elementor-element elementor-element-3f2f34f7 elementor-section-boxed elementor-section-height-default elementor-section-height-default\" data-id=\"3f2f34f7\" data-element_type=\"section\">\n\t\t\t\t\t\t<div class=\"elementor-container elementor-column-gap-default\">\n\t\t\t\t\t<div class=\"elementor-column elementor-col-100 elementor-top-column elementor-element elementor-element-1017b08\" data-id=\"1017b08\" data-element_type=\"column\">\n\t\t\t<div class=\"elementor-widget-wrap elementor-element-populated\">\n\t\t\t\t\t\t<div class=\"elementor-element elementor-element-3b6d6a93 elementor-widget elementor-widget-wp-widget-bcn_widget\" data-id=\"3b6d6a93\" data-element_type=\"widget\" data-widget_type=\"wp-widget-bcn_widget.default\">\n\t\t\t\t<div class=\"elementor-widget-container\">\n\t\t\t<div class=\"mn-grid breadcrumb\">\n                                    <div class=\"breadcrumb-inner mn-grid-12\"><div class=\"breadcrumbs\" vocab=\"https:\/\/schema.org\/\" typeof=\"BreadcrumbList\"><span property=\"itemListElement\" typeof=\"ListItem\"><a property=\"item\" typeof=\"WebPage\" title=\"Go to Szko\u0142a G\u0142\u00f3wna Gospodarstwa Wiejskiego w Warszawie.\" href=\"https:\/\/www.sggw.edu.pl\/en\/\" class=\"home\" aria-current=\"page\"><span property=\"name\">Home<\/span><\/a><meta property=\"position\" content=\"1\"><\/span><\/div>    <\/div>\n                                <\/div>\t\t<\/div>\n\t\t\t\t<\/div>\n\t\t\t\t<div class=\"elementor-element elementor-element-1b5a9c2e elementor-widget elementor-widget-post-title\" data-id=\"1b5a9c2e\" data-element_type=\"widget\" data-widget_type=\"post-title.default\">\n\t\t\t\t<div class=\"elementor-widget-container\">\n\t\t\t<section>\n                    <div class=\"mn-grid entry-header-inner section-inner medium\">\n                        <h1 class=\"mn-grid-12 entry-title\" style=\"\">\n                            Forms\n                        <\/h1>\n                    <\/div>\n                <\/section>\t\t<\/div>\n\t\t\t\t<\/div>\n\t\t\t\t\t<\/div>\n\t\t<\/div>\n\t\t\t\t\t<\/div>\n\t\t<\/section>\n\t\t\t\t<section class=\"elementor-section elementor-top-section elementor-element elementor-element-1cee2eb elementor-section-boxed elementor-section-height-default elementor-section-height-default\" data-id=\"1cee2eb\" data-element_type=\"section\">\n\t\t\t\t\t\t<div class=\"elementor-container elementor-column-gap-default\">\n\t\t\t\t\t<div class=\"elementor-column elementor-col-100 elementor-top-column elementor-element elementor-element-2b96df0\" data-id=\"2b96df0\" data-element_type=\"column\">\n\t\t\t<div class=\"elementor-widget-wrap elementor-element-populated\">\n\t\t\t\t\t\t<div class=\"elementor-element elementor-element-7a06eab elementor-widget elementor-widget-W15\" data-id=\"7a06eab\" data-element_type=\"widget\" data-widget_type=\"W15.default\">\n\t\t\t\t<div class=\"elementor-widget-container\">\n\t\t\t<section><div class=\"mn-mod-small-links-boxes mn-grid\">\n                <div class=\"mn-grid-12 mn-mod-small-links-boxes-inner responsive slider\">\n             <div class=\"mn-mod-small-link-box slick-slide\" style=\"\">\n                    <div class=\"mn-mod-small-link-box-img\" >\n                        <img decoding=\"async\" width=\"266\" height=\"177\" src=\"https:\/\/www.sggw.edu.pl\/wp-content\/uploads\/2020\/09\/inz-eko.jpg\" class=\"attachment-400x254 size-400x254\" alt=\"\" \/>\n                    <\/div>\n                    <div class=\"mn-mod-small-link-box-txt\">\n                        <h3>Applications for co-financing the stay of visiting professors<\/h3><\/div><\/div>\n             <div class=\"mn-mod-small-link-box slick-slide\" style=\"\">\n                    <div class=\"mn-mod-small-link-box-img\" >\n                        <img fetchpriority=\"high\" decoding=\"async\" width=\"302\" height=\"200\" src=\"https:\/\/www.sggw.edu.pl\/wp-content\/uploads\/2020\/09\/Rectangle-4-2.png\" class=\"attachment-400x254 size-400x254\" alt=\"\" srcset=\"https:\/\/www.sggw.edu.pl\/wp-content\/uploads\/2020\/09\/Rectangle-4-2.png 302w, https:\/\/www.sggw.edu.pl\/wp-content\/uploads\/2020\/09\/Rectangle-4-2-300x199.png 300w\" sizes=\"(max-width: 302px) 100vw, 302px\" \/>\n                    <\/div>\n                    <div class=\"mn-mod-small-link-box-txt\">\n                        <h3>Application \/ Invitation<\/h3><\/div><\/div>\n             <div class=\"mn-mod-small-link-box slick-slide\" style=\"\">\n                    <div class=\"mn-mod-small-link-box-img\" >\n                        <img decoding=\"async\" width=\"302\" height=\"200\" src=\"https:\/\/www.sggw.edu.pl\/wp-content\/uploads\/2020\/09\/Rectangle-4-1.png\" class=\"attachment-400x254 size-400x254\" alt=\"\" srcset=\"https:\/\/www.sggw.edu.pl\/wp-content\/uploads\/2020\/09\/Rectangle-4-1.png 302w, https:\/\/www.sggw.edu.pl\/wp-content\/uploads\/2020\/09\/Rectangle-4-1-300x199.png 300w\" sizes=\"(max-width: 302px) 100vw, 302px\" \/>\n                    <\/div>\n                    <div class=\"mn-mod-small-link-box-txt\">\n                        <h3>Application for an advance<\/h3><\/div><\/div>\n             <div class=\"mn-mod-small-link-box slick-slide\" style=\"\">\n                    <div class=\"mn-mod-small-link-box-img\" >\n                        <img loading=\"lazy\" decoding=\"async\" width=\"302\" height=\"200\" src=\"https:\/\/www.sggw.edu.pl\/wp-content\/uploads\/2020\/09\/Rectangle-4.png\" class=\"attachment-400x254 size-400x254\" alt=\"\" srcset=\"https:\/\/www.sggw.edu.pl\/wp-content\/uploads\/2020\/09\/Rectangle-4.png 302w, https:\/\/www.sggw.edu.pl\/wp-content\/uploads\/2020\/09\/Rectangle-4-300x199.png 300w\" sizes=\"(max-width: 302px) 100vw, 302px\" \/>\n                    <\/div>\n                    <div class=\"mn-mod-small-link-box-txt\">\n                        <h3>Settlement of cash expenses<\/h3><\/div><\/div><\/div><\/section><script type='text\/javascript' src='\/\/code.jquery.com\/jquery-1.11.0.min.js'><\/script>\n            <script type='text\/javascript' src='\/\/cdn.jsdelivr.net\/npm\/slick-carousel@1.8.1\/slick\/slick.min.js'><\/script>\n            <script type='text\/javascript'>\n                jQuery.noConflict();\n                jQuery('.responsive').not('.slick-initialized').slick({\n                dots: false,\n                infinite: false,\n                speed: 300,\n                slidesToShow: 4,\n                slidesToScroll: 1,\n                responsive: [\n                  {\n                    breakpoint: 1024,\n                    settings: {\n                      slidesToShow: 3,\n                      slidesToScroll: 1,\n                      infinite: true,\n                      dots: false\n                    }\n                  },\n                  {\n                    breakpoint: 600,\n                    settings: {\n                      slidesToShow: 2,\n                      slidesToScroll: 1\n                    }\n                  },\n                  {\n                    breakpoint: 480,\n                    settings: {\n                      slidesToShow: 1,\n                      slidesToScroll: 1\n                    }\n                  }\n                ]\n              });\n        <\/script>\t\t<\/div>\n\t\t\t\t<\/div>\n\t\t\t\t\t<\/div>\n\t\t<\/div>\n\t\t\t\t\t<\/div>\n\t\t<\/section>\n\t\t\t\t<section class=\"elementor-section elementor-top-section elementor-element elementor-element-dff0e34 elementor-section-boxed elementor-section-height-default elementor-section-height-default\" data-id=\"dff0e34\" data-element_type=\"section\">\n\t\t\t\t\t\t<div class=\"elementor-container elementor-column-gap-default\">\n\t\t\t\t\t<div class=\"elementor-column elementor-col-100 elementor-top-column elementor-element elementor-element-da3352e\" data-id=\"da3352e\" data-element_type=\"column\">\n\t\t\t<div class=\"elementor-widget-wrap elementor-element-populated\">\n\t\t\t\t\t\t<div class=\"elementor-element elementor-element-4dcc735 elementor-widget elementor-widget-W15\" data-id=\"4dcc735\" data-element_type=\"widget\" data-widget_type=\"W15.default\">\n\t\t\t\t<div class=\"elementor-widget-container\">\n\t\t\t<section><div class=\"mn-mod-small-links-boxes mn-grid\">\n                <div class=\"mn-grid-12 mn-mod-small-links-boxes-inner responsive slider\">\n             <div class=\"mn-mod-small-link-box slick-slide\" style=\"\">\n                    <div class=\"mn-mod-small-link-box-img\" >\n                        <img decoding=\"async\" width=\"266\" height=\"177\" src=\"https:\/\/www.sggw.edu.pl\/wp-content\/uploads\/2020\/09\/inz-eko.jpg\" class=\"attachment-400x254 size-400x254\" alt=\"\" \/>\n                    <\/div>\n                    <div class=\"mn-mod-small-link-box-txt\">\n                        <h3>Receipt for receipt of diets<\/h3><\/div><\/div>\n             <div class=\"mn-mod-small-link-box slick-slide\" style=\"\">\n                    <div class=\"mn-mod-small-link-box-img\" >\n                        <img fetchpriority=\"high\" decoding=\"async\" width=\"302\" height=\"200\" src=\"https:\/\/www.sggw.edu.pl\/wp-content\/uploads\/2020\/09\/Rectangle-4-2.png\" class=\"attachment-400x254 size-400x254\" alt=\"\" srcset=\"https:\/\/www.sggw.edu.pl\/wp-content\/uploads\/2020\/09\/Rectangle-4-2.png 302w, https:\/\/www.sggw.edu.pl\/wp-content\/uploads\/2020\/09\/Rectangle-4-2-300x199.png 300w\" sizes=\"(max-width: 302px) 100vw, 302px\" \/>\n                    <\/div>\n                    <div class=\"mn-mod-small-link-box-txt\">\n                        <h3>Online contracting rules<\/h3><\/div><\/div>\n             <div class=\"mn-mod-small-link-box slick-slide\" style=\"\">\n                    <div class=\"mn-mod-small-link-box-img\" >\n                        <img decoding=\"async\" width=\"302\" height=\"200\" src=\"https:\/\/www.sggw.edu.pl\/wp-content\/uploads\/2020\/09\/Rectangle-4-1.png\" class=\"attachment-400x254 size-400x254\" alt=\"\" srcset=\"https:\/\/www.sggw.edu.pl\/wp-content\/uploads\/2020\/09\/Rectangle-4-1.png 302w, https:\/\/www.sggw.edu.pl\/wp-content\/uploads\/2020\/09\/Rectangle-4-1-300x199.png 300w\" sizes=\"(max-width: 302px) 100vw, 302px\" \/>\n                    <\/div>\n                    <div class=\"mn-mod-small-link-box-txt\">\n                        <h3>Contract of mandate<\/h3><\/div><\/div>\n             <div class=\"mn-mod-small-link-box slick-slide\" style=\"\">\n                    <div class=\"mn-mod-small-link-box-img\" >\n                        <img loading=\"lazy\" decoding=\"async\" width=\"302\" height=\"200\" src=\"https:\/\/www.sggw.edu.pl\/wp-content\/uploads\/2020\/09\/Rectangle-4.png\" class=\"attachment-400x254 size-400x254\" alt=\"\" srcset=\"https:\/\/www.sggw.edu.pl\/wp-content\/uploads\/2020\/09\/Rectangle-4.png 302w, https:\/\/www.sggw.edu.pl\/wp-content\/uploads\/2020\/09\/Rectangle-4-300x199.png 300w\" sizes=\"(max-width: 302px) 100vw, 302px\" \/>\n                    <\/div>\n                    <div class=\"mn-mod-small-link-box-txt\">\n                        <h3>Invoice for the contract of mandate<\/h3><\/div><\/div><\/div><\/section><script type='text\/javascript' src='\/\/code.jquery.com\/jquery-1.11.0.min.js'><\/script>\n            <script type='text\/javascript' src='\/\/cdn.jsdelivr.net\/npm\/slick-carousel@1.8.1\/slick\/slick.min.js'><\/script>\n            <script type='text\/javascript'>\n                jQuery.noConflict();\n                jQuery('.responsive').not('.slick-initialized').slick({\n                dots: false,\n                infinite: false,\n                speed: 300,\n                slidesToShow: 4,\n                slidesToScroll: 1,\n                responsive: [\n                  {\n                    breakpoint: 1024,\n                    settings: {\n                      slidesToShow: 3,\n                      slidesToScroll: 1,\n                      infinite: true,\n                      dots: false\n                    }\n                  },\n                  {\n                    breakpoint: 600,\n                    settings: {\n                      slidesToShow: 2,\n                      slidesToScroll: 1\n                    }\n                  },\n                  {\n                    breakpoint: 480,\n                    settings: {\n                      slidesToShow: 1,\n                      slidesToScroll: 1\n                    }\n                  }\n                ]\n              });\n        <\/script>\t\t<\/div>\n\t\t\t\t<\/div>\n\t\t\t\t\t<\/div>\n\t\t<\/div>\n\t\t\t\t\t<\/div>\n\t\t<\/section>\n\t\t\t\t<\/div>\n\t\t","protected":false},"excerpt":{"rendered":"<p>Applications for co-financing the stay of visiting professors Application \/ Invitation Application for an advance Settlement of cash expenses Receipt for receipt of diets Online contracting rules Contract of mandate Invoice for the contract of mandate<\/p>\n","protected":false},"author":1,"featured_media":0,"parent":15515,"menu_order":0,"comment_status":"closed","ping_status":"closed","template":"","meta":{"_acf_changed":false,"footnotes":""},"class_list":["post-15509","page","type-page","status-publish","hentry"],"acf":[],"_links":{"self":[{"href":"https:\/\/www.sggw.edu.pl\/en\/wp-json\/wp\/v2\/pages\/15509","targetHints":{"allow":["GET"]}}],"collection":[{"href":"https:\/\/www.sggw.edu.pl\/en\/wp-json\/wp\/v2\/pages"}],"about":[{"href":"https:\/\/www.sggw.edu.pl\/en\/wp-json\/wp\/v2\/types\/page"}],"author":[{"embeddable":true,"href":"https:\/\/www.sggw.edu.pl\/en\/wp-json\/wp\/v2\/users\/1"}],"replies":[{"embeddable":true,"href":"https:\/\/www.sggw.edu.pl\/en\/wp-json\/wp\/v2\/comments?post=15509"}],"version-history":[{"count":2,"href":"https:\/\/www.sggw.edu.pl\/en\/wp-json\/wp\/v2\/pages\/15509\/revisions"}],"predecessor-version":[{"id":15523,"href":"https:\/\/www.sggw.edu.pl\/en\/wp-json\/wp\/v2\/pages\/15509\/revisions\/15523"}],"up":[{"embeddable":true,"href":"https:\/\/www.sggw.edu.pl\/en\/wp-json\/wp\/v2\/pages\/15515"}],"wp:attachment":[{"href":"https:\/\/www.sggw.edu.pl\/en\/wp-json\/wp\/v2\/media?parent=15509"}],"curies":[{"name":"wp","href":"https:\/\/api.w.org\/{rel}","templated":true}]}}