{"id":15538,"date":"2021-01-29T16:24:51","date_gmt":"2021-01-29T15:24:51","guid":{"rendered":"https:\/\/www.sggw.edu.pl\/international-cooperation\/international-agreements-list\/list-of-partner-universities\/"},"modified":"2025-07-30T13:48:58","modified_gmt":"2025-07-30T11:48:58","slug":"list-of-partner-universities","status":"publish","type":"page","link":"https:\/\/www.sggw.edu.pl\/en\/collaboration-and-services\/international-cooperation\/international-agreements-list\/list-of-partner-universities\/","title":{"rendered":"List of partner universities"},"content":{"rendered":"\t\t<div data-elementor-type=\"wp-page\" data-elementor-id=\"15538\" class=\"elementor elementor-15538\" data-elementor-post-type=\"page\">\n\t\t\t\t\t\t<section class=\"elementor-section elementor-top-section elementor-element elementor-element-669d31df elementor-section-boxed elementor-section-height-default elementor-section-height-default\" data-id=\"669d31df\" data-element_type=\"section\">\n\t\t\t\t\t\t<div class=\"elementor-container elementor-column-gap-default\">\n\t\t\t\t\t<div class=\"elementor-column elementor-col-100 elementor-top-column elementor-element elementor-element-1d7d9370\" data-id=\"1d7d9370\" data-element_type=\"column\">\n\t\t\t<div class=\"elementor-widget-wrap elementor-element-populated\">\n\t\t\t\t\t\t<div class=\"elementor-element elementor-element-d12a870 elementor-widget elementor-widget-wp-widget-bcn_widget\" data-id=\"d12a870\" data-element_type=\"widget\" data-widget_type=\"wp-widget-bcn_widget.default\">\n\t\t\t\t<div class=\"elementor-widget-container\">\n\t\t\t<div class=\"mn-grid breadcrumb\">\n                                    <div class=\"breadcrumb-inner mn-grid-12\"><div class=\"breadcrumbs\" vocab=\"https:\/\/schema.org\/\" typeof=\"BreadcrumbList\"><span property=\"itemListElement\" typeof=\"ListItem\"><a property=\"item\" typeof=\"WebPage\" title=\"Go to Szko\u0142a G\u0142\u00f3wna Gospodarstwa Wiejskiego w Warszawie.\" href=\"https:\/\/www.sggw.edu.pl\/en\/\" class=\"home\" aria-current=\"page\"><span property=\"name\">Home<\/span><\/a><meta property=\"position\" content=\"1\"><\/span><\/div>    <\/div>\n                                <\/div>\t\t<\/div>\n\t\t\t\t<\/div>\n\t\t\t\t<div class=\"elementor-element elementor-element-58eb8f53 elementor-widget elementor-widget-post-title\" data-id=\"58eb8f53\" data-element_type=\"widget\" data-widget_type=\"post-title.default\">\n\t\t\t\t<div class=\"elementor-widget-container\">\n\t\t\t<section>\n                    <div class=\"mn-grid entry-header-inner section-inner medium\">\n                        <h1 class=\"mn-grid-12 entry-title\" style=\"\">\n                            List of partner universities\n                        <\/h1>\n                    <\/div>\n                <\/section>\t\t<\/div>\n\t\t\t\t<\/div>\n\t\t\t\t\t<\/div>\n\t\t<\/div>\n\t\t\t\t\t<\/div>\n\t\t<\/section>\n\t\t\t\t<section class=\"elementor-section elementor-top-section elementor-element elementor-element-844aff3 elementor-section-boxed elementor-section-height-default elementor-section-height-default\" data-id=\"844aff3\" data-element_type=\"section\">\n\t\t\t\t\t\t<div class=\"elementor-container elementor-column-gap-default\">\n\t\t\t\t\t<div class=\"elementor-column elementor-col-50 elementor-top-column elementor-element elementor-element-3dd09bf\" data-id=\"3dd09bf\" data-element_type=\"column\">\n\t\t\t<div class=\"elementor-widget-wrap elementor-element-populated\">\n\t\t\t\t\t\t<div class=\"elementor-element elementor-element-fcf06f2 elementor-widget elementor-widget-image\" data-id=\"fcf06f2\" data-element_type=\"widget\" data-widget_type=\"image.default\">\n\t\t\t\t<div class=\"elementor-widget-container\">\n\t\t\t\t\t\t\t\t\t\t\t\t\t<img fetchpriority=\"high\" decoding=\"async\" width=\"509\" height=\"340\" src=\"https:\/\/www.sggw.edu.pl\/wp-content\/uploads\/2021\/01\/\u015awiat.jpg\" class=\"attachment-large size-large wp-image-14933\" alt=\"\" srcset=\"https:\/\/www.sggw.edu.pl\/wp-content\/uploads\/2021\/01\/\u015awiat.jpg 509w, https:\/\/www.sggw.edu.pl\/wp-content\/uploads\/2021\/01\/\u015awiat-300x200.jpg 300w\" sizes=\"(max-width: 509px) 100vw, 509px\" \/>\t\t\t\t\t\t\t\t\t\t\t\t\t<\/div>\n\t\t\t\t<\/div>\n\t\t\t\t\t<\/div>\n\t\t<\/div>\n\t\t\t\t<div class=\"elementor-column elementor-col-50 elementor-top-column elementor-element elementor-element-3bf1cb0\" data-id=\"3bf1cb0\" data-element_type=\"column\">\n\t\t\t<div class=\"elementor-widget-wrap elementor-element-populated\">\n\t\t\t\t\t\t<div class=\"elementor-element elementor-element-72bf660 elementor-widget elementor-widget-text-editor\" data-id=\"72bf660\" data-element_type=\"widget\" data-widget_type=\"text-editor.default\">\n\t\t\t\t<div class=\"elementor-widget-container\">\n\t\t\t\t\t\t\t<p>The International Cooperation Office deals with registration and all assistance during the procedure of signing international agreements, both at the level of Departments \/ Institutes and inter-university agreements.<\/p>\n<p>Below is a list of current international agreements concluded by WULS-SGGW.<\/p>\n\t\t\t\t\t\t<\/div>\n\t\t\t\t<\/div>\n\t\t\t\t\t<\/div>\n\t\t<\/div>\n\t\t\t\t\t<\/div>\n\t\t<\/section>\n\t\t\t\t<section class=\"elementor-section elementor-top-section elementor-element elementor-element-7ace111 elementor-section-boxed elementor-section-height-default elementor-section-height-default\" data-id=\"7ace111\" data-element_type=\"section\">\n\t\t\t\t\t\t<div class=\"elementor-container elementor-column-gap-default\">\n\t\t\t\t\t<div class=\"elementor-column elementor-col-100 elementor-top-column elementor-element elementor-element-a2a81ce\" data-id=\"a2a81ce\" data-element_type=\"column\">\n\t\t\t<div class=\"elementor-widget-wrap elementor-element-populated\">\n\t\t\t\t\t\t<div class=\"elementor-element elementor-element-402a37c elementor-widget-divider--view-line elementor-widget elementor-widget-divider\" data-id=\"402a37c\" data-element_type=\"widget\" data-widget_type=\"divider.default\">\n\t\t\t\t<div class=\"elementor-widget-container\">\n\t\t\t\t\t<div class=\"elementor-divider\">\n\t\t\t<span class=\"elementor-divider-separator\">\n\t\t\t\t\t\t<\/span>\n\t\t<\/div>\n\t\t\t\t<\/div>\n\t\t\t\t<\/div>\n\t\t\t\t<div class=\"elementor-element elementor-element-ccd43a2 elementor-widget elementor-widget-w24\" data-id=\"ccd43a2\" data-element_type=\"widget\" data-widget_type=\"w24.default\">\n\t\t\t\t<div class=\"elementor-widget-container\">\n\t\t\t<section>\n                    <div class=\"mn-grid\">\n                        <a href=\"https:\/\/www.sggw.edu.pl\/wp-content\/uploads\/2025\/07\/AKTUALNY-Rejestr-Umow-Miedzynarodowych-z-lp-1.xlsx\" class=\"mn-grid-12 btn color-1\"><span class=\"txt\">List of partner universities<\/span><\/a>\n                    <\/div>\n                <\/section>\t\t<\/div>\n\t\t\t\t<\/div>\n\t\t\t\t<div class=\"elementor-element elementor-element-3084df4 elementor-widget-divider--view-line elementor-widget elementor-widget-divider\" data-id=\"3084df4\" data-element_type=\"widget\" data-widget_type=\"divider.default\">\n\t\t\t\t<div class=\"elementor-widget-container\">\n\t\t\t\t\t<div class=\"elementor-divider\">\n\t\t\t<span class=\"elementor-divider-separator\">\n\t\t\t\t\t\t<\/span>\n\t\t<\/div>\n\t\t\t\t<\/div>\n\t\t\t\t<\/div>\n\t\t\t\t\t<\/div>\n\t\t<\/div>\n\t\t\t\t\t<\/div>\n\t\t<\/section>\n\t\t\t\t<section class=\"elementor-section elementor-top-section elementor-element elementor-element-bf1bedb elementor-section-boxed elementor-section-height-default elementor-section-height-default\" data-id=\"bf1bedb\" data-element_type=\"section\">\n\t\t\t\t\t\t<div class=\"elementor-container elementor-column-gap-default\">\n\t\t\t\t\t<div class=\"elementor-column elementor-col-100 elementor-top-column elementor-element elementor-element-15945ca\" data-id=\"15945ca\" data-element_type=\"column\">\n\t\t\t<div class=\"elementor-widget-wrap elementor-element-populated\">\n\t\t\t\t\t\t<div class=\"elementor-element elementor-element-731d1ae elementor-widget elementor-widget-w34\" data-id=\"731d1ae\" data-element_type=\"widget\" data-widget_type=\"w34.default\">\n\t\t\t\t<div class=\"elementor-widget-container\">\n\t\t\t        <section id=\"w34-731d1ae\" class=\"mn-m5-c mn-m5-d2\">\n            <div class=\"mn-grid\">\n                <div class=\"mn-content mn-grid-12\">\n                    <div class=\"mn-content-block active\">\n                                                                <ul class=\"mn-accordion\">\n                                            <li>\n                                                <h4 class=\"mn-accordion-title\"\n                                                    role=\"button\"\n                                                    tabindex=\"0\"\n                                                    aria-expanded=\"false\"\n                                                    aria-controls=\"w34-731d1ae-panel-0\">Contact<\/h4>\n                                                <div id=\"w34-731d1ae-panel-0\" style=\"display:none;\" hidden>\n                                                    <p>The International Cooperation Office <span class=\"Y2IQFc\" lang=\"en\">building 8, room 19<\/span><\/p>\n<p>phone: +48 22 59 310 76<\/p>\n<p>\u00a0<\/p>\n                                                <\/div>\n                                            <\/li>\n                                        <\/ul>\n                                                            <\/div>\n                <\/div>\n            <\/div>\n        <\/section>\n\n        <script type=\"text\/javascript\">\n            (function(){\n                var root = document.getElementById('w34-731d1ae');\n                if (!root || root.dataset.w34Ready === '1') {\n                    return;\n                }\n                root.dataset.w34Ready = '1';\n\n                var titles = root.querySelectorAll('.mn-accordion-title');\n\n                function toggleItem(titleEl, event) {\n                    if (event) {\n                        event.preventDefault();\n                        event.stopPropagation();\n                        if (typeof event.stopImmediatePropagation === 'function') {\n                            event.stopImmediatePropagation();\n                        }\n                    }\n\n                    var li = titleEl.parentElement;\n                    if (!li) {\n                        return;\n                    }\n\n                    var panel = titleEl.nextElementSibling;\n                    if (!panel) {\n                        return;\n                    }\n\n                    var isOpen = li.classList.contains('show');\n\n                    if (isOpen) {\n                        li.classList.remove('show');\n                        titleEl.setAttribute('aria-expanded', 'false');\n                        panel.hidden = true;\n                        if (window.jQuery) {\n                            window.jQuery(panel).stop(true, true).slideUp(200);\n                        } else {\n                            panel.style.display = 'none';\n                        }\n                    } else {\n                        li.classList.add('show');\n                        titleEl.setAttribute('aria-expanded', 'true');\n                        panel.hidden = false;\n                        if (window.jQuery) {\n                            window.jQuery(panel).stop(true, true).slideDown(200);\n                        } else {\n                            panel.style.display = 'block';\n                        }\n                    }\n                }\n\n                titles.forEach(function(titleEl){\n                    var panel = titleEl.nextElementSibling;\n                    if (panel) {\n                        panel.hidden = true;\n                        panel.style.display = 'none';\n                    }\n\n                    titleEl.addEventListener('click', function(event){\n                        toggleItem(titleEl, event);\n                    }, true);\n\n                    titleEl.addEventListener('keydown', function(event){\n                        if (event.key === 'Enter' || event.key === ' ') {\n                            toggleItem(titleEl, event);\n                        }\n                    }, true);\n                });\n            })();\n        <\/script>\n        \t\t<\/div>\n\t\t\t\t<\/div>\n\t\t\t\t\t<\/div>\n\t\t<\/div>\n\t\t\t\t\t<\/div>\n\t\t<\/section>\n\t\t\t\t<\/div>\n\t\t","protected":false},"excerpt":{"rendered":"<p>List of partner universities The International Cooperation Office deals with registration and all assistance during the procedure of signing international agreements, both at the level of Departments \/ Institutes and inter-university agreements. Below is a list of current international agreements concluded by WULS-SGGW. List of partner universities Contact The International Cooperation Office building 8, room [&hellip;]<\/p>\n","protected":false},"author":1,"featured_media":0,"parent":15374,"menu_order":0,"comment_status":"closed","ping_status":"closed","template":"","meta":{"_acf_changed":false,"footnotes":""},"class_list":["post-15538","page","type-page","status-publish","hentry"],"acf":[],"_links":{"self":[{"href":"https:\/\/www.sggw.edu.pl\/en\/wp-json\/wp\/v2\/pages\/15538","targetHints":{"allow":["GET"]}}],"collection":[{"href":"https:\/\/www.sggw.edu.pl\/en\/wp-json\/wp\/v2\/pages"}],"about":[{"href":"https:\/\/www.sggw.edu.pl\/en\/wp-json\/wp\/v2\/types\/page"}],"author":[{"embeddable":true,"href":"https:\/\/www.sggw.edu.pl\/en\/wp-json\/wp\/v2\/users\/1"}],"replies":[{"embeddable":true,"href":"https:\/\/www.sggw.edu.pl\/en\/wp-json\/wp\/v2\/comments?post=15538"}],"version-history":[{"count":12,"href":"https:\/\/www.sggw.edu.pl\/en\/wp-json\/wp\/v2\/pages\/15538\/revisions"}],"predecessor-version":[{"id":254254,"href":"https:\/\/www.sggw.edu.pl\/en\/wp-json\/wp\/v2\/pages\/15538\/revisions\/254254"}],"up":[{"embeddable":true,"href":"https:\/\/www.sggw.edu.pl\/en\/wp-json\/wp\/v2\/pages\/15374"}],"wp:attachment":[{"href":"https:\/\/www.sggw.edu.pl\/en\/wp-json\/wp\/v2\/media?parent=15538"}],"curies":[{"name":"wp","href":"https:\/\/api.w.org\/{rel}","templated":true}]}}