{"id":15822,"date":"2021-02-05T16:40:25","date_gmt":"2021-02-05T15:40:25","guid":{"rendered":"https:\/\/www.sggw.edu.pl\/collaboration-and-services\/"},"modified":"2024-04-22T14:59:01","modified_gmt":"2024-04-22T12:59:01","slug":"collaboration-and-services","status":"publish","type":"page","link":"https:\/\/www.sggw.edu.pl\/en\/collaboration-and-services\/","title":{"rendered":"Collaboration and services"},"content":{"rendered":"\t\t<div data-elementor-type=\"wp-page\" data-elementor-id=\"15822\" class=\"elementor elementor-15822\" data-elementor-post-type=\"page\">\n\t\t\t\t\t\t<section class=\"elementor-section elementor-top-section elementor-element elementor-element-7a85d61 elementor-section-boxed elementor-section-height-default elementor-section-height-default\" data-id=\"7a85d61\" data-element_type=\"section\">\n\t\t\t\t\t\t<div class=\"elementor-container elementor-column-gap-default\">\n\t\t\t\t\t<div class=\"elementor-column elementor-col-100 elementor-top-column elementor-element elementor-element-2465ead\" data-id=\"2465ead\" data-element_type=\"column\">\n\t\t\t<div class=\"elementor-widget-wrap elementor-element-populated\">\n\t\t\t\t\t\t<div class=\"elementor-element elementor-element-b3827d6 elementor-widget elementor-widget-wp-widget-bcn_widget\" data-id=\"b3827d6\" data-element_type=\"widget\" data-widget_type=\"wp-widget-bcn_widget.default\">\n\t\t\t\t<div class=\"elementor-widget-container\">\n\t\t\t<div class=\"mn-grid breadcrumb\">\n                                    <div class=\"breadcrumb-inner mn-grid-12\"><div class=\"breadcrumbs\" vocab=\"https:\/\/schema.org\/\" typeof=\"BreadcrumbList\"><span property=\"itemListElement\" typeof=\"ListItem\"><a property=\"item\" typeof=\"WebPage\" title=\"Go to Szko\u0142a G\u0142\u00f3wna Gospodarstwa Wiejskiego w Warszawie.\" href=\"https:\/\/www.sggw.edu.pl\/en\/\" class=\"home\" aria-current=\"page\"><span property=\"name\">Home<\/span><\/a><meta property=\"position\" content=\"1\"><\/span><\/div>    <\/div>\n                                <\/div>\t\t<\/div>\n\t\t\t\t<\/div>\n\t\t\t\t<div class=\"elementor-element elementor-element-fe8394d elementor-widget elementor-widget-post-title\" data-id=\"fe8394d\" data-element_type=\"widget\" data-widget_type=\"post-title.default\">\n\t\t\t\t<div class=\"elementor-widget-container\">\n\t\t\t<section>\n                    <div class=\"mn-grid entry-header-inner section-inner medium\">\n                        <h1 class=\"mn-grid-12 entry-title\" style=\"\">\n                            Collaboration and services\n                        <\/h1>\n                    <\/div>\n                <\/section>\t\t<\/div>\n\t\t\t\t<\/div>\n\t\t\t\t<div class=\"elementor-element elementor-element-8aac531 elementor-widget elementor-widget-w11\" data-id=\"8aac531\" data-element_type=\"widget\" data-widget_type=\"w11.default\">\n\t\t\t\t<div class=\"elementor-widget-container\">\n\t\t\t<section><div class=\"mn-grid\"><ul class=\"mn-grid-12 mn-mod-links-text-3\"><li>\n                            <a href=\"https:\/\/www.sggw.edu.pl\/en\/collaboration-and-services\/why-is-it-worth-cooperating-with-sggw\/\" >\n                                <span>Why it's worth choosing SGGW<\/span>\n                            <\/a>\n                        <\/li><li>\n                            <a href=\"https:\/\/www.sggw.edu.pl\/en\/collaboration-and-services\/service\/\" >\n                                <span>Services<\/span>\n                            <\/a>\n                        <\/li><li>\n                            <a href=\"https:\/\/www.sggw.edu.pl\/en\/collaboration-and-services\/international-cooperation\/\" >\n                                <span>International cooperation<\/span>\n                            <\/a>\n                        <\/li><li>\n                            <a href=\"https:\/\/www.sggw.edu.pl\/en\/science\/cooperation-with-business-2\/\" >\n                                <span>Cooperation with business<\/span>\n                            <\/a>\n                        <\/li><li>\n                            <a href=\"https:\/\/www.sggw.edu.pl\/en\/science\/cooperation-with-business-2\/\" >\n                                <span>Vehicle Inspection Station<\/span>\n                            <\/a>\n                        <\/li><\/ul><\/div><\/section>\t\t<\/div>\n\t\t\t\t<\/div>\n\t\t\t\t<div class=\"elementor-element elementor-element-bb42dc0 elementor-widget elementor-widget-w33\" data-id=\"bb42dc0\" data-element_type=\"widget\" data-widget_type=\"w33.default\">\n\t\t\t\t<div class=\"elementor-widget-container\">\n\t\t\t<section>\n            <div class=\"mn-grid\">\n                <div class=\"mn-vertical-separator-x2\">\n                    \n                <\/div>\n            <\/section>\t\t<\/div>\n\t\t\t\t<\/div>\n\t\t\t\t<div class=\"elementor-element elementor-element-d6045f3 elementor-widget elementor-widget-w33\" data-id=\"d6045f3\" data-element_type=\"widget\" data-widget_type=\"w33.default\">\n\t\t\t\t<div class=\"elementor-widget-container\">\n\t\t\t<section>\n            <div class=\"mn-grid\">\n                <div class=\"mn-vertical-separator-x2\">\n                    \n                <\/div>\n            <\/section>\t\t<\/div>\n\t\t\t\t<\/div>\n\t\t\t\t<section class=\"elementor-section elementor-inner-section elementor-element elementor-element-c7c0d99 elementor-section-boxed elementor-section-height-default elementor-section-height-default\" data-id=\"c7c0d99\" data-element_type=\"section\">\n\t\t\t\t\t\t<div class=\"elementor-container elementor-column-gap-default\">\n\t\t\t\t\t<div class=\"elementor-column elementor-col-50 elementor-inner-column elementor-element elementor-element-62b25e9\" data-id=\"62b25e9\" data-element_type=\"column\">\n\t\t\t<div class=\"elementor-widget-wrap elementor-element-populated\">\n\t\t\t\t\t\t<div class=\"elementor-element elementor-element-9bf96e8 elementor-widget elementor-widget-w12\" data-id=\"9bf96e8\" data-element_type=\"widget\" data-widget_type=\"w12.default\">\n\t\t\t\t<div class=\"elementor-widget-container\">\n\t\t\t<section>\n                <div class=\"mn-grid\">\n                    <div class=\"mn-grid-12 mn-mod-text-links\">\n                        <p>The Warsaw University of Life Sciences is a modern university and a recognized, constantly developing research and expert center with huge scientific potential. By implementing a program of activities aimed at cooperation between higher education and the business community, it tries to integrate the University&#8217;s environment with the enterprise sector, as well as government and local government administration.<\/p><p>The mission of the University is also the intelligent transfer of research results and developed solutions to the economic environment. Well-prepared, experienced scientific staff and specialized laboratories with the most modern equipment guarantee that work is carried out at the highest world level. Research carried out at the University focuses primarily on the fields of science: agriculture and horticulture; forest science; food and nutrition technology; zootechnics and fishing; veterinary; biological sciences; civil engineering and transport; environmental engineering, mining, and energy; mechanical engineering; technical informatics and telecommunications; economics and finance; sociological sciences and pedagogy. The university places great emphasis on innovation and development, thanks to which it is recognized among business practitioners representing the sector of small, medium, and large enterprises.<\/p><p>The Center for Innovation and Technology Transfer of the Warsaw University of Life Sciences (SGGW) works to facilitate the transfer of innovative technologies and knowledge from the Warsaw University of Life Sciences to the business environment, in particular through direct commercialization and support in the implementation of works commissioned for entrepreneurs. To make it easier for entrepreneurs, the first contact with the University was prepared: <a href=\"https:\/\/www.sggw.edu.pl\/en\/cooperation-with-business-2\/cooperation-agreements\/\" target=\"_blank\" rel=\"noopener\">\u00a0TEMPLATE OF THE COOPERATION AGREEMENT<\/a>. It presents possible forms of mutual interaction and common challenges for science and business.<\/p><p><strong>We invite you to familiarize yourself with the offer and start cooperation with SGGW.<\/strong><\/p>\n                    <\/div>\n                <\/div>\n            <\/section>\t\t<\/div>\n\t\t\t\t<\/div>\n\t\t\t\t\t<\/div>\n\t\t<\/div>\n\t\t\t\t<div class=\"elementor-column elementor-col-50 elementor-inner-column elementor-element elementor-element-bc69083\" data-id=\"bc69083\" data-element_type=\"column\">\n\t\t\t<div class=\"elementor-widget-wrap elementor-element-populated\">\n\t\t\t\t\t\t<div class=\"elementor-element elementor-element-0b86001 elementor-widget elementor-widget-w12\" data-id=\"0b86001\" data-element_type=\"widget\" data-widget_type=\"w12.default\">\n\t\t\t\t<div class=\"elementor-widget-container\">\n\t\t\t<section>\n                <div class=\"mn-grid\">\n                    <div class=\"mn-grid-12 mn-mod-text-links\">\n                        <p><img fetchpriority=\"high\" decoding=\"async\" class=\"alignleft wp-image-9671\" src=\"https:\/\/www.sggw.edu.pl\/wp-content\/uploads\/2020\/11\/laboratorium-sggw.jpg\" alt=\"laboratorium sggw\" width=\"2300\" height=\"1533\" srcset=\"https:\/\/www.sggw.edu.pl\/wp-content\/uploads\/2020\/11\/laboratorium-sggw.jpg 2000w, https:\/\/www.sggw.edu.pl\/wp-content\/uploads\/2020\/11\/laboratorium-sggw-300x200.jpg 300w, https:\/\/www.sggw.edu.pl\/wp-content\/uploads\/2020\/11\/laboratorium-sggw-1024x682.jpg 1024w, https:\/\/www.sggw.edu.pl\/wp-content\/uploads\/2020\/11\/laboratorium-sggw-768x512.jpg 768w, https:\/\/www.sggw.edu.pl\/wp-content\/uploads\/2020\/11\/laboratorium-sggw-1536x1024.jpg 1536w, https:\/\/www.sggw.edu.pl\/wp-content\/uploads\/2020\/11\/laboratorium-sggw-1200x800.jpg 1200w, https:\/\/www.sggw.edu.pl\/wp-content\/uploads\/2020\/11\/laboratorium-sggw-1980x1320.jpg 1980w\" sizes=\"(max-width: 2300px) 100vw, 2300px\" \/><\/p>\n\n                    <\/div>\n                <\/div>\n            <\/section>\t\t<\/div>\n\t\t\t\t<\/div>\n\t\t\t\t\t<\/div>\n\t\t<\/div>\n\t\t\t\t\t<\/div>\n\t\t<\/section>\n\t\t\t\t\t<\/div>\n\t\t<\/div>\n\t\t\t\t\t<\/div>\n\t\t<\/section>\n\t\t\t\t<section class=\"elementor-section elementor-top-section elementor-element elementor-element-f1caa8f elementor-section-boxed elementor-section-height-default elementor-section-height-default\" data-id=\"f1caa8f\" data-element_type=\"section\">\n\t\t\t\t\t\t<div class=\"elementor-container elementor-column-gap-default\">\n\t\t\t\t\t<div class=\"elementor-column elementor-col-100 elementor-top-column elementor-element elementor-element-5b657f3\" data-id=\"5b657f3\" data-element_type=\"column\">\n\t\t\t<div class=\"elementor-widget-wrap elementor-element-populated\">\n\t\t\t\t\t\t<div class=\"elementor-element elementor-element-7150806 elementor-widget elementor-widget-w7\" data-id=\"7150806\" data-element_type=\"widget\" data-widget_type=\"w7.default\">\n\t\t\t\t<div class=\"elementor-widget-container\">\n\t\t\t<section>\n                <div class=\"mn-grid\">\n                    <div class=\"mn-grid-12 mn-horizontal-separator\"><\/div>\n                <\/div>\n                <\/section>\t\t<\/div>\n\t\t\t\t<\/div>\n\t\t\t\t\t<\/div>\n\t\t<\/div>\n\t\t\t\t\t<\/div>\n\t\t<\/section>\n\t\t\t\t<section class=\"elementor-section elementor-top-section elementor-element elementor-element-75d834a elementor-section-boxed elementor-section-height-default elementor-section-height-default\" data-id=\"75d834a\" data-element_type=\"section\">\n\t\t\t\t\t\t<div class=\"elementor-container elementor-column-gap-default\">\n\t\t\t\t\t<div class=\"elementor-column elementor-col-100 elementor-top-column elementor-element elementor-element-bd07396\" data-id=\"bd07396\" data-element_type=\"column\">\n\t\t\t<div class=\"elementor-widget-wrap\">\n\t\t\t\t\t\t\t<\/div>\n\t\t<\/div>\n\t\t\t\t\t<\/div>\n\t\t<\/section>\n\t\t\t\t<\/div>\n\t\t","protected":false},"excerpt":{"rendered":"<p>Collaboration and services Why it&#8217;s worth choosing SGGW Services International cooperation Cooperation with business Vehicle Inspection Station The Warsaw University of Life Sciences is a modern university and a recognized, constantly developing research and expert center with huge scientific potential. By implementing a program of activities aimed at cooperation between higher education and the business [&hellip;]<\/p>\n","protected":false},"author":1,"featured_media":0,"parent":0,"menu_order":0,"comment_status":"closed","ping_status":"closed","template":"","meta":{"_acf_changed":false,"footnotes":""},"class_list":["post-15822","page","type-page","status-publish","hentry"],"acf":[],"_links":{"self":[{"href":"https:\/\/www.sggw.edu.pl\/en\/wp-json\/wp\/v2\/pages\/15822","targetHints":{"allow":["GET"]}}],"collection":[{"href":"https:\/\/www.sggw.edu.pl\/en\/wp-json\/wp\/v2\/pages"}],"about":[{"href":"https:\/\/www.sggw.edu.pl\/en\/wp-json\/wp\/v2\/types\/page"}],"author":[{"embeddable":true,"href":"https:\/\/www.sggw.edu.pl\/en\/wp-json\/wp\/v2\/users\/1"}],"replies":[{"embeddable":true,"href":"https:\/\/www.sggw.edu.pl\/en\/wp-json\/wp\/v2\/comments?post=15822"}],"version-history":[{"count":13,"href":"https:\/\/www.sggw.edu.pl\/en\/wp-json\/wp\/v2\/pages\/15822\/revisions"}],"predecessor-version":[{"id":198937,"href":"https:\/\/www.sggw.edu.pl\/en\/wp-json\/wp\/v2\/pages\/15822\/revisions\/198937"}],"wp:attachment":[{"href":"https:\/\/www.sggw.edu.pl\/en\/wp-json\/wp\/v2\/media?parent=15822"}],"curies":[{"name":"wp","href":"https:\/\/api.w.org\/{rel}","templated":true}]}}