{"id":15997,"date":"2021-02-11T11:40:41","date_gmt":"2021-02-11T10:40:41","guid":{"rendered":"https:\/\/www.sggw.edu.pl\/tradition-and-history-of-the-university\/"},"modified":"2024-03-18T15:06:53","modified_gmt":"2024-03-18T14:06:53","slug":"tradition-and-history-of-the-university","status":"publish","type":"page","link":"https:\/\/www.sggw.edu.pl\/en\/university\/tradition-and-history-of-the-university\/","title":{"rendered":"Tradition and history of the university"},"content":{"rendered":"\t\t<div data-elementor-type=\"wp-page\" data-elementor-id=\"15997\" class=\"elementor elementor-15997\" data-elementor-post-type=\"page\">\n\t\t\t\t\t\t<section class=\"elementor-section elementor-top-section elementor-element elementor-element-21e49fb elementor-section-boxed elementor-section-height-default elementor-section-height-default\" data-id=\"21e49fb\" data-element_type=\"section\">\n\t\t\t\t\t\t<div class=\"elementor-container elementor-column-gap-default\">\n\t\t\t\t\t<div class=\"elementor-column elementor-col-100 elementor-top-column elementor-element elementor-element-ac1de98\" data-id=\"ac1de98\" data-element_type=\"column\">\n\t\t\t<div class=\"elementor-widget-wrap elementor-element-populated\">\n\t\t\t\t\t\t<div class=\"elementor-element elementor-element-74460e2 elementor-widget elementor-widget-wp-widget-bcn_widget\" data-id=\"74460e2\" data-element_type=\"widget\" data-widget_type=\"wp-widget-bcn_widget.default\">\n\t\t\t\t<div class=\"elementor-widget-container\">\n\t\t\t<div class=\"mn-grid breadcrumb\">\n                                    <div class=\"breadcrumb-inner mn-grid-12\"><div class=\"breadcrumbs\" vocab=\"https:\/\/schema.org\/\" typeof=\"BreadcrumbList\"><span property=\"itemListElement\" typeof=\"ListItem\"><a property=\"item\" typeof=\"WebPage\" title=\"Go to Szko\u0142a G\u0142\u00f3wna Gospodarstwa Wiejskiego w Warszawie.\" href=\"https:\/\/www.sggw.edu.pl\/en\/\" class=\"home\" aria-current=\"page\"><span property=\"name\">Home<\/span><\/a><meta property=\"position\" content=\"1\"><\/span><\/div>    <\/div>\n                                <\/div>\t\t<\/div>\n\t\t\t\t<\/div>\n\t\t\t\t<div class=\"elementor-element elementor-element-67ec0a36 elementor-widget elementor-widget-post-title\" data-id=\"67ec0a36\" data-element_type=\"widget\" data-widget_type=\"post-title.default\">\n\t\t\t\t<div class=\"elementor-widget-container\">\n\t\t\t<section>\n                    <div class=\"mn-grid entry-header-inner section-inner medium\">\n                        <h1 class=\"mn-grid-12 entry-title\" style=\"\">\n                            Tradition and history of the university\n                        <\/h1>\n                    <\/div>\n                <\/section>\t\t<\/div>\n\t\t\t\t<\/div>\n\t\t\t\t<div class=\"elementor-element elementor-element-039246f elementor-widget elementor-widget-w33\" data-id=\"039246f\" data-element_type=\"widget\" data-widget_type=\"w33.default\">\n\t\t\t\t<div class=\"elementor-widget-container\">\n\t\t\t<section>\n            <div class=\"mn-grid\">\n                <div class=\"mn-vertical-separator-x2\">\n                    \n                <\/div>\n            <\/section>\t\t<\/div>\n\t\t\t\t<\/div>\n\t\t\t\t<section class=\"elementor-section elementor-inner-section elementor-element elementor-element-c8cbd4f elementor-section-boxed elementor-section-height-default elementor-section-height-default\" data-id=\"c8cbd4f\" data-element_type=\"section\">\n\t\t\t\t\t\t<div class=\"elementor-container elementor-column-gap-default\">\n\t\t\t\t\t<div class=\"elementor-column elementor-col-100 elementor-inner-column elementor-element elementor-element-176232b\" data-id=\"176232b\" data-element_type=\"column\">\n\t\t\t<div class=\"elementor-widget-wrap elementor-element-populated\">\n\t\t\t\t\t\t<div class=\"elementor-element elementor-element-b001f44 elementor-widget elementor-widget-w11\" data-id=\"b001f44\" data-element_type=\"widget\" data-widget_type=\"w11.default\">\n\t\t\t\t<div class=\"elementor-widget-container\">\n\t\t\t<section><div class=\"mn-grid\"><ul class=\"mn-grid-12 mn-mod-links-text-3\"><li>\n                            <a href=\"https:\/\/www.sggw.edu.pl\/en\/university\/tradition-and-history-of-the-university\/rectors\/\" >\n                                <span>THE RECTORS OF WULS-SGGW<\/span>\n                            <\/a>\n                        <\/li><li>\n                            <a href=\"https:\/\/www.sggw.edu.pl\/en\/university\/tradition-and-history-of-the-university\/sggw-anthem\/\" >\n                                <span>SGGW Anthem<\/span>\n                            <\/a>\n                        <\/li><li>\n                            <a href=\"https:\/\/www.sggw.edu.pl\/en\/university\/tradition-and-history-of-the-university\/history-of-ursynowski-palace\/\" >\n                                <span>HISTORY OF THE URSYN\u00d3W PALACE<\/span>\n                            <\/a>\n                        <\/li><li>\n                            <a href=\"\" class=\"mn-pointer-event-off\">\n                                <span>200 ANNIVERSARY OF THE UNIVERSITY<\/span>\n                            <\/a>\n                        <\/li><\/ul><\/div><\/section>\t\t<\/div>\n\t\t\t\t<\/div>\n\t\t\t\t\t<\/div>\n\t\t<\/div>\n\t\t\t\t\t<\/div>\n\t\t<\/section>\n\t\t\t\t<div class=\"elementor-element elementor-element-b3ca725 elementor-widget elementor-widget-w33\" data-id=\"b3ca725\" data-element_type=\"widget\" data-widget_type=\"w33.default\">\n\t\t\t\t<div class=\"elementor-widget-container\">\n\t\t\t<section>\n            <div class=\"mn-grid\">\n                <div class=\"mn-vertical-separator-x2\">\n                    \n                <\/div>\n            <\/section>\t\t<\/div>\n\t\t\t\t<\/div>\n\t\t\t\t<section class=\"elementor-section elementor-inner-section elementor-element elementor-element-bb74faa elementor-section-boxed elementor-section-height-default elementor-section-height-default\" data-id=\"bb74faa\" data-element_type=\"section\">\n\t\t\t\t\t\t<div class=\"elementor-container elementor-column-gap-default\">\n\t\t\t\t\t<div class=\"elementor-column elementor-col-100 elementor-inner-column elementor-element elementor-element-c3c9346\" data-id=\"c3c9346\" data-element_type=\"column\">\n\t\t\t<div class=\"elementor-widget-wrap elementor-element-populated\">\n\t\t\t\t\t\t<div class=\"elementor-element elementor-element-f41f41b elementor-widget elementor-widget-w1_2_3\" data-id=\"f41f41b\" data-element_type=\"widget\" data-widget_type=\"w1_2_3.default\">\n\t\t\t\t<div class=\"elementor-widget-container\">\n\t\t\t<section>\n                    <div class=\"mn-grid\">\n                        <h3  class=\"mn-grid-12 mn-section-title2\">\n                            The beginnings of SGGW\n                        <\/h3>\n                    <\/div>\n                <\/section>\t\t<\/div>\n\t\t\t\t<\/div>\n\t\t\t\t<div class=\"elementor-element elementor-element-cc9c3cd elementor-widget elementor-widget-w12\" data-id=\"cc9c3cd\" data-element_type=\"widget\" data-widget_type=\"w12.default\">\n\t\t\t\t<div class=\"elementor-widget-container\">\n\t\t\t<section>\n                <div class=\"mn-grid\">\n                    <div class=\"mn-grid-12 mn-mod-text-links\">\n                        <p>The Warsaw University of Life Sciences is the oldest agricultural university in Poland and the fourth of this type in Europe. Its origins date back to 1816. and are related to the establishment of the Agronomic Institute in Marymont. The advocates of its foundation were Stanis\u0142aw Staszic and Stanis\u0142aw Potocki, and its first director was Jerzy Benjamin Flatt (pictured left), one of the best experts in economic relations in the Kingdom of Poland.<\/p><p>The Agronomic Institute provided education on two levels: higher level for future economists and managers, as well as sons of landowners, and elementary level for future qualified workers. The first seat of the Institute was the Palace of Queen Marysie\u0144ka Sobieska. The university was allocated government property \u2013 Marymont with Bielany and farmhouses (Ruda Wawrzyszew, Burak\u00f3w).<\/p><p>The fate of the Institute reflects the history of Poland. Russified,\u00a0 closed after the fall of the national uprisings of November and January, transferred to Pu\u0142awy and then to Russia, it was continuously revived under different names. Meanwhile, in the Kingdom of Poland, attempts were still made to organize higher agricultural education. Many years of efforts led to the establishment of the Royal-Polish School of Life Sciences in 1918. After Poland regained its independence, the university was named <strong>the Warsaw University of Life Sciences.<\/strong><\/p>\n                    <\/div>\n                <\/div>\n            <\/section>\t\t<\/div>\n\t\t\t\t<\/div>\n\t\t\t\t\t<\/div>\n\t\t<\/div>\n\t\t\t\t\t<\/div>\n\t\t<\/section>\n\t\t\t\t\t<\/div>\n\t\t<\/div>\n\t\t\t\t\t<\/div>\n\t\t<\/section>\n\t\t\t\t<section class=\"elementor-section elementor-top-section elementor-element elementor-element-e17e625 elementor-section-boxed elementor-section-height-default elementor-section-height-default\" data-id=\"e17e625\" data-element_type=\"section\">\n\t\t\t\t\t\t<div class=\"elementor-container elementor-column-gap-default\">\n\t\t\t\t\t<div class=\"elementor-column elementor-col-100 elementor-top-column elementor-element elementor-element-c81f081\" data-id=\"c81f081\" data-element_type=\"column\">\n\t\t\t<div class=\"elementor-widget-wrap elementor-element-populated\">\n\t\t\t\t\t\t<div class=\"elementor-element elementor-element-1f1662d elementor-widget elementor-widget-w33\" data-id=\"1f1662d\" data-element_type=\"widget\" data-widget_type=\"w33.default\">\n\t\t\t\t<div class=\"elementor-widget-container\">\n\t\t\t<section>\n            <div class=\"mn-grid\">\n                <div class=\"mn-vertical-separator-x2\">\n                    \n                <\/div>\n            <\/section>\t\t<\/div>\n\t\t\t\t<\/div>\n\t\t\t\t<div class=\"elementor-element elementor-element-dba855e elementor-widget elementor-widget-w25\" data-id=\"dba855e\" data-element_type=\"widget\" data-widget_type=\"w25.default\">\n\t\t\t\t<div class=\"elementor-widget-container\">\n\t\t\t<section>\n                <div class=\"mn-grid\">\n                    <div class=\"mn-grid-12 mn-mod-img-full-width\">\n                        <img fetchpriority=\"high\" decoding=\"async\" width=\"961\" height=\"504\" src=\"https:\/\/www.sggw.edu.pl\/wp-content\/uploads\/2020\/09\/Image-16.png\" class=\"attachment-961x564 size-961x564\" alt=\"\" srcset=\"https:\/\/www.sggw.edu.pl\/wp-content\/uploads\/2020\/09\/Image-16.png 1077w, https:\/\/www.sggw.edu.pl\/wp-content\/uploads\/2020\/09\/Image-16-300x157.png 300w, https:\/\/www.sggw.edu.pl\/wp-content\/uploads\/2020\/09\/Image-16-1024x537.png 1024w, https:\/\/www.sggw.edu.pl\/wp-content\/uploads\/2020\/09\/Image-16-768x403.png 768w\" sizes=\"(max-width: 961px) 100vw, 961px\" \/>  <\/div>\n                <\/div>\n                <\/section>\t\t<\/div>\n\t\t\t\t<\/div>\n\t\t\t\t<div class=\"elementor-element elementor-element-0237fad elementor-widget elementor-widget-w33\" data-id=\"0237fad\" data-element_type=\"widget\" data-widget_type=\"w33.default\">\n\t\t\t\t<div class=\"elementor-widget-container\">\n\t\t\t<section>\n            <div class=\"mn-grid\">\n                <div class=\"mn-vertical-separator-x2\">\n                    \n                <\/div>\n            <\/section>\t\t<\/div>\n\t\t\t\t<\/div>\n\t\t\t\t\t<\/div>\n\t\t<\/div>\n\t\t\t\t\t<\/div>\n\t\t<\/section>\n\t\t\t\t<section class=\"elementor-section elementor-top-section elementor-element elementor-element-9a8c110 elementor-section-boxed elementor-section-height-default elementor-section-height-default\" data-id=\"9a8c110\" data-element_type=\"section\">\n\t\t\t\t\t\t<div class=\"elementor-container elementor-column-gap-default\">\n\t\t\t\t\t<div class=\"elementor-column elementor-col-100 elementor-top-column elementor-element elementor-element-22d1097\" data-id=\"22d1097\" data-element_type=\"column\">\n\t\t\t<div class=\"elementor-widget-wrap elementor-element-populated\">\n\t\t\t\t\t\t<div class=\"elementor-element elementor-element-2ddeff3 elementor-widget elementor-widget-w1_2_3\" data-id=\"2ddeff3\" data-element_type=\"widget\" data-widget_type=\"w1_2_3.default\">\n\t\t\t\t<div class=\"elementor-widget-container\">\n\t\t\t<section>\n                    <div class=\"mn-grid\">\n                        <h3  class=\"mn-grid-12 mn-section-title2\">\n                            In independent Poland\n                        <\/h3>\n                    <\/div>\n                <\/section>\t\t<\/div>\n\t\t\t\t<\/div>\n\t\t\t\t<div class=\"elementor-element elementor-element-06d20af elementor-widget elementor-widget-w12\" data-id=\"06d20af\" data-element_type=\"widget\" data-widget_type=\"w12.default\">\n\t\t\t\t<div class=\"elementor-widget-container\">\n\t\t\t<section>\n                <div class=\"mn-grid\">\n                    <div class=\"mn-grid-12 mn-mod-text-links\">\n                        <p>In 1919, The university was nationalized. The first statute was approved by the Head of State J\u00f3zef Pi\u0142sudski. Initially, the university consisted of two faculties \u2013 Agricultural and Forestry. In 1921, Horticultural Faculty was created. The Second Republic cared about education. In 1923, the Sejm of the Republic of Poland gifted the University an 11-hectare area of land in the Mokotowski Fields, and then money for the construction of a school on Rakowiecka Street. The first Pavilion was opened in 1929. The outbreak of World War II interrupted the expansion. It was only after the war that the second pavilion was completed and the third was built. All three buildings are treated in a special way by the academic community.<\/p>\n                    <\/div>\n                <\/div>\n            <\/section>\t\t<\/div>\n\t\t\t\t<\/div>\n\t\t\t\t\t<\/div>\n\t\t<\/div>\n\t\t\t\t\t<\/div>\n\t\t<\/section>\n\t\t\t\t<section class=\"elementor-section elementor-top-section elementor-element elementor-element-64de9ba elementor-section-boxed elementor-section-height-default elementor-section-height-default\" data-id=\"64de9ba\" data-element_type=\"section\">\n\t\t\t\t\t\t<div class=\"elementor-container elementor-column-gap-default\">\n\t\t\t\t\t<div class=\"elementor-column elementor-col-100 elementor-top-column elementor-element elementor-element-d676d60\" data-id=\"d676d60\" data-element_type=\"column\">\n\t\t\t<div class=\"elementor-widget-wrap elementor-element-populated\">\n\t\t\t\t\t\t<div class=\"elementor-element elementor-element-ce05883 elementor-widget elementor-widget-w33\" data-id=\"ce05883\" data-element_type=\"widget\" data-widget_type=\"w33.default\">\n\t\t\t\t<div class=\"elementor-widget-container\">\n\t\t\t<section>\n            <div class=\"mn-grid\">\n                <div class=\"mn-vertical-separator-x2\">\n                    \n                <\/div>\n            <\/section>\t\t<\/div>\n\t\t\t\t<\/div>\n\t\t\t\t<div class=\"elementor-element elementor-element-496993f elementor-widget elementor-widget-w1_2_3\" data-id=\"496993f\" data-element_type=\"widget\" data-widget_type=\"w1_2_3.default\">\n\t\t\t\t<div class=\"elementor-widget-container\">\n\t\t\t<section>\n                    <div class=\"mn-grid\">\n                        <h3  class=\"mn-grid-12 mn-section-title2\">\n                            World War II\n                        <\/h3>\n                    <\/div>\n                <\/section>\t\t<\/div>\n\t\t\t\t<\/div>\n\t\t\t\t<div class=\"elementor-element elementor-element-9d42660 elementor-widget elementor-widget-w12\" data-id=\"9d42660\" data-element_type=\"widget\" data-widget_type=\"w12.default\">\n\t\t\t\t<div class=\"elementor-widget-container\">\n\t\t\t<section>\n                <div class=\"mn-grid\">\n                    <div class=\"mn-grid-12 mn-mod-text-links\">\n                        <p>During World War II, the University was closed by the occupiers, and German troops were stationed within its walls. The period of secret teaching began. During the occupation, 130 diplomas were awarded, and in 1945, 66 diplomas and three doctorates were submitted and approved. The great figures of SGGW during the occupation were: <strong>Franciszek Staff, Jerzy Grochowski, Tadeusz Gorczy\u0144ski and Roman Kuntze.<\/strong> After the end of the war, SGGW became the first university in Warsaw to inaugurate the academic year on May 15, 1945. In 2000, the University Senate established to commemorate this event the celebration of the Festival of the University \u2013 <strong>SGGW Days.<\/strong><\/p>\n                    <\/div>\n                <\/div>\n            <\/section>\t\t<\/div>\n\t\t\t\t<\/div>\n\t\t\t\t\t<\/div>\n\t\t<\/div>\n\t\t\t\t\t<\/div>\n\t\t<\/section>\n\t\t\t\t<section class=\"elementor-section elementor-top-section elementor-element elementor-element-237f6dd elementor-section-boxed elementor-section-height-default elementor-section-height-default\" data-id=\"237f6dd\" data-element_type=\"section\">\n\t\t\t\t\t\t<div class=\"elementor-container elementor-column-gap-default\">\n\t\t\t\t\t<div class=\"elementor-column elementor-col-100 elementor-top-column elementor-element elementor-element-bd51158\" data-id=\"bd51158\" data-element_type=\"column\">\n\t\t\t<div class=\"elementor-widget-wrap elementor-element-populated\">\n\t\t\t\t\t\t<div class=\"elementor-element elementor-element-bfc6a44 elementor-widget elementor-widget-w33\" data-id=\"bfc6a44\" data-element_type=\"widget\" data-widget_type=\"w33.default\">\n\t\t\t\t<div class=\"elementor-widget-container\">\n\t\t\t<section>\n            <div class=\"mn-grid\">\n                <div class=\"mn-vertical-separator-x2\">\n                    \n                <\/div>\n            <\/section>\t\t<\/div>\n\t\t\t\t<\/div>\n\t\t\t\t<div class=\"elementor-element elementor-element-17f3382 elementor-widget elementor-widget-w1_2_3\" data-id=\"17f3382\" data-element_type=\"widget\" data-widget_type=\"w1_2_3.default\">\n\t\t\t\t<div class=\"elementor-widget-container\">\n\t\t\t<section>\n                    <div class=\"mn-grid\">\n                        <h3  class=\"mn-grid-12 mn-section-title2\">\n                            Post-war times\n                        <\/h3>\n                    <\/div>\n                <\/section>\t\t<\/div>\n\t\t\t\t<\/div>\n\t\t\t\t<div class=\"elementor-element elementor-element-02a3e95 elementor-widget elementor-widget-w12\" data-id=\"02a3e95\" data-element_type=\"widget\" data-widget_type=\"w12.default\">\n\t\t\t\t<div class=\"elementor-widget-container\">\n\t\t\t<section>\n                <div class=\"mn-grid\">\n                    <div class=\"mn-grid-12 mn-mod-text-links\">\n                        <p>After the war there was a further development of the University, expressed, among other things, by an increase in the number of faculties. In 1951, the Fourth Veterinary Faculty (formerly belonging to the University of Warsaw, located at Grochowska Street) was incorporated into the SGGW. Subsequently, further faculties were created: Agricultural Drainage (now Engineering and Environmental Shaping), Wood Technology, Zootechnical, Economic and Agricultural, and at the Horticultural Faculty a Section of Green Land Formation (now the Faculty of Horticulture and Landscape Architecture) was established.<\/p><p>In 1956, the Council of Ministers and the city authorities of Warsaw agreed to exchange the land on Ursyn\u00f3w together with neighboring farms in Wolica, Natolin and Wilan\u00f3w for the land of property in Skierniewice and part of the Mokotowski Fields. The expansion of SGGW in the new location began in the 1960s, in 1989 it was transferred to the Palace in Ursyn\u00f3w \u2013 the former property of Krasi\u0144ski \u2013 the headquarters of the University authorities, and since 2003 all faculties have been finally located here, creating one of the most modern university campuses in Europe, both in terms of architecture and equipment in research equipment. <strong>The campus was given the name Edward hr. Raczy\u0144ski<\/strong>, which, being the heir to the Krasi\u0144ski family, gave the area to the Polish state for educational purposes. The SGGW area is inextricably linked to <strong>Julian Ursin Niemcewicz, <\/strong>owner of these areas in the years 1822-1831.<\/p>\n                    <\/div>\n                <\/div>\n            <\/section>\t\t<\/div>\n\t\t\t\t<\/div>\n\t\t\t\t\t<\/div>\n\t\t<\/div>\n\t\t\t\t\t<\/div>\n\t\t<\/section>\n\t\t\t\t<section class=\"elementor-section elementor-top-section elementor-element elementor-element-73cf2c5 elementor-section-boxed elementor-section-height-default elementor-section-height-default\" data-id=\"73cf2c5\" data-element_type=\"section\">\n\t\t\t\t\t\t<div class=\"elementor-container elementor-column-gap-default\">\n\t\t\t\t\t<div class=\"elementor-column elementor-col-100 elementor-top-column elementor-element elementor-element-05951e5\" data-id=\"05951e5\" data-element_type=\"column\">\n\t\t\t<div class=\"elementor-widget-wrap elementor-element-populated\">\n\t\t\t\t\t\t<div class=\"elementor-element elementor-element-9da96dd elementor-widget elementor-widget-w33\" data-id=\"9da96dd\" data-element_type=\"widget\" data-widget_type=\"w33.default\">\n\t\t\t\t<div class=\"elementor-widget-container\">\n\t\t\t<section>\n            <div class=\"mn-grid\">\n                <div class=\"mn-vertical-separator-x2\">\n                    \n                <\/div>\n            <\/section>\t\t<\/div>\n\t\t\t\t<\/div>\n\t\t\t\t<div class=\"elementor-element elementor-element-1595071 elementor-widget elementor-widget-w1_2_3\" data-id=\"1595071\" data-element_type=\"widget\" data-widget_type=\"w1_2_3.default\">\n\t\t\t\t<div class=\"elementor-widget-container\">\n\t\t\t<section>\n                    <div class=\"mn-grid\">\n                        <h3  class=\"mn-grid-12 mn-section-title2\">\n                            Outstanding scholars associated with SGGW\n                        <\/h3>\n                    <\/div>\n                <\/section>\t\t<\/div>\n\t\t\t\t<\/div>\n\t\t\t\t<div class=\"elementor-element elementor-element-40ca679 elementor-widget elementor-widget-w12\" data-id=\"40ca679\" data-element_type=\"widget\" data-widget_type=\"w12.default\">\n\t\t\t\t<div class=\"elementor-widget-container\">\n\t\t\t<section>\n                <div class=\"mn-grid\">\n                    <div class=\"mn-grid-12 mn-mod-text-links\">\n                        <p>Among the professors of SGGW there were many people of European fame and many who, in addition to scientific activities, played a great role in the development of an independent Polish state. This includes <strong>J\u00f3zef Miku\u0142owski-Pomorskie<\/strong> \u2013 first rector of SGGW, two-time Minister of Religious Denominations and Public Enlightenment, Minister of Agriculture, <strong>W\u0142adys\u0142aw Grabski<\/strong> \u2013 an outstanding economist, two-time prime minister, creator of the Polish currency \u2013 zloty, <strong>Zdzis\u0142aw Ludkiewicz<\/strong> \u2013 founder of the Agricultural Bank and Minister of Agricultural Reform. Other great figures includes <strong>Franciszek Staff, Jerzy Grochowski, Tadeusz Gorczy\u0144ski, Roman Kuntze, W\u0142adys\u0142aw Jedli\u0144ski.<\/strong><\/p><p>Honorary Doctors of SGGW are: Pope <strong>John Paul II, President Ignacy Mo\u015bcicki,<\/strong>as well as nobel prize winners <strong>Norman Borlaug, Rolf Zinkernagel and Peter Doherty.<\/strong><\/p>\n                    <\/div>\n                <\/div>\n            <\/section>\t\t<\/div>\n\t\t\t\t<\/div>\n\t\t\t\t\t<\/div>\n\t\t<\/div>\n\t\t\t\t\t<\/div>\n\t\t<\/section>\n\t\t\t\t<\/div>\n\t\t","protected":false},"excerpt":{"rendered":"<p>Tradition and history of the university THE RECTORS OF WULS-SGGW SGGW Anthem HISTORY OF THE URSYN\u00d3W PALACE 200 ANNIVERSARY OF THE UNIVERSITY The beginnings of SGGW The Warsaw University of Life Sciences is the oldest agricultural university in Poland and the fourth of this type in Europe. Its origins date back to 1816. and are [&hellip;]<\/p>\n","protected":false},"author":1,"featured_media":0,"parent":15999,"menu_order":0,"comment_status":"closed","ping_status":"closed","template":"","meta":{"_acf_changed":false,"footnotes":""},"class_list":["post-15997","page","type-page","status-publish","hentry"],"acf":[],"_links":{"self":[{"href":"https:\/\/www.sggw.edu.pl\/en\/wp-json\/wp\/v2\/pages\/15997","targetHints":{"allow":["GET"]}}],"collection":[{"href":"https:\/\/www.sggw.edu.pl\/en\/wp-json\/wp\/v2\/pages"}],"about":[{"href":"https:\/\/www.sggw.edu.pl\/en\/wp-json\/wp\/v2\/types\/page"}],"author":[{"embeddable":true,"href":"https:\/\/www.sggw.edu.pl\/en\/wp-json\/wp\/v2\/users\/1"}],"replies":[{"embeddable":true,"href":"https:\/\/www.sggw.edu.pl\/en\/wp-json\/wp\/v2\/comments?post=15997"}],"version-history":[{"count":19,"href":"https:\/\/www.sggw.edu.pl\/en\/wp-json\/wp\/v2\/pages\/15997\/revisions"}],"predecessor-version":[{"id":194117,"href":"https:\/\/www.sggw.edu.pl\/en\/wp-json\/wp\/v2\/pages\/15997\/revisions\/194117"}],"up":[{"embeddable":true,"href":"https:\/\/www.sggw.edu.pl\/en\/wp-json\/wp\/v2\/pages\/15999"}],"wp:attachment":[{"href":"https:\/\/www.sggw.edu.pl\/en\/wp-json\/wp\/v2\/media?parent=15997"}],"curies":[{"name":"wp","href":"https:\/\/api.w.org\/{rel}","templated":true}]}}