{"id":15998,"date":"2021-02-11T11:40:43","date_gmt":"2021-02-11T10:40:43","guid":{"rendered":"https:\/\/www.sggw.edu.pl\/practical-information\/"},"modified":"2021-06-15T06:47:16","modified_gmt":"2021-06-15T04:47:16","slug":"practical-information","status":"publish","type":"page","link":"https:\/\/www.sggw.edu.pl\/en\/home\/practical-information\/","title":{"rendered":"Practical information"},"content":{"rendered":"\t\t<div data-elementor-type=\"wp-page\" data-elementor-id=\"15998\" class=\"elementor elementor-15998\" data-elementor-post-type=\"page\">\n\t\t\t\t\t\t<section class=\"elementor-section elementor-top-section elementor-element elementor-element-d6c9e69 elementor-section-boxed elementor-section-height-default elementor-section-height-default\" data-id=\"d6c9e69\" data-element_type=\"section\">\n\t\t\t\t\t\t<div class=\"elementor-container elementor-column-gap-default\">\n\t\t\t\t\t<div class=\"elementor-column elementor-col-100 elementor-top-column elementor-element elementor-element-76f1f1d1\" data-id=\"76f1f1d1\" data-element_type=\"column\" data-settings=\"{&quot;background_background&quot;:&quot;gradient&quot;}\">\n\t\t\t<div class=\"elementor-widget-wrap elementor-element-populated\">\n\t\t\t\t\t\t<div class=\"elementor-element elementor-element-147de200 elementor-widget elementor-widget-wp-widget-bcn_widget\" data-id=\"147de200\" data-element_type=\"widget\" data-widget_type=\"wp-widget-bcn_widget.default\">\n\t\t\t\t<div class=\"elementor-widget-container\">\n\t\t\t<div class=\"mn-grid breadcrumb\">\n                                    <div class=\"breadcrumb-inner mn-grid-12\"><div class=\"breadcrumbs\" vocab=\"https:\/\/schema.org\/\" typeof=\"BreadcrumbList\"><span property=\"itemListElement\" typeof=\"ListItem\"><a property=\"item\" typeof=\"WebPage\" title=\"Go to Szko\u0142a G\u0142\u00f3wna Gospodarstwa Wiejskiego w Warszawie.\" href=\"https:\/\/www.sggw.edu.pl\/en\/\" class=\"home\" aria-current=\"page\"><span property=\"name\">Home<\/span><\/a><meta property=\"position\" content=\"1\"><\/span><\/div>    <\/div>\n                                <\/div>\t\t<\/div>\n\t\t\t\t<\/div>\n\t\t\t\t<div class=\"elementor-element elementor-element-863d7c2 elementor-widget elementor-widget-post-title\" data-id=\"863d7c2\" data-element_type=\"widget\" data-widget_type=\"post-title.default\">\n\t\t\t\t<div class=\"elementor-widget-container\">\n\t\t\t<section>\n                    <div class=\"mn-grid entry-header-inner section-inner medium\">\n                        <h1 class=\"mn-grid-12 entry-title\" style=\"\">\n                            Practical information\n                        <\/h1>\n                    <\/div>\n                <\/section>\t\t<\/div>\n\t\t\t\t<\/div>\n\t\t\t\t<div class=\"elementor-element elementor-element-2680727 elementor-widget elementor-widget-w33\" data-id=\"2680727\" data-element_type=\"widget\" data-widget_type=\"w33.default\">\n\t\t\t\t<div class=\"elementor-widget-container\">\n\t\t\t<section>\n            <div class=\"mn-grid\">\n                <div class=\"mn-vertical-separator\">\n                    \n                <\/div>\n            <\/section>\t\t<\/div>\n\t\t\t\t<\/div>\n\t\t\t\t<div class=\"elementor-element elementor-element-3a81419 elementor-widget elementor-widget-w11\" data-id=\"3a81419\" data-element_type=\"widget\" data-widget_type=\"w11.default\">\n\t\t\t\t<div class=\"elementor-widget-container\">\n\t\t\t<section><div class=\"mn-grid\"><ul class=\"mn-grid-12 mn-mod-links-text-3\"><li>\n                            <a href=\"https:\/\/www.sggw.edu.pl\/en\/campus\/\" >\n                                <span>campus<\/span>\n                            <\/a>\n                        <\/li><li>\n                            <a href=\"https:\/\/www.sggw.edu.pl\/en\/contact-5\/\" >\n                                <span>Contact<\/span>\n                            <\/a>\n                        <\/li><li>\n                            <a href=\"\" class=\"mn-pointer-event-off\">\n                                <span>help for people with disabilities<\/span>\n                            <\/a>\n                        <\/li><li>\n                            <a href=\"\" class=\"mn-pointer-event-off\">\n                                <span>psychological help<\/span>\n                            <\/a>\n                        <\/li><li>\n                            <a href=\"https:\/\/www.sggw.edu.pl\/en\/practical-information-for-students\/\" >\n                                <span>practical information for students<\/span>\n                            <\/a>\n                        <\/li><li>\n                            <a href=\"https:\/\/bk.sggw.pl\/ \" >\n                                <span>business support<\/span>\n                            <\/a>\n                        <\/li><li>\n                            <a href=\"http:\/\/adiss.sggw.pl\/\" >\n                                <span>Dormitories<\/span>\n                            <\/a>\n                        <\/li><li>\n                            <a href=\"http:\/\/obiektysportowe.sggw.pl\/ \" >\n                                <span>Sports facilities<\/span>\n                            <\/a>\n                        <\/li><li>\n                            <a href=\"https:\/\/www.sggw.edu.pl\/strona-glowna\/wspolpraca\/uslugi\/niepubliczny-zaklad-opieki-zdrowotnej\/\" >\n                                <span>Non-public Healthcare Facility<\/span>\n                            <\/a>\n                        <\/li><li>\n                            <a href=\"http:\/\/www.bg.sggw.pl\/index.php\/pl\/ \" >\n                                <span>W\u0142adys\u0142aw Grabski Main Library<\/span>\n                            <\/a>\n                        <\/li><li>\n                            <a href=\"https:\/\/www.sggw.edu.pl\/polityka-cookies\/\" >\n                                <span> cookies policy<\/span>\n                            <\/a>\n                        <\/li><li>\n                            <a href=\"https:\/\/www.sggw.edu.pl\/klauzula-rodo\/\" >\n                                <span>GDPR clause<\/span>\n                            <\/a>\n                        <\/li><\/ul><\/div><\/section>\t\t<\/div>\n\t\t\t\t<\/div>\n\t\t\t\t<div class=\"elementor-element elementor-element-ba19b6f elementor-widget elementor-widget-w33\" data-id=\"ba19b6f\" data-element_type=\"widget\" data-widget_type=\"w33.default\">\n\t\t\t\t<div class=\"elementor-widget-container\">\n\t\t\t<section>\n            <div class=\"mn-grid\">\n                <div class=\"mn-vertical-separator-x2\">\n                    \n                <\/div>\n            <\/section>\t\t<\/div>\n\t\t\t\t<\/div>\n\t\t\t\t<div class=\"elementor-element elementor-element-9acad78 elementor-widget elementor-widget-w33\" data-id=\"9acad78\" data-element_type=\"widget\" data-widget_type=\"w33.default\">\n\t\t\t\t<div class=\"elementor-widget-container\">\n\t\t\t<section>\n            <div class=\"mn-grid\">\n                <div class=\"mn-vertical-separator-x2\">\n                    \n                <\/div>\n            <\/section>\t\t<\/div>\n\t\t\t\t<\/div>\n\t\t\t\t<div class=\"elementor-element elementor-element-c12ddba elementor-widget elementor-widget-w6\" data-id=\"c12ddba\" data-element_type=\"widget\" data-widget_type=\"w6.default\">\n\t\t\t\t<div class=\"elementor-widget-container\">\n\t\t\t<section>\n                <div class=\"mn-grid mn-mod-hero-subsite\">  <div class=\"mn-mod-hero-subsite-lead mn-grid-6\">\n                        <h3><\/h3>\n                        <p><\/p>\n                    <\/div>\n                    <div class=\"mn-mod-hero-subsite-img mn-grid-6\">\n                        \n                    <\/div>\n                <\/div>\n            <\/section>\t\t<\/div>\n\t\t\t\t<\/div>\n\t\t\t\t\t<\/div>\n\t\t<\/div>\n\t\t\t\t\t<\/div>\n\t\t<\/section>\n\t\t\t\t<section class=\"elementor-section elementor-top-section elementor-element elementor-element-6f086b6 elementor-section-boxed elementor-section-height-default elementor-section-height-default\" data-id=\"6f086b6\" data-element_type=\"section\">\n\t\t\t\t\t\t<div class=\"elementor-container elementor-column-gap-default\">\n\t\t\t\t\t<div class=\"elementor-column elementor-col-100 elementor-top-column elementor-element elementor-element-3b4def9\" data-id=\"3b4def9\" data-element_type=\"column\">\n\t\t\t<div class=\"elementor-widget-wrap elementor-element-populated\">\n\t\t\t\t\t\t<div class=\"elementor-element elementor-element-068094a elementor-widget elementor-widget-w12\" data-id=\"068094a\" data-element_type=\"widget\" data-widget_type=\"w12.default\">\n\t\t\t\t<div class=\"elementor-widget-container\">\n\t\t\t<section>\n                <div class=\"mn-grid\">\n                    <div class=\"mn-grid-12 mn-mod-text-links\">\n                        <p>The SGGW campus is one of the best planned and equipped education and research complex in the country. On 70 hectares of green land, there are more than 1,500 didactic rooms, 60 computer labs, 300 lecture classrooms and rooms for practical classes, 24 lecture halls, a modern library, clinics,\u00a0 animal quarters, greenhouses, production halls, sports facilities, and dormitories with more than 4,000 places.<\/p><p>The whole campus is complemented by carefully laid out greenery \u2013 several thousand trees and shrubs perfectly combined with the modern architecture of the buildings of faculties and scientific institutes.<\/p><p>In the oldest part of the campus, there is the Ursyn\u00f3w palace complex, which is included in the register of monuments &#8211; the seat of the rectory authorities of the Warsaw University of Life Sciences. Created in 1775, the property was inhabited by prominent personalities such as Julian Ursyn Niemcewicz, from whom\u00a0 the southern district of Warsaw took its name. Right next to it, there is the nature reserve Skarpa Ursynowska \u2013 one of the most picturesquely located nature reserves in the Mazovia region.<\/p><p>A well-maintained and well-designed campus make studying easier and more enjoyable. It is also a well-liked place for excursions of Warsaw residents and tourists. The SGGW gateway is open to all.<\/p>\n                    <\/div>\n                <\/div>\n            <\/section>\t\t<\/div>\n\t\t\t\t<\/div>\n\t\t\t\t\t<\/div>\n\t\t<\/div>\n\t\t\t\t\t<\/div>\n\t\t<\/section>\n\t\t\t\t<section class=\"elementor-section elementor-top-section elementor-element elementor-element-582e173 elementor-section-boxed elementor-section-height-default elementor-section-height-default\" data-id=\"582e173\" data-element_type=\"section\">\n\t\t\t\t\t\t<div class=\"elementor-container elementor-column-gap-default\">\n\t\t\t\t\t<div class=\"elementor-column elementor-col-100 elementor-top-column elementor-element elementor-element-0998e3b\" data-id=\"0998e3b\" data-element_type=\"column\">\n\t\t\t<div class=\"elementor-widget-wrap elementor-element-populated\">\n\t\t\t\t\t\t<div class=\"elementor-element elementor-element-85d465a elementor-widget elementor-widget-w33\" data-id=\"85d465a\" data-element_type=\"widget\" data-widget_type=\"w33.default\">\n\t\t\t\t<div class=\"elementor-widget-container\">\n\t\t\t<section>\n            <div class=\"mn-grid\">\n                <div class=\"mn-vertical-separator-x2\">\n                    \n                <\/div>\n            <\/section>\t\t<\/div>\n\t\t\t\t<\/div>\n\t\t\t\t\t<\/div>\n\t\t<\/div>\n\t\t\t\t\t<\/div>\n\t\t<\/section>\n\t\t\t\t<section class=\"elementor-section elementor-top-section elementor-element elementor-element-cc9f068 elementor-section-boxed elementor-section-height-default elementor-section-height-default\" data-id=\"cc9f068\" data-element_type=\"section\">\n\t\t\t\t\t\t<div class=\"elementor-container elementor-column-gap-default\">\n\t\t\t\t\t<div class=\"elementor-column elementor-col-100 elementor-top-column elementor-element elementor-element-b05977f\" data-id=\"b05977f\" data-element_type=\"column\">\n\t\t\t<div class=\"elementor-widget-wrap elementor-element-populated\">\n\t\t\t\t\t\t<div class=\"elementor-element elementor-element-6688983 elementor-widget elementor-widget-w33\" data-id=\"6688983\" data-element_type=\"widget\" data-widget_type=\"w33.default\">\n\t\t\t\t<div class=\"elementor-widget-container\">\n\t\t\t<section>\n            <div class=\"mn-grid\">\n                <div class=\"mn-vertical-separator-x2\">\n                    \n                <\/div>\n            <\/section>\t\t<\/div>\n\t\t\t\t<\/div>\n\t\t\t\t\t<\/div>\n\t\t<\/div>\n\t\t\t\t\t<\/div>\n\t\t<\/section>\n\t\t\t\t<section class=\"elementor-section elementor-top-section elementor-element elementor-element-294ca23 elementor-section-boxed elementor-section-height-default elementor-section-height-default\" data-id=\"294ca23\" data-element_type=\"section\">\n\t\t\t\t\t\t<div class=\"elementor-container elementor-column-gap-default\">\n\t\t\t\t\t<div class=\"elementor-column elementor-col-100 elementor-top-column elementor-element elementor-element-3f11ce6\" data-id=\"3f11ce6\" data-element_type=\"column\">\n\t\t\t<div class=\"elementor-widget-wrap elementor-element-populated\">\n\t\t\t\t\t\t<div class=\"elementor-element elementor-element-c468eba elementor-widget elementor-widget-w1_2_3\" data-id=\"c468eba\" data-element_type=\"widget\" data-widget_type=\"w1_2_3.default\">\n\t\t\t\t<div class=\"elementor-widget-container\">\n\t\t\t<section>\n                    <div class=\"mn-grid\">\n                        <h3  class=\"mn-grid-12 mn-section-title2\">\n                            Campus of the Warsaw University of Life Sciences in Ursyn\u00f3w\n                        <\/h3>\n                    <\/div>\n                <\/section>\t\t<\/div>\n\t\t\t\t<\/div>\n\t\t\t\t\t<\/div>\n\t\t<\/div>\n\t\t\t\t\t<\/div>\n\t\t<\/section>\n\t\t\t\t<section class=\"elementor-section elementor-top-section elementor-element elementor-element-57b45d0 elementor-section-boxed elementor-section-height-default elementor-section-height-default\" data-id=\"57b45d0\" data-element_type=\"section\">\n\t\t\t\t\t\t<div class=\"elementor-container elementor-column-gap-default\">\n\t\t\t\t\t<div class=\"elementor-column elementor-col-100 elementor-top-column elementor-element elementor-element-dbdef7d\" data-id=\"dbdef7d\" data-element_type=\"column\">\n\t\t\t<div class=\"elementor-widget-wrap elementor-element-populated\">\n\t\t\t\t\t\t<div class=\"elementor-element elementor-element-e43674d elementor-widget elementor-widget-image\" data-id=\"e43674d\" data-element_type=\"widget\" data-widget_type=\"image.default\">\n\t\t\t\t<div class=\"elementor-widget-container\">\n\t\t\t\t\t\t\t\t\t\t<figure class=\"wp-caption\">\n\t\t\t\t\t\t\t\t\t\t\t<a href=\"https:\/\/www.sggw.edu.pl\/wp-content\/uploads\/2020\/12\/Mapa_SGGW_obszar-roboczy_aktualna.png\" data-elementor-open-lightbox=\"no\">\n\t\t\t\t\t\t\t<img fetchpriority=\"high\" decoding=\"async\" width=\"3509\" height=\"2482\" src=\"https:\/\/www.sggw.edu.pl\/wp-content\/uploads\/2020\/12\/Mapa_SGGW_obszar-roboczy_aktualna.png\" class=\"attachment-full size-full wp-image-11463\" alt=\"Kampus SGGW\" srcset=\"https:\/\/www.sggw.edu.pl\/wp-content\/uploads\/2020\/12\/Mapa_SGGW_obszar-roboczy_aktualna.png 3509w, https:\/\/www.sggw.edu.pl\/wp-content\/uploads\/2020\/12\/Mapa_SGGW_obszar-roboczy_aktualna-300x212.png 300w, https:\/\/www.sggw.edu.pl\/wp-content\/uploads\/2020\/12\/Mapa_SGGW_obszar-roboczy_aktualna-1024x724.png 1024w, https:\/\/www.sggw.edu.pl\/wp-content\/uploads\/2020\/12\/Mapa_SGGW_obszar-roboczy_aktualna-768x543.png 768w, https:\/\/www.sggw.edu.pl\/wp-content\/uploads\/2020\/12\/Mapa_SGGW_obszar-roboczy_aktualna-1536x1086.png 1536w, https:\/\/www.sggw.edu.pl\/wp-content\/uploads\/2020\/12\/Mapa_SGGW_obszar-roboczy_aktualna-2048x1449.png 2048w, https:\/\/www.sggw.edu.pl\/wp-content\/uploads\/2020\/12\/Mapa_SGGW_obszar-roboczy_aktualna-1200x849.png 1200w, https:\/\/www.sggw.edu.pl\/wp-content\/uploads\/2020\/12\/Mapa_SGGW_obszar-roboczy_aktualna-1980x1401.png 1980w\" sizes=\"(max-width: 3509px) 100vw, 3509px\" \/>\t\t\t\t\t\t\t\t<\/a>\n\t\t\t\t\t\t\t\t\t\t\t<figcaption class=\"widget-image-caption wp-caption-text\">Campus of the Warsaw University of Life Sciences<\/figcaption>\n\t\t\t\t\t\t\t\t\t\t<\/figure>\n\t\t\t\t\t\t\t<\/div>\n\t\t\t\t<\/div>\n\t\t\t\t\t<\/div>\n\t\t<\/div>\n\t\t\t\t\t<\/div>\n\t\t<\/section>\n\t\t\t\t<\/div>\n\t\t","protected":false},"excerpt":{"rendered":"<p>Practical information campus Contact help for people with disabilities psychological help practical information for students business support Dormitories Sports facilities Non-public Healthcare Facility W\u0142adys\u0142aw Grabski Main Library cookies policy GDPR clause The SGGW campus is one of the best planned and equipped education and research complex in the country. On 70 hectares of green land, [&hellip;]<\/p>\n","protected":false},"author":1,"featured_media":0,"parent":16825,"menu_order":0,"comment_status":"closed","ping_status":"closed","template":"","meta":{"_acf_changed":false,"footnotes":""},"class_list":["post-15998","page","type-page","status-publish","hentry"],"acf":[],"_links":{"self":[{"href":"https:\/\/www.sggw.edu.pl\/en\/wp-json\/wp\/v2\/pages\/15998","targetHints":{"allow":["GET"]}}],"collection":[{"href":"https:\/\/www.sggw.edu.pl\/en\/wp-json\/wp\/v2\/pages"}],"about":[{"href":"https:\/\/www.sggw.edu.pl\/en\/wp-json\/wp\/v2\/types\/page"}],"author":[{"embeddable":true,"href":"https:\/\/www.sggw.edu.pl\/en\/wp-json\/wp\/v2\/users\/1"}],"replies":[{"embeddable":true,"href":"https:\/\/www.sggw.edu.pl\/en\/wp-json\/wp\/v2\/comments?post=15998"}],"version-history":[{"count":11,"href":"https:\/\/www.sggw.edu.pl\/en\/wp-json\/wp\/v2\/pages\/15998\/revisions"}],"predecessor-version":[{"id":84164,"href":"https:\/\/www.sggw.edu.pl\/en\/wp-json\/wp\/v2\/pages\/15998\/revisions\/84164"}],"up":[{"embeddable":true,"href":"https:\/\/www.sggw.edu.pl\/en\/wp-json\/wp\/v2\/pages\/16825"}],"wp:attachment":[{"href":"https:\/\/www.sggw.edu.pl\/en\/wp-json\/wp\/v2\/media?parent=15998"}],"curies":[{"name":"wp","href":"https:\/\/api.w.org\/{rel}","templated":true}]}}