{"id":16698,"date":"2021-02-23T03:09:23","date_gmt":"2021-02-23T02:09:23","guid":{"rendered":"https:\/\/www.sggw.edu.pl\/health-insurance\/"},"modified":"2023-11-06T12:05:47","modified_gmt":"2023-11-06T11:05:47","slug":"health-insurance","status":"publish","type":"page","link":"https:\/\/www.sggw.edu.pl\/en\/studies\/health-insurance\/","title":{"rendered":"Health insurance"},"content":{"rendered":"\t\t<div data-elementor-type=\"wp-page\" data-elementor-id=\"16698\" class=\"elementor elementor-16698\" data-elementor-post-type=\"page\">\n\t\t\t\t\t\t<section class=\"elementor-section elementor-top-section elementor-element elementor-element-3277e2d elementor-section-boxed elementor-section-height-default elementor-section-height-default\" data-id=\"3277e2d\" data-element_type=\"section\">\n\t\t\t\t\t\t<div class=\"elementor-container elementor-column-gap-default\">\n\t\t\t\t\t<div class=\"elementor-column elementor-col-100 elementor-top-column elementor-element elementor-element-f4b68dc\" data-id=\"f4b68dc\" data-element_type=\"column\">\n\t\t\t<div class=\"elementor-widget-wrap elementor-element-populated\">\n\t\t\t\t\t\t<div class=\"elementor-element elementor-element-b3cd7ce elementor-widget elementor-widget-wp-widget-bcn_widget\" data-id=\"b3cd7ce\" data-element_type=\"widget\" data-widget_type=\"wp-widget-bcn_widget.default\">\n\t\t\t\t<div class=\"elementor-widget-container\">\n\t\t\t<div class=\"mn-grid breadcrumb\">\n                                    <div class=\"breadcrumb-inner mn-grid-12\"><div class=\"breadcrumbs\" vocab=\"https:\/\/schema.org\/\" typeof=\"BreadcrumbList\"><span property=\"itemListElement\" typeof=\"ListItem\"><a property=\"item\" typeof=\"WebPage\" title=\"Go to Szko\u0142a G\u0142\u00f3wna Gospodarstwa Wiejskiego w Warszawie.\" href=\"https:\/\/www.sggw.edu.pl\/en\/\" class=\"home\" aria-current=\"page\"><span property=\"name\">Home<\/span><\/a><meta property=\"position\" content=\"1\"><\/span><\/div>    <\/div>\n                                <\/div>\t\t<\/div>\n\t\t\t\t<\/div>\n\t\t\t\t\t<\/div>\n\t\t<\/div>\n\t\t\t\t\t<\/div>\n\t\t<\/section>\n\t\t\t\t<section class=\"elementor-section elementor-top-section elementor-element elementor-element-db01803 elementor-section-boxed elementor-section-height-default elementor-section-height-default\" data-id=\"db01803\" data-element_type=\"section\">\n\t\t\t\t\t\t<div class=\"elementor-container elementor-column-gap-default\">\n\t\t\t\t\t<div class=\"elementor-column elementor-col-100 elementor-top-column elementor-element elementor-element-6c8cff3\" data-id=\"6c8cff3\" data-element_type=\"column\">\n\t\t\t<div class=\"elementor-widget-wrap elementor-element-populated\">\n\t\t\t\t\t\t<div class=\"elementor-element elementor-element-5aac6c1 elementor-widget elementor-widget-w1_2_3\" data-id=\"5aac6c1\" data-element_type=\"widget\" data-widget_type=\"w1_2_3.default\">\n\t\t\t\t<div class=\"elementor-widget-container\">\n\t\t\t<section>\n                <div class=\"mn-grid\">\n                    <h2  class=\"mn-grid-12\">\n                        Ubezpieczenie zdrowotne w NFZ dla student\u00f3w\n                    <\/h2>\n                <\/div>\n            <\/section>\t\t<\/div>\n\t\t\t\t<\/div>\n\t\t\t\t\t<\/div>\n\t\t<\/div>\n\t\t\t\t\t<\/div>\n\t\t<\/section>\n\t\t\t\t<section class=\"elementor-section elementor-top-section elementor-element elementor-element-ab174bd elementor-section-boxed elementor-section-height-default elementor-section-height-default\" data-id=\"ab174bd\" data-element_type=\"section\">\n\t\t\t\t\t\t<div class=\"elementor-container elementor-column-gap-default\">\n\t\t\t\t\t<div class=\"elementor-column elementor-col-100 elementor-top-column elementor-element elementor-element-5de6668\" data-id=\"5de6668\" data-element_type=\"column\">\n\t\t\t<div class=\"elementor-widget-wrap elementor-element-populated\">\n\t\t\t\t\t\t<div class=\"elementor-element elementor-element-65a7512 elementor-widget elementor-widget-w12\" data-id=\"65a7512\" data-element_type=\"widget\" data-widget_type=\"w12.default\">\n\t\t\t\t<div class=\"elementor-widget-container\">\n\t\t\t<section>\n                <div class=\"mn-grid\">\n                    <div class=\"mn-grid-12 mn-mod-text-links\">\n                        <p>Ubezpieczenie zdrowotne w NFZ gwarantuje dost\u0119p do publicznej opieki medycznej i \u015bwiadcze\u0144 w ramach NFZ. Ka\u017cdy student powinien je posiada\u0107.<br \/>\u200bUczelnia zg\u0142asza studenta do ubezpieczenia tylko w nielicznych uzasadnionych przypadkach (informacja poni\u017cej). W zdecydowanej wi\u0119kszo\u015bci przypadk\u00f3w zg\u0142oszenia do ubezpieczenia zdrowotnego osoby ucz\u0105cej si\u0119 do 26. roku \u017cycia zobowi\u0105zany jest rodzic lub opiekun (np. dziadkowie lub ma\u0142\u017conek rodzica) posiadaj\u0105cy tytu\u0142 do ubezpieczenia (zg\u0142oszenie do ubezpieczenia zdrowotnego cz\u0142onka rodziny). \u00a0 <\/p><p>Polecamy zapozna\u0107 si\u0119 z informacjami na stronach:<\/p><p><a href=\"https:\/\/www.gov.pl\/web\/zdrowie\/obowiazkowe-ubezpieczenie-zdrowotne\" target=\"_blank\" rel=\"noopener\">https:\/\/www.gov.pl\/web\/zdrowie\/obowiazkowe-ubezpieczenie-zdrowotne<\/a><\/p><p><a href=\"https:\/\/pacjent.gov.pl\/jak-ubezpieczyc-studenta-i-doktoranta\" target=\"_blank\" rel=\"noopener\">https:\/\/pacjent.gov.pl\/jak-ubezpieczyc-studenta-i-doktoranta<\/a><\/p>\n                    <\/div>\n                <\/div>\n            <\/section>\t\t<\/div>\n\t\t\t\t<\/div>\n\t\t\t\t\t<\/div>\n\t\t<\/div>\n\t\t\t\t\t<\/div>\n\t\t<\/section>\n\t\t\t\t<section class=\"elementor-section elementor-top-section elementor-element elementor-element-a8f4bb8 elementor-section-boxed elementor-section-height-default elementor-section-height-default\" data-id=\"a8f4bb8\" data-element_type=\"section\">\n\t\t\t\t\t\t<div class=\"elementor-container elementor-column-gap-default\">\n\t\t\t\t\t<div class=\"elementor-column elementor-col-100 elementor-top-column elementor-element elementor-element-04a22be\" data-id=\"04a22be\" data-element_type=\"column\">\n\t\t\t<div class=\"elementor-widget-wrap elementor-element-populated\">\n\t\t\t\t\t\t<div class=\"elementor-element elementor-element-dbff313 elementor-widget elementor-widget-w33\" data-id=\"dbff313\" data-element_type=\"widget\" data-widget_type=\"w33.default\">\n\t\t\t\t<div class=\"elementor-widget-container\">\n\t\t\t<section>\n            <div class=\"mn-grid\">\n                <div class=\"mn-vertical-separator-x2\">\n                    \n                <\/div>\n            <\/section>\t\t<\/div>\n\t\t\t\t<\/div>\n\t\t\t\t<div class=\"elementor-element elementor-element-8f2f0a4 elementor-widget elementor-widget-w1_2_3\" data-id=\"8f2f0a4\" data-element_type=\"widget\" data-widget_type=\"w1_2_3.default\">\n\t\t\t\t<div class=\"elementor-widget-container\">\n\t\t\t<section>\n                    <div class=\"mn-grid\">\n                        <h3  class=\"mn-grid-12 mn-section-title2\">\n                            Student b\u0119d\u0105cy obywatelem Polski\n                        <\/h3>\n                    <\/div>\n                <\/section>\t\t<\/div>\n\t\t\t\t<\/div>\n\t\t\t\t<div class=\"elementor-element elementor-element-7aa4dfe elementor-widget elementor-widget-w34\" data-id=\"7aa4dfe\" data-element_type=\"widget\" data-widget_type=\"w34.default\">\n\t\t\t\t<div class=\"elementor-widget-container\">\n\t\t\t        <section id=\"w34-7aa4dfe\" class=\"mn-m5-c mn-m5-d2\">\n            <div class=\"mn-grid\">\n                <div class=\"mn-content mn-grid-12\">\n                    <div class=\"mn-content-block active\">\n                                                                <ul class=\"mn-accordion\">\n                                            <li>\n                                                <h4 class=\"mn-accordion-title\"\n                                                    role=\"button\"\n                                                    tabindex=\"0\"\n                                                    aria-expanded=\"false\"\n                                                    aria-controls=\"w34-7aa4dfe-panel-0\">Kiedy student podlega ubezpieczeniu zdrowotnemu?<\/h4>\n                                                <div id=\"w34-7aa4dfe-panel-0\" style=\"display:none;\" hidden>\n                                                    <p>Student b\u0119d\u0105cy obywatelem RP podlega obowi\u0105zkowi ubezpieczenia zdrowotnego:<\/p>\n<ul>\n<li>do uko\u0144czenia 26. roku \u017cycia, <strong>jako cz\u0142onek rodziny osoby ubezpieczonej<\/strong>. W&nbsp;takim przypadku do ubezpieczenia jest on zg\u0142aszany przez wst\u0119pnych (tj. rodzic\u00f3w lub dziadk\u00f3w) lub opiekun\u00f3w prawnych, posiadaj\u0105cych tytu\u0142 ubezpieczenia (umowa o&nbsp;prac\u0119, umowa cywilno-prawna, samozatrudnienie, renta, emerytura);\n<p>\u00a0<\/p>\n<\/li>\n<li>gdy posiada orzeczenie o&nbsp;znacznym stopniu niepe\u0142nosprawno\u015bci (lub r\u00f3wnorz\u0119dne) bez wzgl\u0119du na wiek, <strong>jako cz\u0142onek rodziny osoby ubezpieczonej<\/strong>;\n<p>\u00a0<\/p>\n<\/li>\n<li>student pozostaj\u0105cy w&nbsp;zwi\u0105zku ma\u0142\u017ce\u0144skim zg\u0142aszany jest do ubezpieczenia przez ma\u0142\u017conka podlegaj\u0105cego obowi\u0105zkowi ubezpieczenia <strong><strong>jako cz\u0142onek rodziny osoby ubezpieczonej;<\/strong><\/strong>\n<p>\u00a0<\/p>\n<\/li>\n<li>w&nbsp;sytuacji gdy student poni\u017cej 26. roku \u017cycia jest zatrudniony na podstawie umowy o&nbsp;prac\u0119 ma w\u0142asny tytu\u0142 do ubezpieczenia. Zg\u0142oszenia<strong><strong> dokonuje zatrudniaj\u0105cy studenta pracodawca;<\/strong><\/strong>\n<p>\u00a0<\/p>\n<\/li>\n<li>w&nbsp;sytuacji gdy student jest uprawniony do renty z&nbsp;ZUS zg\u0142aszany jest<strong><strong> przez instytucj\u0119 wyp\u0142acaj\u0105c\u0105 \u015bwiadczenie;<\/strong><\/strong>\n<p>\u00a0<\/p>\n<\/li>\n<li><strong>student prowadz\u0105cy w\u0142asn\u0105 dzia\u0142alno\u015b\u0107 gospodarcz\u0105 samodzielnie dokonuje zg\u0142oszenia do ubezpieczenia zdrowotnego.<\/strong><\/li>\n<\/ul>\n<p><strong>Uwaga!: <\/strong>Je\u017celi okresowo student by\u0142 zatrudniony (np. praca wakacyjna) i&nbsp;pracodawca odprowadza\u0142 za niego sk\u0142adki na ubezpieczenie zdrowotne, to skutkowa\u0142o to wyrejestrowaniem z&nbsp;ubezpieczenia do kt\u00f3rego by\u0142 zg\u0142oszony przez rodzic\u00f3w (jako cz\u0142onek rodziny). W&nbsp;takim przypadku po zako\u0144czeniu zatrudnienia student ponownie powinien zosta\u0107 zg\u0142oszony do ZUS przez rodzica, jako cz\u0142onek jego rodziny.<\/p>\n<p>W&nbsp;przypadku gdy rodzic, kt\u00f3ry zg\u0142osi\u0142 dziecko do ubezpieczenia zdrowotnego zmieni miejsce zatrudnienia, r\u00f3wnie\u017c musi ponownie dokona\u0107 zg\u0142oszenie dziecka do ubezpieczenia zdrowotnego w&nbsp;swoim nowym miejscu pracy.<\/p>\n                                                <\/div>\n                                            <\/li>\n                                        <\/ul>\n                                                                                <ul class=\"mn-accordion\">\n                                            <li>\n                                                <h4 class=\"mn-accordion-title\"\n                                                    role=\"button\"\n                                                    tabindex=\"0\"\n                                                    aria-expanded=\"false\"\n                                                    aria-controls=\"w34-7aa4dfe-panel-1\">Kiedy Uczelnia mo\u017ce zg\u0142osi\u0107 studenta do ubezpieczenia zdrowotnego?<\/h4>\n                                                <div id=\"w34-7aa4dfe-panel-1\" style=\"display:none;\" hidden>\n                                                    <p>Uczelnia mo\u017ce zg\u0142osi\u0107 studenta do ubezpieczenia &#8211; na jego wniosek, w&nbsp;przypadku gdy:<\/p>\n<ul>\n<li>student, kt\u00f3ry <strong>nie uko\u0144czy\u0142 26. roku \u017cycia<\/strong> nie mo\u017ce zosta\u0107 zg\u0142oszony do ubezpieczenia przez cz\u0142onk\u00f3w rodziny (np. student nie posiada rodzic\u00f3w, opiekun\u00f3w prawnych, ma\u0142\u017conka, rodzice studenta nie posiadaj\u0105 tytu\u0142u do ubezpieczenia w&nbsp;Polsce, oraz gdy student nie pobiera renty rodzinnej),\n<p><\/li>\n<li>student kontynuuje nauk\u0119 <strong>po uko\u0144czeniu 26. r. \u017c<\/strong>. i&nbsp;nie podlega obowi\u0105zkowi ubezpieczenia z&nbsp;innego tytu\u0142u (np. nie mo\u017ce zosta\u0107 zg\u0142oszony przez ma\u0142\u017conka, nie jest zatrudniony na umow\u0119 cywilno-prawn\u0105 lub umow\u0119 o&nbsp;prac\u0119 i&nbsp;nie prowadzi dzia\u0142alno\u015bci gospodarczej, nie posiada prawa do renty, etc.)<\/li>\n<\/ul>\n                                                <\/div>\n                                            <\/li>\n                                        <\/ul>\n                                                                                <ul class=\"mn-accordion\">\n                                            <li>\n                                                <h4 class=\"mn-accordion-title\"\n                                                    role=\"button\"\n                                                    tabindex=\"0\"\n                                                    aria-expanded=\"false\"\n                                                    aria-controls=\"w34-7aa4dfe-panel-2\">Jak dokona\u0107 zg\u0142oszenia?<\/h4>\n                                                <div id=\"w34-7aa4dfe-panel-2\" style=\"display:none;\" hidden>\n                                                    <p>W&nbsp;celu zg\u0142oszenia do ubezpieczenia \u00a0student sk\u0142ada w&nbsp;Biurze Spraw Studenckich, budynek 8 pok. 4:<\/p>\n<ul>\n<li>o\u015bwiadczenie o&nbsp;niepodleganiu ubezpieczeniu zdrowotnemu z&nbsp;innego tytu\u0142u,<\/li>\n<li>zg\u0142oszenie do ZUS na druku ZUS ZZA.<\/li>\n<\/ul>\n<p>W&nbsp;przypadku zg\u0142oszenia do ubezpieczenia cz\u0142onka rodziny studenta nale\u017cy z\u0142o\u017cy\u0107 r\u00f3wnie\u017c druk ZCNA.<\/p>\n                                                <\/div>\n                                            <\/li>\n                                        <\/ul>\n                                                                                <ul class=\"mn-accordion\">\n                                            <li>\n                                                <h4 class=\"mn-accordion-title\"\n                                                    role=\"button\"\n                                                    tabindex=\"0\"\n                                                    aria-expanded=\"false\"\n                                                    aria-controls=\"w34-7aa4dfe-panel-3\">Do kiedy obowi\u0105zuje ubezpieczenie?<\/h4>\n                                                <div id=\"w34-7aa4dfe-panel-3\" style=\"display:none;\" hidden>\n                                                    <p>Obowi\u0105zek ubezpieczenia przez uczelni\u0105 wygasa z&nbsp;dniem uko\u0144czenia studi\u00f3w lub skre\u015blenia z&nbsp;listy student\u00f3w.<\/p>\n<p>Prawo do \u015bwiadcze\u0144 opieki zdrowotnej osoby, kt\u00f3ra zosta\u0142a wyrejestrowana z&nbsp;ubezpieczenia przez uczelni\u0119 wygasa po up\u0142ywie 4 miesi\u0119cy od wyrejestrowania.<\/p>\n<p>W&nbsp;przypadku os\u00f3b zg\u0142oszonych jako cz\u0142onkowie rodziny studenta prawo do \u015bwiadcze\u0144 opieki zdrowotnej wygasa po up\u0142ywie 30 dni od wyrejestrowania z&nbsp;ubezpieczenia. <\/p>\n                                                <\/div>\n                                            <\/li>\n                                        <\/ul>\n                                                                                <ul class=\"mn-accordion\">\n                                            <li>\n                                                <h4 class=\"mn-accordion-title\"\n                                                    role=\"button\"\n                                                    tabindex=\"0\"\n                                                    aria-expanded=\"false\"\n                                                    aria-controls=\"w34-7aa4dfe-panel-4\">Wa\u017cne!<\/h4>\n                                                <div id=\"w34-7aa4dfe-panel-4\" style=\"display:none;\" hidden>\n                                                    <p>Student, kt\u00f3ry zosta\u0142 zg\u0142oszony do ubezpieczenia zdrowotnego przez uczelni\u0119 zobowi\u0105zany jest niezw\u0142ocznie poinformowa\u0107 BSS o&nbsp;powstaniu innego tytu\u0142u do ubezpieczenia zdrowotnego (np. zatrudnienie na podstawie umowy o&nbsp;prac\u0119) i\/lub o&nbsp;zmianie danych.<\/p>\n<p>Wyrejestrowania z&nbsp;ubezpieczenia student dokonuje przekazuj\u0105c do Biura Spraw Studenckich budynek 8 p. 4 dokumentu na druku ZWUA.<\/p>\n<p>Kontakt telefoniczny: 22 59\u00a0310 21<\/p>\n<p>Druki mo\u017cna pobra\u0107 i&nbsp;wype\u0142ni\u0107 na miejscu.<\/p>\n                                                <\/div>\n                                            <\/li>\n                                        <\/ul>\n                                                            <\/div>\n                <\/div>\n            <\/div>\n        <\/section>\n\n        <script type=\"text\/javascript\">\n            (function(){\n                var root = document.getElementById('w34-7aa4dfe');\n                if (!root || root.dataset.w34Ready === '1') {\n                    return;\n                }\n                root.dataset.w34Ready = '1';\n\n                var titles = root.querySelectorAll('.mn-accordion-title');\n\n                function toggleItem(titleEl, event) {\n                    if (event) {\n                        event.preventDefault();\n                        event.stopPropagation();\n                        if (typeof event.stopImmediatePropagation === 'function') {\n                            event.stopImmediatePropagation();\n                        }\n                    }\n\n                    var li = titleEl.parentElement;\n                    if (!li) {\n                        return;\n                    }\n\n                    var panel = titleEl.nextElementSibling;\n                    if (!panel) {\n                        return;\n                    }\n\n                    var isOpen = li.classList.contains('show');\n\n                    if (isOpen) {\n                        li.classList.remove('show');\n                        titleEl.setAttribute('aria-expanded', 'false');\n                        panel.hidden = true;\n                        if (window.jQuery) {\n                            window.jQuery(panel).stop(true, true).slideUp(200);\n                        } else {\n                            panel.style.display = 'none';\n                        }\n                    } else {\n                        li.classList.add('show');\n                        titleEl.setAttribute('aria-expanded', 'true');\n                        panel.hidden = false;\n                        if (window.jQuery) {\n                            window.jQuery(panel).stop(true, true).slideDown(200);\n                        } else {\n                            panel.style.display = 'block';\n                        }\n                    }\n                }\n\n                titles.forEach(function(titleEl){\n                    var panel = titleEl.nextElementSibling;\n                    if (panel) {\n                        panel.hidden = true;\n                        panel.style.display = 'none';\n                    }\n\n                    titleEl.addEventListener('click', function(event){\n                        toggleItem(titleEl, event);\n                    }, true);\n\n                    titleEl.addEventListener('keydown', function(event){\n                        if (event.key === 'Enter' || event.key === ' ') {\n                            toggleItem(titleEl, event);\n                        }\n                    }, true);\n                });\n            })();\n        <\/script>\n        \t\t<\/div>\n\t\t\t\t<\/div>\n\t\t\t\t<div class=\"elementor-element elementor-element-b8a40aa elementor-widget elementor-widget-w33\" data-id=\"b8a40aa\" data-element_type=\"widget\" data-widget_type=\"w33.default\">\n\t\t\t\t<div class=\"elementor-widget-container\">\n\t\t\t<section>\n            <div class=\"mn-grid\">\n                <div class=\"mn-vertical-separator-x2\">\n                    \n                <\/div>\n            <\/section>\t\t<\/div>\n\t\t\t\t<\/div>\n\t\t\t\t\t<\/div>\n\t\t<\/div>\n\t\t\t\t\t<\/div>\n\t\t<\/section>\n\t\t\t\t<section class=\"elementor-section elementor-top-section elementor-element elementor-element-4953e05 elementor-section-boxed elementor-section-height-default elementor-section-height-default\" data-id=\"4953e05\" data-element_type=\"section\">\n\t\t\t\t\t\t<div class=\"elementor-container elementor-column-gap-default\">\n\t\t\t\t\t<div class=\"elementor-column elementor-col-100 elementor-top-column elementor-element elementor-element-2673938\" data-id=\"2673938\" data-element_type=\"column\">\n\t\t\t<div class=\"elementor-widget-wrap elementor-element-populated\">\n\t\t\t\t\t\t<div class=\"elementor-element elementor-element-d810f32 elementor-widget elementor-widget-w1_2_3\" data-id=\"d810f32\" data-element_type=\"widget\" data-widget_type=\"w1_2_3.default\">\n\t\t\t\t<div class=\"elementor-widget-container\">\n\t\t\t<section>\n                    <div class=\"mn-grid\">\n                        <h3  class=\"mn-grid-12 mn-section-title2\">\n                            Student b\u0119d\u0105cy cudzoziemcem\n                        <\/h3>\n                    <\/div>\n                <\/section>\t\t<\/div>\n\t\t\t\t<\/div>\n\t\t\t\t<div class=\"elementor-element elementor-element-77a0938 elementor-widget elementor-widget-w12\" data-id=\"77a0938\" data-element_type=\"widget\" data-widget_type=\"w12.default\">\n\t\t\t\t<div class=\"elementor-widget-container\">\n\t\t\t<section>\n                <div class=\"mn-grid\">\n                    <div class=\"mn-grid-12 mn-mod-text-links\">\n                        <p>informations for foreigners &#8211; click here<\/p>\n                    <\/div>\n                <\/div>\n            <\/section>\t\t<\/div>\n\t\t\t\t<\/div>\n\t\t\t\t\t<\/div>\n\t\t<\/div>\n\t\t\t\t\t<\/div>\n\t\t<\/section>\n\t\t\t\t<\/div>\n\t\t","protected":false},"excerpt":{"rendered":"<p>Ubezpieczenie zdrowotne w NFZ dla student\u00f3w Ubezpieczenie zdrowotne w NFZ gwarantuje dost\u0119p do publicznej opieki medycznej i \u015bwiadcze\u0144 w ramach NFZ. Ka\u017cdy student powinien je posiada\u0107.\u200bUczelnia zg\u0142asza studenta do ubezpieczenia tylko w nielicznych uzasadnionych przypadkach (informacja poni\u017cej). W zdecydowanej wi\u0119kszo\u015bci przypadk\u00f3w zg\u0142oszenia do ubezpieczenia zdrowotnego osoby ucz\u0105cej si\u0119 do 26. roku \u017cycia zobowi\u0105zany jest rodzic [&hellip;]<\/p>\n","protected":false},"author":1,"featured_media":0,"parent":12723,"menu_order":0,"comment_status":"closed","ping_status":"closed","template":"","meta":{"_acf_changed":false,"footnotes":""},"class_list":["post-16698","page","type-page","status-publish","hentry"],"acf":[],"_links":{"self":[{"href":"https:\/\/www.sggw.edu.pl\/en\/wp-json\/wp\/v2\/pages\/16698","targetHints":{"allow":["GET"]}}],"collection":[{"href":"https:\/\/www.sggw.edu.pl\/en\/wp-json\/wp\/v2\/pages"}],"about":[{"href":"https:\/\/www.sggw.edu.pl\/en\/wp-json\/wp\/v2\/types\/page"}],"author":[{"embeddable":true,"href":"https:\/\/www.sggw.edu.pl\/en\/wp-json\/wp\/v2\/users\/1"}],"replies":[{"embeddable":true,"href":"https:\/\/www.sggw.edu.pl\/en\/wp-json\/wp\/v2\/comments?post=16698"}],"version-history":[{"count":7,"href":"https:\/\/www.sggw.edu.pl\/en\/wp-json\/wp\/v2\/pages\/16698\/revisions"}],"predecessor-version":[{"id":176548,"href":"https:\/\/www.sggw.edu.pl\/en\/wp-json\/wp\/v2\/pages\/16698\/revisions\/176548"}],"up":[{"embeddable":true,"href":"https:\/\/www.sggw.edu.pl\/en\/wp-json\/wp\/v2\/pages\/12723"}],"wp:attachment":[{"href":"https:\/\/www.sggw.edu.pl\/en\/wp-json\/wp\/v2\/media?parent=16698"}],"curies":[{"name":"wp","href":"https:\/\/api.w.org\/{rel}","templated":true}]}}