{"id":16734,"date":"2021-02-23T03:15:42","date_gmt":"2021-02-23T02:15:42","guid":{"rendered":"https:\/\/www.sggw.edu.pl\/diploma-recognition-info\/"},"modified":"2025-11-04T15:28:42","modified_gmt":"2025-11-04T14:28:42","slug":"diploma-recognition-info","status":"publish","type":"page","link":"https:\/\/www.sggw.edu.pl\/en\/university\/diploma-recognition-info\/","title":{"rendered":"Diploma recognition (INFO)"},"content":{"rendered":"\t\t<div data-elementor-type=\"wp-page\" data-elementor-id=\"16734\" class=\"elementor elementor-16734\" data-elementor-post-type=\"page\">\n\t\t\t\t\t\t<section class=\"elementor-section elementor-top-section elementor-element elementor-element-1bd29e29 elementor-section-boxed elementor-section-height-default elementor-section-height-default\" data-id=\"1bd29e29\" data-element_type=\"section\">\n\t\t\t\t\t\t<div class=\"elementor-container elementor-column-gap-default\">\n\t\t\t\t\t<div class=\"elementor-column elementor-col-100 elementor-top-column elementor-element elementor-element-25941ec0\" data-id=\"25941ec0\" data-element_type=\"column\">\n\t\t\t<div class=\"elementor-widget-wrap elementor-element-populated\">\n\t\t\t\t\t\t<div class=\"elementor-element elementor-element-78402658 elementor-widget elementor-widget-wp-widget-bcn_widget\" data-id=\"78402658\" data-element_type=\"widget\" data-widget_type=\"wp-widget-bcn_widget.default\">\n\t\t\t\t<div class=\"elementor-widget-container\">\n\t\t\t<div class=\"mn-grid breadcrumb\">\n                                    <div class=\"breadcrumb-inner mn-grid-12\"><div class=\"breadcrumbs\" vocab=\"https:\/\/schema.org\/\" typeof=\"BreadcrumbList\"><span property=\"itemListElement\" typeof=\"ListItem\"><a property=\"item\" typeof=\"WebPage\" title=\"Go to Szko\u0142a G\u0142\u00f3wna Gospodarstwa Wiejskiego w Warszawie.\" href=\"https:\/\/www.sggw.edu.pl\/en\/\" class=\"home\" aria-current=\"page\"><span property=\"name\">Home<\/span><\/a><meta property=\"position\" content=\"1\"><\/span><\/div>    <\/div>\n                                <\/div>\t\t<\/div>\n\t\t\t\t<\/div>\n\t\t\t\t<div class=\"elementor-element elementor-element-70511cfa elementor-widget elementor-widget-post-title\" data-id=\"70511cfa\" data-element_type=\"widget\" data-widget_type=\"post-title.default\">\n\t\t\t\t<div class=\"elementor-widget-container\">\n\t\t\t<section>\n                    <div class=\"mn-grid entry-header-inner section-inner medium\">\n                        <h1 class=\"mn-grid-12 entry-title\" style=\"display:none;\">\n                            Diploma recognition (INFO)\n                        <\/h1>\n                    <\/div>\n                <\/section>\t\t<\/div>\n\t\t\t\t<\/div>\n\t\t\t\t<div class=\"elementor-element elementor-element-cde71eb elementor-widget elementor-widget-w33\" data-id=\"cde71eb\" data-element_type=\"widget\" data-widget_type=\"w33.default\">\n\t\t\t\t<div class=\"elementor-widget-container\">\n\t\t\t<section>\n            <div class=\"mn-grid\">\n                <div class=\"mn-vertical-separator-x2\">\n                    \n                <\/div>\n            <\/section>\t\t<\/div>\n\t\t\t\t<\/div>\n\t\t\t\t\t<\/div>\n\t\t<\/div>\n\t\t\t\t\t<\/div>\n\t\t<\/section>\n\t\t\t\t<section class=\"elementor-section elementor-top-section elementor-element elementor-element-77a5fb5 elementor-section-boxed elementor-section-height-default elementor-section-height-default\" data-id=\"77a5fb5\" data-element_type=\"section\">\n\t\t\t\t\t\t<div class=\"elementor-container elementor-column-gap-default\">\n\t\t\t\t\t<div class=\"elementor-column elementor-col-100 elementor-top-column elementor-element elementor-element-38bfdd8\" data-id=\"38bfdd8\" data-element_type=\"column\">\n\t\t\t<div class=\"elementor-widget-wrap elementor-element-populated\">\n\t\t\t\t\t\t<div class=\"elementor-element elementor-element-505a934 elementor-widget elementor-widget-w12\" data-id=\"505a934\" data-element_type=\"widget\" data-widget_type=\"w12.default\">\n\t\t\t\t<div class=\"elementor-widget-container\">\n\t\t\t<section>\n                <div class=\"mn-grid\">\n                    <div class=\"mn-grid-12 mn-mod-text-links\">\n                        <p><em>Dear Sirs,<\/em><\/p><p><em>Due to the ongoing work on amending the University\u2019s internal regulations regarding the process of recognition\/validation of a foreign diploma or academic degree\u00a0procedures, we would like to inform you that the acceptance of applications has been suspended.<\/em><\/p><p><em>Please monitor the University\u2019s website for updated information<\/em><em>.<\/em><\/p><p>\u00a0<\/p><p><a href=\"https:\/\/www.sggw.edu.pl\/wp-content\/uploads\/2020\/11\/Zarzadzenie_nr3_05-2-2020_w-sprawie-nostryfikacji-dyplomow.pdf\">Regulation No. 3 of the Rector of the Warsaw University of Life Sciences of Warsaw of February 5, 2020. on the procedure for the recognition of diplomas of completing studies abroad by the Warsaw University of Life Sciences <\/a><\/p>\n                    <\/div>\n                <\/div>\n            <\/section>\t\t<\/div>\n\t\t\t\t<\/div>\n\t\t\t\t\t<\/div>\n\t\t<\/div>\n\t\t\t\t\t<\/div>\n\t\t<\/section>\n\t\t\t\t<section class=\"elementor-section elementor-top-section elementor-element elementor-element-ae02826 elementor-section-boxed elementor-section-height-default elementor-section-height-default\" data-id=\"ae02826\" data-element_type=\"section\">\n\t\t\t\t\t\t<div class=\"elementor-container elementor-column-gap-default\">\n\t\t\t\t\t<div class=\"elementor-column elementor-col-100 elementor-top-column elementor-element elementor-element-38485c6\" data-id=\"38485c6\" data-element_type=\"column\">\n\t\t\t<div class=\"elementor-widget-wrap\">\n\t\t\t\t\t\t\t<\/div>\n\t\t<\/div>\n\t\t\t\t\t<\/div>\n\t\t<\/section>\n\t\t\t\t<\/div>\n\t\t","protected":false},"excerpt":{"rendered":"<p>Diploma recognition (INFO) Dear Sirs, Due to the ongoing work on amending the University\u2019s internal regulations regarding the process of recognition\/validation of a foreign diploma or academic degree\u00a0procedures, we would like to inform you that the acceptance of applications has been suspended. Please monitor the University\u2019s website for updated information. \u00a0 Regulation No. 3 of [&hellip;]<\/p>\n","protected":false},"author":1,"featured_media":0,"parent":15999,"menu_order":0,"comment_status":"closed","ping_status":"closed","template":"","meta":{"_acf_changed":false,"footnotes":""},"class_list":["post-16734","page","type-page","status-publish","hentry"],"acf":[],"_links":{"self":[{"href":"https:\/\/www.sggw.edu.pl\/en\/wp-json\/wp\/v2\/pages\/16734","targetHints":{"allow":["GET"]}}],"collection":[{"href":"https:\/\/www.sggw.edu.pl\/en\/wp-json\/wp\/v2\/pages"}],"about":[{"href":"https:\/\/www.sggw.edu.pl\/en\/wp-json\/wp\/v2\/types\/page"}],"author":[{"embeddable":true,"href":"https:\/\/www.sggw.edu.pl\/en\/wp-json\/wp\/v2\/users\/1"}],"replies":[{"embeddable":true,"href":"https:\/\/www.sggw.edu.pl\/en\/wp-json\/wp\/v2\/comments?post=16734"}],"version-history":[{"count":8,"href":"https:\/\/www.sggw.edu.pl\/en\/wp-json\/wp\/v2\/pages\/16734\/revisions"}],"predecessor-version":[{"id":268338,"href":"https:\/\/www.sggw.edu.pl\/en\/wp-json\/wp\/v2\/pages\/16734\/revisions\/268338"}],"up":[{"embeddable":true,"href":"https:\/\/www.sggw.edu.pl\/en\/wp-json\/wp\/v2\/pages\/15999"}],"wp:attachment":[{"href":"https:\/\/www.sggw.edu.pl\/en\/wp-json\/wp\/v2\/media?parent=16734"}],"curies":[{"name":"wp","href":"https:\/\/api.w.org\/{rel}","templated":true}]}}