{"id":16739,"date":"2021-02-23T03:15:44","date_gmt":"2021-02-23T02:15:44","guid":{"rendered":"https:\/\/www.sggw.edu.pl\/1st-degree-2\/"},"modified":"2021-05-26T15:43:22","modified_gmt":"2021-05-26T13:43:22","slug":"1st-degree-2","status":"publish","type":"page","link":"https:\/\/www.sggw.edu.pl\/en\/fields-of-study\/1st-degree-2\/","title":{"rendered":"1st degree"},"content":{"rendered":"\t\t<div data-elementor-type=\"wp-page\" data-elementor-id=\"16739\" class=\"elementor elementor-16739\" data-elementor-post-type=\"page\">\n\t\t\t\t\t\t<section class=\"elementor-section elementor-top-section elementor-element elementor-element-7ff5e79 elementor-section-boxed elementor-section-height-default elementor-section-height-default\" data-id=\"7ff5e79\" data-element_type=\"section\">\n\t\t\t\t\t\t<div class=\"elementor-container elementor-column-gap-default\">\n\t\t\t\t\t<div class=\"elementor-column elementor-col-100 elementor-top-column elementor-element elementor-element-2119fc57\" data-id=\"2119fc57\" data-element_type=\"column\">\n\t\t\t<div class=\"elementor-widget-wrap elementor-element-populated\">\n\t\t\t\t\t\t<div class=\"elementor-element elementor-element-45d729a8 elementor-widget elementor-widget-wp-widget-bcn_widget\" data-id=\"45d729a8\" data-element_type=\"widget\" data-widget_type=\"wp-widget-bcn_widget.default\">\n\t\t\t\t<div class=\"elementor-widget-container\">\n\t\t\t<div class=\"mn-grid breadcrumb\">\n                                    <div class=\"breadcrumb-inner mn-grid-12\"><div class=\"breadcrumbs\" vocab=\"https:\/\/schema.org\/\" typeof=\"BreadcrumbList\"><span property=\"itemListElement\" typeof=\"ListItem\"><a property=\"item\" typeof=\"WebPage\" title=\"Go to Szko\u0142a G\u0142\u00f3wna Gospodarstwa Wiejskiego w Warszawie.\" href=\"https:\/\/www.sggw.edu.pl\/en\/\" class=\"home\" aria-current=\"page\"><span property=\"name\">Home<\/span><\/a><meta property=\"position\" content=\"1\"><\/span><\/div>    <\/div>\n                                <\/div>\t\t<\/div>\n\t\t\t\t<\/div>\n\t\t\t\t<div class=\"elementor-element elementor-element-6fea64cd elementor-widget elementor-widget-post-title\" data-id=\"6fea64cd\" data-element_type=\"widget\" data-widget_type=\"post-title.default\">\n\t\t\t\t<div class=\"elementor-widget-container\">\n\t\t\t<section>\n                    <div class=\"mn-grid entry-header-inner section-inner medium\">\n                        <h1 class=\"mn-grid-12 entry-title\" style=\"\">\n                            1st degree\n                        <\/h1>\n                    <\/div>\n                <\/section>\t\t<\/div>\n\t\t\t\t<\/div>\n\t\t\t\t<div class=\"elementor-element elementor-element-053c947 elementor-widget elementor-widget-w33\" data-id=\"053c947\" data-element_type=\"widget\" data-widget_type=\"w33.default\">\n\t\t\t\t<div class=\"elementor-widget-container\">\n\t\t\t<section>\n            <div class=\"mn-grid\">\n                <div class=\"mn-vertical-separator-x2\">\n                    \n                <\/div>\n            <\/section>\t\t<\/div>\n\t\t\t\t<\/div>\n\t\t\t\t\t<\/div>\n\t\t<\/div>\n\t\t\t\t\t<\/div>\n\t\t<\/section>\n\t\t\t\t<section class=\"elementor-section elementor-top-section elementor-element elementor-element-0b01b06 elementor-section-boxed elementor-section-height-default elementor-section-height-default\" data-id=\"0b01b06\" data-element_type=\"section\">\n\t\t\t\t\t\t<div class=\"elementor-container elementor-column-gap-default\">\n\t\t\t\t\t<div class=\"elementor-column elementor-col-100 elementor-top-column elementor-element elementor-element-fef2cc2\" data-id=\"fef2cc2\" data-element_type=\"column\">\n\t\t\t<div class=\"elementor-widget-wrap elementor-element-populated\">\n\t\t\t\t\t\t<div class=\"elementor-element elementor-element-7d33aae elementor-widget elementor-widget-w11\" data-id=\"7d33aae\" data-element_type=\"widget\" data-widget_type=\"w11.default\">\n\t\t\t\t<div class=\"elementor-widget-container\">\n\t\t\t<section><div class=\"mn-grid\"><ul class=\"mn-grid-12 mn-mod-links-text-3\"><li>\n                            <a href=\"\" class=\"mn-pointer-event-off\">\n                                <span>Description and discipline<\/span>\n                            <\/a>\n                        <\/li><li>\n                            <a href=\"\" class=\"mn-pointer-event-off\">\n                                <span>Business programs<\/span>\n                            <\/a>\n                        <\/li><li>\n                            <a href=\"\" class=\"mn-pointer-event-off\">\n                                <span>Employment Opportunity<\/span>\n                            <\/a>\n                        <\/li><\/ul><\/div><\/section>\t\t<\/div>\n\t\t\t\t<\/div>\n\t\t\t\t<div class=\"elementor-element elementor-element-addfc28 elementor-widget elementor-widget-w33\" data-id=\"addfc28\" data-element_type=\"widget\" data-widget_type=\"w33.default\">\n\t\t\t\t<div class=\"elementor-widget-container\">\n\t\t\t<section>\n            <div class=\"mn-grid\">\n                <div class=\"mn-vertical-separator-x2\">\n                    \n                <\/div>\n            <\/section>\t\t<\/div>\n\t\t\t\t<\/div>\n\t\t\t\t\t<\/div>\n\t\t<\/div>\n\t\t\t\t\t<\/div>\n\t\t<\/section>\n\t\t\t\t<section class=\"elementor-section elementor-top-section elementor-element elementor-element-5eb30f1 elementor-section-boxed elementor-section-height-default elementor-section-height-default\" data-id=\"5eb30f1\" data-element_type=\"section\">\n\t\t\t\t\t\t<div class=\"elementor-container elementor-column-gap-default\">\n\t\t\t\t\t<div class=\"elementor-column elementor-col-100 elementor-top-column elementor-element elementor-element-02e66a5\" data-id=\"02e66a5\" data-element_type=\"column\">\n\t\t\t<div class=\"elementor-widget-wrap elementor-element-populated\">\n\t\t\t\t\t\t<div class=\"elementor-element elementor-element-fa8f3d4 elementor-widget elementor-widget-lista-kierunkow\" data-id=\"fa8f3d4\" data-element_type=\"widget\" data-widget_type=\"lista-kierunkow.default\">\n\t\t\t\t<div class=\"elementor-widget-container\">\n\t\t\t<section>\n                <div class=\"mn-courses-of-study\" id=\"ListaKierunkow\">\n                    <div class=\"mn-grid\"><h3 class=\"mn-grid-12 mn-section-title2\">\n                        Lista kierunk\u00f3w\n                    <\/h3>        <\/div>\n            <div class=\"mn-grid\">\n                <div class=\"mn-content mn-grid-12\">\n                    <div class=\"mn-content-block active\">\n                        <ul class=\"mn-accordion\">\n                                <li>\n                            <h4 class=\"mn-accordion-title\" onclick=\"window.open('https:\/\/www.sggw.edu.pl\/en\/kierunki-sggw\/agriculture\/')\">\n                                Agriculture                            <\/h4>\n                        <\/li>\n                                        <li>\n                            <h4 class=\"mn-accordion-title\" onclick=\"window.open('https:\/\/www.sggw.edu.pl\/en\/kierunki-sggw\/animal-bioengineering\/')\">\n                                Animal Bioengineering                            <\/h4>\n                        <\/li>\n                                        <li>\n                            <h4 class=\"mn-accordion-title\" onclick=\"window.open('https:\/\/www.sggw.edu.pl\/en\/kierunki-sggw\/animal-science\/')\">\n                                Animal Science                            <\/h4>\n                        <\/li>\n                                        <li>\n                            <h4 class=\"mn-accordion-title\" onclick=\"window.open('https:\/\/www.sggw.edu.pl\/en\/kierunki-sggw\/architecture\/')\">\n                                Architecture                            <\/h4>\n                        <\/li>\n                                        <li>\n                            <h4 class=\"mn-accordion-title\" onclick=\"window.open('https:\/\/www.sggw.edu.pl\/en\/kierunki-sggw\/biology\/')\">\n                                Biology                            <\/h4>\n                        <\/li>\n                                        <li>\n                            <h4 class=\"mn-accordion-title\" onclick=\"window.open('https:\/\/www.sggw.edu.pl\/en\/kierunki-sggw\/biomedical-technology\/')\">\n                                Biomedical Technology                            <\/h4>\n                        <\/li>\n                                        <li>\n                            <h4 class=\"mn-accordion-title\" onclick=\"window.open('https:\/\/www.sggw.edu.pl\/en\/kierunki-sggw\/biotechnology\/')\">\n                                Biotechnology                            <\/h4>\n                        <\/li>\n                                        <li>\n                            <h4 class=\"mn-accordion-title\" onclick=\"window.open('https:\/\/www.sggw.edu.pl\/en\/kierunki-sggw\/biotechnology-in-english\/')\">\n                                Biotechnology in English                            <\/h4>\n                        <\/li>\n                                        <li>\n                            <h4 class=\"mn-accordion-title\" onclick=\"window.open('https:\/\/www.sggw.edu.pl\/en\/kierunki-sggw\/breeding-and-protection-of-companion-and-wild-animals\/')\">\n                                Breeding and Preservation of Wild and Companion Animals                            <\/h4>\n                        <\/li>\n                                        <li>\n                            <h4 class=\"mn-accordion-title\" onclick=\"window.open('https:\/\/www.sggw.edu.pl\/en\/kierunki-sggw\/gastronomy-and-hospitality\/')\">\n                                Catering and Hotel Management                            <\/h4>\n                        <\/li>\n                                        <li>\n                            <h4 class=\"mn-accordion-title\" onclick=\"window.open('https:\/\/www.sggw.edu.pl\/en\/kierunki-sggw\/construction\/')\">\n                                Civil Engineering                            <\/h4>\n                        <\/li>\n                                        <li>\n                            <h4 class=\"mn-accordion-title\" onclick=\"window.open('https:\/\/www.sggw.edu.pl\/en\/kierunki-sggw\/dietetics\/')\">\n                                Dietetics                            <\/h4>\n                        <\/li>\n                                        <li>\n                            <h4 class=\"mn-accordion-title\" onclick=\"window.open('https:\/\/www.sggw.edu.pl\/en\/kierunki-sggw\/ecological-engineering\/')\">\n                                Ecological Engineering                            <\/h4>\n                        <\/li>\n                                        <li>\n                            <h4 class=\"mn-accordion-title\" onclick=\"window.open('https:\/\/www.sggw.edu.pl\/en\/kierunki-sggw\/economics\/')\">\n                                Economics                            <\/h4>\n                        <\/li>\n                                        <li>\n                            <h4 class=\"mn-accordion-title\" onclick=\"window.open('https:\/\/www.sggw.edu.pl\/en\/kierunki-sggw\/engineering-of-biotechnical-systems\/')\">\n                                Engineering of Biotechnical Systems                            <\/h4>\n                        <\/li>\n                                        <li>\n                            <h4 class=\"mn-accordion-title\" onclick=\"window.open('https:\/\/www.sggw.edu.pl\/en\/kierunki-sggw\/environmental-engineering\/')\">\n                                Environmental Engineering                            <\/h4>\n                        <\/li>\n                                        <li>\n                            <h4 class=\"mn-accordion-title\" onclick=\"window.open('https:\/\/www.sggw.edu.pl\/en\/kierunki-sggw\/environmental-protection\/')\">\n                                Environmental Protection                            <\/h4>\n                        <\/li>\n                                        <li>\n                            <h4 class=\"mn-accordion-title\" onclick=\"window.open('https:\/\/www.sggw.edu.pl\/en\/kierunki-sggw\/finance-and-accounting\/')\">\n                                Finance and Accounting                            <\/h4>\n                        <\/li>\n                                        <li>\n                            <h4 class=\"mn-accordion-title\" onclick=\"window.open('https:\/\/www.sggw.edu.pl\/en\/kierunki-sggw\/commodity-science-in-bioeconomy\/')\">\n                                Food Marketing and Commodity Science                            <\/h4>\n                        <\/li>\n                                        <li>\n                            <h4 class=\"mn-accordion-title\" onclick=\"window.open('https:\/\/www.sggw.edu.pl\/en\/kierunki-sggw\/food-safety\/')\">\n                                Food Safety                            <\/h4>\n                        <\/li>\n                                        <li>\n                            <h4 class=\"mn-accordion-title\" onclick=\"window.open('https:\/\/www.sggw.edu.pl\/en\/kierunki-sggw\/food-science-technology-and-nutrition\/')\">\n                                Food Science &#8211; Technology and Nutrition                            <\/h4>\n                        <\/li>\n                                        <li>\n                            <h4 class=\"mn-accordion-title\" onclick=\"window.open('https:\/\/www.sggw.edu.pl\/en\/kierunki-sggw\/food-technology-and-human-nutrition\/')\">\n                                Food Technology and Human Nutrition                            <\/h4>\n                        <\/li>\n                                        <li>\n                            <h4 class=\"mn-accordion-title\" onclick=\"window.open('https:\/\/www.sggw.edu.pl\/en\/kierunki-sggw\/forestry-2\/')\">\n                                Forestry                            <\/h4>\n                        <\/li>\n                                        <li>\n                            <h4 class=\"mn-accordion-title\" onclick=\"window.open('https:\/\/www.sggw.edu.pl\/en\/kierunki-sggw\/furniture\/')\">\n                                Furniture Technology                            <\/h4>\n                        <\/li>\n                                        <li>\n                            <h4 class=\"mn-accordion-title\" onclick=\"window.open('https:\/\/www.sggw.edu.pl\/en\/kierunki-sggw\/gardening\/')\">\n                                Horticulture                            <\/h4>\n                        <\/li>\n                                        <li>\n                            <h4 class=\"mn-accordion-title\" onclick=\"window.open('https:\/\/www.sggw.edu.pl\/en\/kierunki-sggw\/human-nutrition-and-food-evaluation\/')\">\n                                Human Nutrition and Food Evaluation                            <\/h4>\n                        <\/li>\n                                        <li>\n                            <h4 class=\"mn-accordion-title\" onclick=\"window.open('https:\/\/www.sggw.edu.pl\/en\/kierunki-sggw\/informatics\/')\">\n                                Informatics                            <\/h4>\n                        <\/li>\n                                        <li>\n                            <h4 class=\"mn-accordion-title\" onclick=\"window.open('https:\/\/www.sggw.edu.pl\/en\/kierunki-sggw\/computer-science-and-econometrics\/')\">\n                                Informatics and Econometrics                            <\/h4>\n                        <\/li>\n                                        <li>\n                            <h4 class=\"mn-accordion-title\" onclick=\"window.open('https:\/\/www.sggw.edu.pl\/en\/kierunki-sggw\/informatics-in-english\/')\">\n                                Informatics in English                            <\/h4>\n                        <\/li>\n                                        <li>\n                            <h4 class=\"mn-accordion-title\" onclick=\"window.open('https:\/\/www.sggw.edu.pl\/en\/kierunki-sggw\/landscape-architecture\/')\">\n                                Landscape architecture                            <\/h4>\n                        <\/li>\n                                        <li>\n                            <h4 class=\"mn-accordion-title\" onclick=\"window.open('https:\/\/www.sggw.edu.pl\/en\/kierunki-sggw\/logistics\/')\">\n                                Logistics                            <\/h4>\n                        <\/li>\n                                        <li>\n                            <h4 class=\"mn-accordion-title\" onclick=\"window.open('https:\/\/www.sggw.edu.pl\/en\/kierunki-sggw\/management\/')\">\n                                Management                            <\/h4>\n                        <\/li>\n                                        <li>\n                            <h4 class=\"mn-accordion-title\" onclick=\"window.open('https:\/\/www.sggw.edu.pl\/en\/kierunki-sggw\/management-and-production-engineering\/')\">\n                                Management and Production Engineering                            <\/h4>\n                        <\/li>\n                                        <li>\n                            <h4 class=\"mn-accordion-title\" onclick=\"window.open('https:\/\/www.sggw.edu.pl\/en\/kierunki-sggw\/management-2\/')\">\n                                Management in English                            <\/h4>\n                        <\/li>\n                                        <li>\n                            <h4 class=\"mn-accordion-title\" onclick=\"window.open('https:\/\/www.sggw.edu.pl\/en\/kierunki-sggw\/natural-materials-and-design\/')\">\n                                Natural materials and design                            <\/h4>\n                        <\/li>\n                                        <li>\n                            <h4 class=\"mn-accordion-title\" onclick=\"window.open('https:\/\/www.sggw.edu.pl\/en\/kierunki-sggw\/organic-farming-and-food-production\/')\">\n                                Organic Agriculture and Food Production                            <\/h4>\n                        <\/li>\n                                        <li>\n                            <h4 class=\"mn-accordion-title\" onclick=\"window.open('https:\/\/www.sggw.edu.pl\/en\/kierunki-sggw\/organic-agriculture-and-food-production\/')\">\n                                Organic Agriculture and Food Production                            <\/h4>\n                        <\/li>\n                                        <li>\n                            <h4 class=\"mn-accordion-title\" onclick=\"window.open('https:\/\/www.sggw.edu.pl\/en\/kierunki-sggw\/education\/')\">\n                                Pedagogics                            <\/h4>\n                        <\/li>\n                                        <li>\n                            <h4 class=\"mn-accordion-title\" onclick=\"window.open('https:\/\/www.sggw.edu.pl\/en\/kierunki-sggw\/renewable-energy-technologies\/')\">\n                                Renewable Energy Technologies                            <\/h4>\n                        <\/li>\n                                        <li>\n                            <h4 class=\"mn-accordion-title\" onclick=\"window.open('https:\/\/www.sggw.edu.pl\/en\/kierunki-sggw\/sociology\/')\">\n                                Sociology                            <\/h4>\n                        <\/li>\n                                        <li>\n                            <h4 class=\"mn-accordion-title\" onclick=\"window.open('https:\/\/www.sggw.edu.pl\/en\/kierunki-sggw\/spatial-economy\/')\">\n                                Spatial Economics                            <\/h4>\n                        <\/li>\n                                        <li>\n                            <h4 class=\"mn-accordion-title\" onclick=\"window.open('https:\/\/www.sggw.edu.pl\/en\/kierunki-sggw\/tourism-and-recreation\/')\">\n                                Tourism and Recreation                            <\/h4>\n                        <\/li>\n                                        <li>\n                            <h4 class=\"mn-accordion-title\" onclick=\"window.open('https:\/\/www.sggw.edu.pl\/en\/kierunki-sggw\/urban-horticulture-and-arboriculture\/')\">\n                                Urban Horticulture and Arboriculture                            <\/h4>\n                        <\/li>\n                                        <li>\n                            <h4 class=\"mn-accordion-title\" onclick=\"window.open('https:\/\/www.sggw.edu.pl\/en\/kierunki-sggw\/veterinary-medicine\/')\">\n                                Veterinary Medicine                            <\/h4>\n                        <\/li>\n                                        <li>\n                            <h4 class=\"mn-accordion-title\" onclick=\"window.open('https:\/\/www.sggw.edu.pl\/en\/kierunki-sggw\/weterynaria\/')\">\n                                Veterinary Medicine in English                            <\/h4>\n                        <\/li>\n                                        <li>\n                            <h4 class=\"mn-accordion-title\" onclick=\"window.open('https:\/\/www.sggw.edu.pl\/en\/kierunki-sggw\/water-engineering-and-management\/')\">\n                                Water Resources Management and Engineering                            <\/h4>\n                        <\/li>\n                                        <li>\n                            <h4 class=\"mn-accordion-title\" onclick=\"window.open('https:\/\/www.sggw.edu.pl\/en\/kierunki-sggw\/wood-technology\/')\">\n                                Wood Technology                            <\/h4>\n                        <\/li>\n                                                <\/ul>\n                            <\/div>\n                        <\/div>\n                    <\/div>\n                <\/div>\n            <\/div>\n        <\/section>\n        \t\t<\/div>\n\t\t\t\t<\/div>\n\t\t\t\t\t<\/div>\n\t\t<\/div>\n\t\t\t\t\t<\/div>\n\t\t<\/section>\n\t\t\t\t<\/div>\n\t\t","protected":false},"excerpt":{"rendered":"<p>Description and discipline Business programs Employment Opportunity Lista kierunk\u00f3w Architektura krajobrazu Bezpiecze\u0144stwo \u017cywno\u015bci Bioin\u017cynieria zwierz\u0105t Biologia Biotechnologia Budownictwo Dietetyka Ekologiczne rolnictwo i produkcja \u017cywno\u015bci Ekonomia Finanse i rachunkowo\u015b\u0107 Gastronomia i hotelarstwo Gospodarka przestrzenna Hodowla i ochrona zwierz\u0105t towarzysz\u0105cych i dzikich Informatyka Informatyka i ekonometria In\u017cynieria ekologiczna In\u017cynieria i gospodarka wodna In\u017cynieria \u015brodowiska In\u017cynieria system\u00f3w biotechnicznych [&hellip;]<\/p>\n","protected":false},"author":1,"featured_media":0,"parent":16886,"menu_order":0,"comment_status":"closed","ping_status":"closed","template":"","meta":{"_acf_changed":false,"footnotes":""},"class_list":["post-16739","page","type-page","status-publish","hentry"],"acf":[],"_links":{"self":[{"href":"https:\/\/www.sggw.edu.pl\/en\/wp-json\/wp\/v2\/pages\/16739","targetHints":{"allow":["GET"]}}],"collection":[{"href":"https:\/\/www.sggw.edu.pl\/en\/wp-json\/wp\/v2\/pages"}],"about":[{"href":"https:\/\/www.sggw.edu.pl\/en\/wp-json\/wp\/v2\/types\/page"}],"author":[{"embeddable":true,"href":"https:\/\/www.sggw.edu.pl\/en\/wp-json\/wp\/v2\/users\/1"}],"replies":[{"embeddable":true,"href":"https:\/\/www.sggw.edu.pl\/en\/wp-json\/wp\/v2\/comments?post=16739"}],"version-history":[{"count":2,"href":"https:\/\/www.sggw.edu.pl\/en\/wp-json\/wp\/v2\/pages\/16739\/revisions"}],"predecessor-version":[{"id":16800,"href":"https:\/\/www.sggw.edu.pl\/en\/wp-json\/wp\/v2\/pages\/16739\/revisions\/16800"}],"up":[{"embeddable":true,"href":"https:\/\/www.sggw.edu.pl\/en\/wp-json\/wp\/v2\/pages\/16886"}],"wp:attachment":[{"href":"https:\/\/www.sggw.edu.pl\/en\/wp-json\/wp\/v2\/media?parent=16739"}],"curies":[{"name":"wp","href":"https:\/\/api.w.org\/{rel}","templated":true}]}}