{"id":16746,"date":"2021-02-23T03:15:47","date_gmt":"2021-02-23T02:15:47","guid":{"rendered":"https:\/\/www.sggw.edu.pl\/tier-ii-2\/"},"modified":"2021-05-26T15:43:23","modified_gmt":"2021-05-26T13:43:23","slug":"tier-ii-2","status":"publish","type":"page","link":"https:\/\/www.sggw.edu.pl\/en\/fields-of-study\/tier-ii-2\/","title":{"rendered":"Tier II"},"content":{"rendered":"\t\t<div data-elementor-type=\"wp-page\" data-elementor-id=\"16746\" class=\"elementor elementor-16746\" data-elementor-post-type=\"page\">\n\t\t\t\t\t\t<section class=\"elementor-section elementor-top-section elementor-element elementor-element-3645420d elementor-section-boxed elementor-section-height-default elementor-section-height-default\" data-id=\"3645420d\" data-element_type=\"section\">\n\t\t\t\t\t\t<div class=\"elementor-container elementor-column-gap-default\">\n\t\t\t\t\t<div class=\"elementor-column elementor-col-100 elementor-top-column elementor-element elementor-element-3cfb63af\" data-id=\"3cfb63af\" data-element_type=\"column\">\n\t\t\t<div class=\"elementor-widget-wrap elementor-element-populated\">\n\t\t\t\t\t\t<div class=\"elementor-element elementor-element-7098b8 elementor-widget elementor-widget-wp-widget-bcn_widget\" data-id=\"7098b8\" data-element_type=\"widget\" data-widget_type=\"wp-widget-bcn_widget.default\">\n\t\t\t\t<div class=\"elementor-widget-container\">\n\t\t\t<div class=\"mn-grid breadcrumb\">\n                                    <div class=\"breadcrumb-inner mn-grid-12\"><div class=\"breadcrumbs\" vocab=\"https:\/\/schema.org\/\" typeof=\"BreadcrumbList\"><span property=\"itemListElement\" typeof=\"ListItem\"><a property=\"item\" typeof=\"WebPage\" title=\"Go to Szko\u0142a G\u0142\u00f3wna Gospodarstwa Wiejskiego w Warszawie.\" href=\"https:\/\/www.sggw.edu.pl\/en\/\" class=\"home\" aria-current=\"page\"><span property=\"name\">Home<\/span><\/a><meta property=\"position\" content=\"1\"><\/span><\/div>    <\/div>\n                                <\/div>\t\t<\/div>\n\t\t\t\t<\/div>\n\t\t\t\t<div class=\"elementor-element elementor-element-49a0e5b3 elementor-widget elementor-widget-post-title\" data-id=\"49a0e5b3\" data-element_type=\"widget\" data-widget_type=\"post-title.default\">\n\t\t\t\t<div class=\"elementor-widget-container\">\n\t\t\t<section>\n                    <div class=\"mn-grid entry-header-inner section-inner medium\">\n                        <h1 class=\"mn-grid-12 entry-title\" style=\"\">\n                            Tier II\n                        <\/h1>\n                    <\/div>\n                <\/section>\t\t<\/div>\n\t\t\t\t<\/div>\n\t\t\t\t\t<\/div>\n\t\t<\/div>\n\t\t\t\t\t<\/div>\n\t\t<\/section>\n\t\t\t\t<section class=\"elementor-section elementor-top-section elementor-element elementor-element-bcc5c44 elementor-section-boxed elementor-section-height-default elementor-section-height-default\" data-id=\"bcc5c44\" data-element_type=\"section\">\n\t\t\t\t\t\t<div class=\"elementor-container elementor-column-gap-default\">\n\t\t\t\t\t<div class=\"elementor-column elementor-col-100 elementor-top-column elementor-element elementor-element-2c629bb\" data-id=\"2c629bb\" data-element_type=\"column\">\n\t\t\t<div class=\"elementor-widget-wrap elementor-element-populated\">\n\t\t\t\t\t\t<div class=\"elementor-element elementor-element-c7c6456 elementor-widget elementor-widget-w33\" data-id=\"c7c6456\" data-element_type=\"widget\" data-widget_type=\"w33.default\">\n\t\t\t\t<div class=\"elementor-widget-container\">\n\t\t\t<section>\n            <div class=\"mn-grid\">\n                <div class=\"mn-vertical-separator-x2\">\n                    \n                <\/div>\n            <\/section>\t\t<\/div>\n\t\t\t\t<\/div>\n\t\t\t\t<div class=\"elementor-element elementor-element-7f606f0 elementor-widget elementor-widget-w11\" data-id=\"7f606f0\" data-element_type=\"widget\" data-widget_type=\"w11.default\">\n\t\t\t\t<div class=\"elementor-widget-container\">\n\t\t\t<section><div class=\"mn-grid\"><ul class=\"mn-grid-12 mn-mod-links-text-3\"><li>\n                            <a href=\"\" class=\"mn-pointer-event-off\">\n                                <span>Description and discipline<\/span>\n                            <\/a>\n                        <\/li><li>\n                            <a href=\"\" class=\"mn-pointer-event-off\">\n                                <span>Business programs<\/span>\n                            <\/a>\n                        <\/li><li>\n                            <a href=\"\" class=\"mn-pointer-event-off\">\n                                <span>Employment Opportunity<\/span>\n                            <\/a>\n                        <\/li><\/ul><\/div><\/section>\t\t<\/div>\n\t\t\t\t<\/div>\n\t\t\t\t<div class=\"elementor-element elementor-element-522fec6 elementor-widget elementor-widget-w33\" data-id=\"522fec6\" data-element_type=\"widget\" data-widget_type=\"w33.default\">\n\t\t\t\t<div class=\"elementor-widget-container\">\n\t\t\t<section>\n            <div class=\"mn-grid\">\n                <div class=\"mn-vertical-separator-x2\">\n                    \n                <\/div>\n            <\/section>\t\t<\/div>\n\t\t\t\t<\/div>\n\t\t\t\t\t<\/div>\n\t\t<\/div>\n\t\t\t\t\t<\/div>\n\t\t<\/section>\n\t\t\t\t<section class=\"elementor-section elementor-top-section elementor-element elementor-element-b6297f8 elementor-section-boxed elementor-section-height-default elementor-section-height-default\" data-id=\"b6297f8\" data-element_type=\"section\">\n\t\t\t\t\t\t<div class=\"elementor-container elementor-column-gap-default\">\n\t\t\t\t\t<div class=\"elementor-column elementor-col-100 elementor-top-column elementor-element elementor-element-3977a85\" data-id=\"3977a85\" data-element_type=\"column\">\n\t\t\t<div class=\"elementor-widget-wrap elementor-element-populated\">\n\t\t\t\t\t\t<div class=\"elementor-element elementor-element-cc432a8 elementor-widget elementor-widget-lista-kierunkow\" data-id=\"cc432a8\" data-element_type=\"widget\" data-widget_type=\"lista-kierunkow.default\">\n\t\t\t\t<div class=\"elementor-widget-container\">\n\t\t\t<section>\n                <div class=\"mn-courses-of-study\" id=\"ListaKierunkow\">\n                    <div class=\"mn-grid\"><h3 class=\"mn-grid-12 mn-section-title2\">\n                        Lista kierunk\u00f3w\n                    <\/h3>        <\/div>\n            <div class=\"mn-grid\">\n                <div class=\"mn-content mn-grid-12\">\n                    <div class=\"mn-content-block active\">\n                        <ul class=\"mn-accordion\">\n                                <li>\n                            <h4 class=\"mn-accordion-title\" onclick=\"window.open('https:\/\/www.sggw.edu.pl\/en\/kierunki-sggw\/agriculture\/')\">\n                                Agriculture                            <\/h4>\n                        <\/li>\n                                        <li>\n                            <h4 class=\"mn-accordion-title\" onclick=\"window.open('https:\/\/www.sggw.edu.pl\/en\/kierunki-sggw\/animal-bioengineering\/')\">\n                                Animal Bioengineering                            <\/h4>\n                        <\/li>\n                                        <li>\n                            <h4 class=\"mn-accordion-title\" onclick=\"window.open('https:\/\/www.sggw.edu.pl\/en\/kierunki-sggw\/animal-science\/')\">\n                                Animal Science                            <\/h4>\n                        <\/li>\n                                        <li>\n                            <h4 class=\"mn-accordion-title\" onclick=\"window.open('https:\/\/www.sggw.edu.pl\/en\/kierunki-sggw\/architecture\/')\">\n                                Architecture                            <\/h4>\n                        <\/li>\n                                        <li>\n                            <h4 class=\"mn-accordion-title\" onclick=\"window.open('https:\/\/www.sggw.edu.pl\/en\/kierunki-sggw\/biology\/')\">\n                                Biology                            <\/h4>\n                        <\/li>\n                                        <li>\n                            <h4 class=\"mn-accordion-title\" onclick=\"window.open('https:\/\/www.sggw.edu.pl\/en\/kierunki-sggw\/biomedical-technology\/')\">\n                                Biomedical Technology                            <\/h4>\n                        <\/li>\n                                        <li>\n                            <h4 class=\"mn-accordion-title\" onclick=\"window.open('https:\/\/www.sggw.edu.pl\/en\/kierunki-sggw\/biotechnology\/')\">\n                                Biotechnology                            <\/h4>\n                        <\/li>\n                                        <li>\n                            <h4 class=\"mn-accordion-title\" onclick=\"window.open('https:\/\/www.sggw.edu.pl\/en\/kierunki-sggw\/breeding-and-protection-of-companion-and-wild-animals\/')\">\n                                Breeding and Preservation of Wild and Companion Animals                            <\/h4>\n                        <\/li>\n                                        <li>\n                            <h4 class=\"mn-accordion-title\" onclick=\"window.open('https:\/\/www.sggw.edu.pl\/en\/kierunki-sggw\/construction\/')\">\n                                Civil Engineering                            <\/h4>\n                        <\/li>\n                                        <li>\n                            <h4 class=\"mn-accordion-title\" onclick=\"window.open('https:\/\/www.sggw.edu.pl\/en\/kierunki-sggw\/civil-engineering-spec-engineering-infrastructure\/')\">\n                                Civil Engineering in English (spec. Engineering Infrastructure)                            <\/h4>\n                        <\/li>\n                                        <li>\n                            <h4 class=\"mn-accordion-title\" onclick=\"window.open('https:\/\/www.sggw.edu.pl\/en\/kierunki-sggw\/dietetics\/')\">\n                                Dietetics                            <\/h4>\n                        <\/li>\n                                        <li>\n                            <h4 class=\"mn-accordion-title\" onclick=\"window.open('https:\/\/www.sggw.edu.pl\/en\/kierunki-sggw\/ecological-engineering\/')\">\n                                Ecological Engineering                            <\/h4>\n                        <\/li>\n                                        <li>\n                            <h4 class=\"mn-accordion-title\" onclick=\"window.open('https:\/\/www.sggw.edu.pl\/en\/kierunki-sggw\/economics\/')\">\n                                Economics                            <\/h4>\n                        <\/li>\n                                        <li>\n                            <h4 class=\"mn-accordion-title\" onclick=\"window.open('https:\/\/www.sggw.edu.pl\/en\/kierunki-sggw\/enviromental-protection-in-english-spec-modern-engineering-in-water-management\/')\">\n                                Enviromental Engineering in English (spec. Modern Engineering in Water Management)                            <\/h4>\n                        <\/li>\n                                        <li>\n                            <h4 class=\"mn-accordion-title\" onclick=\"window.open('https:\/\/www.sggw.edu.pl\/en\/kierunki-sggw\/enviromental-protection-in-english-spec-restoration-and-management-of-enviroment\/')\">\n                                Enviromental Protection in English (spec. Restoration and Management of Enviroment)                            <\/h4>\n                        <\/li>\n                                        <li>\n                            <h4 class=\"mn-accordion-title\" onclick=\"window.open('https:\/\/www.sggw.edu.pl\/en\/kierunki-sggw\/environmental-engineering\/')\">\n                                Environmental Engineering                            <\/h4>\n                        <\/li>\n                                        <li>\n                            <h4 class=\"mn-accordion-title\" onclick=\"window.open('https:\/\/www.sggw.edu.pl\/en\/kierunki-sggw\/environmental-engineering-in-english-spec-modern-engineering-in-water-managment\/')\">\n                                Environmental Engineering in English (spec. Modern Engineering in Water Managment)                            <\/h4>\n                        <\/li>\n                                        <li>\n                            <h4 class=\"mn-accordion-title\" onclick=\"window.open('https:\/\/www.sggw.edu.pl\/en\/kierunki-sggw\/environmental-protection\/')\">\n                                Environmental Protection                            <\/h4>\n                        <\/li>\n                                        <li>\n                            <h4 class=\"mn-accordion-title\" onclick=\"window.open('https:\/\/www.sggw.edu.pl\/en\/kierunki-sggw\/finance-and-accounting\/')\">\n                                Finance and Accounting                            <\/h4>\n                        <\/li>\n                                        <li>\n                            <h4 class=\"mn-accordion-title\" onclick=\"window.open('https:\/\/www.sggw.edu.pl\/en\/kierunki-sggw\/finance-and-accounting-2\/')\">\n                                Finance and Accounting in English                            <\/h4>\n                        <\/li>\n                                        <li>\n                            <h4 class=\"mn-accordion-title\" onclick=\"window.open('https:\/\/www.sggw.edu.pl\/en\/kierunki-sggw\/food-safety\/')\">\n                                Food Safety                            <\/h4>\n                        <\/li>\n                                        <li>\n                            <h4 class=\"mn-accordion-title\" onclick=\"window.open('https:\/\/www.sggw.edu.pl\/en\/kierunki-sggw\/food-science-technology-and-nutrition\/')\">\n                                Food Science &#8211; Technology and Nutrition                            <\/h4>\n                        <\/li>\n                                        <li>\n                            <h4 class=\"mn-accordion-title\" onclick=\"window.open('https:\/\/www.sggw.edu.pl\/en\/kierunki-sggw\/food-technology-and-human-nutrition\/')\">\n                                Food Technology and Human Nutrition                            <\/h4>\n                        <\/li>\n                                        <li>\n                            <h4 class=\"mn-accordion-title\" onclick=\"window.open('https:\/\/www.sggw.edu.pl\/en\/kierunki-sggw\/forestry\/')\">\n                                Forest Information Technology                            <\/h4>\n                        <\/li>\n                                        <li>\n                            <h4 class=\"mn-accordion-title\" onclick=\"window.open('https:\/\/www.sggw.edu.pl\/en\/kierunki-sggw\/forestry-2\/')\">\n                                Forestry                            <\/h4>\n                        <\/li>\n                                        <li>\n                            <h4 class=\"mn-accordion-title\" onclick=\"window.open('https:\/\/www.sggw.edu.pl\/en\/kierunki-sggw\/furniture\/')\">\n                                Furniture Technology                            <\/h4>\n                        <\/li>\n                                        <li>\n                            <h4 class=\"mn-accordion-title\" onclick=\"window.open('https:\/\/www.sggw.edu.pl\/en\/kierunki-sggw\/gardening\/')\">\n                                Horticulture                            <\/h4>\n                        <\/li>\n                                        <li>\n                            <h4 class=\"mn-accordion-title\" onclick=\"window.open('https:\/\/www.sggw.edu.pl\/en\/kierunki-sggw\/human-nutrition-and-food-evaluation\/')\">\n                                Human Nutrition and Food Evaluation                            <\/h4>\n                        <\/li>\n                                        <li>\n                            <h4 class=\"mn-accordion-title\" onclick=\"window.open('https:\/\/www.sggw.edu.pl\/en\/kierunki-sggw\/informatics\/')\">\n                                Informatics                            <\/h4>\n                        <\/li>\n                                        <li>\n                            <h4 class=\"mn-accordion-title\" onclick=\"window.open('https:\/\/www.sggw.edu.pl\/en\/kierunki-sggw\/computer-science-and-econometrics\/')\">\n                                Informatics and Econometrics                            <\/h4>\n                        <\/li>\n                                        <li>\n                            <h4 class=\"mn-accordion-title\" onclick=\"window.open('https:\/\/www.sggw.edu.pl\/en\/kierunki-sggw\/informatics-and-econometrics-in-english\/')\">\n                                Informatics and Econometrics in English (spec. Big Data Analytics)                            <\/h4>\n                        <\/li>\n                                        <li>\n                            <h4 class=\"mn-accordion-title\" onclick=\"window.open('https:\/\/www.sggw.edu.pl\/en\/kierunki-sggw\/landscape-architecture\/')\">\n                                Landscape architecture                            <\/h4>\n                        <\/li>\n                                        <li>\n                            <h4 class=\"mn-accordion-title\" onclick=\"window.open('https:\/\/www.sggw.edu.pl\/en\/kierunki-sggw\/landscape-architecture-under-climate-change\/')\">\n                                Landscape Architecture Under Climate Change                            <\/h4>\n                        <\/li>\n                                        <li>\n                            <h4 class=\"mn-accordion-title\" onclick=\"window.open('https:\/\/www.sggw.edu.pl\/en\/kierunki-sggw\/logistics\/')\">\n                                Logistics                            <\/h4>\n                        <\/li>\n                                        <li>\n                            <h4 class=\"mn-accordion-title\" onclick=\"window.open('https:\/\/www.sggw.edu.pl\/en\/kierunki-sggw\/management\/')\">\n                                Management                            <\/h4>\n                        <\/li>\n                                        <li>\n                            <h4 class=\"mn-accordion-title\" onclick=\"window.open('https:\/\/www.sggw.edu.pl\/en\/kierunki-sggw\/management-and-production-engineering\/')\">\n                                Management and Production Engineering                            <\/h4>\n                        <\/li>\n                                        <li>\n                            <h4 class=\"mn-accordion-title\" onclick=\"window.open('https:\/\/www.sggw.edu.pl\/en\/kierunki-sggw\/education\/')\">\n                                Pedagogics                            <\/h4>\n                        <\/li>\n                                        <li>\n                            <h4 class=\"mn-accordion-title\" onclick=\"window.open('https:\/\/www.sggw.edu.pl\/en\/kierunki-sggw\/renewable-energy-technologies\/')\">\n                                Renewable Energy Technologies                            <\/h4>\n                        <\/li>\n                                        <li>\n                            <h4 class=\"mn-accordion-title\" onclick=\"window.open('https:\/\/www.sggw.edu.pl\/en\/kierunki-sggw\/sociology\/')\">\n                                Sociology                            <\/h4>\n                        <\/li>\n                                        <li>\n                            <h4 class=\"mn-accordion-title\" onclick=\"window.open('https:\/\/www.sggw.edu.pl\/en\/kierunki-sggw\/spatial-economy\/')\">\n                                Spatial Economics                            <\/h4>\n                        <\/li>\n                                        <li>\n                            <h4 class=\"mn-accordion-title\" onclick=\"window.open('https:\/\/www.sggw.edu.pl\/en\/kierunki-sggw\/sustainable-horticulture\/')\">\n                                Sustainable Horticulture                            <\/h4>\n                        <\/li>\n                                        <li>\n                            <h4 class=\"mn-accordion-title\" onclick=\"window.open('https:\/\/www.sggw.edu.pl\/en\/kierunki-sggw\/tourism-and-recreation\/')\">\n                                Tourism and Recreation                            <\/h4>\n                        <\/li>\n                                        <li>\n                            <h4 class=\"mn-accordion-title\" onclick=\"window.open('https:\/\/www.sggw.edu.pl\/en\/kierunki-sggw\/water-engineering-and-management\/')\">\n                                Water Resources Management and Engineering                            <\/h4>\n                        <\/li>\n                                        <li>\n                            <h4 class=\"mn-accordion-title\" onclick=\"window.open('https:\/\/www.sggw.edu.pl\/en\/kierunki-sggw\/wood-technology\/')\">\n                                Wood Technology                            <\/h4>\n                        <\/li>\n                                                <\/ul>\n                            <\/div>\n                        <\/div>\n                    <\/div>\n                <\/div>\n            <\/div>\n        <\/section>\n        \t\t<\/div>\n\t\t\t\t<\/div>\n\t\t\t\t\t<\/div>\n\t\t<\/div>\n\t\t\t\t\t<\/div>\n\t\t<\/section>\n\t\t\t\t<\/div>\n\t\t","protected":false},"excerpt":{"rendered":"<p>Description and discipline Business programs Employment Opportunity Lista kierunk\u00f3w Architektura krajobrazu Bezpiecze\u0144stwo \u017cywno\u015bci Bioin\u017cynieria zwierz\u0105t Biologia Biotechnologia Budownictwo Dietetyka Ekonomia Finanse i rachunkowo\u015b\u0107 Gastronomia i hotelarstwo Gospodarka przestrzenna Hodowla i ochrona zwierz\u0105t towarzysz\u0105cych i dzikich Informatyka Informatyka i ekonometria In\u017cynieria ekologiczna In\u017cynieria i gospodarka wodna In\u017cynieria \u015brodowiska Le\u015bnictwo Logistyka Ochrona \u015brodowiska Ogrodnictwo Pedagogika Rolnictwo Socjologia [&hellip;]<\/p>\n","protected":false},"author":1,"featured_media":0,"parent":16886,"menu_order":0,"comment_status":"closed","ping_status":"closed","template":"","meta":{"_acf_changed":false,"footnotes":""},"class_list":["post-16746","page","type-page","status-publish","hentry"],"acf":[],"_links":{"self":[{"href":"https:\/\/www.sggw.edu.pl\/en\/wp-json\/wp\/v2\/pages\/16746","targetHints":{"allow":["GET"]}}],"collection":[{"href":"https:\/\/www.sggw.edu.pl\/en\/wp-json\/wp\/v2\/pages"}],"about":[{"href":"https:\/\/www.sggw.edu.pl\/en\/wp-json\/wp\/v2\/types\/page"}],"author":[{"embeddable":true,"href":"https:\/\/www.sggw.edu.pl\/en\/wp-json\/wp\/v2\/users\/1"}],"replies":[{"embeddable":true,"href":"https:\/\/www.sggw.edu.pl\/en\/wp-json\/wp\/v2\/comments?post=16746"}],"version-history":[{"count":3,"href":"https:\/\/www.sggw.edu.pl\/en\/wp-json\/wp\/v2\/pages\/16746\/revisions"}],"predecessor-version":[{"id":87157,"href":"https:\/\/www.sggw.edu.pl\/en\/wp-json\/wp\/v2\/pages\/16746\/revisions\/87157"}],"up":[{"embeddable":true,"href":"https:\/\/www.sggw.edu.pl\/en\/wp-json\/wp\/v2\/pages\/16886"}],"wp:attachment":[{"href":"https:\/\/www.sggw.edu.pl\/en\/wp-json\/wp\/v2\/media?parent=16746"}],"curies":[{"name":"wp","href":"https:\/\/api.w.org\/{rel}","templated":true}]}}