{"id":16749,"date":"2021-02-23T03:15:48","date_gmt":"2021-02-23T02:15:48","guid":{"rendered":"https:\/\/www.sggw.edu.pl\/academic-legion\/"},"modified":"2021-05-26T15:43:50","modified_gmt":"2021-05-26T13:43:50","slug":"academic-legion","status":"publish","type":"page","link":"https:\/\/www.sggw.edu.pl\/en\/studies\/academic-legion\/","title":{"rendered":"Academic Legion"},"content":{"rendered":"\t\t<div data-elementor-type=\"wp-page\" data-elementor-id=\"16749\" class=\"elementor elementor-16749\" data-elementor-post-type=\"page\">\n\t\t\t\t\t\t<section class=\"elementor-section elementor-top-section elementor-element elementor-element-50b512cd elementor-section-boxed elementor-section-height-default elementor-section-height-default\" data-id=\"50b512cd\" data-element_type=\"section\">\n\t\t\t\t\t\t<div class=\"elementor-container elementor-column-gap-default\">\n\t\t\t\t\t<div class=\"elementor-column elementor-col-100 elementor-top-column elementor-element elementor-element-7b4f088a\" data-id=\"7b4f088a\" data-element_type=\"column\">\n\t\t\t<div class=\"elementor-widget-wrap elementor-element-populated\">\n\t\t\t\t\t\t<div class=\"elementor-element elementor-element-6eb2d4d4 elementor-widget elementor-widget-wp-widget-bcn_widget\" data-id=\"6eb2d4d4\" data-element_type=\"widget\" data-widget_type=\"wp-widget-bcn_widget.default\">\n\t\t\t\t<div class=\"elementor-widget-container\">\n\t\t\t<div class=\"mn-grid breadcrumb\">\n                                    <div class=\"breadcrumb-inner mn-grid-12\"><div class=\"breadcrumbs\" vocab=\"https:\/\/schema.org\/\" typeof=\"BreadcrumbList\"><span property=\"itemListElement\" typeof=\"ListItem\"><a property=\"item\" typeof=\"WebPage\" title=\"Go to Szko\u0142a G\u0142\u00f3wna Gospodarstwa Wiejskiego w Warszawie.\" href=\"https:\/\/www.sggw.edu.pl\/en\/\" class=\"home\" aria-current=\"page\"><span property=\"name\">Home<\/span><\/a><meta property=\"position\" content=\"1\"><\/span><\/div>    <\/div>\n                                <\/div>\t\t<\/div>\n\t\t\t\t<\/div>\n\t\t\t\t<div class=\"elementor-element elementor-element-7bbba9ab elementor-widget elementor-widget-post-title\" data-id=\"7bbba9ab\" data-element_type=\"widget\" data-widget_type=\"post-title.default\">\n\t\t\t\t<div class=\"elementor-widget-container\">\n\t\t\t<section>\n                    <div class=\"mn-grid entry-header-inner section-inner medium\">\n                        <h1 class=\"mn-grid-12 entry-title\" style=\"\">\n                            Academic Legion\n                        <\/h1>\n                    <\/div>\n                <\/section>\t\t<\/div>\n\t\t\t\t<\/div>\n\t\t\t\t\t<\/div>\n\t\t<\/div>\n\t\t\t\t\t<\/div>\n\t\t<\/section>\n\t\t\t\t<section class=\"elementor-section elementor-top-section elementor-element elementor-element-8ebb0f3 elementor-section-boxed elementor-section-height-default elementor-section-height-default\" data-id=\"8ebb0f3\" data-element_type=\"section\">\n\t\t\t\t\t\t<div class=\"elementor-container elementor-column-gap-default\">\n\t\t\t\t\t<div class=\"elementor-column elementor-col-100 elementor-top-column elementor-element elementor-element-dd5c95a\" data-id=\"dd5c95a\" data-element_type=\"column\">\n\t\t\t<div class=\"elementor-widget-wrap elementor-element-populated\">\n\t\t\t\t\t\t<div class=\"elementor-element elementor-element-d609a50 elementor-widget elementor-widget-w12\" data-id=\"d609a50\" data-element_type=\"widget\" data-widget_type=\"w12.default\">\n\t\t\t\t<div class=\"elementor-widget-container\">\n\t\t\t<section>\n                <div class=\"mn-grid\">\n                    <div class=\"mn-grid-12 mn-mod-text-links\">\n                        <p>Legia Akademicka is a program aimed at students, both women and men, who would like to undergo military training, strengthen the reserves of the Polish Army, obtain a military rank or plan to join the army and on active service.<\/p>\n<p>The program is implemented by the Ministry of National Defense in agreement with the Ministry of Science and Higher Education and universities. The theoretical part of the training is organized by universities, and the practical part of the military training in the form of field exercises is organized by the Ministry of National Defense.<\/p>\n<p>The program is intended for students of universities with Polish citizenship, unpunished, who have passed the military qualification or are ready to do so.<\/p>\n<p>Application to the program:<\/p>\n<ul>\n<li>Application (1) to the university in charge of the program<\/li>\n<li>Attending theoretical classes (30 hours)<\/li>\n<li>Passing the theoretical part of the exam<\/li>\n<li>Receipt of the certificate of completion of the theoretical part<\/li>\n<li>Submission to the university<strong> application (2)<\/strong> for appointment to military exercises<\/li>\n<li>Receipt of a vocation card for military exercises<\/li>\n<li>Appearance at the indicated military unit, training and taking a military oath. Two modules to choose from:\n<ul>\n<li>Basic (21 days of training ground) &#8211; you will be a reserve soldier!<\/li>\n<li>NCO (42 days of training ground) &#8211; you will be a reserve NCO!<\/li>\n<\/ul>\n<\/li>\n<\/ul>\n<p>WULS-SGGW students interested in participating in the program may participate in classes organized by Warsaw universities. We encourage you to check the information directly at the universities listed below that run the Legia Akademicka program:<\/p>\n<p><strong>University of Economics and Humanities &#8211; application until January 10, 2020<\/strong><br \/>To download<a href=\"https:\/\/www.wojsko-polskie.pl\/u\/pages\/atts\/2019\/9\/wniosel_la.pdf\" target=\"_blank\" rel=\"noopener\"> proposal<\/a> , which must be submitted to the dean&#8217;s office of AE-H in Warsaw<strong> by January 10, 2019<\/strong><\/p>\n<p><u>Contact with the project coordinator on behalf of A EH in Warsaw<\/u><br \/>Mariusz Markiewicz, MA<br \/>e-mail: m.markiewicz@vizja.pl<br \/>mobile: 600 226 461 (from 8 a.m. to 6 p.m.)<\/p>\n<p><strong>Military University of Technology &#8211; application until January 20, 2020<\/strong><br \/><a href=\"https:\/\/wlo.wat.edu.pl\/rekrutacja-legia-akademicka\" target=\"_blank\" rel=\"noopener\">https:\/\/wlo.wat.edu.pl\/rekrutacja-legia-akademicka\/<\/a><\/p>\n<p><strong>Warsaw School of Economics<\/strong><br \/><a href=\"http:\/\/administracja.sgh.waw.pl\/pl\/SSPOiOIN\/legia-akademicka\/Strony\/default.aspx\" target=\"_blank\" rel=\"noopener\">http:\/\/administracja.sgh.waw.pl\/pl\/SSPOiOIN\/legia-akademicka\/Strony\/default.aspx<\/a><\/p>\n<p>Detailed information about the program is available at:<\/p>\n<ul>\n<li><a href=\"https:\/\/legiaakademicka.wp.mil.pl\/\" target=\"_blank\" rel=\"noopener\">https:\/\/legiaakademicka.wp.mil.pl<\/a><\/li>\n<li><a href=\"https:\/\/www.gov.pl\/web\/nauka\/program-legia-akademicka2\" target=\"_blank\" rel=\"noopener\">https:\/\/www.gov.pl\/web\/nauka\/program-legia-akademicka2<\/a><\/li>\n<li><a href=\"https:\/\/www.facebook.com\/LegiaAkademickaMON\/\" target=\"_blank\" rel=\"noopener\">facebook.com\/LegiaAkademickaMON<\/a><\/li>\n<\/ul>\n\n                    <\/div>\n                <\/div>\n            <\/section>\t\t<\/div>\n\t\t\t\t<\/div>\n\t\t\t\t\t<\/div>\n\t\t<\/div>\n\t\t\t\t\t<\/div>\n\t\t<\/section>\n\t\t\t\t<\/div>\n\t\t","protected":false},"excerpt":{"rendered":"<p>Legia Akademicka is a program aimed at students, both women and men, who would like to undergo military training, strengthen the reserves of the Polish Army, obtain a military rank or plan to join the army and on active service. The program is implemented by the Ministry of National Defense in agreement with the Ministry [&hellip;]<\/p>\n","protected":false},"author":1,"featured_media":0,"parent":12723,"menu_order":0,"comment_status":"closed","ping_status":"closed","template":"","meta":{"_acf_changed":false,"footnotes":""},"class_list":["post-16749","page","type-page","status-publish","hentry"],"acf":[],"_links":{"self":[{"href":"https:\/\/www.sggw.edu.pl\/en\/wp-json\/wp\/v2\/pages\/16749","targetHints":{"allow":["GET"]}}],"collection":[{"href":"https:\/\/www.sggw.edu.pl\/en\/wp-json\/wp\/v2\/pages"}],"about":[{"href":"https:\/\/www.sggw.edu.pl\/en\/wp-json\/wp\/v2\/types\/page"}],"author":[{"embeddable":true,"href":"https:\/\/www.sggw.edu.pl\/en\/wp-json\/wp\/v2\/users\/1"}],"replies":[{"embeddable":true,"href":"https:\/\/www.sggw.edu.pl\/en\/wp-json\/wp\/v2\/comments?post=16749"}],"version-history":[{"count":2,"href":"https:\/\/www.sggw.edu.pl\/en\/wp-json\/wp\/v2\/pages\/16749\/revisions"}],"predecessor-version":[{"id":16799,"href":"https:\/\/www.sggw.edu.pl\/en\/wp-json\/wp\/v2\/pages\/16749\/revisions\/16799"}],"up":[{"embeddable":true,"href":"https:\/\/www.sggw.edu.pl\/en\/wp-json\/wp\/v2\/pages\/12723"}],"wp:attachment":[{"href":"https:\/\/www.sggw.edu.pl\/en\/wp-json\/wp\/v2\/media?parent=16749"}],"curies":[{"name":"wp","href":"https:\/\/api.w.org\/{rel}","templated":true}]}}