{"id":16772,"date":"2021-02-23T03:16:08","date_gmt":"2021-02-23T02:16:08","guid":{"rendered":"https:\/\/www.sggw.edu.pl\/confirmation-of-learning-outcomes-info\/"},"modified":"2021-05-26T15:43:38","modified_gmt":"2021-05-26T13:43:38","slug":"confirmation-of-learning-outcomes-info","status":"publish","type":"page","link":"https:\/\/www.sggw.edu.pl\/en\/confirmation-of-learning-outcomes-info\/","title":{"rendered":"Confirmation of Learning Outcomes (INFO)"},"content":{"rendered":"\t\t<div data-elementor-type=\"wp-page\" data-elementor-id=\"16772\" class=\"elementor elementor-16772\" data-elementor-post-type=\"page\">\n\t\t\t\t\t\t<section class=\"elementor-section elementor-top-section elementor-element elementor-element-14533f32 elementor-section-boxed elementor-section-height-default elementor-section-height-default\" data-id=\"14533f32\" data-element_type=\"section\">\n\t\t\t\t\t\t<div class=\"elementor-container elementor-column-gap-default\">\n\t\t\t\t\t<div class=\"elementor-column elementor-col-100 elementor-top-column elementor-element elementor-element-2cd1e27b\" data-id=\"2cd1e27b\" data-element_type=\"column\">\n\t\t\t<div class=\"elementor-widget-wrap elementor-element-populated\">\n\t\t\t\t\t\t<div class=\"elementor-element elementor-element-4f4d464a elementor-widget elementor-widget-wp-widget-bcn_widget\" data-id=\"4f4d464a\" data-element_type=\"widget\" data-widget_type=\"wp-widget-bcn_widget.default\">\n\t\t\t\t<div class=\"elementor-widget-container\">\n\t\t\t<div class=\"mn-grid breadcrumb\">\n                                    <div class=\"breadcrumb-inner mn-grid-12\"><div class=\"breadcrumbs\" vocab=\"https:\/\/schema.org\/\" typeof=\"BreadcrumbList\"><span property=\"itemListElement\" typeof=\"ListItem\"><a property=\"item\" typeof=\"WebPage\" title=\"Go to Szko\u0142a G\u0142\u00f3wna Gospodarstwa Wiejskiego w Warszawie.\" href=\"https:\/\/www.sggw.edu.pl\/en\/\" class=\"home\" aria-current=\"page\"><span property=\"name\">Home<\/span><\/a><meta property=\"position\" content=\"1\"><\/span><\/div>    <\/div>\n                                <\/div>\t\t<\/div>\n\t\t\t\t<\/div>\n\t\t\t\t<div class=\"elementor-element elementor-element-66f754b elementor-widget elementor-widget-post-title\" data-id=\"66f754b\" data-element_type=\"widget\" data-widget_type=\"post-title.default\">\n\t\t\t\t<div class=\"elementor-widget-container\">\n\t\t\t<section>\n                    <div class=\"mn-grid entry-header-inner section-inner medium\">\n                        <h1 class=\"mn-grid-12 entry-title\" style=\"\">\n                            Confirmation of Learning Outcomes (INFO)\n                        <\/h1>\n                    <\/div>\n                <\/section>\t\t<\/div>\n\t\t\t\t<\/div>\n\t\t\t\t\t<\/div>\n\t\t<\/div>\n\t\t\t\t\t<\/div>\n\t\t<\/section>\n\t\t\t\t<section class=\"elementor-section elementor-top-section elementor-element elementor-element-f547436 elementor-section-boxed elementor-section-height-default elementor-section-height-default\" data-id=\"f547436\" data-element_type=\"section\">\n\t\t\t\t\t\t<div class=\"elementor-container elementor-column-gap-default\">\n\t\t\t\t\t<div class=\"elementor-column elementor-col-100 elementor-top-column elementor-element elementor-element-2568b76\" data-id=\"2568b76\" data-element_type=\"column\">\n\t\t\t<div class=\"elementor-widget-wrap elementor-element-populated\">\n\t\t\t\t\t\t<div class=\"elementor-element elementor-element-9fe39fd elementor-widget elementor-widget-w33\" data-id=\"9fe39fd\" data-element_type=\"widget\" data-widget_type=\"w33.default\">\n\t\t\t\t<div class=\"elementor-widget-container\">\n\t\t\t<section>\n            <div class=\"mn-grid\">\n                <div class=\"mn-vertical-separator-x2\">\n                    \n                <\/div>\n            <\/section>\t\t<\/div>\n\t\t\t\t<\/div>\n\t\t\t\t<div class=\"elementor-element elementor-element-81788ea elementor-widget elementor-widget-w12\" data-id=\"81788ea\" data-element_type=\"widget\" data-widget_type=\"w12.default\">\n\t\t\t\t<div class=\"elementor-widget-container\">\n\t\t\t<section>\n                <div class=\"mn-grid\">\n                    <div class=\"mn-grid-12 mn-mod-text-links\">\n                        <p>If you are interested in being admitted to studies as a result of confirmation of learning outcomes, please see<a href=\"https:\/\/www.sggw.edu.pl\/wp-content\/uploads\/2020\/11\/31ENLSCDELBS5M4ENT5GCCGG64UFMK.pdf\"> Resolution No. 146 &#8211; 2018\/2019<\/a> Senate of the Warsaw University of Life Sciences &#8211; SGGW of June 24, 2019. on the rules and procedure for confirming learning outcomes.<\/p>\n\n                    <\/div>\n                <\/div>\n            <\/section>\t\t<\/div>\n\t\t\t\t<\/div>\n\t\t\t\t\t<\/div>\n\t\t<\/div>\n\t\t\t\t\t<\/div>\n\t\t<\/section>\n\t\t\t\t<\/div>\n\t\t","protected":false},"excerpt":{"rendered":"<p>If you are interested in being admitted to studies as a result of confirmation of learning outcomes, please see Resolution No. 146 &#8211; 2018\/2019 Senate of the Warsaw University of Life Sciences &#8211; SGGW of June 24, 2019. on the rules and procedure for confirming learning outcomes.<\/p>\n","protected":false},"author":1,"featured_media":0,"parent":0,"menu_order":0,"comment_status":"closed","ping_status":"closed","template":"","meta":{"_acf_changed":false,"footnotes":""},"class_list":["post-16772","page","type-page","status-publish","hentry"],"acf":[],"_links":{"self":[{"href":"https:\/\/www.sggw.edu.pl\/en\/wp-json\/wp\/v2\/pages\/16772","targetHints":{"allow":["GET"]}}],"collection":[{"href":"https:\/\/www.sggw.edu.pl\/en\/wp-json\/wp\/v2\/pages"}],"about":[{"href":"https:\/\/www.sggw.edu.pl\/en\/wp-json\/wp\/v2\/types\/page"}],"author":[{"embeddable":true,"href":"https:\/\/www.sggw.edu.pl\/en\/wp-json\/wp\/v2\/users\/1"}],"replies":[{"embeddable":true,"href":"https:\/\/www.sggw.edu.pl\/en\/wp-json\/wp\/v2\/comments?post=16772"}],"version-history":[{"count":1,"href":"https:\/\/www.sggw.edu.pl\/en\/wp-json\/wp\/v2\/pages\/16772\/revisions"}],"predecessor-version":[{"id":16805,"href":"https:\/\/www.sggw.edu.pl\/en\/wp-json\/wp\/v2\/pages\/16772\/revisions\/16805"}],"wp:attachment":[{"href":"https:\/\/www.sggw.edu.pl\/en\/wp-json\/wp\/v2\/media?parent=16772"}],"curies":[{"name":"wp","href":"https:\/\/api.w.org\/{rel}","templated":true}]}}