{"id":16822,"date":"2021-02-23T03:43:38","date_gmt":"2021-02-23T02:43:38","guid":{"rendered":"https:\/\/www.sggw.edu.pl\/1st-and-2nd-cycle-studies-uniform-masters-degree-studies\/studies-in-polish\/1st-degree\/part-time\/calendar\/"},"modified":"2021-05-26T15:43:36","modified_gmt":"2021-05-26T13:43:36","slug":"calendar","status":"publish","type":"page","link":"https:\/\/www.sggw.edu.pl\/en\/1st-and-2nd-cycle-studies-uniform-masters-degree-studies\/studies-in-polish\/1st-degree\/part-time\/calendar\/","title":{"rendered":"Calendar"},"content":{"rendered":"\t\t<div data-elementor-type=\"wp-page\" data-elementor-id=\"16822\" class=\"elementor elementor-16822\" data-elementor-post-type=\"page\">\n\t\t\t\t\t\t<section class=\"elementor-section elementor-top-section elementor-element elementor-element-66bd68ce elementor-section-boxed elementor-section-height-default elementor-section-height-default\" data-id=\"66bd68ce\" data-element_type=\"section\">\n\t\t\t\t\t\t<div class=\"elementor-container elementor-column-gap-default\">\n\t\t\t\t\t<div class=\"elementor-column elementor-col-100 elementor-top-column elementor-element elementor-element-235aacc0\" data-id=\"235aacc0\" data-element_type=\"column\">\n\t\t\t<div class=\"elementor-widget-wrap elementor-element-populated\">\n\t\t\t\t\t\t<div class=\"elementor-element elementor-element-24c6d1cf elementor-widget elementor-widget-wp-widget-bcn_widget\" data-id=\"24c6d1cf\" data-element_type=\"widget\" data-widget_type=\"wp-widget-bcn_widget.default\">\n\t\t\t\t<div class=\"elementor-widget-container\">\n\t\t\t<div class=\"mn-grid breadcrumb\">\n                                    <div class=\"breadcrumb-inner mn-grid-12\"><div class=\"breadcrumbs\" vocab=\"https:\/\/schema.org\/\" typeof=\"BreadcrumbList\"><span property=\"itemListElement\" typeof=\"ListItem\"><a property=\"item\" typeof=\"WebPage\" title=\"Go to Szko\u0142a G\u0142\u00f3wna Gospodarstwa Wiejskiego w Warszawie.\" href=\"https:\/\/www.sggw.edu.pl\/en\/\" class=\"home\" aria-current=\"page\"><span property=\"name\">Home<\/span><\/a><meta property=\"position\" content=\"1\"><\/span><\/div>    <\/div>\n                                <\/div>\t\t<\/div>\n\t\t\t\t<\/div>\n\t\t\t\t<div class=\"elementor-element elementor-element-5b7a5ae5 elementor-widget elementor-widget-post-title\" data-id=\"5b7a5ae5\" data-element_type=\"widget\" data-widget_type=\"post-title.default\">\n\t\t\t\t<div class=\"elementor-widget-container\">\n\t\t\t<section>\n                    <div class=\"mn-grid entry-header-inner section-inner medium\">\n                        <h1 class=\"mn-grid-12 entry-title\" style=\"\">\n                            Calendar\n                        <\/h1>\n                    <\/div>\n                <\/section>\t\t<\/div>\n\t\t\t\t<\/div>\n\t\t\t\t<div class=\"elementor-element elementor-element-22107da elementor-widget elementor-widget-w33\" data-id=\"22107da\" data-element_type=\"widget\" data-widget_type=\"w33.default\">\n\t\t\t\t<div class=\"elementor-widget-container\">\n\t\t\t<section>\n            <div class=\"mn-grid\">\n                <div class=\"mn-vertical-separator\">\n                    \n                <\/div>\n            <\/section>\t\t<\/div>\n\t\t\t\t<\/div>\n\t\t\t\t\t<\/div>\n\t\t<\/div>\n\t\t\t\t\t<\/div>\n\t\t<\/section>\n\t\t\t\t<section class=\"elementor-section elementor-top-section elementor-element elementor-element-1ab4b86 elementor-section-boxed elementor-section-height-default elementor-section-height-default\" data-id=\"1ab4b86\" data-element_type=\"section\">\n\t\t\t\t\t\t<div class=\"elementor-container elementor-column-gap-default\">\n\t\t\t\t\t<div class=\"elementor-column elementor-col-100 elementor-top-column elementor-element elementor-element-3fa3860\" data-id=\"3fa3860\" data-element_type=\"column\">\n\t\t\t<div class=\"elementor-widget-wrap elementor-element-populated\">\n\t\t\t\t\t\t<div class=\"elementor-element elementor-element-6fac5ca elementor-widget elementor-widget-w1_2_3\" data-id=\"6fac5ca\" data-element_type=\"widget\" data-widget_type=\"w1_2_3.default\">\n\t\t\t\t<div class=\"elementor-widget-container\">\n\t\t\t<section>\n                    <div class=\"mn-grid\">\n                        <h3  class=\"mn-grid-12 mn-section-title2\">\n                            Supplementary qualifications\n                        <\/h3>\n                    <\/div>\n                <\/section>\t\t<\/div>\n\t\t\t\t<\/div>\n\t\t\t\t\t<\/div>\n\t\t<\/div>\n\t\t\t\t\t<\/div>\n\t\t<\/section>\n\t\t\t\t<section class=\"elementor-section elementor-top-section elementor-element elementor-element-97e3aa8 elementor-section-boxed elementor-section-height-default elementor-section-height-default\" data-id=\"97e3aa8\" data-element_type=\"section\">\n\t\t\t\t\t\t<div class=\"elementor-container elementor-column-gap-default\">\n\t\t\t\t\t<div class=\"elementor-column elementor-col-100 elementor-top-column elementor-element elementor-element-827beda\" data-id=\"827beda\" data-element_type=\"column\">\n\t\t\t<div class=\"elementor-widget-wrap elementor-element-populated\">\n\t\t\t\t\t\t<div class=\"elementor-element elementor-element-661b013 elementor-widget elementor-widget-w12\" data-id=\"661b013\" data-element_type=\"widget\" data-widget_type=\"w12.default\">\n\t\t\t\t<div class=\"elementor-widget-container\">\n\t\t\t<section>\n                <div class=\"mn-grid\">\n                    <div class=\"mn-grid-12 mn-mod-text-links\">\n                        <p>Recruitment calendar &#8211; first-cycle and long-cycle (veterinary) studies for the academic year 2020\/2021<\/p>\n<\/p>\n<p>The candidate has the option to change the registration to the fields of study with vacancies; it is possible to register new candidates.<\/p>\n<table border=\"1\" width=\"100%\" cellspacing=\"0\" cellpadding=\"0\">\n<tbody>\n<tr>\n<td>\n<p>September 25 <\/p>\n<\/td>\n<td>\n<p>10:00 a.m. 20<\/p>\n<\/td>\n<td>\n<p>information about vacancies for particular fields of study in supplementary recruitment<\/p>\n<\/td>\n<\/tr>\n<tr>\n<td>\n<p>September 26<\/p>\n<p>&#8211; 2nd of October<\/p>\n<\/td>\n<td>\n<p>10:00 a.m. 24<\/p>\n<\/td>\n<td>\n<p>registration of new candidates in the Candidate Service System (SOK)<br \/>selection \/ change of the field and form of studies of the current candidates<\/p>\n<\/td>\n<\/tr>\n<tr>\n<td>\n<p>until October 2<\/p>\n<\/td>\n<td>\n<p>10:00 a.m. 24<\/p>\n<\/td>\n<td>\n<p>deadline for payment of the recruitment fee for new candidates<\/p>\n<p>deadline for introducing \/ completing the results of the matura exam<\/p>\n<\/td>\n<\/tr>\n<tr>\n<td>\n<p>until October 6<\/p>\n<\/td>\n<td>\n<p>10:00 a.m. 22<\/p>\n<\/td>\n<td>\n<p>announcement of qualification results (SOK, message via e-mail)<\/p>\n<\/td>\n<\/tr>\n<tr>\n<td>\n<p>October 7<\/p>\n<\/td>\n<td>\n<\/td>\n<td>\n<p>supplementing data in the SOK,<\/p>\n<ul>\n<li>attaching digital photography to the student ID card at SOK,<\/li>\n<li>attaching a scan of the secondary school-leaving examination certificate to the SOK,<\/li>\n<li><strong>confirmation in SOK by qualified persons of their readiness to start studies at SGGW,<\/strong><\/li>\n<li>a printout of a personal questionnaire from the SOK<\/li>\n<\/ul>\n<\/td>\n<\/tr>\n<tr>\n<td>\n<p>October 8-9<\/p>\n<\/td>\n<td>\n<p>at 9- 15<\/p>\n<\/td>\n<td>\n<p>Delivery of documents to WULS-SGGW by courier, in justified cases in person, from 9 &#8211; 15 building 8<\/p>\n<p>October 9 is the final date for the receipt of documents by the Warsaw University of Life Sciences<\/p>\n<\/td>\n<\/tr>\n<tr>\n<td>\n<p>October 9<\/p>\n<\/td>\n<td>\n<\/td>\n<td>\n<p>closing the recruitment<\/p>\n<\/td>\n<\/tr>\n<\/tbody>\n<\/table>\n<p><strong>Supplementary qualification I-<em> timeline of the first follow-up qualification retained for reference<\/em><\/strong><\/p>\n<p>The candidate has the option to change the registration to the fields of study with vacancies; it is possible to register new candidates.<\/p>\n<table border=\"1\" width=\"100%\" cellspacing=\"0\" cellpadding=\"0\">\n<tbody>\n<tr>\n<td>\n<p>September 7 <\/p>\n<\/td>\n<td>10:00 a.m. 18<\/td>\n<td>\n<p>information about vacancies for particular fields of study in the second stage<\/p>\n<\/td>\n<\/tr>\n<tr>\n<td>September 8 &#8211; 10<\/td>\n<td>10:00 a.m. 24<\/td>\n<td>registration of new candidates in the Candidate Service System (SOK)<br \/>selection \/ change of the field and form of studies of the current candidates<\/td>\n<\/tr>\n<tr>\n<td>until September 10<\/td>\n<td>10:00 a.m. 24<\/td>\n<td>\n<p>deadline for payment of the recruitment fee for new candidates<\/p>\n<p>deadline for introducing \/ completing the results of the matura exam<\/p>\n<\/td>\n<\/tr>\n<tr>\n<td>until September 14<\/td>\n<td>10:00 a.m. 22<\/td>\n<td>\n<p>announcement of qualification results (SOK, message via e-mail)<\/p>\n<\/td>\n<\/tr>\n<tr>\n<td>September 15-17<\/td>\n<td> <\/td>\n<td>\n<p>supplementing data in the SOK,<\/p>\n<ul>\n<li>attaching digital photography to the student ID card at SOK,<\/li>\n<li>attaching a scan of the secondary school-leaving examination certificate to the SOK,<\/li>\n<li><strong>confirmation in SOK by qualified persons of their readiness to start studies at SGGW,<\/strong><\/li>\n<li>a printout of a personal questionnaire from the SOK<\/li>\n<\/ul>\n<\/td>\n<\/tr>\n<tr>\n<td>September 18 &#8211; 23<\/td>\n<td>September 23 h. 15<\/td>\n<td>\n<p>deadline for receipt of documents at WULS-SGGW: sending by post, courier, in justified cases in person, on working days between 9 &#8211; 15 building 8<\/p>\n<p>(when sending documents, we suggest sending parcels as soon as possible, i.e. by September 16)<\/td>\n<\/tr>\n<tr>\n<td>September 24<\/td>\n<td><\/td>\n<td> closing the recruitment<\/td>\n<\/tr>\n<\/tbody>\n<\/table>\n\n                    <\/div>\n                <\/div>\n            <\/section>\t\t<\/div>\n\t\t\t\t<\/div>\n\t\t\t\t\t<\/div>\n\t\t<\/div>\n\t\t\t\t\t<\/div>\n\t\t<\/section>\n\t\t\t\t<section class=\"elementor-section elementor-top-section elementor-element elementor-element-ec4b9e4 elementor-section-boxed elementor-section-height-default elementor-section-height-default\" data-id=\"ec4b9e4\" data-element_type=\"section\">\n\t\t\t\t\t\t<div class=\"elementor-container elementor-column-gap-default\">\n\t\t\t\t\t<div class=\"elementor-column elementor-col-100 elementor-top-column elementor-element elementor-element-18bd6e1\" data-id=\"18bd6e1\" data-element_type=\"column\">\n\t\t\t<div class=\"elementor-widget-wrap elementor-element-populated\">\n\t\t\t\t\t\t<div class=\"elementor-element elementor-element-d3a69fe elementor-widget elementor-widget-w7\" data-id=\"d3a69fe\" data-element_type=\"widget\" data-widget_type=\"w7.default\">\n\t\t\t\t<div class=\"elementor-widget-container\">\n\t\t\t<section>\n                <div class=\"mn-grid\">\n                    <div class=\"mn-grid-12 mn-horizontal-separator\"><\/div>\n                <\/div>\n                <\/section>\t\t<\/div>\n\t\t\t\t<\/div>\n\t\t\t\t<div class=\"elementor-element elementor-element-bda8e75 elementor-widget elementor-widget-w1_2_3\" data-id=\"bda8e75\" data-element_type=\"widget\" data-widget_type=\"w1_2_3.default\">\n\t\t\t\t<div class=\"elementor-widget-container\">\n\t\t\t<section>\n                    <div class=\"mn-grid\">\n                        <h3  class=\"mn-grid-12 mn-section-title2\">\n                            Basic qualification\n                        <\/h3>\n                    <\/div>\n                <\/section>\t\t<\/div>\n\t\t\t\t<\/div>\n\t\t\t\t\t<\/div>\n\t\t<\/div>\n\t\t\t\t\t<\/div>\n\t\t<\/section>\n\t\t\t\t<section class=\"elementor-section elementor-top-section elementor-element elementor-element-942d0d0 elementor-section-boxed elementor-section-height-default elementor-section-height-default\" data-id=\"942d0d0\" data-element_type=\"section\">\n\t\t\t\t\t\t<div class=\"elementor-container elementor-column-gap-default\">\n\t\t\t\t\t<div class=\"elementor-column elementor-col-100 elementor-top-column elementor-element elementor-element-35b0917\" data-id=\"35b0917\" data-element_type=\"column\">\n\t\t\t<div class=\"elementor-widget-wrap elementor-element-populated\">\n\t\t\t\t\t\t<div class=\"elementor-element elementor-element-cf2e547 elementor-widget elementor-widget-w12\" data-id=\"cf2e547\" data-element_type=\"widget\" data-widget_type=\"w12.default\">\n\t\t\t\t<div class=\"elementor-widget-container\">\n\t\t\t<section>\n                <div class=\"mn-grid\">\n                    <div class=\"mn-grid-12 mn-mod-text-links\">\n                        <p><strong>Basic qualification &#8211;<em> Basic qualification calendar kept for reference<\/em><\/strong><\/p>\n<table border=\"1\" width=\"100%\" cellspacing=\"0\" cellpadding=\"0\">\n<tbody>\n<tr>\n<td>\n<p>from July 1<br \/>until August 16 <\/p>\n<\/td>\n<td>10:00 a.m. 24<\/td>\n<td>\n<p>registration in the Candidate Service System (SOK)<br \/>choosing the field and form of studies<\/p>\n<\/td>\n<\/tr>\n<tr>\n<td>until August 20<\/td>\n<td>at 9 &#8211; 15<\/td>\n<td>\n<p>deadline for submitting documents to WULS-SGGW by winners of Olympiads and competitions (after registering and choosing a field of study at SOK)<br \/>(when sending documents, we suggest sending parcels as soon as possible, i.e. by August 13)<\/p>\n<\/td>\n<\/tr>\n<tr>\n<td>until August 20<\/td>\n<td>10:00 a.m. 24<\/td>\n<td>\n<p>deadline for paying the enrollment fee<\/p>\n<p>deadline for introducing \/ completing the results of the matura exam<\/p>\n<\/td>\n<\/tr>\n<tr>\n<td>until August 24<\/td>\n<td>10:00 a.m. 20<\/td>\n<td>\n<p>announcement of qualification results (SOK, message via e-mail)<\/p>\n<\/td>\n<\/tr>\n<tr>\n<td>August 25-27<\/td>\n<td> <\/td>\n<td>\n<p>supplementing data in the SOK,<\/p>\n<ul>\n<li>attaching digital photography to the student ID card at SOK,<\/li>\n<li>attaching a scan of the secondary school-leaving examination certificate to the SOK,<\/li>\n<li><strong>confirmation in SOK by qualified persons of their readiness to start studies at SGGW,<\/strong><\/li>\n<li>a printout of a personal questionnaire from the SOK<\/li>\n<\/ul>\n<\/td>\n<\/tr>\n<tr>\n<td>August 28 &#8211; September 4<\/td>\n<td>September 4 at 15<\/td>\n<td>\n<p>deadline for receipt of documents at WULS-SGGW: sending by post, courier, in justified cases in person, on working days between 9 &#8211; 15 building 8<\/p>\n<p>(when sending documents, we suggest sending parcels as soon as possible, i.e. by August 26)<\/td>\n<\/tr>\n<tr>\n<td>September 7<\/td>\n<td><\/td>\n<td> closing the first stage of recruitment<\/td>\n<\/tr>\n<\/tbody>\n<\/table>\n\n                    <\/div>\n                <\/div>\n            <\/section>\t\t<\/div>\n\t\t\t\t<\/div>\n\t\t\t\t\t<\/div>\n\t\t<\/div>\n\t\t\t\t\t<\/div>\n\t\t<\/section>\n\t\t\t\t<\/div>\n\t\t","protected":false},"excerpt":{"rendered":"<p>Supplementary qualifications Recruitment calendar &#8211; first-cycle and long-cycle (veterinary) studies for the academic year 2020\/2021 The candidate has the option to change the registration to the fields of study with vacancies; it is possible to register new candidates. September 25 10:00 a.m. 20 information about vacancies for particular fields of study in supplementary recruitment September [&hellip;]<\/p>\n","protected":false},"author":1,"featured_media":0,"parent":16778,"menu_order":0,"comment_status":"closed","ping_status":"closed","template":"","meta":{"_acf_changed":false,"footnotes":""},"class_list":["post-16822","page","type-page","status-publish","hentry"],"acf":[],"_links":{"self":[{"href":"https:\/\/www.sggw.edu.pl\/en\/wp-json\/wp\/v2\/pages\/16822","targetHints":{"allow":["GET"]}}],"collection":[{"href":"https:\/\/www.sggw.edu.pl\/en\/wp-json\/wp\/v2\/pages"}],"about":[{"href":"https:\/\/www.sggw.edu.pl\/en\/wp-json\/wp\/v2\/types\/page"}],"author":[{"embeddable":true,"href":"https:\/\/www.sggw.edu.pl\/en\/wp-json\/wp\/v2\/users\/1"}],"replies":[{"embeddable":true,"href":"https:\/\/www.sggw.edu.pl\/en\/wp-json\/wp\/v2\/comments?post=16822"}],"version-history":[{"count":3,"href":"https:\/\/www.sggw.edu.pl\/en\/wp-json\/wp\/v2\/pages\/16822\/revisions"}],"predecessor-version":[{"id":16835,"href":"https:\/\/www.sggw.edu.pl\/en\/wp-json\/wp\/v2\/pages\/16822\/revisions\/16835"}],"up":[{"embeddable":true,"href":"https:\/\/www.sggw.edu.pl\/en\/wp-json\/wp\/v2\/pages\/16778"}],"wp:attachment":[{"href":"https:\/\/www.sggw.edu.pl\/en\/wp-json\/wp\/v2\/media?parent=16822"}],"curies":[{"name":"wp","href":"https:\/\/api.w.org\/{rel}","templated":true}]}}