{"id":16843,"date":"2021-02-23T04:02:52","date_gmt":"2021-02-23T03:02:52","guid":{"rendered":"https:\/\/www.sggw.edu.pl\/home\/shortcuts-for-the-graduate\/"},"modified":"2021-06-22T13:39:08","modified_gmt":"2021-06-22T11:39:08","slug":"shortcuts-for-the-graduate","status":"publish","type":"page","link":"https:\/\/www.sggw.edu.pl\/en\/home\/shortcuts-for-the-graduate\/","title":{"rendered":"Shortcuts &#8211; For SGGW graduates"},"content":{"rendered":"\t\t<div data-elementor-type=\"wp-page\" data-elementor-id=\"16843\" class=\"elementor elementor-16843\" data-elementor-post-type=\"page\">\n\t\t\t\t\t\t<section class=\"elementor-section elementor-top-section elementor-element elementor-element-2910fb7d elementor-section-boxed elementor-section-height-default elementor-section-height-default\" data-id=\"2910fb7d\" data-element_type=\"section\">\n\t\t\t\t\t\t<div class=\"elementor-container elementor-column-gap-default\">\n\t\t\t\t\t<div class=\"elementor-column elementor-col-100 elementor-top-column elementor-element elementor-element-22b8d95d\" data-id=\"22b8d95d\" data-element_type=\"column\">\n\t\t\t<div class=\"elementor-widget-wrap elementor-element-populated\">\n\t\t\t\t\t\t<div class=\"elementor-element elementor-element-4c8d1ac6 elementor-widget elementor-widget-wp-widget-bcn_widget\" data-id=\"4c8d1ac6\" data-element_type=\"widget\" data-widget_type=\"wp-widget-bcn_widget.default\">\n\t\t\t\t<div class=\"elementor-widget-container\">\n\t\t\t<div class=\"mn-grid breadcrumb\">\n                                    <div class=\"breadcrumb-inner mn-grid-12\"><div class=\"breadcrumbs\" vocab=\"https:\/\/schema.org\/\" typeof=\"BreadcrumbList\"><span property=\"itemListElement\" typeof=\"ListItem\"><a property=\"item\" typeof=\"WebPage\" title=\"Go to Szko\u0142a G\u0142\u00f3wna Gospodarstwa Wiejskiego w Warszawie.\" href=\"https:\/\/www.sggw.edu.pl\/en\/\" class=\"home\" aria-current=\"page\"><span property=\"name\">Home<\/span><\/a><meta property=\"position\" content=\"1\"><\/span><\/div>    <\/div>\n                                <\/div>\t\t<\/div>\n\t\t\t\t<\/div>\n\t\t\t\t<div class=\"elementor-element elementor-element-2b690dbd elementor-widget elementor-widget-post-title\" data-id=\"2b690dbd\" data-element_type=\"widget\" data-widget_type=\"post-title.default\">\n\t\t\t\t<div class=\"elementor-widget-container\">\n\t\t\t<section>\n                    <div class=\"mn-grid entry-header-inner section-inner medium\">\n                        <h1 class=\"mn-grid-12 entry-title\" style=\"\">\n                            Shortcuts &#8211; For SGGW graduates\n                        <\/h1>\n                    <\/div>\n                <\/section>\t\t<\/div>\n\t\t\t\t<\/div>\n\t\t\t\t<div class=\"elementor-element elementor-element-dc46c22 elementor-widget elementor-widget-w33\" data-id=\"dc46c22\" data-element_type=\"widget\" data-widget_type=\"w33.default\">\n\t\t\t\t<div class=\"elementor-widget-container\">\n\t\t\t<section>\n            <div class=\"mn-grid\">\n                <div class=\"mn-vertical-separator-x2\">\n                    \n                <\/div>\n            <\/section>\t\t<\/div>\n\t\t\t\t<\/div>\n\t\t\t\t<div class=\"elementor-element elementor-element-0357205 elementor-widget elementor-widget-w33\" data-id=\"0357205\" data-element_type=\"widget\" data-widget_type=\"w33.default\">\n\t\t\t\t<div class=\"elementor-widget-container\">\n\t\t\t<section>\n            <div class=\"mn-grid\">\n                <div class=\"mn-vertical-separator\">\n                    \n                <\/div>\n            <\/section>\t\t<\/div>\n\t\t\t\t<\/div>\n\t\t\t\t<section class=\"elementor-section elementor-inner-section elementor-element elementor-element-c12fc7a elementor-section-boxed elementor-section-height-default elementor-section-height-default\" data-id=\"c12fc7a\" data-element_type=\"section\">\n\t\t\t\t\t\t<div class=\"elementor-container elementor-column-gap-default\">\n\t\t\t\t\t<div class=\"elementor-column elementor-col-100 elementor-inner-column elementor-element elementor-element-1a332bd\" data-id=\"1a332bd\" data-element_type=\"column\">\n\t\t\t<div class=\"elementor-widget-wrap elementor-element-populated\">\n\t\t\t\t\t\t<div class=\"elementor-element elementor-element-d785065 elementor-widget elementor-widget-w12\" data-id=\"d785065\" data-element_type=\"widget\" data-widget_type=\"w12.default\">\n\t\t\t\t<div class=\"elementor-widget-container\">\n\t\t\t<section>\n                <div class=\"mn-grid\">\n                    <div class=\"mn-grid-12 mn-mod-text-links\">\n                        <p>Graduates of the Warsaw University of Life Sciences are persons who have completed first-cycle, second-cycle, third-cycle or post-graduate studies. Many of them stay in touch with the university taking advantage of the numerous opportunities it creates for them. With the Career Services Office, they find internships, apprenticeships and even their first job. They often continue their education in courses and other fields of study. They take part in graduate meetings, conferences, debates and workshops organized by the university. The skills and knowledge acquired during their education allow them to successfully develop their professional careers. High competences allow to appear both on the Polish and on the international labor market. They often stay in touch with the university for longer, creating a real alumni community.<\/p>\n                    <\/div>\n                <\/div>\n            <\/section>\t\t<\/div>\n\t\t\t\t<\/div>\n\t\t\t\t<div class=\"elementor-element elementor-element-44385a4 elementor-widget elementor-widget-w12\" data-id=\"44385a4\" data-element_type=\"widget\" data-widget_type=\"w12.default\">\n\t\t\t\t<div class=\"elementor-widget-container\">\n\t\t\t<section>\n                <div class=\"mn-grid\">\n                    <div class=\"mn-grid-12 mn-mod-text-links\">\n                        \n                    <\/div>\n                <\/div>\n            <\/section>\t\t<\/div>\n\t\t\t\t<\/div>\n\t\t\t\t<div class=\"elementor-element elementor-element-8cc0af4 elementor-widget elementor-widget-w33\" data-id=\"8cc0af4\" data-element_type=\"widget\" data-widget_type=\"w33.default\">\n\t\t\t\t<div class=\"elementor-widget-container\">\n\t\t\t<section>\n            <div class=\"mn-grid\">\n                <div class=\"mn-vertical-separator-x2\">\n                    \n                <\/div>\n            <\/section>\t\t<\/div>\n\t\t\t\t<\/div>\n\t\t\t\t<div class=\"elementor-element elementor-element-bb144b9 elementor-widget elementor-widget-w7\" data-id=\"bb144b9\" data-element_type=\"widget\" data-widget_type=\"w7.default\">\n\t\t\t\t<div class=\"elementor-widget-container\">\n\t\t\t<section>\n                <div class=\"mn-grid\">\n                    <div class=\"mn-grid-12 mn-horizontal-separator\"><\/div>\n                <\/div>\n                <\/section>\t\t<\/div>\n\t\t\t\t<\/div>\n\t\t\t\t\t<\/div>\n\t\t<\/div>\n\t\t\t\t\t<\/div>\n\t\t<\/section>\n\t\t\t\t\t<\/div>\n\t\t<\/div>\n\t\t\t\t\t<\/div>\n\t\t<\/section>\n\t\t\t\t<section class=\"elementor-section elementor-top-section elementor-element elementor-element-4e46c74 elementor-section-boxed elementor-section-height-default elementor-section-height-default\" data-id=\"4e46c74\" data-element_type=\"section\">\n\t\t\t\t\t\t<div class=\"elementor-container elementor-column-gap-default\">\n\t\t\t\t\t<div class=\"elementor-column elementor-col-100 elementor-top-column elementor-element elementor-element-74e4d2b\" data-id=\"74e4d2b\" data-element_type=\"column\">\n\t\t\t<div class=\"elementor-widget-wrap elementor-element-populated\">\n\t\t\t\t\t\t<section class=\"elementor-section elementor-inner-section elementor-element elementor-element-2b181c4 elementor-section-boxed elementor-section-height-default elementor-section-height-default\" data-id=\"2b181c4\" data-element_type=\"section\">\n\t\t\t\t\t\t<div class=\"elementor-container elementor-column-gap-default\">\n\t\t\t\t\t<div class=\"elementor-column elementor-col-100 elementor-inner-column elementor-element elementor-element-13c0bb4\" data-id=\"13c0bb4\" data-element_type=\"column\">\n\t\t\t<div class=\"elementor-widget-wrap elementor-element-populated\">\n\t\t\t\t\t\t<div class=\"elementor-element elementor-element-2a5d384 elementor-widget elementor-widget-w1_2_3\" data-id=\"2a5d384\" data-element_type=\"widget\" data-widget_type=\"w1_2_3.default\">\n\t\t\t\t<div class=\"elementor-widget-container\">\n\t\t\t<section>\n                    <div class=\"mn-grid\">\n                        <h3  class=\"mn-grid-12 mn-section-title2\">\n                            Useful information\n                        <\/h3>\n                    <\/div>\n                <\/section>\t\t<\/div>\n\t\t\t\t<\/div>\n\t\t\t\t<div class=\"elementor-element elementor-element-af06f94 elementor-widget elementor-widget-w9\" data-id=\"af06f94\" data-element_type=\"widget\" data-widget_type=\"w9.default\">\n\t\t\t\t<div class=\"elementor-widget-container\">\n\t\t\t<section><div class=\"mn-grid\"><ul class=\"mn-grid-12 mn-link-list-type1\"><li>\n                            <a href=\"\" class=\"mn-pointer-event-off\">\n                                <span>Career Services Office<\/span>\n                            <\/a>\n                        <\/li><li>\n                            <a href=\"\" class=\"mn-pointer-event-off\">\n                                <span>SGGW Educated Association<\/span>\n                            <\/a>\n                        <\/li><li>\n                            <a href=\"\" class=\"mn-pointer-event-off\">\n                                <span>Postgraduate Studies<\/span>\n                            <\/a>\n                        <\/li><li>\n                            <a href=\"\" class=\"mn-pointer-event-off\">\n                                <span>Open University<\/span>\n                            <\/a>\n                        <\/li><li>\n                            <a href=\"\" class=\"mn-pointer-event-off\">\n                                <span>University of the Third Age<\/span>\n                            <\/a>\n                        <\/li><li>\n                            <a href=\"\" class=\"mn-pointer-event-off\">\n                                <span>Subscribe to information from SGGW<\/span>\n                            <\/a>\n                        <\/li><\/ul><\/div><\/section>\t\t<\/div>\n\t\t\t\t<\/div>\n\t\t\t\t\t<\/div>\n\t\t<\/div>\n\t\t\t\t\t<\/div>\n\t\t<\/section>\n\t\t\t\t\t<\/div>\n\t\t<\/div>\n\t\t\t\t\t<\/div>\n\t\t<\/section>\n\t\t\t\t<section class=\"elementor-section elementor-top-section elementor-element elementor-element-91f0d16 elementor-section-boxed elementor-section-height-default elementor-section-height-default\" data-id=\"91f0d16\" data-element_type=\"section\">\n\t\t\t\t\t\t<div class=\"elementor-container elementor-column-gap-default\">\n\t\t\t\t\t<div class=\"elementor-column elementor-col-100 elementor-top-column elementor-element elementor-element-9d95f3b\" data-id=\"9d95f3b\" data-element_type=\"column\">\n\t\t\t<div class=\"elementor-widget-wrap\">\n\t\t\t\t\t\t\t<\/div>\n\t\t<\/div>\n\t\t\t\t\t<\/div>\n\t\t<\/section>\n\t\t\t\t<\/div>\n\t\t","protected":false},"excerpt":{"rendered":"<p>Shortcuts \u2013 For the graduate Graduates of the Warsaw University of Life Sciences are persons who have completed first-cycle, second-cycle, third-cycle or post-graduate studies. Many of them stay in touch with the university taking advantage of the numerous opportunities it creates for them. With the Career Services Office, they find internships, apprenticeships and even their [&hellip;]<\/p>\n","protected":false},"author":1,"featured_media":0,"parent":16825,"menu_order":0,"comment_status":"closed","ping_status":"closed","template":"","meta":{"_acf_changed":false,"footnotes":""},"class_list":["post-16843","page","type-page","status-publish","hentry"],"acf":[],"_links":{"self":[{"href":"https:\/\/www.sggw.edu.pl\/en\/wp-json\/wp\/v2\/pages\/16843","targetHints":{"allow":["GET"]}}],"collection":[{"href":"https:\/\/www.sggw.edu.pl\/en\/wp-json\/wp\/v2\/pages"}],"about":[{"href":"https:\/\/www.sggw.edu.pl\/en\/wp-json\/wp\/v2\/types\/page"}],"author":[{"embeddable":true,"href":"https:\/\/www.sggw.edu.pl\/en\/wp-json\/wp\/v2\/users\/1"}],"replies":[{"embeddable":true,"href":"https:\/\/www.sggw.edu.pl\/en\/wp-json\/wp\/v2\/comments?post=16843"}],"version-history":[{"count":6,"href":"https:\/\/www.sggw.edu.pl\/en\/wp-json\/wp\/v2\/pages\/16843\/revisions"}],"predecessor-version":[{"id":85787,"href":"https:\/\/www.sggw.edu.pl\/en\/wp-json\/wp\/v2\/pages\/16843\/revisions\/85787"}],"up":[{"embeddable":true,"href":"https:\/\/www.sggw.edu.pl\/en\/wp-json\/wp\/v2\/pages\/16825"}],"wp:attachment":[{"href":"https:\/\/www.sggw.edu.pl\/en\/wp-json\/wp\/v2\/media?parent=16843"}],"curies":[{"name":"wp","href":"https:\/\/api.w.org\/{rel}","templated":true}]}}