{"id":16850,"date":"2021-02-23T04:03:55","date_gmt":"2021-02-23T03:03:55","guid":{"rendered":"https:\/\/www.sggw.edu.pl\/1st-and-2nd-cycle-studies-uniform-masters-degree-studies\/studies-in-polish\/tier-ii\/stationary\/policy\/"},"modified":"2021-08-10T00:14:14","modified_gmt":"2021-08-09T22:14:14","slug":"admission-rules","status":"publish","type":"page","link":"https:\/\/www.sggw.edu.pl\/en\/1st-and-2nd-cycle-studies-uniform-masters-degree-studies\/studies-in-polish\/admission-rules\/","title":{"rendered":"Admission Rules"},"content":{"rendered":"\t\t<div data-elementor-type=\"wp-page\" data-elementor-id=\"16850\" class=\"elementor elementor-16850\" data-elementor-post-type=\"page\">\n\t\t\t\t\t\t<section class=\"elementor-section elementor-top-section elementor-element elementor-element-7554ea72 elementor-section-boxed elementor-section-height-default elementor-section-height-default\" data-id=\"7554ea72\" data-element_type=\"section\">\n\t\t\t\t\t\t<div class=\"elementor-container elementor-column-gap-default\">\n\t\t\t\t\t<div class=\"elementor-column elementor-col-100 elementor-top-column elementor-element elementor-element-4c51e0cc\" data-id=\"4c51e0cc\" data-element_type=\"column\">\n\t\t\t<div class=\"elementor-widget-wrap elementor-element-populated\">\n\t\t\t\t\t\t<div class=\"elementor-element elementor-element-45a8a44b elementor-widget elementor-widget-wp-widget-bcn_widget\" data-id=\"45a8a44b\" data-element_type=\"widget\" data-widget_type=\"wp-widget-bcn_widget.default\">\n\t\t\t\t<div class=\"elementor-widget-container\">\n\t\t\t<div class=\"mn-grid breadcrumb\">\n                                    <div class=\"breadcrumb-inner mn-grid-12\"><div class=\"breadcrumbs\" vocab=\"https:\/\/schema.org\/\" typeof=\"BreadcrumbList\"><span property=\"itemListElement\" typeof=\"ListItem\"><a property=\"item\" typeof=\"WebPage\" title=\"Go to Szko\u0142a G\u0142\u00f3wna Gospodarstwa Wiejskiego w Warszawie.\" href=\"https:\/\/www.sggw.edu.pl\/en\/\" class=\"home\" aria-current=\"page\"><span property=\"name\">Home<\/span><\/a><meta property=\"position\" content=\"1\"><\/span><\/div>    <\/div>\n                                <\/div>\t\t<\/div>\n\t\t\t\t<\/div>\n\t\t\t\t<div class=\"elementor-element elementor-element-4c625799 elementor-widget elementor-widget-post-title\" data-id=\"4c625799\" data-element_type=\"widget\" data-widget_type=\"post-title.default\">\n\t\t\t\t<div class=\"elementor-widget-container\">\n\t\t\t<section>\n                    <div class=\"mn-grid entry-header-inner section-inner medium\">\n                        <h1 class=\"mn-grid-12 entry-title\" style=\"\">\n                            Admission Rules\n                        <\/h1>\n                    <\/div>\n                <\/section>\t\t<\/div>\n\t\t\t\t<\/div>\n\t\t\t\t<div class=\"elementor-element elementor-element-b258ca7 elementor-widget elementor-widget-w33\" data-id=\"b258ca7\" data-element_type=\"widget\" data-widget_type=\"w33.default\">\n\t\t\t\t<div class=\"elementor-widget-container\">\n\t\t\t<section>\n            <div class=\"mn-grid\">\n                <div class=\"mn-vertical-separator-x2\">\n                    \n                <\/div>\n            <\/section>\t\t<\/div>\n\t\t\t\t<\/div>\n\t\t\t\t\t<\/div>\n\t\t<\/div>\n\t\t\t\t\t<\/div>\n\t\t<\/section>\n\t\t\t\t<section class=\"elementor-section elementor-top-section elementor-element elementor-element-c101a3a elementor-section-boxed elementor-section-height-default elementor-section-height-default\" data-id=\"c101a3a\" data-element_type=\"section\">\n\t\t\t\t\t\t<div class=\"elementor-container elementor-column-gap-default\">\n\t\t\t\t\t<div class=\"elementor-column elementor-col-100 elementor-top-column elementor-element elementor-element-158b046\" data-id=\"158b046\" data-element_type=\"column\">\n\t\t\t<div class=\"elementor-widget-wrap elementor-element-populated\">\n\t\t\t\t\t\t<div class=\"elementor-element elementor-element-fe49705 elementor-widget elementor-widget-w1_2_3\" data-id=\"fe49705\" data-element_type=\"widget\" data-widget_type=\"w1_2_3.default\">\n\t\t\t\t<div class=\"elementor-widget-container\">\n\t\t\t<section>\n                    <div class=\"mn-grid\">\n                        <h3  class=\"mn-grid-12 mn-section-title2\">\n                            Admission rules for second-degree studies at SGGW starting in the 2020\/2021 academic year \n                        <\/h3>\n                    <\/div>\n                <\/section>\t\t<\/div>\n\t\t\t\t<\/div>\n\t\t\t\t\t<\/div>\n\t\t<\/div>\n\t\t\t\t\t<\/div>\n\t\t<\/section>\n\t\t\t\t<section class=\"elementor-section elementor-top-section elementor-element elementor-element-75341fa elementor-section-boxed elementor-section-height-default elementor-section-height-default\" data-id=\"75341fa\" data-element_type=\"section\">\n\t\t\t\t\t\t<div class=\"elementor-container elementor-column-gap-default\">\n\t\t\t\t\t<div class=\"elementor-column elementor-col-100 elementor-top-column elementor-element elementor-element-488dfa5\" data-id=\"488dfa5\" data-element_type=\"column\">\n\t\t\t<div class=\"elementor-widget-wrap elementor-element-populated\">\n\t\t\t\t\t\t<div class=\"elementor-element elementor-element-47c0a02 elementor-widget elementor-widget-w12\" data-id=\"47c0a02\" data-element_type=\"widget\" data-widget_type=\"w12.default\">\n\t\t\t\t<div class=\"elementor-widget-container\">\n\t\t\t<section>\n                <div class=\"mn-grid\">\n                    <div class=\"mn-grid-12 mn-mod-text-links\">\n                        <p><strong><a href=\"https:\/\/www.sggw.edu.pl\/wp-content\/uploads\/2020\/11\/US-116-2018-2019-zasady-rekrutacji-2020-2021-1.pdf\">Resolution No. 116-2018 \/ 2019<\/a><\/strong> Senate of the Warsaw University of Life Sciences, June 24, 2019. on the rules for recruitment for first-level studies, uniform master&#8217;s courses and second-level studies at the SGGW in the academic year 2020\/2021.<\/p><p><strong><a href=\"https:\/\/www.sggw.edu.pl\/wp-content\/uploads\/2020\/11\/US-116-2018-2019-zasady-rekrutacji-2020-2021-zal3-IIst-1.pdf\">Appendix No. 3<\/a><\/strong> &#8211; rules of qualification for full-time and part-time second-cycle studies<\/p><p><strong><a href=\"https:\/\/www.sggw.edu.pl\/wp-content\/uploads\/2020\/11\/US-116-2018-2019-zasady-rekrutacji-2020-2021-zal4-1.pdf\">Appendix No. 4<\/a> &#8211;<\/strong> list of documents required from candidates for studies at SGGW &#8211; Polish citizens<\/p><p><strong><a href=\"https:\/\/www.sggw.edu.pl\/wp-content\/uploads\/2020\/11\/US-116-2018-2019-zasady-rekrutacji-2020-2021-zal5-1.pdf\">Appendix No. 5<\/a> &#8211;<\/strong> list of documents required from candidates for studies at SGGW &#8211; international students<\/p>\n                    <\/div>\n                <\/div>\n            <\/section>\t\t<\/div>\n\t\t\t\t<\/div>\n\t\t\t\t\t<\/div>\n\t\t<\/div>\n\t\t\t\t\t<\/div>\n\t\t<\/section>\n\t\t\t\t<section class=\"elementor-section elementor-top-section elementor-element elementor-element-79da463 elementor-section-boxed elementor-section-height-default elementor-section-height-default\" data-id=\"79da463\" data-element_type=\"section\">\n\t\t\t\t\t\t<div class=\"elementor-container elementor-column-gap-default\">\n\t\t\t\t\t<div class=\"elementor-column elementor-col-100 elementor-top-column elementor-element elementor-element-2db29cf\" data-id=\"2db29cf\" data-element_type=\"column\">\n\t\t\t<div class=\"elementor-widget-wrap elementor-element-populated\">\n\t\t\t\t\t\t<div class=\"elementor-element elementor-element-f9d7e54 elementor-widget elementor-widget-w7\" data-id=\"f9d7e54\" data-element_type=\"widget\" data-widget_type=\"w7.default\">\n\t\t\t\t<div class=\"elementor-widget-container\">\n\t\t\t<section>\n                <div class=\"mn-grid\">\n                    <div class=\"mn-grid-12 mn-horizontal-separator\"><\/div>\n                <\/div>\n                <\/section>\t\t<\/div>\n\t\t\t\t<\/div>\n\t\t\t\t<div class=\"elementor-element elementor-element-1d34e0e elementor-widget elementor-widget-w1_2_3\" data-id=\"1d34e0e\" data-element_type=\"widget\" data-widget_type=\"w1_2_3.default\">\n\t\t\t\t<div class=\"elementor-widget-container\">\n\t\t\t<section>\n                    <div class=\"mn-grid\">\n                        <h3  class=\"mn-grid-12 mn-section-title2\">\n                            Second-degree programs starting in the winter semester of the 2020\/2021 academic year\n                        <\/h3>\n                    <\/div>\n                <\/section>\t\t<\/div>\n\t\t\t\t<\/div>\n\t\t\t\t\t<\/div>\n\t\t<\/div>\n\t\t\t\t\t<\/div>\n\t\t<\/section>\n\t\t\t\t<section class=\"elementor-section elementor-top-section elementor-element elementor-element-0b4ee33 elementor-section-boxed elementor-section-height-default elementor-section-height-default\" data-id=\"0b4ee33\" data-element_type=\"section\">\n\t\t\t\t\t\t<div class=\"elementor-container elementor-column-gap-default\">\n\t\t\t\t\t<div class=\"elementor-column elementor-col-50 elementor-top-column elementor-element elementor-element-bd8bf02\" data-id=\"bd8bf02\" data-element_type=\"column\">\n\t\t\t<div class=\"elementor-widget-wrap elementor-element-populated\">\n\t\t\t\t\t\t<div class=\"elementor-element elementor-element-1a2bd62 elementor-widget elementor-widget-w1_2_3\" data-id=\"1a2bd62\" data-element_type=\"widget\" data-widget_type=\"w1_2_3.default\">\n\t\t\t\t<div class=\"elementor-widget-container\">\n\t\t\t<section>\n                    <div class=\"mn-grid\">\n                        <h5  class=\"mn-grid-12 mn-title3\">\n                            full-time studies\n                        <\/h5>\n                    <\/div>\n                <\/section>\t\t<\/div>\n\t\t\t\t<\/div>\n\t\t\t\t<div class=\"elementor-element elementor-element-5a545c9 elementor-widget elementor-widget-w33\" data-id=\"5a545c9\" data-element_type=\"widget\" data-widget_type=\"w33.default\">\n\t\t\t\t<div class=\"elementor-widget-container\">\n\t\t\t<section>\n            <div class=\"mn-grid\">\n                <div class=\"mn-vertical-separator\">\n                    \n                <\/div>\n            <\/section>\t\t<\/div>\n\t\t\t\t<\/div>\n\t\t\t\t<div class=\"elementor-element elementor-element-b749cbc elementor-widget elementor-widget-w12\" data-id=\"b749cbc\" data-element_type=\"widget\" data-widget_type=\"w12.default\">\n\t\t\t\t<div class=\"elementor-widget-container\">\n\t\t\t<section>\n                <div class=\"mn-grid\">\n                    <div class=\"mn-grid-12 mn-mod-text-links\">\n                        <p style=\"text-align: left\">Biology<br \/>Construction (in English)<br \/>Dietetics<br \/>economy<br \/>Finance and Accounting<br \/>Computer Science and Econometrics<br \/>Computer Science and Econometrics (in English)<br \/>Forestry (in English)<br \/>Logistics<br \/>Pedagogy<br \/>Sociology<br \/>Tourism and Recreation<br \/>Management<\/p>\n                    <\/div>\n                <\/div>\n            <\/section>\t\t<\/div>\n\t\t\t\t<\/div>\n\t\t\t\t\t<\/div>\n\t\t<\/div>\n\t\t\t\t<div class=\"elementor-column elementor-col-50 elementor-top-column elementor-element elementor-element-b7a7000\" data-id=\"b7a7000\" data-element_type=\"column\">\n\t\t\t<div class=\"elementor-widget-wrap elementor-element-populated\">\n\t\t\t\t\t\t<div class=\"elementor-element elementor-element-4889e9c elementor-widget elementor-widget-w1_2_3\" data-id=\"4889e9c\" data-element_type=\"widget\" data-widget_type=\"w1_2_3.default\">\n\t\t\t\t<div class=\"elementor-widget-container\">\n\t\t\t<section>\n                    <div class=\"mn-grid\">\n                        <h5  class=\"mn-grid-12 mn-title3\">\n                            Part-time studies\n                        <\/h5>\n                    <\/div>\n                <\/section>\t\t<\/div>\n\t\t\t\t<\/div>\n\t\t\t\t<div class=\"elementor-element elementor-element-53496cc elementor-widget elementor-widget-w33\" data-id=\"53496cc\" data-element_type=\"widget\" data-widget_type=\"w33.default\">\n\t\t\t\t<div class=\"elementor-widget-container\">\n\t\t\t<section>\n            <div class=\"mn-grid\">\n                <div class=\"mn-vertical-separator\">\n                    \n                <\/div>\n            <\/section>\t\t<\/div>\n\t\t\t\t<\/div>\n\t\t\t\t<div class=\"elementor-element elementor-element-042a23f elementor-widget elementor-widget-w12\" data-id=\"042a23f\" data-element_type=\"widget\" data-widget_type=\"w12.default\">\n\t\t\t\t<div class=\"elementor-widget-container\">\n\t\t\t<section>\n                <div class=\"mn-grid\">\n                    <div class=\"mn-grid-12 mn-mod-text-links\">\n                        <p>Construction<br \/>Economy<br \/>Finance and Accounting<br \/>Spatial management<br \/>Breeding and protection of companion and wild animals<br \/>Informatics<br \/>Computer science and econometrics<br \/>Environmental engineering<br \/>Forestry<br \/>Logistics<br \/>Pedagogy<br \/>Agriculture<br \/>Wood technology<br \/>Food Technology and human nutrition<br \/>Tourism and Recreation<br \/>Management<br \/>Zootechnics<br \/>Human nutrition and food evaluation<\/p>\n                    <\/div>\n                <\/div>\n            <\/section>\t\t<\/div>\n\t\t\t\t<\/div>\n\t\t\t\t\t<\/div>\n\t\t<\/div>\n\t\t\t\t\t<\/div>\n\t\t<\/section>\n\t\t\t\t<section class=\"elementor-section elementor-top-section elementor-element elementor-element-42a5682 elementor-section-boxed elementor-section-height-default elementor-section-height-default\" data-id=\"42a5682\" data-element_type=\"section\">\n\t\t\t\t\t\t<div class=\"elementor-container elementor-column-gap-default\">\n\t\t\t\t\t<div class=\"elementor-column elementor-col-100 elementor-top-column elementor-element elementor-element-f7989d0\" data-id=\"f7989d0\" data-element_type=\"column\">\n\t\t\t<div class=\"elementor-widget-wrap elementor-element-populated\">\n\t\t\t\t\t\t<div class=\"elementor-element elementor-element-137c561 elementor-widget elementor-widget-w7\" data-id=\"137c561\" data-element_type=\"widget\" data-widget_type=\"w7.default\">\n\t\t\t\t<div class=\"elementor-widget-container\">\n\t\t\t<section>\n                <div class=\"mn-grid\">\n                    <div class=\"mn-grid-12 mn-horizontal-separator\"><\/div>\n                <\/div>\n                <\/section>\t\t<\/div>\n\t\t\t\t<\/div>\n\t\t\t\t<div class=\"elementor-element elementor-element-ac1ee1d elementor-widget elementor-widget-w1_2_3\" data-id=\"ac1ee1d\" data-element_type=\"widget\" data-widget_type=\"w1_2_3.default\">\n\t\t\t\t<div class=\"elementor-widget-container\">\n\t\t\t<section>\n                    <div class=\"mn-grid\">\n                        <h3  class=\"mn-grid-12 mn-section-title2\">\n                            The recruitment process for second-degree studies (full-time and part-time):\n                        <\/h3>\n                    <\/div>\n                <\/section>\t\t<\/div>\n\t\t\t\t<\/div>\n\t\t\t\t\t<\/div>\n\t\t<\/div>\n\t\t\t\t\t<\/div>\n\t\t<\/section>\n\t\t\t\t<section class=\"elementor-section elementor-top-section elementor-element elementor-element-4278677 elementor-section-boxed elementor-section-height-default elementor-section-height-default\" data-id=\"4278677\" data-element_type=\"section\">\n\t\t\t\t\t\t<div class=\"elementor-container elementor-column-gap-default\">\n\t\t\t\t\t<div class=\"elementor-column elementor-col-100 elementor-top-column elementor-element elementor-element-6601250\" data-id=\"6601250\" data-element_type=\"column\">\n\t\t\t<div class=\"elementor-widget-wrap elementor-element-populated\">\n\t\t\t\t\t\t<div class=\"elementor-element elementor-element-b1ba317 elementor-widget elementor-widget-w12\" data-id=\"b1ba317\" data-element_type=\"widget\" data-widget_type=\"w12.default\">\n\t\t\t\t<div class=\"elementor-widget-container\">\n\t\t\t<section>\n                <div class=\"mn-grid\">\n                    <div class=\"mn-grid-12 mn-mod-text-links\">\n                        <ol><li>The candidate registers by completing the registration form (it is mandatory to attach a digital photo) and proceeds to qualify on the specified date. <em><strong>A graduate of first-degree studies may also register and enter the qualifications before obtaining a bachelor&#8217;s \/ engineer&#8217;s diploma (before defending the<\/strong><\/em><strong><em> )<\/em><\/strong> &#8211; the condition for admission is to deliver the diploma (or certificate of diploma) by the deadline for submitting documents, specified in the recruitment calendar. Between registration and qualification and the deadline for submitting documents, you can defend your thesis \/ diploma examination after first-cycle studies;<\/li><li>The recruitment committee determines the minimum grade point average entitling to further recruitment procedures;<\/li><li>Candidates are selected on the basis of the ranking lists created as a result of the recruitment procedure;<\/li><li>Persons qualified for admission within the prescribed deadlines submit the required documents;<\/li><li>Registration deadlines, dates of competence tests (test dates), dates of verification of learning outcomes and program differences, deadlines for submitting documents are given in<a href=\"https:\/\/www.sggw.edu.pl\/strona-glowna\/studia\/rekrutacja\/studia-i-ii-stopnia-jednolite-magisterskie\/studia-w-jezyku-polskim\/studia-ii-stopnia\/stacjonarne\/kalendarz\/\"> recruitment calendar<\/a> .<\/li><\/ol>\n                    <\/div>\n                <\/div>\n            <\/section>\t\t<\/div>\n\t\t\t\t<\/div>\n\t\t\t\t\t<\/div>\n\t\t<\/div>\n\t\t\t\t\t<\/div>\n\t\t<\/section>\n\t\t\t\t<\/div>\n\t\t","protected":false},"excerpt":{"rendered":"<p>Policy Admission rules for second-degree studies at SGGW starting in the 2020\/2021 academic year Resolution No. 116-2018 \/ 2019 Senate of the Warsaw University of Life Sciences, June 24, 2019. on the rules for recruitment for first-level studies, uniform master&#8217;s courses and second-level studies at the SGGW in the academic year 2020\/2021. Appendix No. 3 [&hellip;]<\/p>\n","protected":false},"author":1,"featured_media":0,"parent":16756,"menu_order":0,"comment_status":"closed","ping_status":"closed","template":"","meta":{"_acf_changed":false,"footnotes":""},"class_list":["post-16850","page","type-page","status-publish","hentry"],"acf":[],"_links":{"self":[{"href":"https:\/\/www.sggw.edu.pl\/en\/wp-json\/wp\/v2\/pages\/16850","targetHints":{"allow":["GET"]}}],"collection":[{"href":"https:\/\/www.sggw.edu.pl\/en\/wp-json\/wp\/v2\/pages"}],"about":[{"href":"https:\/\/www.sggw.edu.pl\/en\/wp-json\/wp\/v2\/types\/page"}],"author":[{"embeddable":true,"href":"https:\/\/www.sggw.edu.pl\/en\/wp-json\/wp\/v2\/users\/1"}],"replies":[{"embeddable":true,"href":"https:\/\/www.sggw.edu.pl\/en\/wp-json\/wp\/v2\/comments?post=16850"}],"version-history":[{"count":8,"href":"https:\/\/www.sggw.edu.pl\/en\/wp-json\/wp\/v2\/pages\/16850\/revisions"}],"predecessor-version":[{"id":91954,"href":"https:\/\/www.sggw.edu.pl\/en\/wp-json\/wp\/v2\/pages\/16850\/revisions\/91954"}],"up":[{"embeddable":true,"href":"https:\/\/www.sggw.edu.pl\/en\/wp-json\/wp\/v2\/pages\/16756"}],"wp:attachment":[{"href":"https:\/\/www.sggw.edu.pl\/en\/wp-json\/wp\/v2\/media?parent=16850"}],"curies":[{"name":"wp","href":"https:\/\/api.w.org\/{rel}","templated":true}]}}