{"id":16865,"date":"2021-02-23T04:06:58","date_gmt":"2021-02-23T03:06:58","guid":{"rendered":"https:\/\/www.sggw.edu.pl\/1st-and-2nd-cycle-studies-uniform-masters-degree-studies\/studies-in-polish\/tier-ii\/part-time\/calendar\/"},"modified":"2021-08-22T23:51:11","modified_gmt":"2021-08-22T21:51:11","slug":"calendar","status":"publish","type":"page","link":"https:\/\/www.sggw.edu.pl\/en\/calendar\/","title":{"rendered":"Calendar"},"content":{"rendered":"\t\t<div data-elementor-type=\"wp-page\" data-elementor-id=\"16865\" class=\"elementor elementor-16865\" data-elementor-post-type=\"page\">\n\t\t\t\t\t\t<section class=\"elementor-section elementor-top-section elementor-element elementor-element-429153a elementor-section-boxed elementor-section-height-default elementor-section-height-default\" data-id=\"429153a\" data-element_type=\"section\">\n\t\t\t\t\t\t<div class=\"elementor-container elementor-column-gap-default\">\n\t\t\t\t\t<div class=\"elementor-column elementor-col-100 elementor-top-column elementor-element elementor-element-4e341a90\" data-id=\"4e341a90\" data-element_type=\"column\">\n\t\t\t<div class=\"elementor-widget-wrap elementor-element-populated\">\n\t\t\t\t\t\t<div class=\"elementor-element elementor-element-65b00a5f elementor-widget elementor-widget-wp-widget-bcn_widget\" data-id=\"65b00a5f\" data-element_type=\"widget\" data-widget_type=\"wp-widget-bcn_widget.default\">\n\t\t\t\t<div class=\"elementor-widget-container\">\n\t\t\t<div class=\"mn-grid breadcrumb\">\n                                    <div class=\"breadcrumb-inner mn-grid-12\"><div class=\"breadcrumbs\" vocab=\"https:\/\/schema.org\/\" typeof=\"BreadcrumbList\"><span property=\"itemListElement\" typeof=\"ListItem\"><a property=\"item\" typeof=\"WebPage\" title=\"Go to Szko\u0142a G\u0142\u00f3wna Gospodarstwa Wiejskiego w Warszawie.\" href=\"https:\/\/www.sggw.edu.pl\/en\/\" class=\"home\" aria-current=\"page\"><span property=\"name\">Home<\/span><\/a><meta property=\"position\" content=\"1\"><\/span><\/div>    <\/div>\n                                <\/div>\t\t<\/div>\n\t\t\t\t<\/div>\n\t\t\t\t<div class=\"elementor-element elementor-element-1c0fd8fa elementor-widget elementor-widget-post-title\" data-id=\"1c0fd8fa\" data-element_type=\"widget\" data-widget_type=\"post-title.default\">\n\t\t\t\t<div class=\"elementor-widget-container\">\n\t\t\t<section>\n                    <div class=\"mn-grid entry-header-inner section-inner medium\">\n                        <h1 class=\"mn-grid-12 entry-title\" style=\"\">\n                            Calendar\n                        <\/h1>\n                    <\/div>\n                <\/section>\t\t<\/div>\n\t\t\t\t<\/div>\n\t\t\t\t\t<\/div>\n\t\t<\/div>\n\t\t\t\t\t<\/div>\n\t\t<\/section>\n\t\t\t\t<section class=\"elementor-section elementor-top-section elementor-element elementor-element-f687b31 elementor-section-boxed elementor-section-height-default elementor-section-height-default\" data-id=\"f687b31\" data-element_type=\"section\">\n\t\t\t\t\t\t<div class=\"elementor-container elementor-column-gap-default\">\n\t\t\t\t\t<div class=\"elementor-column elementor-col-100 elementor-top-column elementor-element elementor-element-ee4a642\" data-id=\"ee4a642\" data-element_type=\"column\">\n\t\t\t<div class=\"elementor-widget-wrap elementor-element-populated\">\n\t\t\t\t\t\t<div class=\"elementor-element elementor-element-0498789 elementor-widget elementor-widget-w12\" data-id=\"0498789\" data-element_type=\"widget\" data-widget_type=\"w12.default\">\n\t\t\t\t<div class=\"elementor-widget-container\">\n\t\t\t<section>\n                <div class=\"mn-grid\">\n                    <div class=\"mn-grid-12 mn-mod-text-links\">\n                        <p><strong>Recruitment calendar &#8211; 2nd degree studies starting in the winter semester for the 2020\/2021 academic year <\/strong><a href=\"https:\/\/www.sggw.edu.pl\/strona-glowna\/studia\/rekrutacja\/studia-i-ii-stopnia-jednolite-magisterskie\/studia-w-jezyku-polskim\/studia-ii-stopnia\/niestacjonarne\/zasady\/\"><em>\u00a0List of courses<\/em><\/a><\/p><p>Please Note! A candidate who has not yet obtained a 1st degree diploma (before the defense of the diploma thesis \/ diploma examination)<strong> can register and qualify<\/strong>. The number of the diploma and the date of defense can be entered into the enrollment form when submitting documents to the Student Affairs Office.<\/p><p>Information on enrollment for 2nd-degree studies (documents, calendar, test reports) can be found in the menu on the left in the tab<strong> 2nd-degree studies<\/strong><\/p><table border=\"1\" width=\"904\" cellpadding=\"0\"><tbody><tr><td><p>16th of September<\/p><\/td><td><p>10:00 a.m. 24<\/p><\/td><td><p>registration of candidates<u> and selection of the field and form of study<\/u> in the Candidate Service System (SOK)<\/p><\/td><\/tr><tr><td>September 8<\/td><td><p>10:00 a.m. 20<\/p><\/td><td><p>communications on:<\/p><ol><li>deadlines and\u00a0 competency tests &#8211; fields of study: economics, finance and accounting, logistics, tourism and recreation, management, sociology<\/li><li>the dates and forms of qualifying meetings with WKR regarding the verification of the expected learning outcomes achieved in the 1st degree studies, provided that there is no compatibility between the completed 1st degree study program specified in the measures of these effects and the selected study program<\/li><li>confirmation of the knowledge of the English language &#8211; for studies conducted in English<\/li><\/ol><p>(information will appear on the recruitment website, the message will also be sent by e-mail to the e-mail address provided by the candidate during registration)<\/p><\/td><\/tr><tr><td><p>September 9-11<\/p><\/td><td>\u00a0<\/td><td>according to the schedule given on September 8 &#8211;<strong> interviews with WKR -&gt;<\/strong><a href=\"https:\/\/www.sggw.pl\/dla-kandydatow\/rekrutacja\/studia-ii-stopnia\/testy-kwalifikacyjne-ndash-komunikaty#zbie%C5%BCno%C5%9B%C4%87\"><strong> check<\/strong><\/a><\/td><\/tr><tr><td><p>September 10<\/p><\/td><td>\u00a0<\/td><td><p>according to the schedule given on September 8 &#8211;<strong> competence tests -&gt;<\/strong><a href=\"https:\/\/www.sggw.pl\/dla-kandydatow\/rekrutacja\/studia-ii-stopnia\/testy-kwalifikacyjne-ndash-komunikaty#testy\"><strong> check<\/strong><\/a><\/p><\/td><\/tr><tr><td>September 10<\/td><td>\u00a0<\/td><td>deadline for payment of the enrollment fee;<\/td><\/tr><tr><td><p>11 September<\/p><\/td><td><p>10:00 a.m. 24<\/p><\/td><td><p>candidate: deadline for submitting a completed enrollment form (grade point average from 1st degree studies)<\/p><p>KR: the deadline for supplementing the results of the qualification procedure (results of competency tests, interviews, verification of learning outcomes, confirmation of knowledge of English)<\/p><\/td><\/tr><tr><td><p>September 14th<\/p><\/td><td><p>10:00 a.m. 22<\/p><\/td><td>announcement of qualification results (SOK, message via e-mail)<\/td><\/tr><tr><td><p>September 15-16<\/p><\/td><td>\u00a0<\/td><td><p>supplementing data in the SOK by qualified candidates,<\/p><ul><li>attaching a digital photography to the student ID card at SOK,<\/li><li>adding a scan of the diploma to the SOK,<\/li><li><strong>confirmation in SOK by qualified persons of their readiness to start studies at SGGW,<\/strong><\/li><li>a printout of a personal questionnaire from the SOK<\/li><\/ul><\/td><\/tr><tr><td>September 17-22<\/td><td>\u00a0<\/td><td><p>deadline for receipt of documents at SGGW: sending by post, courier, in justified cases in person, on working days between 9 &#8211; 15 building 8<\/p><p>(when sending documents, we suggest sending parcels as soon as possible, i.e. by September 16)<\/p><p>Submitting a complete set of documents is a prerequisite for admission to studies. A candidate waiting for the diploma to be issued shall submit &#8211; a certificate containing information on the completion of studies, including, inter alia, information on: completed field of study, level of education, obtained professional title, date of the diploma examination, diploma number<a title=\"wz\u00f3r za\u015bwiadczenia o uko\u0144czeniu studi\u00f3w\" href=\"https:\/\/www.sggw.pl\/image\/data\/SGGW\/rekrutacja\/zaswiadczenie-2st.pdf\" target=\"_blank\" rel=\"noopener\"> -&gt; TEMPLATE certificate for candidates who have completed 1st degree or long-cycle studies at universities other than SGGW<\/a><\/p><\/td><\/tr><\/tbody><\/table><p>Information on recruitment for 2nd-degree studies (documents, calendar, messages about tests\/project tasks) can be found in the menu on the left in the tab<strong> 2nd-degree studies<\/strong><\/p>\n                    <\/div>\n                <\/div>\n            <\/section>\t\t<\/div>\n\t\t\t\t<\/div>\n\t\t\t\t\t<\/div>\n\t\t<\/div>\n\t\t\t\t\t<\/div>\n\t\t<\/section>\n\t\t\t\t<\/div>\n\t\t","protected":false},"excerpt":{"rendered":"<p>Calendar Recruitment calendar &#8211; 2nd degree studies starting in the winter semester for the 2020\/2021 academic year \u00a0List of courses Please Note! A candidate who has not yet obtained a 1st degree diploma (before the defense of the diploma thesis \/ diploma examination) can register and qualify. The number of the diploma and the date [&hellip;]<\/p>\n","protected":false},"author":1,"featured_media":0,"parent":0,"menu_order":0,"comment_status":"closed","ping_status":"closed","template":"","meta":{"_acf_changed":false,"footnotes":""},"class_list":["post-16865","page","type-page","status-publish","hentry"],"acf":[],"_links":{"self":[{"href":"https:\/\/www.sggw.edu.pl\/en\/wp-json\/wp\/v2\/pages\/16865","targetHints":{"allow":["GET"]}}],"collection":[{"href":"https:\/\/www.sggw.edu.pl\/en\/wp-json\/wp\/v2\/pages"}],"about":[{"href":"https:\/\/www.sggw.edu.pl\/en\/wp-json\/wp\/v2\/types\/page"}],"author":[{"embeddable":true,"href":"https:\/\/www.sggw.edu.pl\/en\/wp-json\/wp\/v2\/users\/1"}],"replies":[{"embeddable":true,"href":"https:\/\/www.sggw.edu.pl\/en\/wp-json\/wp\/v2\/comments?post=16865"}],"version-history":[{"count":13,"href":"https:\/\/www.sggw.edu.pl\/en\/wp-json\/wp\/v2\/pages\/16865\/revisions"}],"predecessor-version":[{"id":92898,"href":"https:\/\/www.sggw.edu.pl\/en\/wp-json\/wp\/v2\/pages\/16865\/revisions\/92898"}],"wp:attachment":[{"href":"https:\/\/www.sggw.edu.pl\/en\/wp-json\/wp\/v2\/media?parent=16865"}],"curies":[{"name":"wp","href":"https:\/\/api.w.org\/{rel}","templated":true}]}}