{"id":16868,"date":"2021-02-23T04:07:59","date_gmt":"2021-02-23T03:07:59","guid":{"rendered":"https:\/\/www.sggw.edu.pl\/1st-and-2nd-cycle-studies-uniform-masters-degree-studies\/studies-in-polish\/tier-ii\/part-time\/documents-6\/polish-people\/"},"modified":"2021-08-15T15:30:08","modified_gmt":"2021-08-15T13:30:08","slug":"polish-people","status":"publish","type":"page","link":"https:\/\/www.sggw.edu.pl\/en\/1st-and-2nd-cycle-studies-uniform-masters-degree-studies\/studies-in-polish\/documents-6\/polish-people\/","title":{"rendered":"Polish people"},"content":{"rendered":"\t\t<div data-elementor-type=\"wp-page\" data-elementor-id=\"16868\" class=\"elementor elementor-16868\" data-elementor-post-type=\"page\">\n\t\t\t\t\t\t<section class=\"elementor-section elementor-top-section elementor-element elementor-element-796f91a6 elementor-section-boxed elementor-section-height-default elementor-section-height-default\" data-id=\"796f91a6\" data-element_type=\"section\">\n\t\t\t\t\t\t<div class=\"elementor-container elementor-column-gap-default\">\n\t\t\t\t\t<div class=\"elementor-column elementor-col-100 elementor-top-column elementor-element elementor-element-83dea\" data-id=\"83dea\" data-element_type=\"column\">\n\t\t\t<div class=\"elementor-widget-wrap elementor-element-populated\">\n\t\t\t\t\t\t<div class=\"elementor-element elementor-element-766df137 elementor-widget elementor-widget-wp-widget-bcn_widget\" data-id=\"766df137\" data-element_type=\"widget\" data-widget_type=\"wp-widget-bcn_widget.default\">\n\t\t\t\t<div class=\"elementor-widget-container\">\n\t\t\t<div class=\"mn-grid breadcrumb\">\n                                    <div class=\"breadcrumb-inner mn-grid-12\"><div class=\"breadcrumbs\" vocab=\"https:\/\/schema.org\/\" typeof=\"BreadcrumbList\"><span property=\"itemListElement\" typeof=\"ListItem\"><a property=\"item\" typeof=\"WebPage\" title=\"Go to Szko\u0142a G\u0142\u00f3wna Gospodarstwa Wiejskiego w Warszawie.\" href=\"https:\/\/www.sggw.edu.pl\/en\/\" class=\"home\" aria-current=\"page\"><span property=\"name\">Home<\/span><\/a><meta property=\"position\" content=\"1\"><\/span><\/div>    <\/div>\n                                <\/div>\t\t<\/div>\n\t\t\t\t<\/div>\n\t\t\t\t<div class=\"elementor-element elementor-element-b53c4bb elementor-widget elementor-widget-post-title\" data-id=\"b53c4bb\" data-element_type=\"widget\" data-widget_type=\"post-title.default\">\n\t\t\t\t<div class=\"elementor-widget-container\">\n\t\t\t<section>\n                    <div class=\"mn-grid entry-header-inner section-inner medium\">\n                        <h1 class=\"mn-grid-12 entry-title\" style=\"\">\n                            Polish people\n                        <\/h1>\n                    <\/div>\n                <\/section>\t\t<\/div>\n\t\t\t\t<\/div>\n\t\t\t\t\t<\/div>\n\t\t<\/div>\n\t\t\t\t\t<\/div>\n\t\t<\/section>\n\t\t\t\t<section class=\"elementor-section elementor-top-section elementor-element elementor-element-c1dc618 elementor-section-boxed elementor-section-height-default elementor-section-height-default\" data-id=\"c1dc618\" data-element_type=\"section\">\n\t\t\t\t\t\t<div class=\"elementor-container elementor-column-gap-default\">\n\t\t\t\t\t<div class=\"elementor-column elementor-col-100 elementor-top-column elementor-element elementor-element-030c4f6\" data-id=\"030c4f6\" data-element_type=\"column\">\n\t\t\t<div class=\"elementor-widget-wrap elementor-element-populated\">\n\t\t\t\t\t\t<div class=\"elementor-element elementor-element-c58aae0 elementor-widget elementor-widget-w1_2_3\" data-id=\"c58aae0\" data-element_type=\"widget\" data-widget_type=\"w1_2_3.default\">\n\t\t\t\t<div class=\"elementor-widget-container\">\n\t\t\t<section>\n                    <div class=\"mn-grid\">\n                        <h3  class=\"mn-grid-12 mn-section-title2\">\n                            Documents required for second-degree studies from candidates  who are Polish citizens\n                        <\/h3>\n                    <\/div>\n                <\/section>\t\t<\/div>\n\t\t\t\t<\/div>\n\t\t\t\t\t<\/div>\n\t\t<\/div>\n\t\t\t\t\t<\/div>\n\t\t<\/section>\n\t\t\t\t<section class=\"elementor-section elementor-top-section elementor-element elementor-element-7059d56 elementor-section-boxed elementor-section-height-default elementor-section-height-default\" data-id=\"7059d56\" data-element_type=\"section\">\n\t\t\t\t\t\t<div class=\"elementor-container elementor-column-gap-default\">\n\t\t\t\t\t<div class=\"elementor-column elementor-col-100 elementor-top-column elementor-element elementor-element-8696086\" data-id=\"8696086\" data-element_type=\"column\">\n\t\t\t<div class=\"elementor-widget-wrap elementor-element-populated\">\n\t\t\t\t\t\t<div class=\"elementor-element elementor-element-bc89ca9 elementor-widget elementor-widget-w12\" data-id=\"bc89ca9\" data-element_type=\"widget\" data-widget_type=\"w12.default\">\n\t\t\t\t<div class=\"elementor-widget-container\">\n\t\t\t<section>\n                <div class=\"mn-grid\">\n                    <div class=\"mn-grid-12 mn-mod-text-links\">\n                        <p>Candidates admitted to studies at SGGW submit their documents to the Student Affairs Office (ul. Nowoursynowska 166; building 8)<strong> on the dates specified in the recruitment calendar.<\/strong><\/p><p><strong>Documents required for enrollment for second-degree studies at SGGW<\/strong><\/p><ol><li><strong>Registration<\/strong> of the candidate in the Candidate Service System (SOK) on the dates set in the recruitment calendar (it is necessary to attach the candidate&#8217;s photo in an electronic version).<\/li><li><strong>Personal survey<\/strong> &#8211; a printout, available at the Administration Panel of the Candidate Service System (proof of identity must be presented for inspection).<\/li><li><strong>Documents verified by SGGW: a copy of the graduation diploma <\/strong>(until receipt of the diploma &#8211; a certificate of graduation with the number of the diploma, diploma grade, and the date of the diploma examination) or a copy of the diploma obtained outside the Republic of Poland, entitling the candidate to continue education at second-degree studies in the country where the university operates, or entitling\u00a0 the candidateto continue education on the basis of an international agreement or recognized as equivalent to a relevant Polish diploma through nostrification (recognition).<\/li><li><strong>A photocopy of the supplement<\/strong><strong> for diploma<\/strong> , an official transcript containing the list of grades and subjects carried out throughout the course of studies (the original must be presented for inspection).<\/li><li><strong>Current photo<\/strong> compliant with the requirements applicable to identity cards (the same as the digital photograph attached to the online registration form).<\/li><li><strong>Certificate of an occupational medicine doctor<\/strong> &#8211; candidates qualified for admission to the fields of study for which this type of certificate is required. After submitting the documents, the referral will be issued by the Dean&#8217;s Office. The candidate will be obliged to submit a certificate at the dean&#8217;s office confirming that there are no health contraindications for studying at the relevant faculty, in the subject specified by the dean&#8217;s office.<\/li><li>Document confirming the knowledge of English in the case of a candidate applying for studies conducted in that language.<\/li><\/ol><p>* Candidates without diplomas (waiting for a diploma to be issued) submit\u00a0 &#8220;Certificate for candidates for second-degree studies at SGGW&#8221; &#8211; containing information about completed studies (<a href=\"https:\/\/www.sggw.edu.pl\/wp-content\/uploads\/2020\/11\/zaswiadczenie-2st-1.pdf\"> TEMPLATE certificate for candidates who have completed first-degree or long-cycle studies at universities other than SGGW<\/a> )<\/p><p>Candidates who have completed first-degree studies at SGGW &#8211; receive a certificate at the faculty dean&#8217;s offices (printouts from HMS).<\/p><p><strong>Please Note!<\/strong><\/p><p><u>Any candidate<\/u> shall pay<strong> a recruitment fee<\/strong> to the bank account number that will be assigned to him during online registration at SOK.<\/p>\n                    <\/div>\n                <\/div>\n            <\/section>\t\t<\/div>\n\t\t\t\t<\/div>\n\t\t\t\t\t<\/div>\n\t\t<\/div>\n\t\t\t\t\t<\/div>\n\t\t<\/section>\n\t\t\t\t<\/div>\n\t\t","protected":false},"excerpt":{"rendered":"<p>Polish people Documents required for second-degree studies from candidates who are Polish citizens Candidates admitted to studies at SGGW submit their documents to the Student Affairs Office (ul. Nowoursynowska 166; building 8) on the dates specified in the recruitment calendar. Documents required for enrollment for second-degree studies at SGGW Registration of the candidate in the [&hellip;]<\/p>\n","protected":false},"author":1,"featured_media":0,"parent":16781,"menu_order":0,"comment_status":"closed","ping_status":"closed","template":"","meta":{"_acf_changed":false,"footnotes":""},"class_list":["post-16868","page","type-page","status-publish","hentry"],"acf":[],"_links":{"self":[{"href":"https:\/\/www.sggw.edu.pl\/en\/wp-json\/wp\/v2\/pages\/16868","targetHints":{"allow":["GET"]}}],"collection":[{"href":"https:\/\/www.sggw.edu.pl\/en\/wp-json\/wp\/v2\/pages"}],"about":[{"href":"https:\/\/www.sggw.edu.pl\/en\/wp-json\/wp\/v2\/types\/page"}],"author":[{"embeddable":true,"href":"https:\/\/www.sggw.edu.pl\/en\/wp-json\/wp\/v2\/users\/1"}],"replies":[{"embeddable":true,"href":"https:\/\/www.sggw.edu.pl\/en\/wp-json\/wp\/v2\/comments?post=16868"}],"version-history":[{"count":7,"href":"https:\/\/www.sggw.edu.pl\/en\/wp-json\/wp\/v2\/pages\/16868\/revisions"}],"predecessor-version":[{"id":92251,"href":"https:\/\/www.sggw.edu.pl\/en\/wp-json\/wp\/v2\/pages\/16868\/revisions\/92251"}],"up":[{"embeddable":true,"href":"https:\/\/www.sggw.edu.pl\/en\/wp-json\/wp\/v2\/pages\/16781"}],"wp:attachment":[{"href":"https:\/\/www.sggw.edu.pl\/en\/wp-json\/wp\/v2\/media?parent=16868"}],"curies":[{"name":"wp","href":"https:\/\/api.w.org\/{rel}","templated":true}]}}