{"id":16869,"date":"2021-02-23T04:07:59","date_gmt":"2021-02-23T03:07:59","guid":{"rendered":"https:\/\/www.sggw.edu.pl\/1st-and-2nd-cycle-studies-uniform-masters-degree-studies\/studies-in-polish\/tier-ii\/part-time\/documents-6\/foreigners\/"},"modified":"2021-08-14T15:56:50","modified_gmt":"2021-08-14T13:56:50","slug":"international-candidates","status":"publish","type":"page","link":"https:\/\/www.sggw.edu.pl\/en\/1st-and-2nd-cycle-studies-uniform-masters-degree-studies\/studies-in-polish\/documents-6\/international-candidates\/","title":{"rendered":"International Candidates"},"content":{"rendered":"\t\t<div data-elementor-type=\"wp-page\" data-elementor-id=\"16869\" class=\"elementor elementor-16869\" data-elementor-post-type=\"page\">\n\t\t\t\t\t\t<section class=\"elementor-section elementor-top-section elementor-element elementor-element-717a1129 elementor-section-boxed elementor-section-height-default elementor-section-height-default\" data-id=\"717a1129\" data-element_type=\"section\">\n\t\t\t\t\t\t<div class=\"elementor-container elementor-column-gap-default\">\n\t\t\t\t\t<div class=\"elementor-column elementor-col-100 elementor-top-column elementor-element elementor-element-fd6015d\" data-id=\"fd6015d\" data-element_type=\"column\">\n\t\t\t<div class=\"elementor-widget-wrap elementor-element-populated\">\n\t\t\t\t\t\t<div class=\"elementor-element elementor-element-73c80f9d elementor-widget elementor-widget-wp-widget-bcn_widget\" data-id=\"73c80f9d\" data-element_type=\"widget\" data-widget_type=\"wp-widget-bcn_widget.default\">\n\t\t\t\t<div class=\"elementor-widget-container\">\n\t\t\t<div class=\"mn-grid breadcrumb\">\n                                    <div class=\"breadcrumb-inner mn-grid-12\"><div class=\"breadcrumbs\" vocab=\"https:\/\/schema.org\/\" typeof=\"BreadcrumbList\"><span property=\"itemListElement\" typeof=\"ListItem\"><a property=\"item\" typeof=\"WebPage\" title=\"Go to Szko\u0142a G\u0142\u00f3wna Gospodarstwa Wiejskiego w Warszawie.\" href=\"https:\/\/www.sggw.edu.pl\/en\/\" class=\"home\" aria-current=\"page\"><span property=\"name\">Home<\/span><\/a><meta property=\"position\" content=\"1\"><\/span><\/div>    <\/div>\n                                <\/div>\t\t<\/div>\n\t\t\t\t<\/div>\n\t\t\t\t<div class=\"elementor-element elementor-element-363931d6 elementor-widget elementor-widget-post-title\" data-id=\"363931d6\" data-element_type=\"widget\" data-widget_type=\"post-title.default\">\n\t\t\t\t<div class=\"elementor-widget-container\">\n\t\t\t<section>\n                    <div class=\"mn-grid entry-header-inner section-inner medium\">\n                        <h1 class=\"mn-grid-12 entry-title\" style=\"\">\n                            International Candidates\n                        <\/h1>\n                    <\/div>\n                <\/section>\t\t<\/div>\n\t\t\t\t<\/div>\n\t\t\t\t\t<\/div>\n\t\t<\/div>\n\t\t\t\t\t<\/div>\n\t\t<\/section>\n\t\t\t\t<section class=\"elementor-section elementor-top-section elementor-element elementor-element-dd5db19 elementor-section-boxed elementor-section-height-default elementor-section-height-default\" data-id=\"dd5db19\" data-element_type=\"section\">\n\t\t\t\t\t\t<div class=\"elementor-container elementor-column-gap-default\">\n\t\t\t\t\t<div class=\"elementor-column elementor-col-100 elementor-top-column elementor-element elementor-element-fedb931\" data-id=\"fedb931\" data-element_type=\"column\">\n\t\t\t<div class=\"elementor-widget-wrap elementor-element-populated\">\n\t\t\t\t\t\t<div class=\"elementor-element elementor-element-ba377f3 elementor-widget elementor-widget-w12\" data-id=\"ba377f3\" data-element_type=\"widget\" data-widget_type=\"w12.default\">\n\t\t\t\t<div class=\"elementor-widget-container\">\n\t\t\t<section>\n                <div class=\"mn-grid\">\n                    <div class=\"mn-grid-12 mn-mod-text-links\">\n                        <ol><li>Personal questionnaire (printout based on the registration form from the Candidate Service System).<\/li><li>Certified by\u00a0 SGGW: a copy of the graduation diploma (until receipt of the diploma &#8211; certificate of graduation with the diploma number, diploma grade, and date of the diploma examination) or the original diploma obtained outside of Poland, which entitles the Candidate to continue education at a university in the country of its release, in accordance with the provisions of art. 191a (1) paragraphs 3 and 4, the law on Higher Education or entitlement to continue education on the basis of an international agreement, or has been recognized as equivalent to the relevant Polish diploma through Nostrification (recognition) procedure.<\/li><li>A photocopy of the Diploma Supplement, the official transcript containing the list of grades and subjects for the entire course of study (the original must be presented).<\/li><li><a href=\"https:\/\/www.sggw.pl\/dla-kandydatow\/rekrutacja\/rekrutacja-cudzoziemcow\/jezyk-polski-wymagania\">A photocopy of the document confirming the knowledge of the Polish language<\/a> (the original must be presented).<\/li><li>Declaration for meeting the conditions to study free of charge (applies to candidates for full-time studies in Polish, who are entitled to study free of charge, the statement is available in the Candidate Service System).<\/li><li><a href=\"https:\/\/www.sggw.pl\/dla-kandydatow\/rekrutacja\/rekrutacja-cudzoziemcow\/dokumenty#Doc_2%20st#Doc-uprawnienia\">A document confirming the entitlement to undertake and pursue studies free of charge<\/a> (applies to candidates for full-time studies in Polish who have a document entitling them to study on a free-of-charge basis, the document must be presented when submitting the documents).<\/li><li>A valid passport or other document confirming the candidate&#8217;s identity (the document must be presented for inspection when submitting the documents).<\/li><li><a href=\"https:\/\/www.sggw.pl\/dla-kandydatow\/rekrutacja\/rekrutacja-cudzoziemcow\/dokumenty#Doc_2%20st#Za%C5%9Bwiad_lek\">Certificate from an occupational medicine doctor<\/a> (applies to candidates qualified for admission to the fields of study for which this type of certificate is required).<\/li><li><a href=\"https:\/\/www.sggw.pl\/dla-kandydatow\/rekrutacja\/rekrutacja-cudzoziemcow\/dokumenty#Doc_2%20st#Ubezp\">A declaration of having health insurance for the period of education in Poland<\/a><a href=\"https:\/\/www.sggw.pl\/dla-kandydatow\/rekrutacja\/rekrutacja-cudzoziemcow\/dokumenty#Doc_2%20st#Ubezp\"> e.g. a health insurance policy or a European Health Insurance Card<\/a> .<\/li><li>Current color photo on paper, compliant with the requirements for issuing ID cards, in the format 35 mm (width) by 45 mm (height) and the same digital photo attached to the online registration form, at a resolution of 236 x 295 pixels.<\/li><li>A document certifying Polish origin (if the candidate has such a document, he is required to present the original).<\/li><li>Candidates for 2nd-degree studies (graduates of Polish universities) waiting for a diploma to be issued submit a &#8220;certificate for candidates for 2nd-degree studies at SGGW&#8221; containing information about completed studies (<a href=\"https:\/\/www.sggw.edu.pl\/wp-content\/uploads\/2020\/11\/zaswiadczenie-2st-2.pdf\">A TEMPLATE certificate for candidates who have completed 1st degree or\u00a0 long-cycle studies at universities other than SGGW<\/a> ).<\/li><li>Document confirming having a PESEL number (applies to candidates who have been assigned such a number in the Polish office, the document should be presented when submitting the documents).<\/li><\/ol>\n                    <\/div>\n                <\/div>\n            <\/section>\t\t<\/div>\n\t\t\t\t<\/div>\n\t\t\t\t\t<\/div>\n\t\t<\/div>\n\t\t\t\t\t<\/div>\n\t\t<\/section>\n\t\t\t\t<section class=\"elementor-section elementor-top-section elementor-element elementor-element-29d71c3 elementor-section-boxed elementor-section-height-default elementor-section-height-default\" data-id=\"29d71c3\" data-element_type=\"section\">\n\t\t\t\t\t\t<div class=\"elementor-container elementor-column-gap-default\">\n\t\t\t\t\t<div class=\"elementor-column elementor-col-100 elementor-top-column elementor-element elementor-element-c3fa44a\" data-id=\"c3fa44a\" data-element_type=\"column\">\n\t\t\t<div class=\"elementor-widget-wrap elementor-element-populated\">\n\t\t\t\t\t\t<div class=\"elementor-element elementor-element-6d5b910 elementor-widget elementor-widget-w33\" data-id=\"6d5b910\" data-element_type=\"widget\" data-widget_type=\"w33.default\">\n\t\t\t\t<div class=\"elementor-widget-container\">\n\t\t\t<section>\n            <div class=\"mn-grid\">\n                <div class=\"mn-vertical-separator\">\n                    \n                <\/div>\n            <\/section>\t\t<\/div>\n\t\t\t\t<\/div>\n\t\t\t\t\t<\/div>\n\t\t<\/div>\n\t\t\t\t\t<\/div>\n\t\t<\/section>\n\t\t\t\t<section class=\"elementor-section elementor-top-section elementor-element elementor-element-360b793 elementor-section-boxed elementor-section-height-default elementor-section-height-default\" data-id=\"360b793\" data-element_type=\"section\">\n\t\t\t\t\t\t<div class=\"elementor-container elementor-column-gap-default\">\n\t\t\t\t\t<div class=\"elementor-column elementor-col-100 elementor-top-column elementor-element elementor-element-f801cb4\" data-id=\"f801cb4\" data-element_type=\"column\">\n\t\t\t<div class=\"elementor-widget-wrap elementor-element-populated\">\n\t\t\t\t\t\t<div class=\"elementor-element elementor-element-cc0c4a0 elementor-widget elementor-widget-w34\" data-id=\"cc0c4a0\" data-element_type=\"widget\" data-widget_type=\"w34.default\">\n\t\t\t\t<div class=\"elementor-widget-container\">\n\t\t\t        <section id=\"w34-cc0c4a0\" class=\"mn-m5-c mn-m5-d2\">\n            <div class=\"mn-grid\">\n                <div class=\"mn-content mn-grid-12\">\n                    <div class=\"mn-content-block active\">\n                                                                <ul class=\"mn-accordion\">\n                                            <li>\n                                                <h4 class=\"mn-accordion-title\"\n                                                    role=\"button\"\n                                                    tabindex=\"0\"\n                                                    aria-expanded=\"false\"\n                                                    aria-controls=\"w34-cc0c4a0-panel-0\">Documents confirming the right to study on a&nbsp;free of charge basis<\/h4>\n                                                <div id=\"w34-cc0c4a0-panel-0\" style=\"display:none;\" hidden>\n                                                    <ul>\n<li>important<strong> Pole&#8217;s card<\/strong> ;<\/li>\n<li>decision on<strong> statements of Polish origin<\/strong> ;<\/li>\n<li><strong>permanent residence <\/strong>card\u00a0in Poland;<\/li>\n<li><strong>long-term resident of the European Union <\/strong>residence card issued on the territory of Poland;<\/li>\n<li>residence card with<strong> refugee status <\/strong>\u00a0posted in Poland;<\/li>\n<li>residence card granting<strong> temporary protection <\/strong>on the territory of Poland;<\/li>\n<li><strong>subsidiary protection <\/strong>residence card granted on the territory of Poland; a&nbsp;<strong>temporary<\/strong> residence card is\u00a0 issued on the territory of Poland <strong>in connection with the circumstances referred to in Art. 159 sec. 1 or art. 186 paragraph 1 point 3 or 4 of the Act of 12 December 2013. on foreigners (Journal of Laws of 2020, item 35)<\/strong>, the card granting decision must be presented to check the legal basis;<\/li>\n<li>a&nbsp;passport or other identity document confirming the citizenship of a&nbsp;Member State of the European Union, Swiss Conference or a&nbsp;Member State of the European Free Trade Association (EFTA) &#8211; parties to the Agreement on the European Economic Area and<strong> a&nbsp;document confirming the fact of residence in the territory of Poland;<\/strong><\/li>\n<li><strong>certificate confirming knowledge of Polish as a&nbsp;foreign language<\/strong> referred to in Art. 11a paragraph. 2 of the Act of October 7, 1999. on the Polish language (Journal of Laws of 2019, item 1480, as amended),<strong> at least at the C1 language proficiency level,<\/strong> issued by the State Commission for the Certification of Proficiency in Polish as a&nbsp;Foreign Language<a href=\"http:\/\/certyfikatpolski.pl\/\"> http:\/\/c certatpolski.pl\/<\/a><\/li>\n<li>marriage certificate with a&nbsp;Polish citizen, civil status certificate confirming the fact of being an ascendant or descendant of a&nbsp;Polish citizen and<strong> a&nbsp;document confirming the fact of residence in the territory of Poland.<\/strong><\/li>\n<\/ul>\n                                                <\/div>\n                                            <\/li>\n                                        <\/ul>\n                                                                                <ul class=\"mn-accordion\">\n                                            <li>\n                                                <h4 class=\"mn-accordion-title\"\n                                                    role=\"button\"\n                                                    tabindex=\"0\"\n                                                    aria-expanded=\"false\"\n                                                    aria-controls=\"w34-cc0c4a0-panel-1\">Confirmation of knowledge of the Polish language<\/h4>\n                                                <div id=\"w34-cc0c4a0-panel-1\" style=\"display:none;\" hidden>\n                                                    <p><a id=\"Certyfikat_PL\" name=\"Certyfikat_PL\"><\/a><strong>A&nbsp;foreigner with documented knowledge of the Polish language may be admitted to the qualification procedure for studies conducted in Polish. Documents confirming the knowledge of the Polish language are:<\/strong><\/p>\n<ul>\n<li>certificate of completion of a&nbsp;one-year course preparing to study in Polish in the units indicated by the National Agency for Academic Exchange,<strong> among others:<\/strong>\n<ul>\n<li>Polish Language College for Foreigners, University of Lodz -&gt;<a href=\"http:\/\/sjpdc.uni.lodz.pl\/\" target=\"_blank\" rel=\"noopener\"> www.sjpdc.uni.lodz.pl<\/a> ;<\/li>\n<li>Center of Polish Language and Culture for Polish People from Abroad and Foreigners, Maria Curie-Sk\u0142odowska University in Lublin -&gt;<a href=\"http:\/\/www.cjkp.umcs.lublin.pl\/\" target=\"_blank\" rel=\"noopener\"> www.cjkp.umcs.lublin.pl<\/a> ;<\/li>\n<li>School of Polish Language and Culture, Jagiellonian University -&gt;<a href=\"https:\/\/plschool.uj.edu.pl\/pl_PL\/start\"> https:\/\/polishstudies.uj.edu.pl\/<\/a><\/li>\n<li>The International Training Center of the Krakow University of Technology, Krakow University of Technology Tadeusz Kosciuszko -&gt;<a href=\"http:\/\/www.mck.pk.edu.pl\/pl\"> http:\/\/www.mck.pk.edu.pl\/pl<\/a><\/li>\n<li>Polish Language Study for Foreigners, Wroc\u0142aw University of Technology -&gt;<a href=\"http:\/\/sjo.pwr.wroc.pl\/index.dhtml\"> www.sjo.pwr.wroc.pl<\/a> ;<\/li>\n<\/ul>\n<\/li>\n<li>certificate of knowledge of the Polish language issued by the State Commission for the Certification of Proficiency in Polish as a&nbsp;Foreign Language<a href=\"http:\/\/certyfikatpolski.pl\/\"> http:\/\/c certatpolski.pl\/<\/a> ,<\/li>\n<li>a&nbsp;high school graduation certificate or a&nbsp;graduation diploma with the Polish language of instruction,<\/li>\n<li>a&nbsp;document confirming passing the exam in Polish at the minimum B2 level, issued by a&nbsp;language school.<\/li>\n<\/ul>\n                                                <\/div>\n                                            <\/li>\n                                        <\/ul>\n                                                            <\/div>\n                <\/div>\n            <\/div>\n        <\/section>\n\n        <script type=\"text\/javascript\">\n            (function(){\n                var root = document.getElementById('w34-cc0c4a0');\n                if (!root || root.dataset.w34Ready === '1') {\n                    return;\n                }\n                root.dataset.w34Ready = '1';\n\n                var titles = root.querySelectorAll('.mn-accordion-title');\n\n                function toggleItem(titleEl, event) {\n                    if (event) {\n                        event.preventDefault();\n                        event.stopPropagation();\n                        if (typeof event.stopImmediatePropagation === 'function') {\n                            event.stopImmediatePropagation();\n                        }\n                    }\n\n                    var li = titleEl.parentElement;\n                    if (!li) {\n                        return;\n                    }\n\n                    var panel = titleEl.nextElementSibling;\n                    if (!panel) {\n                        return;\n                    }\n\n                    var isOpen = li.classList.contains('show');\n\n                    if (isOpen) {\n                        li.classList.remove('show');\n                        titleEl.setAttribute('aria-expanded', 'false');\n                        panel.hidden = true;\n                        if (window.jQuery) {\n                            window.jQuery(panel).stop(true, true).slideUp(200);\n                        } else {\n                            panel.style.display = 'none';\n                        }\n                    } else {\n                        li.classList.add('show');\n                        titleEl.setAttribute('aria-expanded', 'true');\n                        panel.hidden = false;\n                        if (window.jQuery) {\n                            window.jQuery(panel).stop(true, true).slideDown(200);\n                        } else {\n                            panel.style.display = 'block';\n                        }\n                    }\n                }\n\n                titles.forEach(function(titleEl){\n                    var panel = titleEl.nextElementSibling;\n                    if (panel) {\n                        panel.hidden = true;\n                        panel.style.display = 'none';\n                    }\n\n                    titleEl.addEventListener('click', function(event){\n                        toggleItem(titleEl, event);\n                    }, true);\n\n                    titleEl.addEventListener('keydown', function(event){\n                        if (event.key === 'Enter' || event.key === ' ') {\n                            toggleItem(titleEl, event);\n                        }\n                    }, true);\n                });\n            })();\n        <\/script>\n        \t\t<\/div>\n\t\t\t\t<\/div>\n\t\t\t\t\t<\/div>\n\t\t<\/div>\n\t\t\t\t\t<\/div>\n\t\t<\/section>\n\t\t\t\t<\/div>\n\t\t","protected":false},"excerpt":{"rendered":"<p>International Students Personal questionnaire (printout based on the registration form from the Candidate Service System). Certified by\u00a0 SGGW: a copy of the graduation diploma (until receipt of the diploma &#8211; certificate of graduation with the diploma number, diploma grade, and date of the diploma examination) or the original diploma obtained outside of Poland, which entitles [&hellip;]<\/p>\n","protected":false},"author":1,"featured_media":0,"parent":16781,"menu_order":0,"comment_status":"closed","ping_status":"closed","template":"","meta":{"_acf_changed":false,"footnotes":""},"class_list":["post-16869","page","type-page","status-publish","hentry"],"acf":[],"_links":{"self":[{"href":"https:\/\/www.sggw.edu.pl\/en\/wp-json\/wp\/v2\/pages\/16869","targetHints":{"allow":["GET"]}}],"collection":[{"href":"https:\/\/www.sggw.edu.pl\/en\/wp-json\/wp\/v2\/pages"}],"about":[{"href":"https:\/\/www.sggw.edu.pl\/en\/wp-json\/wp\/v2\/types\/page"}],"author":[{"embeddable":true,"href":"https:\/\/www.sggw.edu.pl\/en\/wp-json\/wp\/v2\/users\/1"}],"replies":[{"embeddable":true,"href":"https:\/\/www.sggw.edu.pl\/en\/wp-json\/wp\/v2\/comments?post=16869"}],"version-history":[{"count":15,"href":"https:\/\/www.sggw.edu.pl\/en\/wp-json\/wp\/v2\/pages\/16869\/revisions"}],"predecessor-version":[{"id":92223,"href":"https:\/\/www.sggw.edu.pl\/en\/wp-json\/wp\/v2\/pages\/16869\/revisions\/92223"}],"up":[{"embeddable":true,"href":"https:\/\/www.sggw.edu.pl\/en\/wp-json\/wp\/v2\/pages\/16781"}],"wp:attachment":[{"href":"https:\/\/www.sggw.edu.pl\/en\/wp-json\/wp\/v2\/media?parent=16869"}],"curies":[{"name":"wp","href":"https:\/\/api.w.org\/{rel}","templated":true}]}}