{"id":16882,"date":"2021-02-23T04:11:20","date_gmt":"2021-02-23T03:11:20","guid":{"rendered":"https:\/\/www.sggw.edu.pl\/tier-ii\/stationary\/calendar\/"},"modified":"2021-07-02T06:10:55","modified_gmt":"2021-07-02T04:10:55","slug":"calendar","status":"publish","type":"page","link":"https:\/\/www.sggw.edu.pl\/en\/stationary\/calendar\/","title":{"rendered":"Calendar"},"content":{"rendered":"\t\t<div data-elementor-type=\"wp-page\" data-elementor-id=\"16882\" class=\"elementor elementor-16882\" data-elementor-post-type=\"page\">\n\t\t\t\t\t\t<section class=\"elementor-section elementor-top-section elementor-element elementor-element-635fcac6 elementor-section-boxed elementor-section-height-default elementor-section-height-default\" data-id=\"635fcac6\" data-element_type=\"section\">\n\t\t\t\t\t\t<div class=\"elementor-container elementor-column-gap-default\">\n\t\t\t\t\t<div class=\"elementor-column elementor-col-100 elementor-top-column elementor-element elementor-element-388f68af\" data-id=\"388f68af\" data-element_type=\"column\">\n\t\t\t<div class=\"elementor-widget-wrap elementor-element-populated\">\n\t\t\t\t\t\t<div class=\"elementor-element elementor-element-76d40b10 elementor-widget elementor-widget-wp-widget-bcn_widget\" data-id=\"76d40b10\" data-element_type=\"widget\" data-widget_type=\"wp-widget-bcn_widget.default\">\n\t\t\t\t<div class=\"elementor-widget-container\">\n\t\t\t<div class=\"mn-grid breadcrumb\">\n                                    <div class=\"breadcrumb-inner mn-grid-12\"><div class=\"breadcrumbs\" vocab=\"https:\/\/schema.org\/\" typeof=\"BreadcrumbList\"><span property=\"itemListElement\" typeof=\"ListItem\"><a property=\"item\" typeof=\"WebPage\" title=\"Go to Szko\u0142a G\u0142\u00f3wna Gospodarstwa Wiejskiego w Warszawie.\" href=\"https:\/\/www.sggw.edu.pl\/en\/\" class=\"home\" aria-current=\"page\"><span property=\"name\">Home<\/span><\/a><meta property=\"position\" content=\"1\"><\/span><\/div>    <\/div>\n                                <\/div>\t\t<\/div>\n\t\t\t\t<\/div>\n\t\t\t\t<div class=\"elementor-element elementor-element-1a7dedc6 elementor-widget elementor-widget-post-title\" data-id=\"1a7dedc6\" data-element_type=\"widget\" data-widget_type=\"post-title.default\">\n\t\t\t\t<div class=\"elementor-widget-container\">\n\t\t\t<section>\n                    <div class=\"mn-grid entry-header-inner section-inner medium\">\n                        <h1 class=\"mn-grid-12 entry-title\" style=\"display:none;\">\n                            Calendar\n                        <\/h1>\n                    <\/div>\n                <\/section>\t\t<\/div>\n\t\t\t\t<\/div>\n\t\t\t\t\t<\/div>\n\t\t<\/div>\n\t\t\t\t\t<\/div>\n\t\t<\/section>\n\t\t\t\t<section class=\"elementor-section elementor-top-section elementor-element elementor-element-169562f elementor-section-boxed elementor-section-height-default elementor-section-height-default\" data-id=\"169562f\" data-element_type=\"section\">\n\t\t\t\t\t\t<div class=\"elementor-container elementor-column-gap-default\">\n\t\t\t\t\t<div class=\"elementor-column elementor-col-100 elementor-top-column elementor-element elementor-element-e04e493\" data-id=\"e04e493\" data-element_type=\"column\">\n\t\t\t<div class=\"elementor-widget-wrap elementor-element-populated\">\n\t\t\t\t\t\t<div class=\"elementor-element elementor-element-6cf7fe9 elementor-widget elementor-widget-w1_2_3\" data-id=\"6cf7fe9\" data-element_type=\"widget\" data-widget_type=\"w1_2_3.default\">\n\t\t\t\t<div class=\"elementor-widget-container\">\n\t\t\t<section>\n                <div class=\"mn-grid\">\n                    <h2  class=\"mn-grid-12\">\n                        Recruitment calendar\n                    <\/h2>\n                <\/div>\n            <\/section>\t\t<\/div>\n\t\t\t\t<\/div>\n\t\t\t\t<div class=\"elementor-element elementor-element-0e80a3f elementor-widget elementor-widget-w1_2_3\" data-id=\"0e80a3f\" data-element_type=\"widget\" data-widget_type=\"w1_2_3.default\">\n\t\t\t\t<div class=\"elementor-widget-container\">\n\t\t\t<section>\n                    <div class=\"mn-grid\">\n                        <h3  class=\"mn-grid-12 mn-section-title2\">\n                            MASTER'S DEGREE PROGRAMMES (SECOND CYCLE STUDIES) IN ENGLISH\n                        <\/h3>\n                    <\/div>\n                <\/section>\t\t<\/div>\n\t\t\t\t<\/div>\n\t\t\t\t\t<\/div>\n\t\t<\/div>\n\t\t\t\t\t<\/div>\n\t\t<\/section>\n\t\t\t\t<section class=\"elementor-section elementor-top-section elementor-element elementor-element-ba10716 elementor-section-boxed elementor-section-height-default elementor-section-height-default\" data-id=\"ba10716\" data-element_type=\"section\">\n\t\t\t\t\t\t<div class=\"elementor-container elementor-column-gap-default\">\n\t\t\t\t\t<div class=\"elementor-column elementor-col-100 elementor-top-column elementor-element elementor-element-44bcc0f\" data-id=\"44bcc0f\" data-element_type=\"column\">\n\t\t\t<div class=\"elementor-widget-wrap elementor-element-populated\">\n\t\t\t\t\t\t<div class=\"elementor-element elementor-element-d0ffa25 elementor-widget elementor-widget-w1_2_3\" data-id=\"d0ffa25\" data-element_type=\"widget\" data-widget_type=\"w1_2_3.default\">\n\t\t\t\t<div class=\"elementor-widget-container\">\n\t\t\t<section>\n                    <div class=\"mn-grid\">\n                        <h5  class=\"mn-grid-12 mn-title3\">\n                            RECRUITMENT CALENDAR FOR STUDIES STARTING FROM 1st OCTOBER 2021 (WINTER SEMESTER) \n                        <\/h5>\n                    <\/div>\n                <\/section>\t\t<\/div>\n\t\t\t\t<\/div>\n\t\t\t\t\t<\/div>\n\t\t<\/div>\n\t\t\t\t\t<\/div>\n\t\t<\/section>\n\t\t\t\t<section class=\"elementor-section elementor-top-section elementor-element elementor-element-66be01e elementor-section-boxed elementor-section-height-default elementor-section-height-default\" data-id=\"66be01e\" data-element_type=\"section\">\n\t\t\t\t\t\t<div class=\"elementor-container elementor-column-gap-default\">\n\t\t\t\t\t<div class=\"elementor-column elementor-col-100 elementor-top-column elementor-element elementor-element-07799d6\" data-id=\"07799d6\" data-element_type=\"column\">\n\t\t\t<div class=\"elementor-widget-wrap elementor-element-populated\">\n\t\t\t\t\t\t<div class=\"elementor-element elementor-element-6fea4a1 elementor-widget elementor-widget-w12\" data-id=\"6fea4a1\" data-element_type=\"widget\" data-widget_type=\"w12.default\">\n\t\t\t\t<div class=\"elementor-widget-container\">\n\t\t\t<section>\n                <div class=\"mn-grid\">\n                    <div class=\"mn-grid-12 mn-mod-text-links\">\n                        <table width=\"100%\"><tbody><tr><td width=\"112\"><p>from\u00a0<br \/>\u00a07th June<br \/>to<br \/>4th July, 2021<\/p><\/td><td width=\"92\"><p>to 12:00 midnight Polish time \u00a0<\/p><\/td><td width=\"399\"><ul><li>registration in the Candidate Service System<\/li><li>choosing the field of study\u00a0<\/li><li>deadline for attaching\u00a0to the Candidate Service System the following application documents:<p>&#8211; scan of international diploma of the first-cycle studies (Bachelor&#8217;s degree or equivalent) with an official transcript of grades covering the whole course of study with legalization or apostille,<br \/>&#8211; <a href=\"https:\/\/www.sggw.edu.pl\/en\/home\/studies\/recruitment\/2-en-english-language\/\">English language certificate &#8211; at least level B2<\/a><br \/>&#8211; medical certificate &#8211; applies to international candidates who apply to study in Civil Engineering, Specialization: Engineering Infrastructure and Forestry, Specialization: Forest Information Technology,<br \/>&#8211; passport copy &#8211; page with photo &#8211; applies to international candidates,<br \/>&#8211; translation of documents issued in languages other than Polish or English into Polish,<br \/>&#8211; Recognition Statement issued by the Polish National Agency for Academic Exchange, including information confirming that the diploma gives you the right to apply to second cycle studies (Master&#8217;s degree). How to obtain a recognition statement: <a href=\"https:\/\/nawa.gov.pl\/en\/recognition\/how-to-obtain-a-recognition-statement\">https:\/\/nawa.gov.pl\/en\/recognition\/how-to-obtain-a-recognition-statement<\/a><\/p><p>Recruitment Commission may depart from the rule of submitting an opinion on diploma\u2019s recognition in the case of university diplomas confirmed completion of higher education in the European Union, European Economic Area (EEA) or OECD member states.<\/p><\/li><li>deadline to pay the recruitment fee\u00a0<\/li><\/ul><\/td><\/tr><tr><td width=\"112\"><p>from 5th to 9th July 2021<\/p><\/td><td width=\"92\">\u00a0<\/td><td width=\"399\"><ul><li>introduction the arithmetic mean of all final grades in the subjects covered in the study program<\/li><li>verification of the applications by the Recruitment Committee,<\/li><\/ul><\/td><\/tr><tr><td width=\"112\"><p>up to 15th July 2021<\/p><\/td><td width=\"92\">\u00a0<\/td><td width=\"399\"><ul><li>announcement of qualification results<\/li><\/ul><\/td><\/tr><tr><td width=\"112\"><p>\u00a016th \u2013 18th July 2021<\/p><\/td><td width=\"92\">\u00a0<\/td><td width=\"399\"><p>supplementing data in the SOK,<\/p><ul><li>attaching of digital photography to the Candidate Service System (SOK)<\/li><li>confirmation of readiness to study in Candidate Service System by qualified persons<\/li><li>a printout of a personal questionnaire from the SOK<\/li><\/ul><\/td><\/tr><tr><td width=\"112\"><p>From 19th to 29th July 2021<\/p><\/td><td width=\"92\"><p>from 9:00a.m. to 3:00p.m.<\/p><\/td><td width=\"399\"><ul><li>Submission (in person or by post) of documents by the candidates qualified for admission to study, Biuro Spraw Studenckich (building 8) Nowoursynowska 166, Warsaw &#8211; <a href=\"https:\/\/www.sggw.edu.pl\/en\/home\/studies\/recruitment\/1st-and-2nd-cycle-studies-uniform-masters-degree-studies\/studies-in-english\/tier-ii\/stationary\/documents\/\">check the list of required documents<\/a><\/li><\/ul><\/td><\/tr><\/tbody><\/table>\n                    <\/div>\n                <\/div>\n            <\/section>\t\t<\/div>\n\t\t\t\t<\/div>\n\t\t\t\t\t<\/div>\n\t\t<\/div>\n\t\t\t\t\t<\/div>\n\t\t<\/section>\n\t\t\t\t<\/div>\n\t\t","protected":false},"excerpt":{"rendered":"<p>Calendar Recruitment calendar MASTER&#8217;S DEGREE PROGRAMMES (SECOND CYCLE STUDIES) IN ENGLISH RECRUITMENT CALENDAR FOR STUDIES STARTING FROM 1st OCTOBER 2021 (WINTER SEMESTER) from\u00a0\u00a07th Juneto4th July, 2021 to 12:00 midnight Polish time \u00a0 registration in the Candidate Service System choosing the field of study\u00a0 deadline for attaching\u00a0to the Candidate Service System the following application documents: &#8211; [&hellip;]<\/p>\n","protected":false},"author":1,"featured_media":0,"parent":16877,"menu_order":0,"comment_status":"closed","ping_status":"closed","template":"","meta":{"_acf_changed":false,"footnotes":""},"class_list":["post-16882","page","type-page","status-publish","hentry"],"acf":[],"_links":{"self":[{"href":"https:\/\/www.sggw.edu.pl\/en\/wp-json\/wp\/v2\/pages\/16882","targetHints":{"allow":["GET"]}}],"collection":[{"href":"https:\/\/www.sggw.edu.pl\/en\/wp-json\/wp\/v2\/pages"}],"about":[{"href":"https:\/\/www.sggw.edu.pl\/en\/wp-json\/wp\/v2\/types\/page"}],"author":[{"embeddable":true,"href":"https:\/\/www.sggw.edu.pl\/en\/wp-json\/wp\/v2\/users\/1"}],"replies":[{"embeddable":true,"href":"https:\/\/www.sggw.edu.pl\/en\/wp-json\/wp\/v2\/comments?post=16882"}],"version-history":[{"count":19,"href":"https:\/\/www.sggw.edu.pl\/en\/wp-json\/wp\/v2\/pages\/16882\/revisions"}],"predecessor-version":[{"id":87199,"href":"https:\/\/www.sggw.edu.pl\/en\/wp-json\/wp\/v2\/pages\/16882\/revisions\/87199"}],"up":[{"embeddable":true,"href":"https:\/\/www.sggw.edu.pl\/en\/wp-json\/wp\/v2\/pages\/16877"}],"wp:attachment":[{"href":"https:\/\/www.sggw.edu.pl\/en\/wp-json\/wp\/v2\/media?parent=16882"}],"curies":[{"name":"wp","href":"https:\/\/api.w.org\/{rel}","templated":true}]}}