{"id":16945,"date":"2021-02-23T09:19:18","date_gmt":"2021-02-23T08:19:18","guid":{"rendered":"https:\/\/www.sggw.edu.pl\/review-of-the-achievements-of-scientific-circles\/"},"modified":"2021-05-26T15:43:51","modified_gmt":"2021-05-26T13:43:51","slug":"review-of-the-achievements-of-scientific-circles","status":"publish","type":"page","link":"https:\/\/www.sggw.edu.pl\/en\/studies\/scientific-circles\/review-of-the-achievements-of-scientific-circles\/","title":{"rendered":"Review of the achievements of scientific circles"},"content":{"rendered":"\t\t<div data-elementor-type=\"wp-page\" data-elementor-id=\"16945\" class=\"elementor elementor-16945\" data-elementor-post-type=\"page\">\n\t\t\t\t\t\t<section class=\"elementor-section elementor-top-section elementor-element elementor-element-3c427b11 elementor-section-boxed elementor-section-height-default elementor-section-height-default\" data-id=\"3c427b11\" data-element_type=\"section\">\n\t\t\t\t\t\t<div class=\"elementor-container elementor-column-gap-default\">\n\t\t\t\t\t<div class=\"elementor-column elementor-col-100 elementor-top-column elementor-element elementor-element-163b6573\" data-id=\"163b6573\" data-element_type=\"column\">\n\t\t\t<div class=\"elementor-widget-wrap elementor-element-populated\">\n\t\t\t\t\t\t<div class=\"elementor-element elementor-element-39aa14d0 elementor-widget elementor-widget-wp-widget-bcn_widget\" data-id=\"39aa14d0\" data-element_type=\"widget\" data-widget_type=\"wp-widget-bcn_widget.default\">\n\t\t\t\t<div class=\"elementor-widget-container\">\n\t\t\t<div class=\"mn-grid breadcrumb\">\n                                    <div class=\"breadcrumb-inner mn-grid-12\"><div class=\"breadcrumbs\" vocab=\"https:\/\/schema.org\/\" typeof=\"BreadcrumbList\"><span property=\"itemListElement\" typeof=\"ListItem\"><a property=\"item\" typeof=\"WebPage\" title=\"Go to Szko\u0142a G\u0142\u00f3wna Gospodarstwa Wiejskiego w Warszawie.\" href=\"https:\/\/www.sggw.edu.pl\/en\/\" class=\"home\" aria-current=\"page\"><span property=\"name\">Home<\/span><\/a><meta property=\"position\" content=\"1\"><\/span><\/div>    <\/div>\n                                <\/div>\t\t<\/div>\n\t\t\t\t<\/div>\n\t\t\t\t<div class=\"elementor-element elementor-element-10c0f15 elementor-widget elementor-widget-post-title\" data-id=\"10c0f15\" data-element_type=\"widget\" data-widget_type=\"post-title.default\">\n\t\t\t\t<div class=\"elementor-widget-container\">\n\t\t\t<section>\n                    <div class=\"mn-grid entry-header-inner section-inner medium\">\n                        <h1 class=\"mn-grid-12 entry-title\" style=\"\">\n                            Review of the achievements of scientific circles\n                        <\/h1>\n                    <\/div>\n                <\/section>\t\t<\/div>\n\t\t\t\t<\/div>\n\t\t\t\t<div class=\"elementor-element elementor-element-794f8b5 elementor-widget elementor-widget-w33\" data-id=\"794f8b5\" data-element_type=\"widget\" data-widget_type=\"w33.default\">\n\t\t\t\t<div class=\"elementor-widget-container\">\n\t\t\t<section>\n            <div class=\"mn-grid\">\n                <div class=\"mn-vertical-separator-x2\">\n                    \n                <\/div>\n            <\/section>\t\t<\/div>\n\t\t\t\t<\/div>\n\t\t\t\t\t<\/div>\n\t\t<\/div>\n\t\t\t\t\t<\/div>\n\t\t<\/section>\n\t\t\t\t<section class=\"elementor-section elementor-top-section elementor-element elementor-element-e93e271 elementor-section-boxed elementor-section-height-default elementor-section-height-default\" data-id=\"e93e271\" data-element_type=\"section\">\n\t\t\t\t\t\t<div class=\"elementor-container elementor-column-gap-default\">\n\t\t\t\t\t<div class=\"elementor-column elementor-col-100 elementor-top-column elementor-element elementor-element-96b643b\" data-id=\"96b643b\" data-element_type=\"column\">\n\t\t\t<div class=\"elementor-widget-wrap elementor-element-populated\">\n\t\t\t\t\t\t<div class=\"elementor-element elementor-element-a86ed7a elementor-widget elementor-widget-w12\" data-id=\"a86ed7a\" data-element_type=\"widget\" data-widget_type=\"w12.default\">\n\t\t\t\t<div class=\"elementor-widget-container\">\n\t\t\t<section>\n                <div class=\"mn-grid\">\n                    <div class=\"mn-grid-12 mn-mod-text-links\">\n                        <p><strong>Review of the achievements of the SGGW Scientific Circles<\/strong> is the most important event in the activities of research clubs at the Warsaw University of Life Sciences. The one-day conference gives students the chance to present their scientific interests and achievements of the club to the entire university in the form of papers or posters. It is a great opportunity to exchange views, share experiences with representatives of other circles, and establish cooperation. The conference is interdisciplinary and takes place in parallel sessions, grouping papers on similar topics.<\/p>\n<p>The Warsaw University of Life Sciences has a long tradition of organizing the Review of Scientific Circles&#8217; Achievements. Each year, this conference is organized by a different research club and the content-related supervision is provided by the Vice-Rector for Didactics and Rector&#8217;s Plenipotentiary for scientific circles.<\/p>\n\n                    <\/div>\n                <\/div>\n            <\/section>\t\t<\/div>\n\t\t\t\t<\/div>\n\t\t\t\t<div class=\"elementor-element elementor-element-68845b3 elementor-widget elementor-widget-w33\" data-id=\"68845b3\" data-element_type=\"widget\" data-widget_type=\"w33.default\">\n\t\t\t\t<div class=\"elementor-widget-container\">\n\t\t\t<section>\n            <div class=\"mn-grid\">\n                <div class=\"mn-vertical-separator-x2\">\n                    \n                <\/div>\n            <\/section>\t\t<\/div>\n\t\t\t\t<\/div>\n\t\t\t\t<div class=\"elementor-element elementor-element-e547bf0 elementor-widget elementor-widget-w11\" data-id=\"e547bf0\" data-element_type=\"widget\" data-widget_type=\"w11.default\">\n\t\t\t\t<div class=\"elementor-widget-container\">\n\t\t\t<section><div class=\"mn-grid\"><ul class=\"mn-grid-12 mn-mod-links-text-3\"><li>\n                            <a href=\"https:\/\/www.sggw.edu.pl\/en\/studies\/scientific-circles\/review-of-the-achievements-of-scientific-circles\/47-pdkn-2020\/\" >\n                                <span>47. PDKN - 2020<\/span>\n                            <\/a>\n                        <\/li><li>\n                            <a href=\"https:\/\/www.sggw.edu.pl\/en\/studies\/scientific-circles\/review-of-the-achievements-of-scientific-circles\/46-pdkn-2019\/\" >\n                                <span>46. PDKN - 2019<\/span>\n                            <\/a>\n                        <\/li><li>\n                            <a href=\"https:\/\/www.sggw.edu.pl\/en\/studies\/scientific-circles\/review-of-the-achievements-of-scientific-circles\/45-pdkn-2018\/\" >\n                                <span>45. PDKN - 2018<\/span>\n                            <\/a>\n                        <\/li><li>\n                            <a href=\"https:\/\/www.sggw.edu.pl\/en\/studies\/scientific-circles\/review-of-the-achievements-of-scientific-circles\/44-pdkn-2017\/\" >\n                                <span>44. PDKN - 2017<\/span>\n                            <\/a>\n                        <\/li><li>\n                            <a href=\"https:\/\/www.sggw.edu.pl\/en\/studies\/scientific-circles\/review-of-the-achievements-of-scientific-circles\/43-pdkn-2016\/\" >\n                                <span>43. PDKN - 2016<\/span>\n                            <\/a>\n                        <\/li><li>\n                            <a href=\"https:\/\/www.sggw.edu.pl\/en\/studies\/scientific-circles\/review-of-the-achievements-of-scientific-circles\/42-pdkn-2015\/\" >\n                                <span>42. PDKN - 2015<\/span>\n                            <\/a>\n                        <\/li><li>\n                            <a href=\"https:\/\/www.sggw.edu.pl\/en\/studies\/scientific-circles\/review-of-the-achievements-of-scientific-circles\/41-pdkn-2014\/\" >\n                                <span>41. PDKN - 2014<\/span>\n                            <\/a>\n                        <\/li><\/ul><\/div><\/section>\t\t<\/div>\n\t\t\t\t<\/div>\n\t\t\t\t\t<\/div>\n\t\t<\/div>\n\t\t\t\t\t<\/div>\n\t\t<\/section>\n\t\t\t\t<\/div>\n\t\t","protected":false},"excerpt":{"rendered":"<p>Review of the achievements of the SGGW Scientific Circles is the most important event in the activities of research clubs at the Warsaw University of Life Sciences. The one-day conference gives students the chance to present their scientific interests and achievements of the club to the entire university in the form of papers or posters. [&hellip;]<\/p>\n","protected":false},"author":1,"featured_media":0,"parent":16948,"menu_order":0,"comment_status":"closed","ping_status":"closed","template":"","meta":{"_acf_changed":false,"footnotes":""},"class_list":["post-16945","page","type-page","status-publish","hentry"],"acf":[],"_links":{"self":[{"href":"https:\/\/www.sggw.edu.pl\/en\/wp-json\/wp\/v2\/pages\/16945","targetHints":{"allow":["GET"]}}],"collection":[{"href":"https:\/\/www.sggw.edu.pl\/en\/wp-json\/wp\/v2\/pages"}],"about":[{"href":"https:\/\/www.sggw.edu.pl\/en\/wp-json\/wp\/v2\/types\/page"}],"author":[{"embeddable":true,"href":"https:\/\/www.sggw.edu.pl\/en\/wp-json\/wp\/v2\/users\/1"}],"replies":[{"embeddable":true,"href":"https:\/\/www.sggw.edu.pl\/en\/wp-json\/wp\/v2\/comments?post=16945"}],"version-history":[{"count":2,"href":"https:\/\/www.sggw.edu.pl\/en\/wp-json\/wp\/v2\/pages\/16945\/revisions"}],"predecessor-version":[{"id":16997,"href":"https:\/\/www.sggw.edu.pl\/en\/wp-json\/wp\/v2\/pages\/16945\/revisions\/16997"}],"up":[{"embeddable":true,"href":"https:\/\/www.sggw.edu.pl\/en\/wp-json\/wp\/v2\/pages\/16948"}],"wp:attachment":[{"href":"https:\/\/www.sggw.edu.pl\/en\/wp-json\/wp\/v2\/media?parent=16945"}],"curies":[{"name":"wp","href":"https:\/\/api.w.org\/{rel}","templated":true}]}}